{"id":21121,"date":"2026-01-18T00:23:32","date_gmt":"2026-01-17T16:23:32","guid":{"rendered":"https:\/\/agoravape.com\/?post_type=product&#038;p=21121"},"modified":"2026-02-22T15:14:24","modified_gmt":"2026-02-22T14:14:24","slug":"myde-8in1-150k-150000-puffs-vape","status":"publish","type":"product","link":"https:\/\/agoravape.com\/pt\/product\/myde-8in1-150k-150000-puffs-vape\/","title":{"rendered":"MYDE 8 em 1 150k 150000 Puffs 4 Mesh Coil Vape | Troque de Sabores, Mantenha a Simplicidade"},"content":{"rendered":"<h2 data-v-md-heading=\"what-is-myde-8-in-1-150000-mouth-4-mesh-coil-electronic-cigarette-like\" data-v-md-line=\"1\"><img loading=\"lazy\" decoding=\"async\" class=\"aligncenter size-full wp-image-21134\" src=\"https:\/\/agoravape.com\/wp-content\/uploads\/2026\/01\/MYDE-8in1-150k-150000-Puffs-4-Mesh-Coil-Vape-Switch-Flavours-Keep-It-Simple_Agora_vape-2-scaled.webp\" alt=\"\" width=\"2560\" height=\"1163\" srcset=\"https:\/\/agoravape.com\/wp-content\/uploads\/2026\/01\/MYDE-8in1-150k-150000-Puffs-4-Mesh-Coil-Vape-Switch-Flavours-Keep-It-Simple_Agora_vape-2-scaled.webp 2560w, https:\/\/agoravape.com\/wp-content\/uploads\/2026\/01\/MYDE-8in1-150k-150000-Puffs-4-Mesh-Coil-Vape-Switch-Flavours-Keep-It-Simple_Agora_vape-2-scaled-1200x545.webp 1200w, https:\/\/agoravape.com\/wp-content\/uploads\/2026\/01\/MYDE-8in1-150k-150000-Puffs-4-Mesh-Coil-Vape-Switch-Flavours-Keep-It-Simple_Agora_vape-2-300x136.webp 300w, https:\/\/agoravape.com\/wp-content\/uploads\/2026\/01\/MYDE-8in1-150k-150000-Puffs-4-Mesh-Coil-Vape-Switch-Flavours-Keep-It-Simple_Agora_vape-2-1024x465.webp 1024w, https:\/\/agoravape.com\/wp-content\/uploads\/2026\/01\/MYDE-8in1-150k-150000-Puffs-4-Mesh-Coil-Vape-Switch-Flavours-Keep-It-Simple_Agora_vape-2-768x349.webp 768w, https:\/\/agoravape.com\/wp-content\/uploads\/2026\/01\/MYDE-8in1-150k-150000-Puffs-4-Mesh-Coil-Vape-Switch-Flavours-Keep-It-Simple_Agora_vape-2-1536x698.webp 1536w, https:\/\/agoravape.com\/wp-content\/uploads\/2026\/01\/MYDE-8in1-150k-150000-Puffs-4-Mesh-Coil-Vape-Switch-Flavours-Keep-It-Simple_Agora_vape-2-2048x930.webp 2048w, https:\/\/agoravape.com\/wp-content\/uploads\/2026\/01\/MYDE-8in1-150k-150000-Puffs-4-Mesh-Coil-Vape-Switch-Flavours-Keep-It-Simple_Agora_vape-2-18x8.webp 18w\" sizes=\"auto, (max-width: 2560px) 100vw, 2560px\" \/><\/h2>\n<h2 data-v-md-heading=\"what-is-myde-8-in-1-150000-mouth-4-mesh-coil-electronic-cigarette-like\" data-v-md-line=\"1\">Como \u00e9 o cigarro eletr\u00f4nico MYDE 8-em-1 com bobina de 4 malhas e 150.000 l\u00famens?<\/h2>\n<p data-v-md-line=\"3\">Se voc\u00ea est\u00e1 cansado de cigarros eletr\u00f4nicos descart\u00e1veis \u200b\u200bque duram apenas um dia e depois param de funcionar, ent\u00e3o este cigarro eletr\u00f4nico MYDE 8 em 1 certamente ir\u00e1 te satisfazer. Ele foi projetado para uso prolongado (at\u00e9 150.000 tragadas) e oferece uma fun\u00e7\u00e3o de troca de sabor 8 em 1, permitindo que voc\u00ea mude de sabor facilmente sem precisar carregar dois ou tr\u00eas cigarros eletr\u00f4nicos.<\/p>\n<p data-v-md-line=\"5\">Voc\u00ea pode achar que os cigarros eletr\u00f4nicos de alta pot\u00eancia s\u00e3o pesados \u200b\u200bcomo tijolos no bolso, mas a portabilidade deles \u00e9 surpreendentemente boa. O corpo parece muito s\u00f3lido, com resist\u00eancia consistente \u00e0 suc\u00e7\u00e3o, e o m\u00e9todo de uso tamb\u00e9m \u00e9 muito simples: escolha o sabor, inale e aproveite.<\/p>\n<p data-v-md-line=\"5\"><img loading=\"lazy\" decoding=\"async\" class=\"size-full wp-image-21133 alignright\" src=\"https:\/\/agoravape.com\/wp-content\/uploads\/2026\/01\/MYDE-8in1-150k-150000-Puffs-4-Mesh-Coil-Vape-Switch-Flavours-Keep-It-Simple_Agora_vape-1-scaled.webp\" alt=\"\" width=\"1829\" height=\"2560\" srcset=\"https:\/\/agoravape.com\/wp-content\/uploads\/2026\/01\/MYDE-8in1-150k-150000-Puffs-4-Mesh-Coil-Vape-Switch-Flavours-Keep-It-Simple_Agora_vape-1-scaled.webp 1829w, https:\/\/agoravape.com\/wp-content\/uploads\/2026\/01\/MYDE-8in1-150k-150000-Puffs-4-Mesh-Coil-Vape-Switch-Flavours-Keep-It-Simple_Agora_vape-1-scaled-1200x1680.webp 1200w, https:\/\/agoravape.com\/wp-content\/uploads\/2026\/01\/MYDE-8in1-150k-150000-Puffs-4-Mesh-Coil-Vape-Switch-Flavours-Keep-It-Simple_Agora_vape-1-214x300.webp 214w, https:\/\/agoravape.com\/wp-content\/uploads\/2026\/01\/MYDE-8in1-150k-150000-Puffs-4-Mesh-Coil-Vape-Switch-Flavours-Keep-It-Simple_Agora_vape-1-731x1024.webp 731w, https:\/\/agoravape.com\/wp-content\/uploads\/2026\/01\/MYDE-8in1-150k-150000-Puffs-4-Mesh-Coil-Vape-Switch-Flavours-Keep-It-Simple_Agora_vape-1-768x1075.webp 768w, https:\/\/agoravape.com\/wp-content\/uploads\/2026\/01\/MYDE-8in1-150k-150000-Puffs-4-Mesh-Coil-Vape-Switch-Flavours-Keep-It-Simple_Agora_vape-1-1097x1536.webp 1097w, https:\/\/agoravape.com\/wp-content\/uploads\/2026\/01\/MYDE-8in1-150k-150000-Puffs-4-Mesh-Coil-Vape-Switch-Flavours-Keep-It-Simple_Agora_vape-1-1463x2048.webp 1463w, https:\/\/agoravape.com\/wp-content\/uploads\/2026\/01\/MYDE-8in1-150k-150000-Puffs-4-Mesh-Coil-Vape-Switch-Flavours-Keep-It-Simple_Agora_vape-1-9x12.webp 9w\" sizes=\"auto, (max-width: 1829px) 100vw, 1829px\" \/><\/p>\n<h2 data-v-md-heading=\"excellent-performance-and-easy-operation\" data-v-md-line=\"7\">Excelente desempenho e opera\u00e7\u00e3o f\u00e1cil.<\/h2>\n<p data-v-md-line=\"9\">Este cigarro eletr\u00f4nico possui 4 resist\u00eancias de malha de 1,2 \u03a9, respons\u00e1veis \u200b\u200bpor proporcionar uma vaporiza\u00e7\u00e3o potente. Em outras palavras, s\u00e3o essas resist\u00eancias que garantem um sabor consistente e evitam que ele se dissipe durante a vaporiza\u00e7\u00e3o. Al\u00e9m disso, conta com uma bateria recarreg\u00e1vel de 850mAh com suporte para carregamento USB Tipo-C. Mesmo que a bateria acabe antes do e-l\u00edquido, voc\u00ea n\u00e3o precisa se preocupar em perder o cigarro eletr\u00f4nico. Ele tamb\u00e9m possui um visor de LED, permitindo que voc\u00ea acompanhe facilmente o status de uso.<\/p>\n<h2 data-v-md-heading=\"quick-specifications\" data-v-md-line=\"11\">Especifica\u00e7\u00f5es r\u00e1pidas<\/h2>\n<ul data-v-md-line=\"13\">\n<li>\n<p data-v-md-line=\"13\">Frequ\u00eancia de consumo: at\u00e9 150.000 tragadas<\/p>\n<\/li>\n<li>\n<p data-v-md-line=\"15\">Capacidade do e-l\u00edquido: 58 mililitros<\/p>\n<\/li>\n<li>\n<p data-v-md-line=\"17\">N\u00facleo de atomiza\u00e7\u00e3o: 4 n\u00facleos de atomiza\u00e7\u00e3o de malha, 1,2 \u03a9<\/p>\n<\/li>\n<li>\n<p data-v-md-line=\"19\">Bateria: Bateria recarreg\u00e1vel de 850 mAh<\/p>\n<\/li>\n<li>\n<p data-v-md-line=\"21\">Concentra\u00e7\u00e3o de nicotina: 0%\/2%\/3%\/5%<\/p>\n<\/li>\n<li>\n<p data-v-md-line=\"23\">Modo de usar: Inale para ativar.<\/p>\n<\/li>\n<li>\n<p data-v-md-line=\"25\">M\u00e9todo de carregamento: interface USB Tipo-C<\/p>\n<\/li>\n<li>\n<p data-v-md-line=\"27\">Tela de exibi\u00e7\u00e3o: Tela de LED<\/p>\n<\/li>\n<li>\n<p data-v-md-line=\"29\">Dimens\u00f5es\/Peso: 39 \u00d7 39 \u00d7 118 mil\u00edmetros, 130 gramas (unidade)<\/p>\n<\/li>\n<li>\n<p data-v-md-line=\"31\">Status: Pronto para usar assim que sai da caixa<\/p>\n<\/li>\n<\/ul>\n<h2 data-v-md-heading=\"rich-flavor-options\" data-v-md-line=\"33\">Op\u00e7\u00f5es de sabor ricas<\/h2>\n<p data-v-md-line=\"35\">Cada configura\u00e7\u00e3o oferece 4 combina\u00e7\u00f5es de sabores (voc\u00ea pode alternar entre elas a qualquer momento), partindo de:<\/p>\n<ul data-v-md-line=\"36\">\n<li>Sorvete de morango + sorvete de melancia + sorvete de p\u00eassego + sorvete de maracuj\u00e1<\/li>\n<li>Sorvete de morango + Sorvete de mirtilo + Sorvete de uva + Sorvete de ma\u00e7\u00e3 verde<\/li>\n<li>Sorvete de morango + manga + abacaxi<\/li>\n<li>Sorvete de mirtilo + Sorvete de lim\u00e3o e framboesa + Chiclete de melancia + Hortel\u00e3-pimenta<\/li>\n<li>Melancia + framboesa + cereja + cola<\/li>\n<li>Sorvete de uva + Sorvete de manga e p\u00eassego + Sorvete de melancia + Sorvete de mirtilo<\/li>\n<li>Morango, kiwi, mirtilo, coco, ameixa mista e manga.<\/li>\n<li>Gelo de banana + Gelo de morango + Gelo de melancia + Gelo de lim\u00e3o<\/li>\n<li>Sorvete de morango + Sorvete de abacaxi com coco + Sorvete de manga + Sorvete de maracuj\u00e1<\/li>\n<li>Abacaxi com coco + Gelo de lim\u00e3o + Gelo de mirtilo + Bebida energ\u00e9tica<\/li>\n<\/ul>\n<h2 data-v-md-heading=\"for-you-and-your-business\" data-v-md-line=\"47\">Para voc\u00ea e sua empresa<\/h2>\n<p data-v-md-line=\"49\">Voc\u00ea pode adquirir o MYDE, um cigarro eletr\u00f4nico 8 em 1 ideal para uso pessoal. Se voc\u00ea busca um cigarro eletr\u00f4nico descart\u00e1vel que ofere\u00e7a uma tragada generosa e n\u00e3o te fa\u00e7a enjoar em apenas dois dias, esta \u00e9 definitivamente a escolha perfeita. Para revenda, este produto tamb\u00e9m \u00e9 uma excelente op\u00e7\u00e3o, pois seus clientes reconhecem rapidamente seu diferencial: \u201cUm dispositivo, m\u00faltiplos sabores, recarreg\u00e1vel\u201d.<\/p>\n<p data-v-md-line=\"51\">Para vendas por atacado, este produto \u00e9 enviado em caixas com 150 unidades. Trabalhamos em parceria com empresas de log\u00edstica confi\u00e1veis \u200b\u200bna UE e podemos providenciar o desembara\u00e7o aduaneiro com direitos pagos (DDP) sempre que poss\u00edvel, evitando problemas alfandeg\u00e1rios e taxas inesperadas.<\/p>\n<h2 data-v-md-heading=\"reasons-why-you-will-like-it\" data-v-md-line=\"53\">Reasons why you will like it<\/h2>\n<ul data-v-md-line=\"55\">\n<li>\n<p data-v-md-line=\"55\">Suc\u00e7\u00e3o ultralonga: Dur\u00e1vel e de longa dura\u00e7\u00e3o, reduzindo a frequ\u00eancia de substitui\u00e7\u00e3o.<\/p>\n<\/li>\n<li>\n<p data-v-md-line=\"56\">Troca de Sabores (8 em 1): Quando um sabor come\u00e7a a ficar mon\u00f3tono, isso pode trazer uma sensa\u00e7\u00e3o de frescor.<\/p>\n<\/li>\n<li>\n<p data-v-md-line=\"57\">Bateria recarreg\u00e1vel: Ajuda voc\u00ea a aproveitar ao m\u00e1ximo o e-l\u00edquido que comprou.<\/p>\n<\/li>\n<li>\n<p data-v-md-line=\"59\">Estrutura de bobina de malha qu\u00e1drupla: garante resist\u00eancia \u00e0 suc\u00e7\u00e3o e sabor consistentes.<\/p>\n<\/li>\n<li>\n<p data-v-md-line=\"60\">Tela de LED: N\u00e3o precisa mais adivinhar quando precisa ser carregada.<\/p>\n<\/li>\n<\/ul>\n<h2 data-v-md-heading=\"why-choose-to-collaborate-with-agoravape\" data-v-md-line=\"62\">Por que escolher colaborar com a AgoraVape?<\/h2>\n<p data-v-md-line=\"64\">Nunca venderemos produtos de fontes desconhecidas. A AgoraVape prioriza a garantia de produtos 100% genu\u00ednos, log\u00edstica confi\u00e1vel e suporte pr\u00e1tico e eficaz para consumidores e varejistas. Se voc\u00ea deseja adquirir cigarros eletr\u00f4nicos MYDE 8-em-1 com bobina de 4 mesh e 150k 150000 mm a pre\u00e7os de atacado e com solu\u00e7\u00f5es de entrega confi\u00e1veis \u200b\u200bna UE, entre em contato conosco e ajudaremos voc\u00ea a organizar pedidos adequados para seus clientes.<\/p>\n<p><script src=\"chrome-extension:\/\/fpelahbljekknahkcaegamhcndkfpfnc\/iFrame.js\" type=\"text\/javascript\"><\/script><\/p>","protected":false},"excerpt":{"rendered":"<p>&nbsp;<\/p>\n<p><script src=\"chrome-extension:\/\/fpelahbljekknahkcaegamhcndkfpfnc\/iFrame.js\" type=\"text\/javascript\"><\/script><\/p>\n<p><script src=\"chrome-extension:\/\/fpelahbljekknahkcaegamhcndkfpfnc\/iFrame.js\" type=\"text\/javascript\"><\/script><\/p>\n<p><script src=\"chrome-extension:\/\/fpelahbljekknahkcaegamhcndkfpfnc\/iFrame.js\" type=\"text\/javascript\"><\/script><\/p>\n<p><script src=\"chrome-extension:\/\/fpelahbljekknahkcaegamhcndkfpfnc\/iFrame.js\" type=\"text\/javascript\"><\/script><\/p>\n<p><script src=\"chrome-extension:\/\/fpelahbljekknahkcaegamhcndkfpfnc\/iFrame.js\" type=\"text\/javascript\"><\/script><\/p>\n<p><script src=\"chrome-extension:\/\/fpelahbljekknahkcaegamhcndkfpfnc\/iFrame.js\" type=\"text\/javascript\"><\/script><\/p>\n<p><script src=\"chrome-extension:\/\/fpelahbljekknahkcaegamhcndkfpfnc\/iFrame.js\" type=\"text\/javascript\"><\/script><\/p>\n<p><script src=\"chrome-extension:\/\/fpelahbljekknahkcaegamhcndkfpfnc\/iFrame.js\" type=\"text\/javascript\"><\/script><\/p>\n<p><script src=\"chrome-extension:\/\/fpelahbljekknahkcaegamhcndkfpfnc\/iFrame.js\" type=\"text\/javascript\"><\/script><\/p>\n<p><script src=\"chrome-extension:\/\/fpelahbljekknahkcaegamhcndkfpfnc\/iFrame.js\" type=\"text\/javascript\"><\/script><\/p>\n<p><script src=\"chrome-extension:\/\/fpelahbljekknahkcaegamhcndkfpfnc\/iFrame.js\" type=\"text\/javascript\"><\/script><\/p>","protected":false},"featured_media":21144,"comment_status":"open","ping_status":"closed","template":"","meta":[],"product_brand":[221],"product_cat":[124,185,176,177,1674,174,175,193,148,191,173,186,180,190],"product_tag":[],"class_list":{"0":"post-21121","1":"product","2":"type-product","3":"status-publish","4":"has-post-thumbnail","6":"product_brand-myde","7":"product_cat-vape-by-brand","8":"product_cat-10000-puffs-high-capacity","9":"product_cat-beverage","10":"product_cat-dessert-sweets","11":"product_cat-eu-warehouse","12":"product_cat-fruit-flavors","13":"product_cat-icy-mint","14":"product_cat-mesh-coil","15":"product_cat-myde","16":"product_cat-rechargeable-disposables","17":"product_cat-vape-by-flavor-profile","18":"product_cat-vape-by-nicotine-strength","19":"product_cat-vape-by-puff-count","20":"product_cat-vape-by-feature-or-type","22":"first","23":"instock","24":"shipping-taxable","25":"purchasable","26":"product-type-variable","27":"has-default-attributes"},"tiered_pricing_type":"percentage","tiered_pricing_fixed_rules":[],"tiered_pricing_product_settings":{"layout":"default","base_unit_name":{"singular":null,"plural":null},"default_variation":null},"tiered_pricing_minimum_quantity":10,"tiered_pricing_roles_data":[],"tiered_pricing_percentage_rules":{"30":"29","50":"35","100":"40","200":"44","500":"47","1000":"49"},"tiered_pricing_maximum_quantity":null,"tiered_pricing_quantity_step":"10","_links":{"self":[{"href":"https:\/\/agoravape.com\/pt\/wp-json\/wp\/v2\/product\/21121","targetHints":{"allow":["GET"]}}],"collection":[{"href":"https:\/\/agoravape.com\/pt\/wp-json\/wp\/v2\/product"}],"about":[{"href":"https:\/\/agoravape.com\/pt\/wp-json\/wp\/v2\/types\/product"}],"replies":[{"embeddable":true,"href":"https:\/\/agoravape.com\/pt\/wp-json\/wp\/v2\/comments?post=21121"}],"version-history":[{"count":0,"href":"https:\/\/agoravape.com\/pt\/wp-json\/wp\/v2\/product\/21121\/revisions"}],"wp:featuredmedia":[{"embeddable":true,"href":"https:\/\/agoravape.com\/pt\/wp-json\/wp\/v2\/media\/21144"}],"wp:attachment":[{"href":"https:\/\/agoravape.com\/pt\/wp-json\/wp\/v2\/media?parent=21121"}],"wp:term":[{"taxonomy":"product_brand","embeddable":true,"href":"https:\/\/agoravape.com\/pt\/wp-json\/wp\/v2\/product_brand?post=21121"},{"taxonomy":"product_cat","embeddable":true,"href":"https:\/\/agoravape.com\/pt\/wp-json\/wp\/v2\/product_cat?post=21121"},{"taxonomy":"product_tag","embeddable":true,"href":"https:\/\/agoravape.com\/pt\/wp-json\/wp\/v2\/product_tag?post=21121"}],"curies":[{"name":"wp","href":"https:\/\/api.w.org\/{rel}","templated":true}]}}