{"id":21146,"date":"2026-01-18T00:53:54","date_gmt":"2026-01-17T16:53:54","guid":{"rendered":"https:\/\/agoravape.com\/?post_type=product&#038;p=21146"},"modified":"2026-03-26T13:22:26","modified_gmt":"2026-03-26T12:22:26","slug":"myde-ak80000-80000-puffs-dtl-vape","status":"publish","type":"product","link":"https:\/\/agoravape.com\/pt\/product\/myde-ak80000-80000-puffs-dtl-vape\/","title":{"rendered":"MYDE AK80000 80000 Puffs Vaporizador DTL de Alta Pot\u00eancia | Nuvens Grandes, Menos Complica\u00e7\u00f5es"},"content":{"rendered":"<h2 data-v-md-heading=\"what-is-myde-ak80000-80000-high-power-dtl-electronic-cigarette-like\" data-v-md-line=\"1\"><\/h2>\n<p><img loading=\"lazy\" decoding=\"async\" class=\"size-full wp-image-21205 alignright\" src=\"https:\/\/agoravape.com\/wp-content\/uploads\/2026\/01\/MYDE-AK80000-80000-Puffs-High-Power-DTL-Vape_Agora_vape-2.webp\" alt=\"\" width=\"1280\" height=\"1659\" srcset=\"https:\/\/agoravape.com\/wp-content\/uploads\/2026\/01\/MYDE-AK80000-80000-Puffs-High-Power-DTL-Vape_Agora_vape-2.webp 1280w, https:\/\/agoravape.com\/wp-content\/uploads\/2026\/01\/MYDE-AK80000-80000-Puffs-High-Power-DTL-Vape_Agora_vape-2-1200x1555.webp 1200w, https:\/\/agoravape.com\/wp-content\/uploads\/2026\/01\/MYDE-AK80000-80000-Puffs-High-Power-DTL-Vape_Agora_vape-2-231x300.webp 231w, https:\/\/agoravape.com\/wp-content\/uploads\/2026\/01\/MYDE-AK80000-80000-Puffs-High-Power-DTL-Vape_Agora_vape-2-790x1024.webp 790w, https:\/\/agoravape.com\/wp-content\/uploads\/2026\/01\/MYDE-AK80000-80000-Puffs-High-Power-DTL-Vape_Agora_vape-2-768x995.webp 768w, https:\/\/agoravape.com\/wp-content\/uploads\/2026\/01\/MYDE-AK80000-80000-Puffs-High-Power-DTL-Vape_Agora_vape-2-1185x1536.webp 1185w, https:\/\/agoravape.com\/wp-content\/uploads\/2026\/01\/MYDE-AK80000-80000-Puffs-High-Power-DTL-Vape_Agora_vape-2-9x12.webp 9w\" sizes=\"auto, (max-width: 1280px) 100vw, 1280px\" \/> <img loading=\"lazy\" decoding=\"async\" class=\"size-full wp-image-21206 alignright\" src=\"https:\/\/agoravape.com\/wp-content\/uploads\/2026\/01\/MYDE-AK80000-80000-Puffs-High-Power-DTL-Vape_Agora_vape-3-scaled.webp\" alt=\"\" width=\"765\" height=\"2560\" srcset=\"https:\/\/agoravape.com\/wp-content\/uploads\/2026\/01\/MYDE-AK80000-80000-Puffs-High-Power-DTL-Vape_Agora_vape-3-scaled.webp 765w, https:\/\/agoravape.com\/wp-content\/uploads\/2026\/01\/MYDE-AK80000-80000-Puffs-High-Power-DTL-Vape_Agora_vape-3-90x300.webp 90w, https:\/\/agoravape.com\/wp-content\/uploads\/2026\/01\/MYDE-AK80000-80000-Puffs-High-Power-DTL-Vape_Agora_vape-3-306x1024.webp 306w, https:\/\/agoravape.com\/wp-content\/uploads\/2026\/01\/MYDE-AK80000-80000-Puffs-High-Power-DTL-Vape_Agora_vape-3-768x2570.webp 768w, https:\/\/agoravape.com\/wp-content\/uploads\/2026\/01\/MYDE-AK80000-80000-Puffs-High-Power-DTL-Vape_Agora_vape-3-459x1536.webp 459w, https:\/\/agoravape.com\/wp-content\/uploads\/2026\/01\/MYDE-AK80000-80000-Puffs-High-Power-DTL-Vape_Agora_vape-3-612x2048.webp 612w, https:\/\/agoravape.com\/wp-content\/uploads\/2026\/01\/MYDE-AK80000-80000-Puffs-High-Power-DTL-Vape_Agora_vape-3-4x12.webp 4w, https:\/\/agoravape.com\/wp-content\/uploads\/2026\/01\/MYDE-AK80000-80000-Puffs-High-Power-DTL-Vape_Agora_vape-3-1200x4015.webp 1200w\" sizes=\"auto, (max-width: 765px) 100vw, 765px\" \/><\/p>\n<h2 data-v-md-heading=\"what-is-myde-ak80000-80000-high-power-dtl-electronic-cigarette-like\" data-v-md-line=\"1\">Como \u00e9 o cigarro eletr\u00f4nico MYDE AK80000 80000 de alta pot\u00eancia DTL?<\/h2>\n<p data-v-md-line=\"3\">Se voc\u00ea est\u00e1 cansado de cigarros eletr\u00f4nicos descart\u00e1veis \u200b\u200bque parecem \"acabados\" logo no in\u00edcio do uso, o MYDE AK80000 \u00e9 a escolha ideal. Trata-se de um cigarro eletr\u00f4nico descart\u00e1vel de alta pot\u00eancia com tecnologia DTL (suc\u00e7\u00e3o direta para o pulm\u00e3o), projetado para usu\u00e1rios que desejam uma resist\u00eancia mais suave e uma fuma\u00e7a mais densa, em vez da resist\u00eancia intensa dos cigarros convencionais.<\/p>\n<p data-v-md-line=\"5\">H\u00e1 mais um detalhe inesperado. Voc\u00ea pode pensar que segurar um dispositivo com 80.000 entradas seria t\u00e3o pesado quanto segurar um tijolo, mas, na realidade, \u00e9 muito f\u00e1cil de segurar na m\u00e3o. Se voc\u00ea busca uma produ\u00e7\u00e3o de vapor intensa, sabor consistente e menos trocas de cartucho, ent\u00e3o este cigarro eletr\u00f4nico \u00e9 a sua melhor escolha.<\/p>\n<h2 data-v-md-heading=\"excellent-performance-simple-and-easy-to-use\" data-v-md-line=\"7\">Excelente desempenho, simples e f\u00e1cil de usar.<\/h2>\n<p data-v-md-line=\"9\">A MYDE preza pela simplicidade em \u00e1reas-chave. A bobina de malha de 0,4 \u03a9 ajuda a manter um sabor est\u00e1vel e proporciona uma vaporiza\u00e7\u00e3o densa em vez de rala. Al\u00e9m disso, possui uma pot\u00eancia de sa\u00edda de 30 W, tornando-a ideal para o modo de inala\u00e7\u00e3o direta para o pulm\u00e3o (DTL).<\/p>\n<p data-v-md-line=\"11\">Quando a bateria estiver fraca, n\u00e3o \u00e9 necess\u00e1rio usar um carregador dedicado. Basta conectar o dispositivo atrav\u00e9s da interface USB Type-C (voc\u00ea pode ter usado o mesmo cabo USB para carregar o seu telefone anteriormente) e poder\u00e1 continuar a us\u00e1-lo.<\/p>\n<h2 data-v-md-heading=\"quick-specifications\" data-v-md-line=\"13\">Especifica\u00e7\u00f5es r\u00e1pidas<\/h2>\n<ul data-v-md-line=\"14\">\n<li>Smoking frequency: up to 80000 puffs<\/li>\n<li>Capacidade de e-l\u00edquido: 45ml<\/li>\n<li>Teor de nicotina: 5mg<\/li>\n<li>Pot\u00eancia de sa\u00edda: 30W<\/li>\n<li>N\u00facleo atomizador: n\u00facleo atomizador de malha de 0,4 \u03a9<\/li>\n<li>Capacidade da bateria: 1300mAh (recarreg\u00e1vel)<\/li>\n<li>Modo de usar: Inale para ativar.<\/li>\n<li>M\u00e9todo de carregamento: Interface USB Tipo-C padr\u00e3o<\/li>\n<li>Material: Liga met\u00e1lica + PCTG<\/li>\n<li>Dimens\u00f5es\/Peso: 157 \u00d7 36,3 \u00d7 36,3 mm, 135 g<\/li>\n<li>Status: Pronto para usar assim que sai da caixa<\/li>\n<\/ul>\n<h2 data-v-md-heading=\"complete-flavor-lineup\" data-v-md-line=\"26\">Linha completa de sabores<\/h2>\n<ul data-v-md-line=\"27\">\n<li>Assassino de mulheres<\/li>\n<li>Sorvete de uva<\/li>\n<li>Lan\u00e7a de hortel\u00e3<\/li>\n<li>Lim\u00e3o e lima<\/li>\n<li>Gelo de Melancia<\/li>\n<li>Refrigerante de cola com cereja<\/li>\n<li>morango kiwi<\/li>\n<li>arma de mel\u00e3o<\/li>\n<li>Melancia de morango<\/li>\n<li>Pistola de Bolhas de Melancia<\/li>\n<\/ul>\n<h2 data-v-md-heading=\"suitable-for-you-and-your-business\" data-v-md-line=\"38\">Ideal para voc\u00ea e para o seu neg\u00f3cio.<\/h2>\n<p data-v-md-line=\"40\">Voc\u00ea pode adquirir esses produtos para uso pessoal, mas se voc\u00ea for varejista, este produto \u00e9 uma excelente op\u00e7\u00e3o como um acess\u00f3rio de \"suc\u00e7\u00e3o direta de alta pot\u00eancia\" para sua linha de produtos. Cada caixa cont\u00e9m 100 unidades, facilitando o pedido e permitindo o controle da quantidade.<\/p>\n<p data-v-md-line=\"42\">Em termos de log\u00edstica, compreendemos as preocupa\u00e7\u00f5es dos compradores da UE: atrasos, procedimentos complexos e custos inesperados. Por isso, priorizamos a coopera\u00e7\u00e3o com transportadoras de renome, a escolha de rotas de transporte confi\u00e1veis, a garantia da entrega tranquila das suas mercadorias e a preven\u00e7\u00e3o de problemas no processo alfandeg\u00e1rio.<\/p>\n<h2 data-v-md-heading=\"the-reason-why-you-will-like-it\" data-v-md-line=\"44\">O motivo pelo qual voc\u00ea vai gostar disso<\/h2>\n<ul data-v-md-line=\"45\">\n<li>\n<p data-v-md-line=\"45\">Dur\u00e1vel e de longa dura\u00e7\u00e3o: Com uma vida \u00fatil mais longa, n\u00e3o h\u00e1 necessidade de substituir o equipamento com frequ\u00eancia.<\/p>\n<\/li>\n<li>\n<p data-v-md-line=\"47\">Experi\u00eancia de pot\u00eancia DTL: A pot\u00eancia de sa\u00edda de 30 W proporciona uma experi\u00eancia de suc\u00e7\u00e3o mais suave e satisfat\u00f3ria.<\/p>\n<\/li>\n<li>\n<p data-v-md-line=\"48\">Bateria recarreg\u00e1vel: Voc\u00ea pode utilizar totalmente a capacidade da bateria sem precisar descart\u00e1-la antes do uso.<\/p>\n<\/li>\n<li>\n<p data-v-md-line=\"49\">N\u00facleo do atomizador em malha: garante sabor consistente e produ\u00e7\u00e3o de vapor est\u00e1vel.<\/p>\n<\/li>\n<\/ul>\n<h2 data-v-md-heading=\"why-choose-to-collaborate-with-agoravape\" data-v-md-line=\"51\">Por que escolher colaborar com a AgoraVape?<\/h2>\n<p data-v-md-line=\"53\">A AgoraVape sempre se pauta por um princ\u00edpio: vendemos apenas produtos genu\u00ednos. Para dispositivos de alta capacidade como este, isso \u00e9 particularmente importante, pois o mercado est\u00e1 inundado de produtos falsificados. Se voc\u00ea \u00e9 um comprador corporativo, tamb\u00e9m pode obter quantidades de atacado convenientes, suporte confi\u00e1vel e servi\u00e7os de envio r\u00e1pido para os cigarros eletr\u00f4nicos DTL de alta pot\u00eancia MYDE AK80000 80000. Se voc\u00ea deseja reservar um produto para seus clientes DTL, garantindo que eles voltem a comprar, entre em contato conosco.<\/p>","protected":false},"excerpt":{"rendered":"<p>Como \u00e9 o cigarro eletr\u00f3nico DTL de alta pot\u00eancia MYDE AK80000 80000? Se est\u00e1 cansado dos cigarros electr\u00f3nicos descart\u00e1veis que<\/p>","protected":false},"featured_media":21212,"comment_status":"open","ping_status":"closed","template":"","meta":[],"product_brand":[221],"product_cat":[124,185,194,176,177,174,175,148,191,173,186,180,190],"product_tag":[],"class_list":{"0":"post-21146","1":"product","2":"type-product","3":"status-publish","4":"has-post-thumbnail","6":"product_brand-myde","7":"product_cat-vape-by-brand","8":"product_cat-10000-puffs-high-capacity","9":"product_cat-adjustable-airflow","10":"product_cat-beverage","11":"product_cat-dessert-sweets","12":"product_cat-fruit-flavors","13":"product_cat-icy-mint","14":"product_cat-myde","15":"product_cat-rechargeable-disposables","16":"product_cat-vape-by-flavor-profile","17":"product_cat-vape-by-nicotine-strength","18":"product_cat-vape-by-puff-count","19":"product_cat-vape-by-feature-or-type","21":"first","22":"instock","23":"shipping-taxable","24":"purchasable","25":"product-type-variable","26":"has-default-attributes"},"tiered_pricing_type":"percentage","tiered_pricing_fixed_rules":[],"tiered_pricing_product_settings":{"layout":"default","base_unit_name":{"singular":null,"plural":null},"default_variation":null},"tiered_pricing_minimum_quantity":10,"tiered_pricing_roles_data":[],"tiered_pricing_percentage_rules":{"30":"29","50":"35","100":"40","200":"44","500":"47","1000":"49"},"tiered_pricing_maximum_quantity":null,"tiered_pricing_quantity_step":"10","_links":{"self":[{"href":"https:\/\/agoravape.com\/pt\/wp-json\/wp\/v2\/product\/21146","targetHints":{"allow":["GET"]}}],"collection":[{"href":"https:\/\/agoravape.com\/pt\/wp-json\/wp\/v2\/product"}],"about":[{"href":"https:\/\/agoravape.com\/pt\/wp-json\/wp\/v2\/types\/product"}],"replies":[{"embeddable":true,"href":"https:\/\/agoravape.com\/pt\/wp-json\/wp\/v2\/comments?post=21146"}],"version-history":[{"count":0,"href":"https:\/\/agoravape.com\/pt\/wp-json\/wp\/v2\/product\/21146\/revisions"}],"wp:featuredmedia":[{"embeddable":true,"href":"https:\/\/agoravape.com\/pt\/wp-json\/wp\/v2\/media\/21212"}],"wp:attachment":[{"href":"https:\/\/agoravape.com\/pt\/wp-json\/wp\/v2\/media?parent=21146"}],"wp:term":[{"taxonomy":"product_brand","embeddable":true,"href":"https:\/\/agoravape.com\/pt\/wp-json\/wp\/v2\/product_brand?post=21146"},{"taxonomy":"product_cat","embeddable":true,"href":"https:\/\/agoravape.com\/pt\/wp-json\/wp\/v2\/product_cat?post=21146"},{"taxonomy":"product_tag","embeddable":true,"href":"https:\/\/agoravape.com\/pt\/wp-json\/wp\/v2\/product_tag?post=21146"}],"curies":[{"name":"wp","href":"https:\/\/api.w.org\/{rel}","templated":true}]}}