{"id":21214,"date":"2026-01-18T01:26:07","date_gmt":"2026-01-17T17:26:07","guid":{"rendered":"https:\/\/agoravape.com\/?post_type=product&#038;p=21214"},"modified":"2026-03-31T04:20:23","modified_gmt":"2026-03-31T02:20:23","slug":"myde-miou-60k-60000-puffs-duplo-sabor","status":"publish","type":"product","link":"https:\/\/agoravape.com\/pt\/product\/myde-miou-60k-60000-puffs-dual-flavor\/","title":{"rendered":"MYDE MIOU 60k 60000 Puffs Dual Flavor Vape | Dois sabores, um \u00fanico vaporizador f\u00e1cil de usar no dia a dia"},"content":{"rendered":"<h2 data-v-md-heading=\"what-are-the-special-features-of-myde-miou-60k-60000-dual-flavored-vapes\" data-v-md-line=\"3\"><img loading=\"lazy\" decoding=\"async\" class=\"size-full wp-image-21228 alignright\" src=\"https:\/\/agoravape.com\/wp-content\/uploads\/2026\/01\/MYDE-MIOU-60k-60000-Puffs-Dual-Flavor-Vape-Two-Flavours-One-Easy-Daily-Driver_Agora_vape-3.webp\" alt=\"\" width=\"800\" height=\"800\" srcset=\"https:\/\/agoravape.com\/wp-content\/uploads\/2026\/01\/MYDE-MIOU-60k-60000-Puffs-Dual-Flavor-Vape-Two-Flavours-One-Easy-Daily-Driver_Agora_vape-3.webp 800w, https:\/\/agoravape.com\/wp-content\/uploads\/2026\/01\/MYDE-MIOU-60k-60000-Puffs-Dual-Flavor-Vape-Two-Flavours-One-Easy-Daily-Driver_Agora_vape-3-600x600.webp 600w, https:\/\/agoravape.com\/wp-content\/uploads\/2026\/01\/MYDE-MIOU-60k-60000-Puffs-Dual-Flavor-Vape-Two-Flavours-One-Easy-Daily-Driver_Agora_vape-3-300x300.webp 300w, https:\/\/agoravape.com\/wp-content\/uploads\/2026\/01\/MYDE-MIOU-60k-60000-Puffs-Dual-Flavor-Vape-Two-Flavours-One-Easy-Daily-Driver_Agora_vape-3-150x150.webp 150w, https:\/\/agoravape.com\/wp-content\/uploads\/2026\/01\/MYDE-MIOU-60k-60000-Puffs-Dual-Flavor-Vape-Two-Flavours-One-Easy-Daily-Driver_Agora_vape-3-768x768.webp 768w, https:\/\/agoravape.com\/wp-content\/uploads\/2026\/01\/MYDE-MIOU-60k-60000-Puffs-Dual-Flavor-Vape-Two-Flavours-One-Easy-Daily-Driver_Agora_vape-3-12x12.webp 12w\" sizes=\"auto, (max-width: 800px) 100vw, 800px\" \/><\/h2>\n<h2 data-v-md-heading=\"what-are-the-special-features-of-myde-miou-60k-60000-dual-flavored-vapes\" data-v-md-line=\"3\">Quais s\u00e3o as caracter\u00edsticas especiais dos vapes MYDE MIOU 60k 60000 com dois sabores?<\/h2>\n<p data-v-md-line=\"5\">Se voc\u00ea est\u00e1 cansado de vapes que duram apenas um ou dois dias e perdem o frescor rapidamente, o MYDE MIOU 60k ser\u00e1 a escolha ideal. Ele foi projetado para uso prolongado (at\u00e9 60.000 puffs) e segue um conceito simples, por\u00e9m pr\u00e1tico: dois sabores em um s\u00f3, permitindo que voc\u00ea alterne facilmente entre eles sem precisar carregar um segundo vape.<\/p>\n<p data-v-md-line=\"7\">Voc\u00ea pode pensar que um vaporizador com capacidade nominal de 60.000 tragadas seria pesado como um tijolo no seu bolso, mas, na realidade, sua experi\u00eancia de uso \u00e9 muito mais leve e port\u00e1til do que voc\u00ea imagina. Este \u00e9 um vaporizador simples e f\u00e1cil de usar, equipado com baterias recarreg\u00e1veis, e-l\u00edquido pr\u00e9-instalado e diversas op\u00e7\u00f5es de sabores, que podem trazer frescor mesmo se suas papilas gustativas estiverem entediadas.<\/p>\n<h2 data-v-md-heading=\"excellent-performance-and-easy-operation\" data-v-md-line=\"9\">Excelente desempenho e opera\u00e7\u00e3o f\u00e1cil.<\/h2>\n<p data-v-md-line=\"11\">Internamente equipado com um atomizador de 1,2 \u03a9 e um compartimento de armazenamento de e-l\u00edquido de grande capacidade (40 ml), este dispositivo garante um sabor est\u00e1vel, sem altera\u00e7\u00f5es durante a utiliza\u00e7\u00e3o. Al\u00e9m disso, possui uma bateria de 600 mAh, permitindo que voc\u00ea continue usando mesmo se a bateria acabar antes do e-l\u00edquido. Basta reabastecer o dispositivo para continuar a sua experi\u00eancia.<\/p>\n<p data-v-md-line=\"13\">Sem necessidade de bot\u00f5es ou configura\u00e7\u00f5es. Basta dar um gole e desfrutar da experi\u00eancia definitiva.<\/p>\n<h2 data-v-md-heading=\"quick-specifications\" data-v-md-line=\"15\">Especifica\u00e7\u00f5es r\u00e1pidas<\/h2>\n<ul data-v-md-line=\"17\">\n<li>N\u00famero de portas: at\u00e9 60.000 portas<\/li>\n<li>Capacidade de e-l\u00edquido: Total de 40 mililitros (Sistema de sabor duplo, aproximadamente 7 mililitros por compartimento)<\/li>\n<li>Bateria: 600mAh (recarreg\u00e1vel)<\/li>\n<li>Resist\u00eancia da bobina: 1,2 ohms<\/li>\n<li>Teor de nicotina: 2% ou 5%<\/li>\n<li>Modo de usar: Basta inalar para ativar.<\/li>\n<li>Status: Pronto para usar assim que sai da caixa<\/li>\n<\/ul>\n<h2 data-v-md-heading=\"complete-flavor-lineup\" data-v-md-line=\"24\">Linha completa de sabores<\/h2>\n<ul data-v-md-line=\"25\">\n<li>Gelo de lim\u00e3o, lima e melancia<\/li>\n<li>Sorvete de uva e kiwi de morango<\/li>\n<li>Abacaxi, Coco e Morango com Banana<\/li>\n<li>Laranja Manga Melancia e Red Bull<\/li>\n<li>Sorvete de mirtilo e cereja<\/li>\n<li>Sorvete de Melancia com Frutas Vermelhas<\/li>\n<li>Morango, Banana e Cereja Espumante<\/li>\n<li>Sorvete de morango, framboesa, cereja e uva<\/li>\n<li>\u00c1gua de lim\u00e3o com mirtilo e lim\u00e3o-lima<\/li>\n<li>Melancia gelada e manga com morango<\/li>\n<\/ul>\n<h2 data-v-md-heading=\"suitable-for-personal-and-commercial-use\" data-v-md-line=\"36\">Adequado para uso pessoal e comercial.<\/h2>\n<p data-v-md-line=\"38\"><a class=\"wpil_keyword_link\" href=\"https:\/\/agoravape.com\/pt\/vape-por-marca\/mrvi\/\" target=\"_blank\" rel=\"noopener\" title=\"PEQUENO\" data-wpil-keyword-link=\"linked\" data-wpil-monitor-id=\"7189\">MYDE<\/a> MIOU 60k is a durable vape that won\u2019t leave you feeling bored after a few days, making it the ideal choice for your personal use. At the same time, it is also suitable as a retail inventory product because consumers prefer convenient \u201cintegrated\u201d products, especially the dual flavor version.<\/p>\n<p data-v-md-line=\"40\">Se voc\u00ea estiver comprando para revenda, a AgoraVape oferece servi\u00e7os de envio r\u00e1pidos e confi\u00e1veis \u200b\u200bpara a Europa. Trabalhamos com transportadoras de confian\u00e7a, como DHL, DPD e UPS, para garantir um transporte tranquilo e evitar quaisquer imprevistos na alf\u00e2ndega. Caso precise da quantidade exata para revenda, entre em contato com nossa equipe e providenciaremos os detalhes da embalagem para voc\u00ea.<\/p>\n<h2 data-v-md-heading=\"reasons-why-you-will-like-it\" data-v-md-line=\"42\">Reasons why you will like it<\/h2>\n<ul data-v-md-line=\"44\">\n<li>Bateria de longa dura\u00e7\u00e3o: Maior vida \u00fatil, sem necessidade de substituir dispositivos com frequ\u00eancia.<\/li>\n<li>Configura\u00e7\u00e3o de sabor duplo: Voc\u00ea n\u00e3o precisa comprar um segundo vaporizador para trocar de sabor.<\/li>\n<li>Sele\u00e7\u00e3o da concentra\u00e7\u00e3o de nicotina: 2% para um sabor mais suave, 5% para uma experi\u00eancia mais intensa.<\/li>\n<li>Bateria recarreg\u00e1vel: Certifique-se de ter usado completamente o e-l\u00edquido que comprou.<\/li>\n<li>Bobina de 1,2 \u03a9: mant\u00e9m uma resist\u00eancia de suc\u00e7\u00e3o est\u00e1vel para evitar a deteriora\u00e7\u00e3o r\u00e1pida do sabor.<\/li>\n<\/ul>\n<h2 data-v-md-heading=\"why-choose-agoravape\" data-v-md-line=\"50\">Por que escolher a AgoraVape?<\/h2>\n<p data-v-md-line=\"52\">Na AgoraVape, focamos no que realmente importa: garantia de autenticidade do produto, log\u00edstica confi\u00e1vel e respostas transparentes. Se voc\u00ea vende vapes MYDE MIOU 60k 60000 com dois sabores, n\u00f3s o ajudaremos a aumentar suas vendas com pre\u00e7os de atacado altamente competitivos, suporte t\u00e9cnico \u00e1gil e solu\u00e7\u00f5es de envio flex\u00edveis. Entre em contato conosco e forneceremos o suprimento necess\u00e1rio para fidelizar seus clientes.<\/p>","protected":false},"excerpt":{"rendered":"<p>Quais s\u00e3o as carater\u00edsticas especiais dos vapes de duplo sabor MYDE MIOU 60k 60000? Se est\u00e1s cansado de vapes que<\/p>","protected":false},"featured_media":21235,"comment_status":"open","ping_status":"closed","template":"","meta":[],"product_brand":[221],"product_cat":[124,185,1642,176,177,195,174,175,148,191,173,186,180,190],"product_tag":[],"class_list":{"0":"post-21214","1":"product","2":"type-product","3":"status-publish","4":"has-post-thumbnail","6":"product_brand-myde","7":"product_cat-vape-by-brand","8":"product_cat-10000-puffs-high-capacity","9":"product_cat-60000-puffs","10":"product_cat-beverage","11":"product_cat-dessert-sweets","12":"product_cat-dual-flavor-switch","13":"product_cat-fruit-flavors","14":"product_cat-icy-mint","15":"product_cat-myde","16":"product_cat-rechargeable-disposables","17":"product_cat-vape-by-flavor-profile","18":"product_cat-vape-by-nicotine-strength","19":"product_cat-vape-by-puff-count","20":"product_cat-vape-by-feature-or-type","22":"first","23":"onbackorder","24":"shipping-taxable","25":"purchasable","26":"product-type-variable","27":"has-default-attributes"},"tiered_pricing_type":"percentage","tiered_pricing_fixed_rules":[],"tiered_pricing_product_settings":{"layout":"default","base_unit_name":{"singular":null,"plural":null},"default_variation":null},"tiered_pricing_minimum_quantity":10,"tiered_pricing_roles_data":[],"tiered_pricing_percentage_rules":{"30":"29","50":"35","100":"40","200":"44","500":"47","1000":"49"},"tiered_pricing_maximum_quantity":null,"tiered_pricing_quantity_step":"10","_links":{"self":[{"href":"https:\/\/agoravape.com\/pt\/wp-json\/wp\/v2\/product\/21214","targetHints":{"allow":["GET"]}}],"collection":[{"href":"https:\/\/agoravape.com\/pt\/wp-json\/wp\/v2\/product"}],"about":[{"href":"https:\/\/agoravape.com\/pt\/wp-json\/wp\/v2\/types\/product"}],"replies":[{"embeddable":true,"href":"https:\/\/agoravape.com\/pt\/wp-json\/wp\/v2\/comments?post=21214"}],"version-history":[{"count":2,"href":"https:\/\/agoravape.com\/pt\/wp-json\/wp\/v2\/product\/21214\/revisions"}],"predecessor-version":[{"id":29882,"href":"https:\/\/agoravape.com\/pt\/wp-json\/wp\/v2\/product\/21214\/revisions\/29882"}],"wp:featuredmedia":[{"embeddable":true,"href":"https:\/\/agoravape.com\/pt\/wp-json\/wp\/v2\/media\/21235"}],"wp:attachment":[{"href":"https:\/\/agoravape.com\/pt\/wp-json\/wp\/v2\/media?parent=21214"}],"wp:term":[{"taxonomy":"product_brand","embeddable":true,"href":"https:\/\/agoravape.com\/pt\/wp-json\/wp\/v2\/product_brand?post=21214"},{"taxonomy":"product_cat","embeddable":true,"href":"https:\/\/agoravape.com\/pt\/wp-json\/wp\/v2\/product_cat?post=21214"},{"taxonomy":"product_tag","embeddable":true,"href":"https:\/\/agoravape.com\/pt\/wp-json\/wp\/v2\/product_tag?post=21214"}],"curies":[{"name":"wp","href":"https:\/\/api.w.org\/{rel}","templated":true}]}}