{"id":21412,"date":"2026-01-18T16:11:02","date_gmt":"2026-01-18T08:11:02","guid":{"rendered":"https:\/\/agoravape.com\/?post_type=product&#038;p=21412"},"modified":"2026-03-19T11:37:04","modified_gmt":"2026-03-19T10:37:04","slug":"saimeo-tequila-30k-30000-puffs-vape","status":"publish","type":"product","link":"https:\/\/agoravape.com\/pt\/product\/saimeo-tequila-30k-30000-puffs-vape\/","title":{"rendered":"Saimeo Tequila 30k 30000 Puffs Unique Bottle Vape | Longa dura\u00e7\u00e3o, f\u00e1cil de usar"},"content":{"rendered":"<h2 data-v-md-heading=\"what-s-special-about-saimeo-tequila-flavored-30k-30000-unique-bottled-vapes\" data-v-md-line=\"3\"><img loading=\"lazy\" decoding=\"async\" class=\"size-full wp-image-21435 alignright\" src=\"https:\/\/agoravape.com\/wp-content\/uploads\/2026\/01\/Saimeo-Tequila-30k-30000-Puffs-Unique-Bottle-Vape-Long-Runs-Simple-Use_Agora_vape-12-scaled.webp\" alt=\"\" width=\"795\" height=\"2560\" srcset=\"https:\/\/agoravape.com\/wp-content\/uploads\/2026\/01\/Saimeo-Tequila-30k-30000-Puffs-Unique-Bottle-Vape-Long-Runs-Simple-Use_Agora_vape-12-scaled.webp 795w, https:\/\/agoravape.com\/wp-content\/uploads\/2026\/01\/Saimeo-Tequila-30k-30000-Puffs-Unique-Bottle-Vape-Long-Runs-Simple-Use_Agora_vape-12-93x300.webp 93w, https:\/\/agoravape.com\/wp-content\/uploads\/2026\/01\/Saimeo-Tequila-30k-30000-Puffs-Unique-Bottle-Vape-Long-Runs-Simple-Use_Agora_vape-12-318x1024.webp 318w, https:\/\/agoravape.com\/wp-content\/uploads\/2026\/01\/Saimeo-Tequila-30k-30000-Puffs-Unique-Bottle-Vape-Long-Runs-Simple-Use_Agora_vape-12-768x2472.webp 768w, https:\/\/agoravape.com\/wp-content\/uploads\/2026\/01\/Saimeo-Tequila-30k-30000-Puffs-Unique-Bottle-Vape-Long-Runs-Simple-Use_Agora_vape-12-477x1536.webp 477w, https:\/\/agoravape.com\/wp-content\/uploads\/2026\/01\/Saimeo-Tequila-30k-30000-Puffs-Unique-Bottle-Vape-Long-Runs-Simple-Use_Agora_vape-12-636x2048.webp 636w, https:\/\/agoravape.com\/wp-content\/uploads\/2026\/01\/Saimeo-Tequila-30k-30000-Puffs-Unique-Bottle-Vape-Long-Runs-Simple-Use_Agora_vape-12-4x12.webp 4w, https:\/\/agoravape.com\/wp-content\/uploads\/2026\/01\/Saimeo-Tequila-30k-30000-Puffs-Unique-Bottle-Vape-Long-Runs-Simple-Use_Agora_vape-12-1200x3862.webp 1200w\" sizes=\"auto, (max-width: 795px) 100vw, 795px\" \/><\/h2>\n<h2 data-v-md-heading=\"what-s-special-about-saimeo-tequila-flavored-30k-30000-unique-bottled-vapes\" data-v-md-line=\"3\">O que torna os vapes Saimeo sabor Tequila, com 30.000 unidades exclusivas e engarrafadas, especiais?<\/h2>\n<p data-v-md-line=\"5\">Se voc\u00ea est\u00e1 cansado de vapes descart\u00e1veis \u200b\u200bque acabam r\u00e1pido, este produto foi desenvolvido para uso prolongado. O Saimeo Tequila Flavor Don Leon 1942 (\u201cUnique Bottle\u201d) foi projetado para usu\u00e1rios que desejam vapes di\u00e1rios com alta frequ\u00eancia de uso, f\u00e1ceis de usar e com uma pegada um pouco diferente.<\/p>\n<p data-v-md-line=\"7\">Voc\u00ea pode achar que o dispositivo bucal 30000 \u00e9 pesado como um tijolo na sua m\u00e3o, mas o design em formato de garrafa o torna confort\u00e1vel de segurar. Este \u00e9 um vaporizador que voc\u00ea pode levar consigo para onde for, pois sabe que \u00e9 absolutamente confi\u00e1vel e dur\u00e1vel.<\/p>\n<h2 data-v-md-heading=\"excellent-performance-and-easy-operation\" data-v-md-line=\"9\">Excelente desempenho e opera\u00e7\u00e3o f\u00e1cil.<\/h2>\n<p data-v-md-line=\"11\">Este \u00e9 um vaporizador descart\u00e1vel com ativa\u00e7\u00e3o por inala\u00e7\u00e3o, que n\u00e3o requer bot\u00f5es ou configura\u00e7\u00f5es. Basta inalar para come\u00e7ar. Se voc\u00ea busca um produto simples e f\u00e1cil de usar, esta \u00e9 definitivamente a escolha ideal.<\/p>\n<p data-v-md-line=\"13\">Em termos de nicotina, cont\u00e9m 2% de sal de nicotina, o que proporciona um sabor suave e pode satisfazer as necessidades da maioria dos utilizadores di\u00e1rios.<\/p>\n<h2 data-v-md-heading=\"quick-specifications\" data-v-md-line=\"15\">Especifica\u00e7\u00f5es r\u00e1pidas<\/h2>\n<ul data-v-md-line=\"16\">\n<li>Frequ\u00eancia de consumo: at\u00e9 30.000 tragadas<\/li>\n<li>Conte\u00fado de nicotina: 2% de sal de nicotina<\/li>\n<li>Modo de usar: Basta inalar para ativar.<\/li>\n<li>Status: Pronto para usar assim que sai da caixa<\/li>\n<li>Dimens\u00f5es do equipamento: 37 * 40 * 160 mil\u00edmetros<\/li>\n<li>Especifica\u00e7\u00f5es da embalagem: 10 unidades por pacote<\/li>\n<li>Especifica\u00e7\u00f5es da embalagem: 200 unidades por caixa<\/li>\n<li>Dimens\u00f5es da caixa externa: 427 \u00d7 395 \u00d7 353 mil\u00edmetros, Peso bruto: 21 quilogramas<\/li>\n<\/ul>\n<h2 data-v-md-heading=\"complete-flavor-lineup\" data-v-md-line=\"25\">Linha completa de sabores<\/h2>\n<ul data-v-md-line=\"26\">\n<li>Gelo de Melancia<\/li>\n<li>morango kiwi<\/li>\n<li>P\u00eassego suculento<\/li>\n<li>Melancia de morango<\/li>\n<li>Champanhe de p\u00eassego vermelho<\/li>\n<li>Mirtilos e framboesas<\/li>\n<li>Pista de gelo azul<\/li>\n<li>Frutas vermelhas misturadas<\/li>\n<li>Maracuj\u00e1 e Manga<\/li>\n<li>Fruta do drag\u00e3o cereja<\/li>\n<\/ul>\n<h2 data-v-md-heading=\"suitable-for-you-and-your-business\" data-v-md-line=\"37\">Ideal para voc\u00ea e para o seu neg\u00f3cio.<\/h2>\n<p data-v-md-line=\"39\">Voc\u00ea pode adquirir esses produtos para uso pessoal, mas se estiver comprando para sua loja ou precisar repor o estoque regularmente em grandes quantidades, esta embalagem \u00e9 conveniente para o gerenciamento de estoque. 10 unidades por pacote, 200 unidades por caixa, para que voc\u00ea n\u00e3o precise repor o estoque com frequ\u00eancia.<\/p>\n<p data-v-md-line=\"41\">A AgoraVape se concentra em fornecer servi\u00e7os de envio confi\u00e1veis \u200b\u200bpara a UE. Colaboramos com transportadoras de confian\u00e7a, como UPS, DPD e DHL, e oferecemos op\u00e7\u00f5es de Entrega com Impostos Pagos (DDP) sempre que as condi\u00e7\u00f5es permitirem. Isso significa um processo de importa\u00e7\u00e3o mais tranquilo e menos preocupa\u00e7\u00e3o com o status da sua encomenda.<\/p>\n<h2 data-v-md-heading=\"the-reason-why-you-will-like-it\" data-v-md-line=\"43\">O motivo pelo qual voc\u00ea vai gostar disso<\/h2>\n<ul data-v-md-line=\"44\">\n<li>\n<p data-v-md-line=\"44\">Dur\u00e1vel e de longa dura\u00e7\u00e3o: Resistente e de longa dura\u00e7\u00e3o, sem necessidade de substitui\u00e7\u00e3o frequente.<\/p>\n<\/li>\n<li>\n<p data-v-md-line=\"46\">2% de sal de nicotina: Adequado para a concentra\u00e7\u00e3o familiar da maioria dos usu\u00e1rios di\u00e1rios.<\/p>\n<\/li>\n<li>\n<p data-v-md-line=\"48\">Ativa\u00e7\u00e3o por inala\u00e7\u00e3o: Sem bot\u00f5es, sem necessidade de aprendizado. Basta pegar e usar.<\/p>\n<\/li>\n<li>\n<p data-v-md-line=\"50\">Design do corpo da garrafa: Pegada confort\u00e1vel, discreta e elegante.<\/p>\n<\/li>\n<\/ul>\n<h2 data-v-md-heading=\"why-choose-to-collaborate-with-agoravape\" data-v-md-line=\"52\">Por que escolher colaborar com a AgoraVape?<\/h2>\n<p data-v-md-line=\"54\">S\u00f3 vendemos produtos de vaporiza\u00e7\u00e3o 100% aut\u00eanticos, porque ningu\u00e9m quer sofrer com qualidade inst\u00e1vel. Se voc\u00ea \u00e9 um comprador corporativo, tamb\u00e9m ter\u00e1 acesso a \u00f3timas op\u00e7\u00f5es de atacado, suporte t\u00e9cnico eficiente e servi\u00e7os de entrega r\u00e1pida e confi\u00e1vel. Deseja comprar o exclusivo vape Saimeo Tequila 30k em frasco? Entre em contato conosco e ajudaremos voc\u00ea a escolher o sabor e a quantidade ideais para seus clientes.<\/p>","protected":false},"excerpt":{"rendered":"<p>O que t\u00eam de especial os vapes engarrafados \u00fanicos Saimeo Tequila 30k 30000? Se est\u00e1 farto de vapes descart\u00e1veis que se esgotam<\/p>","protected":false},"featured_media":21433,"comment_status":"open","ping_status":"closed","template":"","meta":[],"product_brand":[1663],"product_cat":[124,185,1637,177,1674,174,191,1666,179,173,186,180,190],"product_tag":[],"class_list":{"0":"post-21412","1":"product","2":"type-product","3":"status-publish","4":"has-post-thumbnail","6":"product_brand-saimeo","7":"product_cat-vape-by-brand","8":"product_cat-10000-puffs-high-capacity","9":"product_cat-30000-puffs","10":"product_cat-dessert-sweets","11":"product_cat-eu-warehouse","12":"product_cat-fruit-flavors","13":"product_cat-rechargeable-disposables","14":"product_cat-saimeo","15":"product_cat-unique-blends","16":"product_cat-vape-by-flavor-profile","17":"product_cat-vape-by-nicotine-strength","18":"product_cat-vape-by-puff-count","19":"product_cat-vape-by-feature-or-type","21":"first","22":"instock","23":"shipping-taxable","24":"purchasable","25":"product-type-variable","26":"has-default-attributes"},"tiered_pricing_type":"percentage","tiered_pricing_fixed_rules":[],"tiered_pricing_product_settings":{"layout":"default","base_unit_name":{"singular":null,"plural":null},"default_variation":null},"tiered_pricing_minimum_quantity":10,"tiered_pricing_roles_data":[],"tiered_pricing_percentage_rules":{"30":"12.41","50":"27","100":"33","200":"35","500":"39","1000":"42"},"tiered_pricing_maximum_quantity":null,"tiered_pricing_quantity_step":"10","_links":{"self":[{"href":"https:\/\/agoravape.com\/pt\/wp-json\/wp\/v2\/product\/21412","targetHints":{"allow":["GET"]}}],"collection":[{"href":"https:\/\/agoravape.com\/pt\/wp-json\/wp\/v2\/product"}],"about":[{"href":"https:\/\/agoravape.com\/pt\/wp-json\/wp\/v2\/types\/product"}],"replies":[{"embeddable":true,"href":"https:\/\/agoravape.com\/pt\/wp-json\/wp\/v2\/comments?post=21412"}],"version-history":[{"count":0,"href":"https:\/\/agoravape.com\/pt\/wp-json\/wp\/v2\/product\/21412\/revisions"}],"wp:featuredmedia":[{"embeddable":true,"href":"https:\/\/agoravape.com\/pt\/wp-json\/wp\/v2\/media\/21433"}],"wp:attachment":[{"href":"https:\/\/agoravape.com\/pt\/wp-json\/wp\/v2\/media?parent=21412"}],"wp:term":[{"taxonomy":"product_brand","embeddable":true,"href":"https:\/\/agoravape.com\/pt\/wp-json\/wp\/v2\/product_brand?post=21412"},{"taxonomy":"product_cat","embeddable":true,"href":"https:\/\/agoravape.com\/pt\/wp-json\/wp\/v2\/product_cat?post=21412"},{"taxonomy":"product_tag","embeddable":true,"href":"https:\/\/agoravape.com\/pt\/wp-json\/wp\/v2\/product_tag?post=21412"}],"curies":[{"name":"wp","href":"https:\/\/api.w.org\/{rel}","templated":true}]}}