{"id":21811,"date":"2026-01-18T21:41:30","date_gmt":"2026-01-18T13:41:30","guid":{"rendered":"https:\/\/agoravape.com\/?post_type=product&#038;p=21811"},"modified":"2026-04-13T18:03:17","modified_gmt":"2026-04-13T16:03:17","slug":"saimeo-champagne-30k-30000-puffs-vape","status":"publish","type":"product","link":"https:\/\/agoravape.com\/pt\/product\/saimeo-champagne-30k-30000-puffs-vape\/","title":{"rendered":"Saimeo Champagne 30k 30000 Puffs Party Vape | Grande quantidade de puffs, f\u00e1cil de usar no dia a dia"},"content":{"rendered":"<div style=\"width: 720px;\" class=\"wp-video\"><video class=\"wp-video-shortcode\" id=\"video-21811-1\" width=\"720\" height=\"1280\" preload=\"metadata\" controls=\"controls\"><source type=\"video\/mp4\" src=\"https:\/\/agoravape.com\/wp-content\/uploads\/2026\/01\/champagne-30k.mp4?_=1\" \/><a href=\"https:\/\/agoravape.com\/wp-content\/uploads\/2026\/01\/champagne-30k.mp4\">https:\/\/agoravape.com\/wp-content\/uploads\/2026\/01\/champagne-30k.mp4<\/a><\/video><\/div>\n<h2 data-v-md-heading=\"what-is-special-about-saimeo-champagne-30k-30000-party-vapes\" data-v-md-line=\"3\"><img loading=\"lazy\" decoding=\"async\" class=\"aligncenter size-full wp-image-21829\" src=\"https:\/\/agoravape.com\/wp-content\/uploads\/2026\/01\/Saimeo-Champagne-30k-30000-Puffs-Party-Vape-Big-Puff-Count-Easy-Everyday-Use_Agora_vape-7-scaled.webp\" alt=\"\" width=\"2560\" height=\"1808\" srcset=\"https:\/\/agoravape.com\/wp-content\/uploads\/2026\/01\/Saimeo-Champagne-30k-30000-Puffs-Party-Vape-Big-Puff-Count-Easy-Everyday-Use_Agora_vape-7-scaled.webp 2560w, https:\/\/agoravape.com\/wp-content\/uploads\/2026\/01\/Saimeo-Champagne-30k-30000-Puffs-Party-Vape-Big-Puff-Count-Easy-Everyday-Use_Agora_vape-7-scaled-1200x848.webp 1200w, https:\/\/agoravape.com\/wp-content\/uploads\/2026\/01\/Saimeo-Champagne-30k-30000-Puffs-Party-Vape-Big-Puff-Count-Easy-Everyday-Use_Agora_vape-7-300x212.webp 300w, https:\/\/agoravape.com\/wp-content\/uploads\/2026\/01\/Saimeo-Champagne-30k-30000-Puffs-Party-Vape-Big-Puff-Count-Easy-Everyday-Use_Agora_vape-7-1024x723.webp 1024w, https:\/\/agoravape.com\/wp-content\/uploads\/2026\/01\/Saimeo-Champagne-30k-30000-Puffs-Party-Vape-Big-Puff-Count-Easy-Everyday-Use_Agora_vape-7-768x543.webp 768w, https:\/\/agoravape.com\/wp-content\/uploads\/2026\/01\/Saimeo-Champagne-30k-30000-Puffs-Party-Vape-Big-Puff-Count-Easy-Everyday-Use_Agora_vape-7-1536x1085.webp 1536w, https:\/\/agoravape.com\/wp-content\/uploads\/2026\/01\/Saimeo-Champagne-30k-30000-Puffs-Party-Vape-Big-Puff-Count-Easy-Everyday-Use_Agora_vape-7-2048x1447.webp 2048w, https:\/\/agoravape.com\/wp-content\/uploads\/2026\/01\/Saimeo-Champagne-30k-30000-Puffs-Party-Vape-Big-Puff-Count-Easy-Everyday-Use_Agora_vape-7-18x12.webp 18w\" sizes=\"auto, (max-width: 2560px) 100vw, 2560px\" \/><\/h2>\n<h2 data-v-md-heading=\"what-is-special-about-saimeo-champagne-30k-30000-party-vapes\" data-v-md-line=\"3\"><img loading=\"lazy\" decoding=\"async\" class=\"size-full wp-image-21823 alignright\" src=\"https:\/\/agoravape.com\/wp-content\/uploads\/2026\/01\/Saimeo-Champagne-30k-30000-Puffs-Party-Vape-Big-Puff-Count-Easy-Everyday-Use_Agora_vape-1-scaled.webp\" alt=\"\" width=\"604\" height=\"2560\" srcset=\"https:\/\/agoravape.com\/wp-content\/uploads\/2026\/01\/Saimeo-Champagne-30k-30000-Puffs-Party-Vape-Big-Puff-Count-Easy-Everyday-Use_Agora_vape-1-scaled.webp 604w, https:\/\/agoravape.com\/wp-content\/uploads\/2026\/01\/Saimeo-Champagne-30k-30000-Puffs-Party-Vape-Big-Puff-Count-Easy-Everyday-Use_Agora_vape-1-71x300.webp 71w, https:\/\/agoravape.com\/wp-content\/uploads\/2026\/01\/Saimeo-Champagne-30k-30000-Puffs-Party-Vape-Big-Puff-Count-Easy-Everyday-Use_Agora_vape-1-768x3257.webp 768w, https:\/\/agoravape.com\/wp-content\/uploads\/2026\/01\/Saimeo-Champagne-30k-30000-Puffs-Party-Vape-Big-Puff-Count-Easy-Everyday-Use_Agora_vape-1-483x2048.webp 483w, https:\/\/agoravape.com\/wp-content\/uploads\/2026\/01\/Saimeo-Champagne-30k-30000-Puffs-Party-Vape-Big-Puff-Count-Easy-Everyday-Use_Agora_vape-1-3x12.webp 3w\" sizes=\"auto, (max-width: 604px) 100vw, 604px\" \/><\/h2>\n<h2 data-v-md-heading=\"what-is-special-about-saimeo-champagne-30k-30000-party-vapes\" data-v-md-line=\"3\">O que torna o Saimeo Champagne 30k 30000 party vape t\u00e3o especial?<\/h2>\n<p data-v-md-line=\"5\">Se voc\u00ea est\u00e1 cansado de vapes descart\u00e1veis \u200b\u200bque acabam em poucos dias, o Saimeo Champagne 30k \u00e9 definitivamente a escolha ideal. Ele foi projetado para uso prolongado, com at\u00e9 30.000 tragadas com uma \u00fanica carga, eliminando a necessidade de trocas frequentes de cartuchos.<\/p>\n<p data-v-md-line=\"7\">Voc\u00ea pode achar que um dispositivo com capacidade de 30k seria dif\u00edcil de usar, como um \"tijolo\". Mas este vaporizador tem uma pegada confort\u00e1vel, n\u00e3o precisa de nenhuma configura\u00e7\u00e3o e pode ser usado imediatamente. Sem bot\u00f5es, sem configura\u00e7\u00f5es necess\u00e1rias, basta inalar para aproveitar.<\/p>\n<h2 data-v-md-heading=\"excellent-performance-and-easy-operation\" data-v-md-line=\"9\">Excelente desempenho e opera\u00e7\u00e3o f\u00e1cil.<\/h2>\n<p data-v-md-line=\"11\">O conceito de design do Saimeo \u00e9 muito simples: ele adota a ativa\u00e7\u00e3o por inala\u00e7\u00e3o e seu uso \u00e9 semelhante ao dos vapes descart\u00e1veis. E, por ser recarreg\u00e1vel, \u00e9 mais prov\u00e1vel que voc\u00ea realmente use todo o e-l\u00edquido em vez de jog\u00e1-lo fora quando o n\u00edvel da bateria acabar.<\/p>\n<h2 data-v-md-heading=\"quick-specifications\" data-v-md-line=\"13\">Especifica\u00e7\u00f5es r\u00e1pidas<\/h2>\n<ul data-v-md-line=\"14\">\n<li>Frequ\u00eancia de consumo: at\u00e9 30.000 tragadas<\/li>\n<li>Conte\u00fado de nicotina: 2% de sal de nicotina<\/li>\n<li>Modo de usar: Basta inalar para ativar.<\/li>\n<li>M\u00e9todo de carregamento: Recarreg\u00e1vel (m\u00e9todo de carregamento n\u00e3o especificado)<\/li>\n<li>Estado: Pronto para usar assim que abrir a caixa.<\/li>\n<\/ul>\n<h2 data-v-md-heading=\"complete-flavor-lineup\" data-v-md-line=\"20\">Linha completa de sabores<\/h2>\n<ul data-v-md-line=\"21\">\n<li>morango kiwi<\/li>\n<li>Blueberries, raspberries, cherries<\/li>\n<li>Frutas vermelhas misturadas<\/li>\n<li>Mirtilos e framboesas<\/li>\n<li>Champanhe de uva branca<\/li>\n<li>P\u00eassego suculento<\/li>\n<li>Melancia de morango<\/li>\n<li>Melancia uva<\/li>\n<li>Gelo de Melancia<\/li>\n<li>Manga Tripla<\/li>\n<li>Mamba<\/li>\n<li>Maracuj\u00e1 e Manga<\/li>\n<li>Frutas tropicais<\/li>\n<li>Sabor de cereja e pitaya<\/li>\n<li>Sabor champanhe de p\u00eassego vermelho<\/li>\n<\/ul>\n<h2 data-v-md-heading=\"suitable-for-you-and-your-business\" data-v-md-line=\"37\">Ideal para voc\u00ea e para o seu neg\u00f3cio.<\/h2>\n<p data-v-md-line=\"39\">Voc\u00ea pode comprar facilmente os vapes Saimeo sabor champanhe 30k para uso pessoal. Se voc\u00ea estiver comprando para uma loja ou precisar fazer compras em grande quantidade, tamb\u00e9m oferecemos especifica\u00e7\u00f5es adequadas para atacado.<\/p>\n<p data-v-md-line=\"41\">A embalagem \u00e9 simples e clara: 10 unidades por pacote, 200 unidades por caixa. Dessa forma, voc\u00ea pode planejar facilmente o estoque e os pre\u00e7os sem precisar adivinhar.<\/p>\n<h2 data-v-md-heading=\"the-reason-why-you-will-like-it\" data-v-md-line=\"43\">O motivo pelo qual voc\u00ea vai gostar disso<\/h2>\n<ul data-v-md-line=\"44\">\n<li>Dur\u00e1vel e resistente: Resistente e resistente, reduzindo a frequ\u00eancia de compras.<\/li>\n<li>Sal de nicotina a 2%: Sabor suave, alta familiaridade, especialmente indicado para fumantes.<\/li>\n<li>Recarreg\u00e1vel: Permite que voc\u00ea aproveite ao m\u00e1ximo tudo.<\/li>\n<li>F\u00e1cil de usar: Ativa\u00e7\u00e3o por inala\u00e7\u00e3o, qualquer pessoa pode utiliz\u00e1-lo imediatamente.<\/li>\n<\/ul>\n<h2 data-v-md-heading=\"why-choose-to-collaborate-with-agoravape\" data-v-md-line=\"49\">Por que escolher colaborar com a AgoraVape?<\/h2>\n<p data-v-md-line=\"51\">Na AgoraVape, focamos nos aspectos realmente importantes para o seu consumo de dinheiro e prata: garantia de produto genu\u00edno, fornecedores confi\u00e1veis \u200b\u200be log\u00edstica e distribui\u00e7\u00e3o europeias est\u00e1veis. Se voc\u00ea vende Saimeo Champagne 30k 30000 packs para festas, oferecemos especifica\u00e7\u00f5es pr\u00e1ticas de embalagem para atacado, suporte t\u00e9cnico \u00e1gil e uma cadeia de suprimentos que realmente pode auxiliar no seu neg\u00f3cio. Precisa de pre\u00e7os de atacado ou fornecimento em grande quantidade? Entre em contato conosco, teremos prazer em atend\u00ea-lo.<\/p>\n<p><script src=\"chrome-extension:\/\/fpelahbljekknahkcaegamhcndkfpfnc\/iFrame.js\" type=\"text\/javascript\"><\/script><\/p>","protected":false},"excerpt":{"rendered":"<p>&nbsp;<\/p>\n<p><script src=\"chrome-extension:\/\/fpelahbljekknahkcaegamhcndkfpfnc\/iFrame.js\" type=\"text\/javascript\"><\/script><\/p>","protected":false},"featured_media":21832,"comment_status":"open","ping_status":"closed","template":"","meta":[],"product_brand":[1663],"product_cat":[124,185,189,1637,1674,174,191,1666,179,173,186,180,190],"product_tag":[],"class_list":{"0":"post-21811","1":"product","2":"type-product","3":"status-publish","4":"has-post-thumbnail","6":"product_brand-saimeo","7":"product_cat-vape-by-brand","8":"product_cat-10000-puffs-high-capacity","9":"product_cat-20mg-standard-nicotine-vapes","10":"product_cat-30000-puffs","11":"product_cat-eu-warehouse","12":"product_cat-fruit-flavors","13":"product_cat-rechargeable-disposables","14":"product_cat-saimeo","15":"product_cat-unique-blends","16":"product_cat-vape-by-flavor-profile","17":"product_cat-vape-by-nicotine-strength","18":"product_cat-vape-by-puff-count","19":"product_cat-vape-by-feature-or-type","21":"first","22":"instock","23":"shipping-taxable","24":"purchasable","25":"product-type-variable","26":"has-default-attributes"},"tiered_pricing_type":"percentage","tiered_pricing_fixed_rules":[],"tiered_pricing_product_settings":{"layout":"default","base_unit_name":{"singular":null,"plural":null},"default_variation":null},"tiered_pricing_minimum_quantity":10,"tiered_pricing_roles_data":[],"tiered_pricing_percentage_rules":{"30":"12.41","50":"35","100":"40","200":"44","500":"47","1000":"49"},"tiered_pricing_maximum_quantity":null,"tiered_pricing_quantity_step":"10","_links":{"self":[{"href":"https:\/\/agoravape.com\/pt\/wp-json\/wp\/v2\/product\/21811","targetHints":{"allow":["GET"]}}],"collection":[{"href":"https:\/\/agoravape.com\/pt\/wp-json\/wp\/v2\/product"}],"about":[{"href":"https:\/\/agoravape.com\/pt\/wp-json\/wp\/v2\/types\/product"}],"replies":[{"embeddable":true,"href":"https:\/\/agoravape.com\/pt\/wp-json\/wp\/v2\/comments?post=21811"}],"version-history":[{"count":1,"href":"https:\/\/agoravape.com\/pt\/wp-json\/wp\/v2\/product\/21811\/revisions"}],"predecessor-version":[{"id":29873,"href":"https:\/\/agoravape.com\/pt\/wp-json\/wp\/v2\/product\/21811\/revisions\/29873"}],"wp:featuredmedia":[{"embeddable":true,"href":"https:\/\/agoravape.com\/pt\/wp-json\/wp\/v2\/media\/21832"}],"wp:attachment":[{"href":"https:\/\/agoravape.com\/pt\/wp-json\/wp\/v2\/media?parent=21811"}],"wp:term":[{"taxonomy":"product_brand","embeddable":true,"href":"https:\/\/agoravape.com\/pt\/wp-json\/wp\/v2\/product_brand?post=21811"},{"taxonomy":"product_cat","embeddable":true,"href":"https:\/\/agoravape.com\/pt\/wp-json\/wp\/v2\/product_cat?post=21811"},{"taxonomy":"product_tag","embeddable":true,"href":"https:\/\/agoravape.com\/pt\/wp-json\/wp\/v2\/product_tag?post=21811"}],"curies":[{"name":"wp","href":"https:\/\/api.w.org\/{rel}","templated":true}]}}