{"id":21870,"date":"2026-01-18T22:03:21","date_gmt":"2026-01-18T14:03:21","guid":{"rendered":"https:\/\/agoravape.com\/?post_type=product&#038;p=21870"},"modified":"2026-04-12T10:39:07","modified_gmt":"2026-04-12T08:39:07","slug":"saimeo-humo-azul-24k-24000-puffs","status":"publish","type":"product","link":"https:\/\/agoravape.com\/pt\/product\/saimeo-humo-azul-24k-24000-puffs\/","title":{"rendered":"Saimeo Humo AZUL 24k 24000 Puffs Mesh Coil Vape | Sabor duradouro, menos complica\u00e7\u00f5es"},"content":{"rendered":"<h2 data-v-md-heading=\"what-is-saimeo-humo-azul-24k-24000-mouth-mesh-atomizer-core-vape\" data-v-md-line=\"3\"><\/h2>\n<h2 data-v-md-heading=\"what-is-saimeo-humo-azul-24k-24000-mouth-mesh-atomizer-core-vape\" data-v-md-line=\"3\">O que \u00e9 o Saimeo Humo AZUL 24k 24000, um atomizador com n\u00facleo de malha para uso bucal?<\/h2>\n<p data-v-md-line=\"5\">Se voc\u00ea est\u00e1 cansado de vapes descart\u00e1veis \u200b\u200bque deixam de ser agrad\u00e1veis \u200b\u200bap\u00f3s apenas alguns dias de uso, ent\u00e3o este produto \u00e9 mais adequado para voc\u00ea. O Saimeo Humo AZUL 24k foi projetado para uso prolongado, com capacidade de suc\u00e7\u00e3o de at\u00e9 24.000 vaporiza\u00e7\u00f5es, e possui um design recarreg\u00e1vel, para que voc\u00ea n\u00e3o precise jog\u00e1-lo fora s\u00f3 porque a bateria acabou.<\/p>\n<p data-v-md-line=\"7\">Voc\u00ea pode achar que um dispositivo com capacidade de 24k seria um trambolho volumoso. Mas, ao segur\u00e1-lo na m\u00e3o, seu peso \u00e9 surpreendentemente leve. Para quem busca um vape di\u00e1rio est\u00e1vel e confi\u00e1vel, sem se preocupar com a troca de cartuchos, resist\u00eancias ou frascos de e-l\u00edquido, este produto \u00e9 a escolha ideal.<\/p>\n<h2 data-v-md-heading=\"excellent-performance-and-easy-operation\" data-v-md-line=\"9\">Excelente desempenho e opera\u00e7\u00e3o f\u00e1cil.<\/h2>\n<p data-v-md-line=\"11\">A Saimeo utiliza bobinas de malha, o que significa que o sabor \u00e9 transmitido de forma mais uniforme. Na pr\u00e1tica, isso se traduz em um sabor menos \"insosso\" e um sabor consistentemente suave durante o uso.<\/p>\n<p data-v-md-line=\"13\">Quando a bateria estiver fraca, basta carreg\u00e1-la. Simples e pr\u00e1tico. As informa\u00e7\u00f5es do produto confirmam que \u00e9 recarreg\u00e1vel, mas n\u00e3o especificam o tipo de interface (como USB-C, por exemplo), ent\u00e3o n\u00e3o posso afirmar com certeza. Em resumo, o importante \u00e9 que pode continuar sendo usada ap\u00f3s o carregamento.<\/p>\n<h2 data-v-md-heading=\"quick-specifications\" data-v-md-line=\"15\">Especifica\u00e7\u00f5es r\u00e1pidas<\/h2>\n<ul data-v-md-line=\"16\">\n<li>Frequ\u00eancia de tabagismo: at\u00e9 24.000<\/li>\n<li>Conte\u00fado de nicotina: 2% de sal de nicotina<\/li>\n<li>Modo de usar: Ativa\u00e7\u00e3o por inala\u00e7\u00e3o<\/li>\n<li>M\u00e9todo de carregamento: Recarreg\u00e1vel (tipo de interface de carregamento n\u00e3o especificado)<\/li>\n<li>Status: Pronto para usar assim que sai da caixa<\/li>\n<li>Dimens\u00f5es do equipamento: 135 x 41,5 x 41,5 mil\u00edmetros<\/li>\n<li>Vers\u00e3o: Vers\u00e3o Padr\u00e3o e Vers\u00e3o Rosa<\/li>\n<\/ul>\n<h2 data-v-md-heading=\"complete-flavor-lineup\" data-v-md-line=\"24\">Linha completa de sabores<\/h2>\n<ul data-v-md-line=\"25\">\n<li>Sorvete de p\u00eassego<\/li>\n<li>Pista de gelo azul<\/li>\n<li>Sorvete de uva<\/li>\n<li>Gelo de mel\u00e3o<\/li>\n<li>Morango, melancia, uva<\/li>\n<li>Amora-preta, pitaya<\/li>\n<li>Fruta do drag\u00e3o com mirtilo<\/li>\n<li>Sorvete de mirtilo e framboesa<\/li>\n<li>Lim\u00e3o e lima<\/li>\n<li>Gelo de Melancia<\/li>\n<li>Sabor morango, cranberry e cereja<\/li>\n<li>Sabor uva e frutos silvestres<\/li>\n<li>Sabor de maracuj\u00e1, kiwi e goiaba<\/li>\n<\/ul>\n<h2 data-v-md-heading=\"suitable-for-you-and-your-business\" data-v-md-line=\"39\">Ideal para voc\u00ea e para o seu neg\u00f3cio.<\/h2>\n<p data-v-md-line=\"41\">O Saimeo Humo AZUL 24k pode ser adquirido diretamente no varejo e tamb\u00e9m \u00e9 adequado para lojas que desejam oferecer produtos com alta taxa de retorno aos clientes.<\/p>\n<p data-v-md-line=\"43\">Para vendas no atacado, a embalagem \u00e9 simples e pr\u00e1tica: 10 unidades por pacote, 200 unidades por caixa. Se a compra for para revenda, essa especifica\u00e7\u00e3o de embalagem facilita o armazenamento e a contagem.<\/p>\n<h2 data-v-md-heading=\"the-reason-why-you-will-like-it\" data-v-md-line=\"45\">O motivo pelo qual voc\u00ea vai gostar disso<\/h2>\n<ul data-v-md-line=\"46\">\n<li>Bateria de longa dura\u00e7\u00e3o: Resistente e de longa dura\u00e7\u00e3o, sem necessidade de substitui\u00e7\u00e3o frequente.<\/li>\n<li>2% de sal de nicotina: Adequado para a concentra\u00e7\u00e3o comumente usada pela maioria dos usu\u00e1rios di\u00e1rios de cigarros eletr\u00f4nicos.<\/li>\n<li>Recarreg\u00e1vel: permite que voc\u00ea utilize o dispositivo por completo, em vez de descart\u00e1-lo prematuramente. Bobina de malha: garante um sabor consistente do in\u00edcio ao fim.<\/li>\n<\/ul>\n<h2 data-v-md-heading=\"why-choose-to-collaborate-with-agoravape\" data-v-md-line=\"50\">Por que escolher colaborar com a AgoraVape?<\/h2>\n<p data-v-md-line=\"52\">A AgoraVape segue um princ\u00edpio simples: vendemos apenas produtos genu\u00ednos. Isso \u00e9 particularmente importante no segmento de vaporizadores de boca larga, onde produtos falsificados surgem constantemente. Se voc\u00ea compra para clientes, precisa de produtos confi\u00e1veis.<\/p>\n<p data-v-md-line=\"54\">Para compradores corporativos, tamb\u00e9m oferecemos excelentes op\u00e7\u00f5es de atacado, suporte t\u00e9cnico \u00e1gil e log\u00edstica de entrega eficiente em toda a Europa. Deseja adquirir o vaporizador Saimeo Humo AZUL 24k com bobina mesh 24000? Entre em contato conosco e definiremos a quantidade ideal para o seu pedido e o plano de fornecimento.<\/p>","protected":false},"excerpt":{"rendered":"<p>What is Saimeo Humo AZUL 24k 24000 mouth mesh atomizer core vape? If you are tired of disposable vapes that<\/p>","protected":false},"featured_media":0,"comment_status":"open","ping_status":"closed","template":"","meta":[],"product_brand":[1663],"product_cat":[124,185,189,174,191,1666,179,173,186,180,190],"product_tag":[],"class_list":{"0":"post-21870","1":"product","2":"type-product","3":"status-publish","5":"product_brand-saimeo","6":"product_cat-vape-by-brand","7":"product_cat-10000-puffs-high-capacity","8":"product_cat-20mg-standard-nicotine-vapes","9":"product_cat-fruit-flavors","10":"product_cat-rechargeable-disposables","11":"product_cat-saimeo","12":"product_cat-unique-blends","13":"product_cat-vape-by-flavor-profile","14":"product_cat-vape-by-nicotine-strength","15":"product_cat-vape-by-puff-count","16":"product_cat-vape-by-feature-or-type","18":"first","19":"outofstock","20":"shipping-taxable","21":"purchasable","22":"product-type-variable","23":"has-default-attributes"},"tiered_pricing_type":"percentage","tiered_pricing_fixed_rules":[],"tiered_pricing_product_settings":{"layout":"default","base_unit_name":{"singular":null,"plural":null},"default_variation":null},"tiered_pricing_minimum_quantity":10,"tiered_pricing_roles_data":[],"tiered_pricing_percentage_rules":{"30":"29","50":"35","100":"40","200":"44","500":"47","1000":"49"},"tiered_pricing_maximum_quantity":null,"tiered_pricing_quantity_step":"10","_links":{"self":[{"href":"https:\/\/agoravape.com\/pt\/wp-json\/wp\/v2\/product\/21870","targetHints":{"allow":["GET"]}}],"collection":[{"href":"https:\/\/agoravape.com\/pt\/wp-json\/wp\/v2\/product"}],"about":[{"href":"https:\/\/agoravape.com\/pt\/wp-json\/wp\/v2\/types\/product"}],"replies":[{"embeddable":true,"href":"https:\/\/agoravape.com\/pt\/wp-json\/wp\/v2\/comments?post=21870"}],"version-history":[{"count":1,"href":"https:\/\/agoravape.com\/pt\/wp-json\/wp\/v2\/product\/21870\/revisions"}],"predecessor-version":[{"id":29865,"href":"https:\/\/agoravape.com\/pt\/wp-json\/wp\/v2\/product\/21870\/revisions\/29865"}],"wp:attachment":[{"href":"https:\/\/agoravape.com\/pt\/wp-json\/wp\/v2\/media?parent=21870"}],"wp:term":[{"taxonomy":"product_brand","embeddable":true,"href":"https:\/\/agoravape.com\/pt\/wp-json\/wp\/v2\/product_brand?post=21870"},{"taxonomy":"product_cat","embeddable":true,"href":"https:\/\/agoravape.com\/pt\/wp-json\/wp\/v2\/product_cat?post=21870"},{"taxonomy":"product_tag","embeddable":true,"href":"https:\/\/agoravape.com\/pt\/wp-json\/wp\/v2\/product_tag?post=21870"}],"curies":[{"name":"wp","href":"https:\/\/api.w.org\/{rel}","templated":true}]}}