{"id":21948,"date":"2026-01-18T22:32:15","date_gmt":"2026-01-18T14:32:15","guid":{"rendered":"https:\/\/agoravape.com\/?post_type=product&#038;p=21948"},"modified":"2026-03-10T07:11:12","modified_gmt":"2026-03-10T06:11:12","slug":"saimeo-humo-azul-limited-15k-15000-puffs","status":"publish","type":"product","link":"https:\/\/agoravape.com\/pt\/product\/saimeo-humo-azul-limited-15k-15000-puffs\/","title":{"rendered":"Saimeo Humo AZUL Limited 15k 15000 Puffs Vape | Sabor duradouro, simplicidade em sua ess\u00eancia"},"content":{"rendered":"<h2 data-v-md-heading=\"what-is-saimeo-humo-azul-limited-s-15k-15000-pack-vape\" data-v-md-line=\"3\"><\/h2>\n<h2 data-v-md-heading=\"what-is-saimeo-humo-azul-limited-s-15k-15000-pack-vape\" data-v-md-line=\"3\"><\/h2>\n<h2 data-v-md-heading=\"what-is-saimeo-humo-azul-limited-s-15k-15000-pack-vape\" data-v-md-line=\"3\"><\/h2>\n<h2 data-v-md-heading=\"what-is-saimeo-humo-azul-limited-s-15k-15000-pack-vape\" data-v-md-line=\"3\">O que \u00e9 o pacote de 15.000 unidades do vape Saimeo Humo AZUL Limited?<\/h2>\n<p data-v-md-line=\"5\">Se voc\u00ea est\u00e1 cansado de vapes descart\u00e1veis \u200b\u200bque acabam logo no in\u00edcio, o Saimeo Humo AZUL Limited 15k \u00e9 definitivamente a escolha ideal. Ele tem uma autonomia de bateria de at\u00e9 15.000 unidades, permitindo que voc\u00ea evite trocas frequentes de dispositivos ou a necessidade de comprar novos vapes durante a semana.<\/p>\n<p data-v-md-line=\"7\">Este \u00e9 um vaporizador verdadeiramente \"pronto para usar\". Sem bot\u00f5es, sem configura\u00e7\u00f5es, sem opera\u00e7\u00f5es complicadas. Basta inalar e desfrutar de uma experi\u00eancia de inala\u00e7\u00e3o est\u00e1vel e familiar, perfeita para uso di\u00e1rio.<\/p>\n<h2 data-v-md-heading=\"excellent-performance-and-easy-operation\" data-v-md-line=\"9\">Excelente desempenho e opera\u00e7\u00e3o f\u00e1cil.<\/h2>\n<p data-v-md-line=\"11\">A filosofia de design da Saimeo \u00e9 simples e clara: este \u00e9 um vaporizador descart\u00e1vel ativado por inala\u00e7\u00e3o, projetado para manter um desempenho est\u00e1vel, especialmente adequado para uso cont\u00ednuo. Embora voc\u00ea possa achar que o dispositivo de US$ 15.000 seria pesado como um tijolo no bolso, o design externo da AZUL Limited o torna confort\u00e1vel de segurar e n\u00e3o parece volumoso.<\/p>\n<h2 data-v-md-heading=\"quick-specifications\" data-v-md-line=\"13\">Especifica\u00e7\u00f5es r\u00e1pidas<\/h2>\n<ul data-v-md-line=\"14\">\n<li>Frequ\u00eancia de consumo: at\u00e9 15.000 tragadas<\/li>\n<li>Conte\u00fado de nicotina: 2% de sal de nicotina<\/li>\n<li>Modo de usar: Basta inalar para ativar.<\/li>\n<li>M\u00e9todo de carregamento: N\u00e3o especificado (Consulte os detalhes\/imagens do produto ou entre em contato com nossa equipe para confirma\u00e7\u00e3o)<\/li>\n<li>Estado do produto: Pronto para uso assim que desembalado.<\/li>\n<li>Dimens\u00f5es do equipamento: 135 x 41,5 x 41,5 mil\u00edmetros<\/li>\n<li>Especifica\u00e7\u00f5es da embalagem: 10 unidades por pacote<\/li>\n<li>Especifica\u00e7\u00f5es da embalagem: 200 unidades por caixa<\/li>\n<\/ul>\n<h2 data-v-md-heading=\"complete-flavor-lineup\" data-v-md-line=\"23\">Linha completa de sabores<\/h2>\n<ul data-v-md-line=\"24\">\n<li>Mirtilos e lim\u00f5es<\/li>\n<li>Sorvete de uva<\/li>\n<li>P\u00eassego com mel<\/li>\n<li>Assassina<\/li>\n<li>Amor - Mel\u00e3o e baga<\/li>\n<li>Frutas vermelhas mistas<\/li>\n<li>Maracuj\u00e1 e kiwi<\/li>\n<li>Doces arco-\u00edris<\/li>\n<li>Zero grau absoluto<\/li>\n<li>Hava\u00ed<\/li>\n<li>Lim\u00e3o e lima<\/li>\n<li>Peach berry<\/li>\n<li>p\u00eassego branco framboesa<\/li>\n<\/ul>\n<h2 data-v-md-heading=\"tailored-for-you-and-your-business\" data-v-md-line=\"38\">Feito sob medida para voc\u00ea e sua empresa.<\/h2>\n<p data-v-md-line=\"40\">Se voc\u00ea busca produtos dur\u00e1veis, estes s\u00e3o ideais para uso pessoal. Para quem compra para revenda, a Saimeo facilita a gest\u00e3o de estoque: 10 unidades por pacote, 200 unidades por caixa. Essa embalagem otimiza o planejamento de prateleiras e permite a venda r\u00e1pida de diferentes sabores.<\/p>\n<p data-v-md-line=\"42\">A AgoraVape prioriza a log\u00edstica de entrega eficiente na Europa. Colaboramos com parceiros log\u00edsticos confi\u00e1veis, como UPS, DPD e DHL, e oferecemos um suporte ao cliente realmente eficaz. Se precisar de ajuda para encontrar o sabor ideal para atender \u00e0s demandas do mercado, seremos honestos com voc\u00ea.<\/p>\n<h2 data-v-md-heading=\"reasons-why-you-will-like-it\" data-v-md-line=\"44\">Reasons why you will like it<\/h2>\n<ul data-v-md-line=\"45\">\n<li>Porta de suc\u00e7\u00e3o extra longa: permite o uso cont\u00ednuo por um per\u00edodo mais longo, reduzindo a frequ\u00eancia de substitui\u00e7\u00e3o do dispositivo.<\/li>\n<li>Sal de nicotina a 2%: Se voc\u00ea prefere uma concentra\u00e7\u00e3o moderada de nicotina, esta \u00e9 uma escolha clara e simples.<\/li>\n<li>Ativa\u00e7\u00e3o por inala\u00e7\u00e3o: N\u00e3o \u00e9 necess\u00e1rio apertar nenhum bot\u00e3o. Basta pegar e aspirar.<\/li>\n<li>Ampla variedade de sabores: Encontre facilmente diversos sabores populares para rota\u00e7\u00e3o ou revenda.<\/li>\n<\/ul>\n<h2 data-v-md-heading=\"why-choose-to-collaborate-with-agoravape\" data-v-md-line=\"50\">Por que escolher colaborar com a AgoraVape?<\/h2>\n<p data-v-md-line=\"52\">Vendemos apenas produtos 100% genu\u00ednos, sem falsifica\u00e7\u00f5es. Se voc\u00ea \u00e9 um comprador corporativo, tamb\u00e9m pode aproveitar op\u00e7\u00f5es vantajosas de atacado, suporte t\u00e9cnico \u00e1gil e servi\u00e7os de entrega r\u00e1pidos e confi\u00e1veis \u200b\u200bem toda a UE para os vapes Saimeo Humo AZUL Limited 15k 15000. Quer comprar com intelig\u00eancia? Entre em contato conosco e ajudaremos voc\u00ea a escolher os sabores mais populares.<\/p>","protected":false},"excerpt":{"rendered":"<p>O que \u00e9 o vape de 15k 15000 da Saimeo Humo AZUL Limited? Se est\u00e1 cansado dos vapes descart\u00e1veis que se esgotam<\/p>","protected":false},"featured_media":0,"comment_status":"open","ping_status":"closed","template":"","meta":[],"product_brand":[1663],"product_cat":[124,185,1635,189,174,191,1666,179,173,186,180,190],"product_tag":[],"class_list":{"0":"post-21948","1":"product","2":"type-product","3":"status-publish","5":"product_brand-saimeo","6":"product_cat-vape-by-brand","7":"product_cat-10000-puffs-high-capacity","8":"product_cat-15000-puffs","9":"product_cat-20mg-standard-nicotine-vapes","10":"product_cat-fruit-flavors","11":"product_cat-rechargeable-disposables","12":"product_cat-saimeo","13":"product_cat-unique-blends","14":"product_cat-vape-by-flavor-profile","15":"product_cat-vape-by-nicotine-strength","16":"product_cat-vape-by-puff-count","17":"product_cat-vape-by-feature-or-type","19":"first","20":"outofstock","21":"shipping-taxable","22":"purchasable","23":"product-type-variable","24":"has-default-attributes"},"tiered_pricing_type":"percentage","tiered_pricing_fixed_rules":[],"tiered_pricing_product_settings":{"layout":"default","base_unit_name":{"singular":null,"plural":null},"default_variation":null},"tiered_pricing_minimum_quantity":10,"tiered_pricing_roles_data":[],"tiered_pricing_percentage_rules":{"30":"29","50":"35","100":"40","200":"44","500":"47","1000":"49"},"tiered_pricing_maximum_quantity":null,"tiered_pricing_quantity_step":"10","_links":{"self":[{"href":"https:\/\/agoravape.com\/pt\/wp-json\/wp\/v2\/product\/21948","targetHints":{"allow":["GET"]}}],"collection":[{"href":"https:\/\/agoravape.com\/pt\/wp-json\/wp\/v2\/product"}],"about":[{"href":"https:\/\/agoravape.com\/pt\/wp-json\/wp\/v2\/types\/product"}],"replies":[{"embeddable":true,"href":"https:\/\/agoravape.com\/pt\/wp-json\/wp\/v2\/comments?post=21948"}],"version-history":[{"count":0,"href":"https:\/\/agoravape.com\/pt\/wp-json\/wp\/v2\/product\/21948\/revisions"}],"wp:attachment":[{"href":"https:\/\/agoravape.com\/pt\/wp-json\/wp\/v2\/media?parent=21948"}],"wp:term":[{"taxonomy":"product_brand","embeddable":true,"href":"https:\/\/agoravape.com\/pt\/wp-json\/wp\/v2\/product_brand?post=21948"},{"taxonomy":"product_cat","embeddable":true,"href":"https:\/\/agoravape.com\/pt\/wp-json\/wp\/v2\/product_cat?post=21948"},{"taxonomy":"product_tag","embeddable":true,"href":"https:\/\/agoravape.com\/pt\/wp-json\/wp\/v2\/product_tag?post=21948"}],"curies":[{"name":"wp","href":"https:\/\/api.w.org\/{rel}","templated":true}]}}