{"id":21993,"date":"2026-01-18T22:45:15","date_gmt":"2026-01-18T14:45:15","guid":{"rendered":"https:\/\/agoravape.com\/?post_type=product&#038;p=21993"},"modified":"2026-03-26T13:22:25","modified_gmt":"2026-03-26T12:22:25","slug":"saimeo-humo-capa-iphone-16-pro-30000","status":"publish","type":"product","link":"https:\/\/agoravape.com\/pt\/product\/saimeo-humo-case-iphone-16-pro-30000\/","title":{"rendered":"Capa Saimeo Humo para iPhone 16 Pro 30k (30.000 tragadas) | Alta capacidade de tragadas, uso simples no dia a dia"},"content":{"rendered":"<h2 data-v-md-heading=\"what-is-the-special-feature-of-saimeo-humo-case-iphone-16-pro-30k-30000-port\" data-v-md-line=\"3\"><img loading=\"lazy\" decoding=\"async\" class=\"size-full wp-image-22100 alignright\" src=\"https:\/\/agoravape.com\/wp-content\/uploads\/2026\/01\/Saimeo-Humo-Case-30k-30000-Puffs-iPhone-Series-Vape-Big-Puff-Convenience-in-a-Pocketable-Shape_Agora_vape-15.webp\" alt=\"\" width=\"446\" height=\"2048\" srcset=\"https:\/\/agoravape.com\/wp-content\/uploads\/2026\/01\/Saimeo-Humo-Case-30k-30000-Puffs-iPhone-Series-Vape-Big-Puff-Convenience-in-a-Pocketable-Shape_Agora_vape-15.webp 446w, https:\/\/agoravape.com\/wp-content\/uploads\/2026\/01\/Saimeo-Humo-Case-30k-30000-Puffs-iPhone-Series-Vape-Big-Puff-Convenience-in-a-Pocketable-Shape_Agora_vape-15-223x1024.webp 223w\" sizes=\"auto, (max-width: 446px) 100vw, 446px\" \/><\/h2>\n<h2 data-v-md-heading=\"what-is-the-special-feature-of-saimeo-humo-case-iphone-16-pro-30k-30000-port\" data-v-md-line=\"3\">Qual \u00e9 a caracter\u00edstica especial da capa Saimeo Humo para iPhone 16 Pro com 30.000 portas?<\/h2>\n<p data-v-md-line=\"5\">Se voc\u00ea est\u00e1 cansado de vapes descart\u00e1veis \u200b\u200bque parecem \"acabados\" logo no primeiro uso, ent\u00e3o este vape projetado para uso prolongado \u00e9 imperd\u00edvel. A capa Saimeo Humo para iPhone 16 Pro 30k oferece uma bateria com dura\u00e7\u00e3o de at\u00e9 30.000 usos e seu design ergon\u00f4mico garante uma pegada confort\u00e1vel.<\/p>\n<p data-v-md-line=\"7\">Voc\u00ea pode achar que os vaporizadores de alta dura\u00e7\u00e3o s\u00e3o como um tijolo volumoso. Mas este vaporizador adota um design semelhante ao de um celular, com uma pegada natural e f\u00e1cil de guardar no bolso ou na bolsa, sem causar nenhum inc\u00f4modo.<\/p>\n<h2 data-v-md-heading=\"excellent-performance-and-easy-operation\" data-v-md-line=\"9\">Excelente desempenho e opera\u00e7\u00e3o f\u00e1cil.<\/h2>\n<p data-v-md-line=\"11\">A Saimeo segue o conceito de \"simplicidade em primeiro lugar\": basta dar um gole e aproveitar. Ela utiliza uma bobina de malha interna, que ajuda a manter o sabor est\u00e1vel e evita uma queda repentina no sabor ap\u00f3s um ou dois dias. Quando a bateria estiver fraca, voc\u00ea pode usar a interface Tipo-C para carregar \u2013 esse tipo de cabo de carregamento \u00e9 comum na maioria das resid\u00eancias.<\/p>\n<h2 data-v-md-heading=\"quick-specifications\" data-v-md-line=\"13\">Especifica\u00e7\u00f5es r\u00e1pidas<\/h2>\n<ul data-v-md-line=\"14\">\n<li>N\u00famero de portas: at\u00e9 30.000 portas<\/li>\n<li>Capacidade do e-l\u00edquido: 13 mililitros<\/li>\n<li>Bateria: 680mAh (recarreg\u00e1vel)<\/li>\n<li>Teor de nicotina: 5%<\/li>\n<li>Modo de usar: Inale para ativar.<\/li>\n<li>Interface de carregamento: Interface Tipo-C<\/li>\n<li>Status: Pronto para usar assim que sai da caixa<\/li>\n<li>Dimens\u00f5es do equipamento: 75,8 \u00d7 21,92 \u00d7 166,66 mil\u00edmetros<\/li>\n<li>Desempenho anti-queda: Testado em um teste de queda de 10 andares.<\/li>\n<\/ul>\n<h2 data-v-md-heading=\"complete-flavor-lineup\" data-v-md-line=\"24\">Linha completa de sabores<\/h2>\n<ul data-v-md-line=\"25\">\n<li>Gelo de Melancia<\/li>\n<li>Sorvete de mirtilo<\/li>\n<li>Casa da Moeda de Miami<\/li>\n<li>Gelo de ma\u00e7\u00e3 verde<\/li>\n<li>Frutas de tr\u00eas bagas<\/li>\n<\/ul>\n<h2 data-v-md-heading=\"tailored-for-you-and-your-business\" data-v-md-line=\"31\">Feito sob medida para voc\u00ea e sua empresa.<\/h2>\n<p data-v-md-line=\"33\">Se for para uso pessoal, voc\u00ea pode comprar a capa Saimeo Humo para iPhone 16 Pro 30k separadamente. Para clientes atacadistas, oferecemos embalagens especiais para atacado: 5 ou 100 unidades por caixa.<\/p>\n<p data-v-md-line=\"35\">Para os compradores europeus, estamos empenhados em fornecer servi\u00e7os de entrega eficientes. Trabalhamos com parceiros confi\u00e1veis, como DHL, DPD e UPS, para garantir que seu pedido seja entregue de forma r\u00e1pida, segura e sem preocupa\u00e7\u00f5es.<\/p>\n<h2 data-v-md-heading=\"reasons-why-you-will-like-it\" data-v-md-line=\"37\">Reasons why you will like it<\/h2>\n<ul data-v-md-line=\"38\">\n<li>Dur\u00e1vel e de longa dura\u00e7\u00e3o: A bateria tem uma vida \u00fatil mais longa e n\u00e3o requer substitui\u00e7\u00e3o frequente.<\/li>\n<li>Bateria recarreg\u00e1vel: permite que voc\u00ea utilize totalmente o e-l\u00edquido adquirido e evite o desperd\u00edcio prematuro.<\/li>\n<li>N\u00facleo do atomizador em malha: Desde a primeira tragada, mant\u00e9m sempre um sabor rico e suave.<\/li>\n<li>Ativa\u00e7\u00e3o por inala\u00e7\u00e3o: Sem necessidade de menu, sem opera\u00e7\u00e3o complicada \u2013 basta pegar e usar.<\/li>\n<\/ul>\n<h2 data-v-md-heading=\"why-choose-to-collaborate-with-agoravape\" data-v-md-line=\"43\">Por que escolher colaborar com a AgoraVape?<\/h2>\n<p data-v-md-line=\"45\">A AgoraVape oferece apenas produtos 100% genu\u00ednos \u2013 sem estoque de fontes desconhecidas e sem imita\u00e7\u00f5es inferiores. Se voc\u00ea \u00e9 um varejista ou distribuidor, oferecemos solu\u00e7\u00f5es de atacado robustas, suporte t\u00e9cnico \u00e1gil e servi\u00e7os de entrega r\u00e1pidos e confi\u00e1veis \u200b\u200bna Europa, incluindo a capa protetora Saimeo Humo para iPhone 16 Pro (capacidade de 30k, 30.000 portas). Deseja comprar produtos? Entre em contato conosco e encontraremos a melhor solu\u00e7\u00e3o de aquisi\u00e7\u00e3o para voc\u00ea, de acordo com suas necessidades.<\/p>","protected":false},"excerpt":{"rendered":"<p>What is the special feature of Saimeo Humo Case iPhone 16 Pro 30k 30000 port? If you\u2019re tired of disposable<\/p>","protected":false},"featured_media":22103,"comment_status":"open","ping_status":"closed","template":"","meta":[],"product_brand":[1663],"product_cat":[124,185,189,1637,174,191,1666,179,173,186,180,190],"product_tag":[],"class_list":{"0":"post-21993","1":"product","2":"type-product","3":"status-publish","4":"has-post-thumbnail","6":"product_brand-saimeo","7":"product_cat-vape-by-brand","8":"product_cat-10000-puffs-high-capacity","9":"product_cat-20mg-standard-nicotine-vapes","10":"product_cat-30000-puffs","11":"product_cat-fruit-flavors","12":"product_cat-rechargeable-disposables","13":"product_cat-saimeo","14":"product_cat-unique-blends","15":"product_cat-vape-by-flavor-profile","16":"product_cat-vape-by-nicotine-strength","17":"product_cat-vape-by-puff-count","18":"product_cat-vape-by-feature-or-type","20":"first","21":"instock","22":"shipping-taxable","23":"purchasable","24":"product-type-variable","25":"has-default-attributes"},"tiered_pricing_type":"percentage","tiered_pricing_fixed_rules":[],"tiered_pricing_product_settings":{"layout":"default","base_unit_name":{"singular":null,"plural":null},"default_variation":null},"tiered_pricing_minimum_quantity":10,"tiered_pricing_roles_data":[],"tiered_pricing_percentage_rules":{"30":"29","50":"35","100":"40","200":"44","500":"47","1000":"49"},"tiered_pricing_maximum_quantity":null,"tiered_pricing_quantity_step":"10","_links":{"self":[{"href":"https:\/\/agoravape.com\/pt\/wp-json\/wp\/v2\/product\/21993","targetHints":{"allow":["GET"]}}],"collection":[{"href":"https:\/\/agoravape.com\/pt\/wp-json\/wp\/v2\/product"}],"about":[{"href":"https:\/\/agoravape.com\/pt\/wp-json\/wp\/v2\/types\/product"}],"replies":[{"embeddable":true,"href":"https:\/\/agoravape.com\/pt\/wp-json\/wp\/v2\/comments?post=21993"}],"version-history":[{"count":0,"href":"https:\/\/agoravape.com\/pt\/wp-json\/wp\/v2\/product\/21993\/revisions"}],"wp:featuredmedia":[{"embeddable":true,"href":"https:\/\/agoravape.com\/pt\/wp-json\/wp\/v2\/media\/22103"}],"wp:attachment":[{"href":"https:\/\/agoravape.com\/pt\/wp-json\/wp\/v2\/media?parent=21993"}],"wp:term":[{"taxonomy":"product_brand","embeddable":true,"href":"https:\/\/agoravape.com\/pt\/wp-json\/wp\/v2\/product_brand?post=21993"},{"taxonomy":"product_cat","embeddable":true,"href":"https:\/\/agoravape.com\/pt\/wp-json\/wp\/v2\/product_cat?post=21993"},{"taxonomy":"product_tag","embeddable":true,"href":"https:\/\/agoravape.com\/pt\/wp-json\/wp\/v2\/product_tag?post=21993"}],"curies":[{"name":"wp","href":"https:\/\/api.w.org\/{rel}","templated":true}]}}