{"id":23780,"date":"2026-01-25T14:06:41","date_gmt":"2026-01-25T06:06:41","guid":{"rendered":"https:\/\/agoravape.com\/?post_type=product&#038;p=23780"},"modified":"2026-03-26T13:22:25","modified_gmt":"2026-03-26T12:22:25","slug":"saimeo-humo-case-iphone-16-30000-puffs","status":"publish","type":"product","link":"https:\/\/agoravape.com\/pt\/product\/saimeo-humo-case-iphone-16-30000-puffs\/","title":{"rendered":"Capa Saimeo Humo para iPhone 16 30k (30.000 puffs) | Alta capacidade de vaporiza\u00e7\u00e3o, formato compacto ideal para o bolso"},"content":{"rendered":"<h2 data-v-md-heading=\"what-is-the-special-feature-of-saimeo-humo-case-iphone-16-30k-30000-pack-vape\" data-v-md-line=\"3\">Qual \u00e9 a caracter\u00edstica especial da capa Saimeo Humo para iPhone 16, pacote com 30.000 unidades de vape?<\/h2>\n<p data-v-md-line=\"5\">Se voc\u00ea est\u00e1 cansado de vapes descart\u00e1veis \u200b\u200bque n\u00e3o oferecem a mesma sensa\u00e7\u00e3o de um cigarro quando voc\u00ea come\u00e7a a usar, ent\u00e3o este produto \u00e9 definitivamente a escolha ideal. O Saimeo Humo Case para iPhone 16 30k foi projetado para uso prolongado, com uma bateria que dura at\u00e9 30.000 usos e \u00e9 recarreg\u00e1vel, permitindo que voc\u00ea aproveite ao m\u00e1ximo o restante do e-l\u00edquido.<\/p>\n<p data-v-md-line=\"7\">Voc\u00ea pode pensar que um vaporizador com uma bateria de longa dura\u00e7\u00e3o seria t\u00e3o volumoso quanto um tijolo, mas sua apar\u00eancia lembra uma fina capa de celular. Para qualquer usu\u00e1rio que deseje um vaporizador confi\u00e1vel, port\u00e1til e f\u00e1cil de usar, esta \u00e9 uma op\u00e7\u00e3o simples e intuitiva.<\/p>\n<h2 data-v-md-heading=\"excellent-performance-and-easy-operation\" data-v-md-line=\"9\">Excelente desempenho e opera\u00e7\u00e3o f\u00e1cil.<\/h2>\n<p data-v-md-line=\"11\">A filosofia de design da Saimeo \u00e9 muito simples: basta inalar para ativar. Quando a bateria estiver descarregada, ela pode ser carregada atrav\u00e9s da interface Tipo-C, o que significa que voc\u00ea pode usar o mesmo cabo de carregamento que j\u00e1 tenha em casa.<\/p>\n<p data-v-md-line=\"13\">Possui tamb\u00e9m fun\u00e7\u00e3o antiqueda (testada para suportar quedas de at\u00e9 10 andares). A vida inevitavelmente nos reserva situa\u00e7\u00f5es inesperadas, e este produto foi claramente projetado pensando nisso.<\/p>\n<h2 data-v-md-heading=\"quick-specifications\" data-v-md-line=\"15\">Especifica\u00e7\u00f5es r\u00e1pidas<\/h2>\n<ul data-v-md-line=\"16\">\n<li>Frequ\u00eancia de consumo: at\u00e9 30.000 tragadas<\/li>\n<li>Capacidade do e-l\u00edquido: 13 mililitros<\/li>\n<li>Capacidade da bateria: 680mAh (recarreg\u00e1vel)<\/li>\n<li>Teor de nicotina: 5%<\/li>\n<li>Modo de usar: Inale para ativar.<\/li>\n<li>Interface de carregamento: Tipo C<\/li>\n<li>Dimens\u00f5es: 75,8 \u00d7 21,92 \u00d7 166,66 mil\u00edmetros<\/li>\n<li>Status: Pronto para usar assim que sai da caixa<\/li>\n<\/ul>\n<h2 data-v-md-heading=\"complete-flavor-lineup\" data-v-md-line=\"25\">Linha completa de sabores<\/h2>\n<ul data-v-md-line=\"26\">\n<li>Gelo de Melancia<\/li>\n<li>Sorvete de mirtilo<\/li>\n<li>Casa da Moeda de Miami<\/li>\n<li>Gelo de ma\u00e7\u00e3 verde<\/li>\n<li>Tr\u00eas Frutas Vermelhas<\/li>\n<\/ul>\n<h2 data-v-md-heading=\"tailored-for-you-and-your-business\" data-v-md-line=\"32\">Feito sob medida para voc\u00ea e sua empresa.<\/h2>\n<p data-v-md-line=\"34\">Voc\u00ea pode comprar a capa Saimeo Humo para iPhone 16 por 30.000 yuans a unidade, mas, caso seja varejista, a embalagem tamb\u00e9m \u00e9 adequada para atacado: 5 unidades por caixa ou 100 unidades por caixa.<\/p>\n<p data-v-md-line=\"36\">Trabalhamos em estreita colabora\u00e7\u00e3o com parceiros log\u00edsticos confi\u00e1veis \u200b\u200bpara oferecer servi\u00e7os de entrega tranquilos aos clientes europeus, livrando-os da preocupa\u00e7\u00e3o de \"onde est\u00e1 meu pacote?\" ou \"por que preciso passar pela alf\u00e2ndega?\". Se voc\u00ea for um cliente corporativo, confirmaremos a solu\u00e7\u00e3o de transporte mais adequada para o seu pa\u00eds\/regi\u00e3o no momento da finaliza\u00e7\u00e3o da compra ou por meio de nossa equipe de vendas.<\/p>\n<h2 data-v-md-heading=\"reasons-why-you-will-like-it\" data-v-md-line=\"38\">Reasons why you will like it<\/h2>\n<ul data-v-md-line=\"39\">\n<li>Dur\u00e1vel e de longa dura\u00e7\u00e3o: Reduza o n\u00famero de substitui\u00e7\u00f5es, minimize problemas e garanta uma experi\u00eancia mais est\u00e1vel todos os dias.<\/li>\n<li>Bateria recarreg\u00e1vel: Ajuda voc\u00ea a aproveitar ao m\u00e1ximo o e-l\u00edquido e evitar o descarte prematuro.<\/li>\n<li>Resist\u00eancia de suc\u00e7\u00e3o simples: Sem necessidade de bot\u00f5es, sem necessidade de aprendizado, pode ser usado facilmente.<\/li>\n<li>Design antiqueda: Ideal para guardar em bolsos ou bolsas, permitindo que voc\u00ea o use a qualquer hora e em qualquer lugar.<\/li>\n<\/ul>\n<h2 data-v-md-heading=\"why-choose-to-collaborate-with-agoravape\" data-v-md-line=\"44\">Por que escolher colaborar com a AgoraVape?<\/h2>\n<p data-v-md-line=\"46\">A AgoraVape preza por oferecer produtos 100% aut\u00eanticos e garantir um processo de compra claro e transparente, com suporte adequado. Se voc\u00ea \u00e9 um cliente corporativo, oferecemos solu\u00e7\u00f5es de atacado altamente competitivas, canais de comunica\u00e7\u00e3o confi\u00e1veis \u200b\u200be servi\u00e7os de log\u00edstica personalizados para compradores europeus que valorizam rapidez e previsibilidade. Deseja adquirir a capa Saimeo Humo para iPhone 16 (30k)? Entre em contato conosco e providenciaremos a quantidade e o plano de entrega adequados para voc\u00ea.<\/p>","protected":false},"excerpt":{"rendered":"<p>Qual \u00e9 a carater\u00edstica especial da Saimeo Humo Case iPhone 16 30k 30000 pack vape? Se est\u00e1 farto de produtos descart\u00e1veis<\/p>","protected":false},"featured_media":22104,"comment_status":"open","ping_status":"closed","template":"","meta":[],"product_brand":[1663],"product_cat":[124,185,189,1637,174,191,1666,179,173,186,180,190],"product_tag":[],"class_list":{"0":"post-23780","1":"product","2":"type-product","3":"status-publish","4":"has-post-thumbnail","6":"product_brand-saimeo","7":"product_cat-vape-by-brand","8":"product_cat-10000-puffs-high-capacity","9":"product_cat-20mg-standard-nicotine-vapes","10":"product_cat-30000-puffs","11":"product_cat-fruit-flavors","12":"product_cat-rechargeable-disposables","13":"product_cat-saimeo","14":"product_cat-unique-blends","15":"product_cat-vape-by-flavor-profile","16":"product_cat-vape-by-nicotine-strength","17":"product_cat-vape-by-puff-count","18":"product_cat-vape-by-feature-or-type","20":"first","21":"instock","22":"shipping-taxable","23":"purchasable","24":"product-type-variable","25":"has-default-attributes"},"tiered_pricing_type":"percentage","tiered_pricing_fixed_rules":[],"tiered_pricing_product_settings":{"layout":"default","base_unit_name":{"singular":null,"plural":null},"default_variation":null},"tiered_pricing_minimum_quantity":10,"tiered_pricing_roles_data":[],"tiered_pricing_percentage_rules":{"30":"29","50":"35","100":"40","200":"44","500":"47","1000":"49"},"tiered_pricing_maximum_quantity":null,"tiered_pricing_quantity_step":"10","_links":{"self":[{"href":"https:\/\/agoravape.com\/pt\/wp-json\/wp\/v2\/product\/23780","targetHints":{"allow":["GET"]}}],"collection":[{"href":"https:\/\/agoravape.com\/pt\/wp-json\/wp\/v2\/product"}],"about":[{"href":"https:\/\/agoravape.com\/pt\/wp-json\/wp\/v2\/types\/product"}],"replies":[{"embeddable":true,"href":"https:\/\/agoravape.com\/pt\/wp-json\/wp\/v2\/comments?post=23780"}],"version-history":[{"count":0,"href":"https:\/\/agoravape.com\/pt\/wp-json\/wp\/v2\/product\/23780\/revisions"}],"wp:featuredmedia":[{"embeddable":true,"href":"https:\/\/agoravape.com\/pt\/wp-json\/wp\/v2\/media\/22104"}],"wp:attachment":[{"href":"https:\/\/agoravape.com\/pt\/wp-json\/wp\/v2\/media?parent=23780"}],"wp:term":[{"taxonomy":"product_brand","embeddable":true,"href":"https:\/\/agoravape.com\/pt\/wp-json\/wp\/v2\/product_brand?post=23780"},{"taxonomy":"product_cat","embeddable":true,"href":"https:\/\/agoravape.com\/pt\/wp-json\/wp\/v2\/product_cat?post=23780"},{"taxonomy":"product_tag","embeddable":true,"href":"https:\/\/agoravape.com\/pt\/wp-json\/wp\/v2\/product_tag?post=23780"}],"curies":[{"name":"wp","href":"https:\/\/api.w.org\/{rel}","templated":true}]}}