{"id":23813,"date":"2026-01-25T14:23:09","date_gmt":"2026-01-25T06:23:09","guid":{"rendered":"https:\/\/agoravape.com\/?post_type=product&#038;p=23813"},"modified":"2026-03-21T12:43:57","modified_gmt":"2026-03-21T11:43:57","slug":"saimeo-humo-case-iphone-15-30000-puffs","status":"publish","type":"product","link":"https:\/\/agoravape.com\/pt\/product\/saimeo-humo-case-iphone-15-30000-puffs\/","title":{"rendered":"Capa Saimeo Humo para iPhone 15, 30.000 Puffs, Vape | Vida de Big Puff, Suporte Estilo Celular"},"content":{"rendered":"<h2 data-v-md-heading=\"what-is-the-special-feature-of-saimeo-humo-case-iphone-15-30k-30000-pack-vape\" data-v-md-line=\"3\">Qual \u00e9 a carater\u00edstica especial da Saimeo Humo Case iPhone 15 30k 30000 pack vape?<\/h2>\n<p data-v-md-line=\"5\">Se est\u00e1 cansado dos vapes descart\u00e1veis que ficam sem bateria logo no in\u00edcio, ent\u00e3o vale a pena considerar este produto. A Saimeo Humo Case iPhone 15 foi concebida para uma utiliza\u00e7\u00e3o a longo prazo (at\u00e9 30000 unidades), com um design semelhante a uma capa de telem\u00f3vel que proporciona uma ader\u00eancia confort\u00e1vel e pode ser facilmente colocada num bolso ou numa mala.<\/p>\n<p data-v-md-line=\"7\">Pode pensar que um produto com a etiqueta \u201c30k\u201d \u00e9 t\u00e3o pesado como um tijolo na sua m\u00e3o. Mas o facto \u00e9 que n\u00e3o \u00e9 assim. \u00c9 fino e elegante, com um design global de \u201ccapa para iPhone\u201d que torna a utiliza\u00e7\u00e3o di\u00e1ria excecionalmente f\u00e1cil.<\/p>\n<h2 data-v-md-heading=\"excellent-performance-and-easy-operation\" data-v-md-line=\"9\">Excelente desempenho e opera\u00e7\u00e3o f\u00e1cil.<\/h2>\n<p data-v-md-line=\"11\">A filosofia de design da Saimeo \u00e9 muito concisa. Basta inalar para ativar, sem bot\u00f5es ou opera\u00e7\u00f5es complicadas. A bateria recarreg\u00e1vel de 680 mAh incorporada suporta o carregamento do tipo C, pelo que, quando a bateria est\u00e1 fraca, pode utilizar os cabos de carregamento mais comuns para carregar. Esta \u00e9 a diferen\u00e7a entre vapes descart\u00e1veis e vapes totalmente usados.<\/p>\n<h2 data-v-md-heading=\"quick-specifications\" data-v-md-line=\"13\">Especifica\u00e7\u00f5es r\u00e1pidas<\/h2>\n<ul data-v-md-line=\"14\">\n<li>N\u00famero de portas: at\u00e9 30.000 portas<\/li>\n<li>Capacidade do e-l\u00edquido: 13 mililitros<\/li>\n<li>Bateria: 680mAh (recarreg\u00e1vel)<\/li>\n<li>Teor de nicotina: 2% ou 5% (dependendo do sabor)<\/li>\n<li>Modo de usar: Ativa\u00e7\u00e3o por inala\u00e7\u00e3o<\/li>\n<li>Interface de carregamento: Tipo C<\/li>\n<li>Desempenho anti-queda: Testado para resistir a uma queda de 10 andares<\/li>\n<li>Dimens\u00f5es: 75,8 \u00d7 21,92 \u00d7 166,66 mil\u00edmetros<\/li>\n<li>Estado: Pronto para usar assim que abrir a caixa.<\/li>\n<li>Compat\u00edvel com iPhone 13 Size; iPhone 12 e 12 Pro; iPhone 14;<\/li>\n<\/ul>\n<h2 data-v-md-heading=\"complete-flavor-lineup\" data-v-md-line=\"24\">Linha completa de sabores<\/h2>\n<ul data-v-md-line=\"25\">\n<li>Lady Killer (2%)<\/li>\n<li>Hava\u00ed (2%)<\/li>\n<li>Maracuj\u00e1 Kiwi (2%)<\/li>\n<li>Amor 66 (2%)<\/li>\n<li>Mirtilos e lim\u00f5es (2%)<\/li>\n<li>Gelo de Melancia (5%)<\/li>\n<li>Sorvete de mirtilo (5%)<\/li>\n<li>Casa da Moeda de Miami (5%)<\/li>\n<li>Sorvete de ma\u00e7\u00e3 verde (5%)<\/li>\n<li>Tr\u00eas Frutas Vermelhas (5%)<\/li>\n<\/ul>\n<h2 data-v-md-heading=\"tailored-for-you-and-your-business\" data-v-md-line=\"36\">Feito sob medida para voc\u00ea e sua empresa.<\/h2>\n<p data-v-md-line=\"38\">O Saimeo Humo Case iPhone 15 30k \u00e9 um vape descart\u00e1vel simples e f\u00e1cil de utilizar, adequado para uso pessoal. Se estiver a comprar para lojas f\u00edsicas ou online, tamb\u00e9m \u00e9 conveniente comprar a granel. As especifica\u00e7\u00f5es da embalagem s\u00e3o 5 unidades por caixa e 100 unidades por caixa.<\/p>\n<p data-v-md-line=\"40\">Tamb\u00e9m sabemos que, para al\u00e9m do sabor, outros aspectos s\u00e3o igualmente importantes. Por isso, a AgoraVape compromete-se a fornecer servi\u00e7os de entrega europeus convenientes e a trabalhar com parceiros de correio fi\u00e1veis, como a UPS, a DPD e a DHL, para garantir que n\u00e3o tem problemas de desalfandegamento e que desfruta de servi\u00e7os de entrega previs\u00edveis.<\/p>\n<h2 data-v-md-heading=\"reasons-why-you-will-like-it\" data-v-md-line=\"42\">Reasons why you will like it<\/h2>\n<ul data-v-md-line=\"43\">\n<li>Bateria de longa dura\u00e7\u00e3o: Maior vida \u00fatil, sem necessidade de substituir dispositivos com frequ\u00eancia.<\/li>\n<li>Duas op\u00e7\u00f5es de concentra\u00e7\u00e3o de nicotina: Concentra\u00e7\u00e3o de nicotina 2%, adequada para utilizadores que preferem um sabor leve;<\/li>\n<li>Concentra\u00e7\u00e3o de nicotina 5%, adequada para utilizadores que apreciam sabores ricos (com melhor sabor).<\/li>\n<li>Recarreg\u00e1vel: Assegure-se de que pode realmente utilizar o l\u00edquido eletr\u00f3nico adquirido.<\/li>\n<li>Design da capa do telem\u00f3vel: Pega confort\u00e1vel, n\u00e3o \u00e9 f\u00e1cil de deslizar.<\/li>\n<li>Teste de queda: Mais dur\u00e1vel, mesmo que caia acidentalmente, n\u00e3o precisa de se preocupar.<\/li>\n<\/ul>\n<h2 data-v-md-heading=\"why-choose-agoravape\" data-v-md-line=\"50\">Por que escolher a AgoraVape?<\/h2>\n<p data-v-md-line=\"52\">AgoraVape adere a um princ\u00edpio: nunca usar produtos inferiores, nunca contrabandear cadeias de abastecimento desconhecidas. Oferecemos garantia de produto genu\u00edno 100%, pre\u00e7os com desconto e suporte profissional, especialmente adequado para compras empresariais. Se desejar comprar Saimeo Humo Case iPhone 15 30k 30000 Puffs Vape, contacte-nos e ajud\u00e1-lo-emos a escolher a combina\u00e7\u00e3o adequada de sabor e concentra\u00e7\u00e3o de nicotina para os seus clientes.<\/p>","protected":false},"excerpt":{"rendered":"<p>Qual \u00e9 a carater\u00edstica especial da Saimeo Humo Case iPhone 15 30k 30000 pack vape? Se est\u00e1 farto de produtos descart\u00e1veis<\/p>","protected":false},"featured_media":22096,"comment_status":"open","ping_status":"closed","template":"","meta":[],"product_brand":[1663],"product_cat":[124,185,189,1637,174,191,1666,179,173,186,180,190],"product_tag":[],"class_list":{"0":"post-23813","1":"product","2":"type-product","3":"status-publish","4":"has-post-thumbnail","6":"product_brand-saimeo","7":"product_cat-vape-by-brand","8":"product_cat-10000-puffs-high-capacity","9":"product_cat-20mg-standard-nicotine-vapes","10":"product_cat-30000-puffs","11":"product_cat-fruit-flavors","12":"product_cat-rechargeable-disposables","13":"product_cat-saimeo","14":"product_cat-unique-blends","15":"product_cat-vape-by-flavor-profile","16":"product_cat-vape-by-nicotine-strength","17":"product_cat-vape-by-puff-count","18":"product_cat-vape-by-feature-or-type","20":"first","21":"instock","22":"shipping-taxable","23":"purchasable","24":"product-type-variable","25":"has-default-attributes"},"tiered_pricing_type":"percentage","tiered_pricing_fixed_rules":[],"tiered_pricing_product_settings":{"layout":"default","base_unit_name":{"singular":null,"plural":null},"default_variation":null},"tiered_pricing_minimum_quantity":10,"tiered_pricing_roles_data":[],"tiered_pricing_percentage_rules":{"30":"29","50":"35","100":"40","200":"44","500":"47","1000":"49"},"tiered_pricing_maximum_quantity":null,"tiered_pricing_quantity_step":"10","_links":{"self":[{"href":"https:\/\/agoravape.com\/pt\/wp-json\/wp\/v2\/product\/23813","targetHints":{"allow":["GET"]}}],"collection":[{"href":"https:\/\/agoravape.com\/pt\/wp-json\/wp\/v2\/product"}],"about":[{"href":"https:\/\/agoravape.com\/pt\/wp-json\/wp\/v2\/types\/product"}],"replies":[{"embeddable":true,"href":"https:\/\/agoravape.com\/pt\/wp-json\/wp\/v2\/comments?post=23813"}],"version-history":[{"count":0,"href":"https:\/\/agoravape.com\/pt\/wp-json\/wp\/v2\/product\/23813\/revisions"}],"wp:featuredmedia":[{"embeddable":true,"href":"https:\/\/agoravape.com\/pt\/wp-json\/wp\/v2\/media\/22096"}],"wp:attachment":[{"href":"https:\/\/agoravape.com\/pt\/wp-json\/wp\/v2\/media?parent=23813"}],"wp:term":[{"taxonomy":"product_brand","embeddable":true,"href":"https:\/\/agoravape.com\/pt\/wp-json\/wp\/v2\/product_brand?post=23813"},{"taxonomy":"product_cat","embeddable":true,"href":"https:\/\/agoravape.com\/pt\/wp-json\/wp\/v2\/product_cat?post=23813"},{"taxonomy":"product_tag","embeddable":true,"href":"https:\/\/agoravape.com\/pt\/wp-json\/wp\/v2\/product_tag?post=23813"}],"curies":[{"name":"wp","href":"https:\/\/api.w.org\/{rel}","templated":true}]}}