{"id":23827,"date":"2026-01-25T14:39:14","date_gmt":"2026-01-25T06:39:14","guid":{"rendered":"https:\/\/agoravape.com\/?post_type=product&#038;p=23827"},"modified":"2026-03-26T13:22:25","modified_gmt":"2026-03-26T12:22:25","slug":"saimeo-humo-capa-iphone-15-pro-30000","status":"publish","type":"product","link":"https:\/\/agoravape.com\/pt\/product\/saimeo-humo-case-iphone-15-pro-30000\/","title":{"rendered":"Capa Saimeo Humo para iPhone 15 Pro 30k (30.000 tragadas) | Sua capa de celular e um vape sem complica\u00e7\u00f5es"},"content":{"rendered":"<h2 data-v-md-heading=\"what-s-special-about-the-saimeo-humo-iphone-15-pro-30k-30000-port-phone-case\" data-v-md-line=\"3\">O que torna a capa para celular Saimeo Humo iPhone 15 Pro 30k com 30000 portas t\u00e3o especial?<\/h2>\n<p data-v-md-line=\"5\">Se voc\u00ea est\u00e1 cansado de guardar o vape em um bolso e o celular em outro, a capa para celular Saimeo Humo resolve esse problema facilmente. \u00c9 uma capa profissional para iPhone com vape embutido, permitindo que voc\u00ea o utilize simplesmente retirando o celular da capa.<\/p>\n<p data-v-md-line=\"7\">Voc\u00ea pode achar este produto volumoso ou chamativo, mas sua filosofia de design \u00e9 ser t\u00e3o pr\u00e1tico quanto itens comuns do dia a dia. Em outras palavras, \u00e9 ideal para quem busca praticidade, bom gosto e n\u00e3o quer transformar os bolsos em gavetas cheias de coisas diversas.<\/p>\n<h2 data-v-md-heading=\"excellent-performance-and-easy-operation\" data-v-md-line=\"9\">Excelente desempenho e opera\u00e7\u00e3o f\u00e1cil.<\/h2>\n<p data-v-md-line=\"11\">A Saimeo equipou este vaporizador com uma bateria recarreg\u00e1vel de 680mAh e uma porta de carregamento Tipo-C, para que, quando a bateria estiver fraca, voc\u00ea possa usar o mesmo cabo de carregamento da maioria dos dispositivos modernos. Simples e pr\u00e1tico. Possui capacidade para 13ml de e-l\u00edquido e foi projetado com ativa\u00e7\u00e3o por suc\u00e7\u00e3o, sem necessidade de bot\u00f5es ou configura\u00e7\u00f5es. Pegue-o e desfrute do prazer de vaporizar.<\/p>\n<h2 data-v-md-heading=\"quick-specifications\" data-v-md-line=\"13\">Especifica\u00e7\u00f5es r\u00e1pidas<\/h2>\n<ul data-v-md-line=\"14\">\n<li>N\u00famero de portas: at\u00e9 30.000 portas<\/li>\n<li>Capacidade do e-l\u00edquido: 13 mililitros<\/li>\n<li>Bateria: 680mAh (recarreg\u00e1vel)<\/li>\n<li>Teor de nicotina: 2% ou 5% (dependendo do sabor)<\/li>\n<li>Modo de usar: Inale para ativar.<\/li>\n<li>Interface de carregamento: Tipo C<\/li>\n<li>Prote\u00e7\u00e3o para celular: Aprovado em teste de queda de 10 andares<\/li>\n<li>Status: Pronto para usar assim que sai da caixa<\/li>\n<li>Compat\u00edvel com os tamanhos do iPhone 12 e 12 Pro.<\/li>\n<\/ul>\n<h2 data-v-md-heading=\"complete-flavor-lineup\" data-v-md-line=\"23\">Linha completa de sabores<\/h2>\n<ul data-v-md-line=\"24\">\n<li>Gelo de Melancia (5%)<\/li>\n<li>Sorvete de mirtilo (5%)<\/li>\n<li>Casa da Moeda de Miami (5%)<\/li>\n<li>Sorvete de ma\u00e7\u00e3 verde (5%)<\/li>\n<li>Tr\u00eas Frutas Vermelhas (5%)<\/li>\n<li>Hava\u00ed (2%)<\/li>\n<li>Maracuj\u00e1 e kiwi (2%)<\/li>\n<li>P\u00eassego com Mel (2%)<\/li>\n<\/ul>\n<h2 data-v-md-heading=\"suitable-for-you-and-your-business\" data-v-md-line=\"33\">Ideal para voc\u00ea e para o seu neg\u00f3cio.<\/h2>\n<p data-v-md-line=\"35\">Se voc\u00ea busca uma capa de celular simples, f\u00e1cil de usar e port\u00e1til, pode encomendar a capa Saimeo Humo para iPhone 15 Pro de 30 mil r\u00fapias para uso pessoal. Caso esteja comprando para revenda, este produto tamb\u00e9m \u00e9 ideal para exposi\u00e7\u00e3o em balc\u00e3o, pois seu valor \u00e9 facilmente reconhecido \u00e0 primeira vista.<\/p>\n<p data-v-md-line=\"37\">Precisa de ajuda para planejar pedidos no atacado ou selecionar combina\u00e7\u00f5es de sabores adequadas? Entre em contato com a equipe da AgoraVape. Oferecemos orienta\u00e7\u00e3o profissional e trabalhamos com empresas de log\u00edstica confi\u00e1veis, como UPS, DPD e DHL, para garantir uma entrega tranquila.<\/p>\n<h2 data-v-md-heading=\"the-reason-why-you-will-like-it\" data-v-md-line=\"39\">O motivo pelo qual voc\u00ea vai gostar disso<\/h2>\n<ul data-v-md-line=\"40\">\n<li>Integrado e pr\u00e1tico: Seu vape fica junto com seu celular, ent\u00e3o \u00e9 improv\u00e1vel que voc\u00ea se esque\u00e7a de lev\u00e1-lo.<\/li>\n<li>Dur\u00e1vel e de longa dura\u00e7\u00e3o: Resistente e de longa dura\u00e7\u00e3o, sem necessidade de substitui\u00e7\u00e3o frequente.<\/li>\n<li>Sele\u00e7\u00e3o da concentra\u00e7\u00e3o de nicotina: Dependendo da sua prefer\u00eancia de sabor, escolha uma concentra\u00e7\u00e3o de nicotina de 2% ou 5%.<\/li>\n<li>Bateria recarreg\u00e1vel tipo C: permite que voc\u00ea utilize totalmente o e-l\u00edquido adquirido e evite o descarte prematuro.<\/li>\n<li>Prote\u00e7\u00e3o real: O design da capa protetora, que passou por testes de queda, oferece tranquilidade no uso di\u00e1rio.<\/li>\n<\/ul>\n<h2 data-v-md-heading=\"why-choose-agoravape\" data-v-md-line=\"46\">Por que escolher a AgoraVape?<\/h2>\n<p data-v-md-line=\"48\">Nosso foco \u00e9 fornecer solu\u00e7\u00f5es diretas e eficazes, al\u00e9m de produtos genu\u00ednos. Ao comprar na AgoraVape, voc\u00ea ter\u00e1 garantia de 100% de autenticidade, suporte ao cliente \u00e1gil e entrega log\u00edstica confi\u00e1vel. Se voc\u00ea deseja vender a capa Saimeo Humo para iPhone 15 Pro (capacidade de 30k, suficiente para 30.000 puffs), entre em contato conosco e ajudaremos voc\u00ea a criar um pedido que fidelize seus clientes.<\/p>","protected":false},"excerpt":{"rendered":"<p>O que tem de especial a capa para telem\u00f3vel Saimeo Humo iPhone 15 Pro 30k 30000 port? Se est\u00e1 farto de colocar<\/p>","protected":false},"featured_media":22089,"comment_status":"open","ping_status":"closed","template":"","meta":[],"product_brand":[1663],"product_cat":[124,185,189,1637,174,191,1666,179,173,186,180,190],"product_tag":[],"class_list":{"0":"post-23827","1":"product","2":"type-product","3":"status-publish","4":"has-post-thumbnail","6":"product_brand-saimeo","7":"product_cat-vape-by-brand","8":"product_cat-10000-puffs-high-capacity","9":"product_cat-20mg-standard-nicotine-vapes","10":"product_cat-30000-puffs","11":"product_cat-fruit-flavors","12":"product_cat-rechargeable-disposables","13":"product_cat-saimeo","14":"product_cat-unique-blends","15":"product_cat-vape-by-flavor-profile","16":"product_cat-vape-by-nicotine-strength","17":"product_cat-vape-by-puff-count","18":"product_cat-vape-by-feature-or-type","20":"first","21":"instock","22":"shipping-taxable","23":"purchasable","24":"product-type-variable","25":"has-default-attributes"},"tiered_pricing_type":"percentage","tiered_pricing_fixed_rules":[],"tiered_pricing_product_settings":{"layout":"default","base_unit_name":{"singular":null,"plural":null},"default_variation":null},"tiered_pricing_minimum_quantity":10,"tiered_pricing_roles_data":[],"tiered_pricing_percentage_rules":{"30":"29","50":"35","100":"40","200":"44","500":"47","1000":"49"},"tiered_pricing_maximum_quantity":null,"tiered_pricing_quantity_step":"10","_links":{"self":[{"href":"https:\/\/agoravape.com\/pt\/wp-json\/wp\/v2\/product\/23827","targetHints":{"allow":["GET"]}}],"collection":[{"href":"https:\/\/agoravape.com\/pt\/wp-json\/wp\/v2\/product"}],"about":[{"href":"https:\/\/agoravape.com\/pt\/wp-json\/wp\/v2\/types\/product"}],"replies":[{"embeddable":true,"href":"https:\/\/agoravape.com\/pt\/wp-json\/wp\/v2\/comments?post=23827"}],"version-history":[{"count":0,"href":"https:\/\/agoravape.com\/pt\/wp-json\/wp\/v2\/product\/23827\/revisions"}],"wp:featuredmedia":[{"embeddable":true,"href":"https:\/\/agoravape.com\/pt\/wp-json\/wp\/v2\/media\/22089"}],"wp:attachment":[{"href":"https:\/\/agoravape.com\/pt\/wp-json\/wp\/v2\/media?parent=23827"}],"wp:term":[{"taxonomy":"product_brand","embeddable":true,"href":"https:\/\/agoravape.com\/pt\/wp-json\/wp\/v2\/product_brand?post=23827"},{"taxonomy":"product_cat","embeddable":true,"href":"https:\/\/agoravape.com\/pt\/wp-json\/wp\/v2\/product_cat?post=23827"},{"taxonomy":"product_tag","embeddable":true,"href":"https:\/\/agoravape.com\/pt\/wp-json\/wp\/v2\/product_tag?post=23827"}],"curies":[{"name":"wp","href":"https:\/\/api.w.org\/{rel}","templated":true}]}}