{"id":23885,"date":"2026-01-25T19:18:23","date_gmt":"2026-01-25T11:18:23","guid":{"rendered":"https:\/\/agoravape.com\/?post_type=product&#038;p=23885"},"modified":"2026-03-26T13:22:39","modified_gmt":"2026-03-26T12:22:39","slug":"bang-blaze-60k-60000-puffs","status":"publish","type":"product","link":"https:\/\/agoravape.com\/pt\/product\/bang-blaze-60k-60000-puffs\/","title":{"rendered":"Bang Blaze 60k 60000 Puffs 4 em 1 Vaporizador de Sabores | Quatro sabores \u00e0 sua disposi\u00e7\u00e3o, um dispositivo de longa dura\u00e7\u00e3o"},"content":{"rendered":"<h2 data-v-md-heading=\"what-is-the-special-feature-of-bang-blaze-60k-60000-mouth-4-in-1-flavor-vape\" data-v-md-line=\"3\"><img loading=\"lazy\" decoding=\"async\" class=\"aligncenter size-full wp-image-23904\" src=\"https:\/\/agoravape.com\/wp-content\/uploads\/2026\/01\/Bang-Blaze-60k-60000-Puffs-4in1-Flavor-Vape-Four-Flavours-On-Tap-One-Device-That-Lasts_Agora_vape-13-scaled.webp\" alt=\"\" width=\"2560\" height=\"1280\" srcset=\"https:\/\/agoravape.com\/wp-content\/uploads\/2026\/01\/Bang-Blaze-60k-60000-Puffs-4in1-Flavor-Vape-Four-Flavours-On-Tap-One-Device-That-Lasts_Agora_vape-13-scaled.webp 2560w, https:\/\/agoravape.com\/wp-content\/uploads\/2026\/01\/Bang-Blaze-60k-60000-Puffs-4in1-Flavor-Vape-Four-Flavours-On-Tap-One-Device-That-Lasts_Agora_vape-13-scaled-1200x600.webp 1200w, https:\/\/agoravape.com\/wp-content\/uploads\/2026\/01\/Bang-Blaze-60k-60000-Puffs-4in1-Flavor-Vape-Four-Flavours-On-Tap-One-Device-That-Lasts_Agora_vape-13-300x150.webp 300w, https:\/\/agoravape.com\/wp-content\/uploads\/2026\/01\/Bang-Blaze-60k-60000-Puffs-4in1-Flavor-Vape-Four-Flavours-On-Tap-One-Device-That-Lasts_Agora_vape-13-1024x512.webp 1024w, https:\/\/agoravape.com\/wp-content\/uploads\/2026\/01\/Bang-Blaze-60k-60000-Puffs-4in1-Flavor-Vape-Four-Flavours-On-Tap-One-Device-That-Lasts_Agora_vape-13-768x384.webp 768w, https:\/\/agoravape.com\/wp-content\/uploads\/2026\/01\/Bang-Blaze-60k-60000-Puffs-4in1-Flavor-Vape-Four-Flavours-On-Tap-One-Device-That-Lasts_Agora_vape-13-1536x768.webp 1536w, https:\/\/agoravape.com\/wp-content\/uploads\/2026\/01\/Bang-Blaze-60k-60000-Puffs-4in1-Flavor-Vape-Four-Flavours-On-Tap-One-Device-That-Lasts_Agora_vape-13-2048x1024.webp 2048w, https:\/\/agoravape.com\/wp-content\/uploads\/2026\/01\/Bang-Blaze-60k-60000-Puffs-4in1-Flavor-Vape-Four-Flavours-On-Tap-One-Device-That-Lasts_Agora_vape-13-18x9.webp 18w\" sizes=\"auto, (max-width: 2560px) 100vw, 2560px\" \/><\/h2>\n<h2 data-v-md-heading=\"what-is-the-special-feature-of-bang-blaze-60k-60000-mouth-4-in-1-flavor-vape\" data-v-md-line=\"3\">Qual \u00e9 a caracter\u00edstica especial do vaporizador Bang Blaze 60K 60000 com 4 sabores em 1?<\/h2>\n<p data-v-md-line=\"5\">Se voc\u00ea est\u00e1 cansado de vapes descart\u00e1veis \u200b\u200bque duram apenas um dia e perdem o sabor rapidamente, ent\u00e3o este produto \u00e9 definitivamente a escolha ideal. O Bang Blaze 60K oferece at\u00e9 60.000 usos de bateria e (\u00eanfase adicionada) um \u00fanico dispositivo inclui quatro sabores, permitindo que voc\u00ea experimente diferentes sabores sempre que seu paladar enjoar.<\/p>\n<p data-v-md-line=\"7\">Voc\u00ea pode pensar que, com tantas tragadas, o vaporizador seria t\u00e3o pesado quanto um tijolo, mas \u00e9 muito mais leve do que voc\u00ea imagina. Ele foi projetado para usu\u00e1rios que desejam desfrutar de uma experi\u00eancia saborosa por mais tempo, sem precisar lidar com configura\u00e7\u00f5es complicadas. Basta peg\u00e1-lo, dar uma tragada e continuar o seu dia.<\/p>\n<h2 data-v-md-heading=\"excellent-performance-and-easy-operation\" data-v-md-line=\"9\">Excelente desempenho e opera\u00e7\u00e3o f\u00e1cil.<\/h2>\n<p data-v-md-line=\"11\">O Bang utiliza bobinas de malha de 1,0 \u03a9 para proporcionar um sabor mais est\u00e1vel e evitar que ele se dissipe durante a reprodu\u00e7\u00e3o. A bateria de 650 mAh suporta carregamento Tipo-C. Quando a bateria estiver fraca, basta usar o mesmo cabo de dados que voc\u00ea usa normalmente para carregar seu celular. Sem necessidade de opera\u00e7\u00f5es complicadas ou de procurar um carregador espec\u00edfico.<\/p>\n<h2 data-v-md-heading=\"quick-specifications\" data-v-md-line=\"13\">Especifica\u00e7\u00f5es r\u00e1pidas<\/h2>\n<ul data-v-md-line=\"14\">\n<li>Frequ\u00eancia de tabagismo: at\u00e9 60.000<\/li>\n<li>Capacidade do e-l\u00edquido: 56 mililitros<\/li>\n<li>Bateria: 650mAh (recarreg\u00e1vel)<\/li>\n<li>N\u00facleo atomizador: n\u00facleo atomizador de malha de 1,0 \u03a9<\/li>\n<li>Modo de usar: Inale para ativar.<\/li>\n<li>M\u00e9todo de carregamento: Interface USB Tipo-C<\/li>\n<li>Status: Pronto para usar assim que sai da caixa<\/li>\n<li>Sabores inclu\u00eddos em cada dispositivo: combina\u00e7\u00e3o de 4 sabores em 1<\/li>\n<\/ul>\n<h2 data-v-md-heading=\"complete-flavor-lineup\" data-v-md-line=\"23\">Linha completa de sabores<\/h2>\n<p data-v-md-line=\"25\">Cada dispositivo cont\u00e9m 4 combina\u00e7\u00f5es de sabores. Os seguintes sabores s\u00e3o opcionais:<\/p>\n<ul data-v-md-line=\"26\">\n<li>Gelo de melancia\/Hortel\u00e3 com mirtilo\/Gelo Fuji\/Romance de lim\u00e3o<\/li>\n<li>Melancia Gelada\/Mirtilo Cereja\/Ver\u00e3o\/Manga Azeda Abacaxi<\/li>\n<li>Sorvete de mirtilo\/Sorvete de p\u00eassego\/A\u00e7\u00facar arco-\u00edris\/Laranja com lim\u00e3o<\/li>\n<li>Sorvete de Mirtilo\/P\u00eassego, Manga e Melancia\/Beijo Apaixonado\/Ma\u00e7\u00e3 Mel\u00e3o<\/li>\n<li>Mirtilos, framboesas, frutos silvestres mistos, cerejas da Calif\u00f3rnia, maracuj\u00e1 e mangas.<\/li>\n<li>Mirtilos, framboesas, sorvete de uva, sorvete de frutas vermelhas, aloe vera, manga, mel\u00e3o.<\/li>\n<li>Bebidas energ\u00e9ticas\/morangos, bananas, mangas, p\u00eassegos, damascos, maracuj\u00e1, kiwi, lim\u00e3o<\/li>\n<li>Bebida energ\u00e9tica\/Melancia com mirtilo\/Ma\u00e7\u00e3 azeda com framboesa\/Gomas em formato de ursinho de pel\u00facia<\/li>\n<li>Morango e Manga\/Chiclete de Melancia\/Mojito Vermelho\/Love66<\/li>\n<li>Morango e Manga\/Morango e Kiwi\/Ma\u00e7\u00e3 e Uva\/Melancia e Pitaya<\/li>\n<li>Melancia Morango\/Gelo Negro\/Treze Mel\u00f5es\/Uvas com Cranberry<\/li>\n<li>Morango, melancia\/kiwi, maracuj\u00e1, goiaba\/sorvete de manga\/melancia, p\u00eassego azedo<\/li>\n<\/ul>\n<h2 data-v-md-heading=\"suitable-for-you-and-your-business\" data-v-md-line=\"39\">Ideal para voc\u00ea e para o seu neg\u00f3cio.<\/h2>\n<ul data-v-md-line=\"40\">\n<li>O Bang Blaze 60k 4-em-1 \u00e9 um vaporizador descart\u00e1vel simples e f\u00e1cil de usar. Seja para uma loja f\u00edsica ou online, \u00e9 uma escolha ideal para clientes que desejam uma experi\u00eancia de vaporiza\u00e7\u00e3o intensa, mas n\u00e3o querem usar o mesmo sabor por v\u00e1rias semanas seguidas.<\/li>\n<\/ul>\n<p data-v-md-line=\"42\">Precisa de uma entrega tranquila na Europa? Podemos ajud\u00e1-lo a escolher um plano de transporte adequado para garantir que tudo corra bem e evitar problemas alfandeg\u00e1rios e custos inesperados.<\/p>\n<h2 data-v-md-heading=\"the-reason-why-you-will-like-it\" data-v-md-line=\"44\">O motivo pelo qual voc\u00ea vai gostar disso<\/h2>\n<ul data-v-md-line=\"45\">\n<li>Bateria de longa dura\u00e7\u00e3o: Resistente e de longa vida \u00fatil, reduzindo o n\u00famero de substitui\u00e7\u00f5es e economizando tempo e esfor\u00e7o.<\/li>\n<li>Quatro sabores em um: Alterne entre os sabores \u00e0 vontade, sem precisar comprar quatro aparelhos.<\/li>\n<li>Carregamento Tipo C: Ajuda voc\u00ea a aproveitar ao m\u00e1ximo o e-l\u00edquido que comprar.<\/li>\n<li>N\u00facleo atomizador em malha: Garante um sabor consistente da primeira \u00e0 \u00faltima mordida.<\/li>\n<\/ul>\n<h2 data-v-md-heading=\"why-choose-to-collaborate-with-agoravape\" data-v-md-line=\"50\">Por que escolher colaborar com a AgoraVape?<\/h2>\n<p data-v-md-line=\"52\">A AgoraVape prioriza a autenticidade dos produtos e informa\u00e7\u00f5es claras e pr\u00e1ticas, em vez de propaganda enganosa. Para clientes corporativos, isso significa fornecimento confi\u00e1vel, suporte atencioso e entrega r\u00e1pida dos vapes Bang Blaze 60k 60000 com quatro sabores em um. Deseja saber mais sobre vendas no atacado e disponibilidade atual em estoque? Entre em contato conosco, teremos prazer em atend\u00ea-lo.<\/p>\n<p><script src=\"chrome-extension:\/\/fpelahbljekknahkcaegamhcndkfpfnc\/iFrame.js\" type=\"text\/javascript\"><\/script><\/p>","protected":false},"excerpt":{"rendered":"<p>&nbsp;<\/p>\n<p><script src=\"chrome-extension:\/\/fpelahbljekknahkcaegamhcndkfpfnc\/iFrame.js\" type=\"text\/javascript\"><\/script><\/p>","protected":false},"featured_media":23903,"comment_status":"open","ping_status":"closed","template":"","meta":[],"product_brand":[197],"product_cat":[124,187,188,189,1642,123,1674,174,193,191,179,173,186,180,190,192],"product_tag":[],"class_list":{"0":"post-23885","1":"product","2":"type-product","3":"status-publish","4":"has-post-thumbnail","6":"product_brand-bang","7":"product_cat-vape-by-brand","8":"product_cat-0mg-nicotine-free-vapes","9":"product_cat-10mg-low-nicotine-vapes","10":"product_cat-20mg-standard-nicotine-vapes","11":"product_cat-60000-puffs","12":"product_cat-bang","13":"product_cat-eu-warehouse","14":"product_cat-fruit-flavors","15":"product_cat-mesh-coil","16":"product_cat-rechargeable-disposables","17":"product_cat-unique-blends","18":"product_cat-vape-by-flavor-profile","19":"product_cat-vape-by-nicotine-strength","20":"product_cat-vape-by-puff-count","21":"product_cat-vape-by-feature-or-type","22":"product_cat-vapes-with-screens","24":"first","25":"instock","26":"shipping-taxable","27":"purchasable","28":"product-type-variable","29":"has-default-attributes"},"tiered_pricing_type":"percentage","tiered_pricing_fixed_rules":[],"tiered_pricing_product_settings":{"layout":"default","base_unit_name":{"singular":null,"plural":null},"default_variation":null},"tiered_pricing_minimum_quantity":10,"tiered_pricing_roles_data":[],"tiered_pricing_percentage_rules":{"30":"10","50":"18","100":"26","200":"33","500":"38","1000":"44"},"tiered_pricing_maximum_quantity":null,"tiered_pricing_quantity_step":"10","_links":{"self":[{"href":"https:\/\/agoravape.com\/pt\/wp-json\/wp\/v2\/product\/23885","targetHints":{"allow":["GET"]}}],"collection":[{"href":"https:\/\/agoravape.com\/pt\/wp-json\/wp\/v2\/product"}],"about":[{"href":"https:\/\/agoravape.com\/pt\/wp-json\/wp\/v2\/types\/product"}],"replies":[{"embeddable":true,"href":"https:\/\/agoravape.com\/pt\/wp-json\/wp\/v2\/comments?post=23885"}],"version-history":[{"count":0,"href":"https:\/\/agoravape.com\/pt\/wp-json\/wp\/v2\/product\/23885\/revisions"}],"wp:featuredmedia":[{"embeddable":true,"href":"https:\/\/agoravape.com\/pt\/wp-json\/wp\/v2\/media\/23903"}],"wp:attachment":[{"href":"https:\/\/agoravape.com\/pt\/wp-json\/wp\/v2\/media?parent=23885"}],"wp:term":[{"taxonomy":"product_brand","embeddable":true,"href":"https:\/\/agoravape.com\/pt\/wp-json\/wp\/v2\/product_brand?post=23885"},{"taxonomy":"product_cat","embeddable":true,"href":"https:\/\/agoravape.com\/pt\/wp-json\/wp\/v2\/product_cat?post=23885"},{"taxonomy":"product_tag","embeddable":true,"href":"https:\/\/agoravape.com\/pt\/wp-json\/wp\/v2\/product_tag?post=23885"}],"curies":[{"name":"wp","href":"https:\/\/api.w.org\/{rel}","templated":true}]}}