{"id":23919,"date":"2026-01-25T22:09:54","date_gmt":"2026-01-25T14:09:54","guid":{"rendered":"https:\/\/agoravape.com\/?post_type=product&#038;p=23919"},"modified":"2026-01-27T00:39:22","modified_gmt":"2026-01-26T16:39:22","slug":"bang-blaze-60k-dsk051-60000-puffs","status":"publish","type":"product","link":"https:\/\/agoravape.com\/pt\/product\/bang-blaze-60k-dsk051-60000-puffs\/","title":{"rendered":"Bang Blaze 60k 60000 Puffs Vaporizador de Alta Pot\u00eancia | Grande N\u00famero de Puffs, Simples para Uso Di\u00e1rio"},"content":{"rendered":"<h2 data-v-md-heading=\"what-are-the-special-features-of-bang-blaze-60k-60000-mouth-dsk051-high-power-vape\" data-v-md-line=\"3\"><img loading=\"lazy\" decoding=\"async\" class=\"size-full wp-image-23943 alignright\" src=\"https:\/\/agoravape.com\/wp-content\/uploads\/2026\/01\/Bang-Blaze-60k-60000-Puffs-High-Power-Vape-Big-Puff-Count-Simple-Daily-Use_Agora_vape-11-scaled.webp\" alt=\"\" width=\"1280\" height=\"2560\" srcset=\"https:\/\/agoravape.com\/wp-content\/uploads\/2026\/01\/Bang-Blaze-60k-60000-Puffs-High-Power-Vape-Big-Puff-Count-Simple-Daily-Use_Agora_vape-11-scaled.webp 1280w, https:\/\/agoravape.com\/wp-content\/uploads\/2026\/01\/Bang-Blaze-60k-60000-Puffs-High-Power-Vape-Big-Puff-Count-Simple-Daily-Use_Agora_vape-11-scaled-1200x2400.webp 1200w, https:\/\/agoravape.com\/wp-content\/uploads\/2026\/01\/Bang-Blaze-60k-60000-Puffs-High-Power-Vape-Big-Puff-Count-Simple-Daily-Use_Agora_vape-11-150x300.webp 150w, https:\/\/agoravape.com\/wp-content\/uploads\/2026\/01\/Bang-Blaze-60k-60000-Puffs-High-Power-Vape-Big-Puff-Count-Simple-Daily-Use_Agora_vape-11-512x1024.webp 512w, https:\/\/agoravape.com\/wp-content\/uploads\/2026\/01\/Bang-Blaze-60k-60000-Puffs-High-Power-Vape-Big-Puff-Count-Simple-Daily-Use_Agora_vape-11-768x1536.webp 768w, https:\/\/agoravape.com\/wp-content\/uploads\/2026\/01\/Bang-Blaze-60k-60000-Puffs-High-Power-Vape-Big-Puff-Count-Simple-Daily-Use_Agora_vape-11-1024x2048.webp 1024w, https:\/\/agoravape.com\/wp-content\/uploads\/2026\/01\/Bang-Blaze-60k-60000-Puffs-High-Power-Vape-Big-Puff-Count-Simple-Daily-Use_Agora_vape-11-6x12.webp 6w\" sizes=\"auto, (max-width: 1280px) 100vw, 1280px\" \/><\/h2>\n<h2 data-v-md-heading=\"what-are-the-special-features-of-bang-blaze-60k-60000-mouth-dsk051-high-power-vape\" data-v-md-line=\"3\">Quais s\u00e3o as caracter\u00edsticas especiais do vaporizador de alta pot\u00eancia Bang Blaze 60k 60000 mouth (DSK051)?<\/h2>\n<p data-v-md-line=\"5\">Se voc\u00ea est\u00e1 cansado de vapes descart\u00e1veis \u200b\u200bque come\u00e7am com muita pot\u00eancia, mas perdem o efeito rapidamente, o Bang Blaze 60k vai te proporcionar uma experi\u00eancia completamente diferente. Este \u00e9 um vape descart\u00e1vel recarreg\u00e1vel de alta capacidade, projetado para usu\u00e1rios que desejam um sabor duradouro e est\u00e1vel, sem transformar o vape em um \"hobby\".<\/p>\n<p data-v-md-line=\"7\">Voc\u00ea pode achar que um vaporizador com capacidade para 60.000 tragadas \u00e9 pesado como um tijolo no bolso. No entanto, ao segur\u00e1-lo na m\u00e3o, voc\u00ea perceber\u00e1 que ele \u00e9 muito mais leve do que imagina. E se voc\u00ea n\u00e3o quer ter que trocar o cartucho a cada poucos dias, ent\u00e3o este vaporizador \u00e9 definitivamente a escolha ideal.<\/p>\n<h2 data-v-md-heading=\"excellent-performance-and-easy-operation\" data-v-md-line=\"9\">Excelente desempenho e opera\u00e7\u00e3o f\u00e1cil.<\/h2>\n<p data-v-md-line=\"11\">Este vaporizador est\u00e1 equipado com uma resist\u00eancia mesh de 0,6 \u03a9, o que significa que o aquecimento \u00e9 uniforme. Na pr\u00e1tica, isso se traduz em um sabor consistente do primeiro ao \u00faltimo vaporizador, sem aquele gosto de queimado ou insosso que alguns vaporizadores descart\u00e1veis \u200b\u200bmaiores costumam ter. Quando a bateria estiver fraca, ela pode ser carregada atrav\u00e9s da porta USB-C, permitindo que voc\u00ea utilize seu cabo de dados para carregar a maioria dos celulares modernos.<\/p>\n<h2 data-v-md-heading=\"quick-specifications\" data-v-md-line=\"13\">Especifica\u00e7\u00f5es r\u00e1pidas<\/h2>\n<ul data-v-md-line=\"14\">\n<li>Frequ\u00eancia de tabagismo: at\u00e9 60.000<\/li>\n<li>Capacidade de e-l\u00edquido: 40ml<\/li>\n<li>Bateria: 1000mAh (recarreg\u00e1vel)<\/li>\n<li>N\u00facleo atomizador: n\u00facleo atomizador de malha de 0,6 \u03a9<\/li>\n<li>Modo de usar: Inale para ativar.<\/li>\n<li>Interface de carregamento: Interface Tipo-C<\/li>\n<li>Pronto para usar assim que sai da caixa:<\/li>\n<li>OEM\/ODM: Suporte (aplic\u00e1vel a encomendas comerciais\/personalizadas)<\/li>\n<\/ul>\n<h2 data-v-md-heading=\"complete-flavor-lineup\" data-v-md-line=\"23\">Linha completa de sabores<\/h2>\n<ul data-v-md-line=\"24\">\n<li>Menta refrescante<\/li>\n<li>Cerveja marrom<\/li>\n<li>Ma\u00e7\u00e3 dupla<\/li>\n<li>hortel\u00e3-cereja<\/li>\n<li>morango kiwi<\/li>\n<li>Homem Melancia<\/li>\n<li>Melancia, Morango, Mel\u00e3o<\/li>\n<li>Mirtilos e framboesas<\/li>\n<li>Frutas vermelhas misturadas<\/li>\n<li>Maracuj\u00e1<\/li>\n<li>Red Bull brit\u00e2nico<\/li>\n<li>Maria Sangrenta<\/li>\n<li>Melancia de morango<\/li>\n<li>Melancia<\/li>\n<\/ul>\n<h2 data-v-md-heading=\"tailored-for-you-and-your-business\" data-v-md-line=\"39\">Feito sob medida para voc\u00ea e sua empresa.<\/h2>\n<p data-v-md-line=\"41\">Voc\u00ea pode adquirir diretamente o Bang Blaze 60k, um produto simples e f\u00e1cil de usar, pronto para uso imediato. Se voc\u00ea compra para uma loja ou vende frequentemente em grandes quantidades, ele tamb\u00e9m \u00e9 uma escolha ideal para clientes recorrentes, que perceber\u00e3o imediatamente o valor de um produto com \"grande poder de suc\u00e7\u00e3o e recarreg\u00e1vel\".<\/p>\n<p data-v-md-line=\"43\">Para pedidos B2B, utilizamos embalagens com 100 unidades por caixa (considerando o peso de 10 unidades) para facilitar o seu planejamento de estoque. Trabalhamos com parceiros log\u00edsticos confi\u00e1veis, como UPS, DPD e DHL, e oferecemos op\u00e7\u00f5es de envio DDP (Delivered Duty Paid) convenientes ap\u00f3s o pagamento dos impostos, sempre que poss\u00edvel, para que voc\u00ea n\u00e3o precise se preocupar com quest\u00f5es alfandeg\u00e1rias.<\/p>\n<h2 data-v-md-heading=\"the-reason-why-you-will-like-it\" data-v-md-line=\"45\">O motivo pelo qual voc\u00ea vai gostar disso<\/h2>\n<ul data-v-md-line=\"46\">\n<li>Capacidade de suc\u00e7\u00e3o ultralonga: Maior dura\u00e7\u00e3o da bateria, sem necessidade de substitui\u00e7\u00e3o frequente.<\/li>\n<li>Bateria recarreg\u00e1vel: permite que voc\u00ea utilize todo o e-l\u00edquido que comprou.<\/li>\n<li>Serpentina de malha: Mant\u00e9m o sabor est\u00e1vel e evita a sensa\u00e7\u00e3o de \"sabor reduzido\".<\/li>\n<li>Inala\u00e7\u00e3o simples: Sem bot\u00f5es, sem configura\u00e7\u00f5es, desfrute imediatamente.<\/li>\n<\/ul>\n<h2 data-v-md-heading=\"why-choose-to-collaborate-with-agoravape\" data-v-md-line=\"51\">Por que escolher colaborar com a AgoraVape?<\/h2>\n<p data-v-md-line=\"53\">A AgoraVape se concentra nos aspectos verdadeiramente importantes: garantia de autenticidade do produto, especifica\u00e7\u00f5es claras e servi\u00e7os de log\u00edstica confi\u00e1veis \u200b\u200bem toda a Europa. Se voc\u00ea \u00e9 um comprador corporativo, oferecemos solu\u00e7\u00f5es de atacado confi\u00e1veis, suporte t\u00e9cnico \u00e1gil e servi\u00e7os de entrega r\u00e1pidos para o vaporizador de alta pot\u00eancia Bang Blaze 60k 60000 (DSK051) \u2013 este produto \u00e9 f\u00e1cil de vender porque resolve um problema simples: durabilidade.<\/p>\n<p><script src=\"chrome-extension:\/\/fpelahbljekknahkcaegamhcndkfpfnc\/iFrame.js\" type=\"text\/javascript\"><\/script><\/p>\n<p><script src=\"chrome-extension:\/\/fpelahbljekknahkcaegamhcndkfpfnc\/iFrame.js\" type=\"text\/javascript\"><\/script><\/p>","protected":false},"excerpt":{"rendered":"<p>&nbsp;<\/p>\n<p><script src=\"chrome-extension:\/\/fpelahbljekknahkcaegamhcndkfpfnc\/iFrame.js\" type=\"text\/javascript\"><\/script><\/p>\n<p><script src=\"chrome-extension:\/\/fpelahbljekknahkcaegamhcndkfpfnc\/iFrame.js\" type=\"text\/javascript\"><\/script><\/p>","protected":false},"featured_media":23942,"comment_status":"open","ping_status":"closed","template":"","meta":[],"product_brand":[197],"product_cat":[124,187,188,189,1642,123,174,193,191,179,173,186,180,190,192],"product_tag":[],"class_list":{"0":"post-23919","1":"product","2":"type-product","3":"status-publish","4":"has-post-thumbnail","6":"product_brand-bang","7":"product_cat-vape-by-brand","8":"product_cat-0mg-nicotine-free-vapes","9":"product_cat-10mg-low-nicotine-vapes","10":"product_cat-20mg-standard-nicotine-vapes","11":"product_cat-60000-puffs","12":"product_cat-bang","13":"product_cat-fruit-flavors","14":"product_cat-mesh-coil","15":"product_cat-rechargeable-disposables","16":"product_cat-unique-blends","17":"product_cat-vape-by-flavor-profile","18":"product_cat-vape-by-nicotine-strength","19":"product_cat-vape-by-puff-count","20":"product_cat-vape-by-feature-or-type","21":"product_cat-vapes-with-screens","23":"first","24":"instock","25":"shipping-taxable","26":"purchasable","27":"product-type-variable","28":"has-default-attributes"},"tiered_pricing_type":"percentage","tiered_pricing_fixed_rules":[],"tiered_pricing_product_settings":{"layout":"default","base_unit_name":{"singular":null,"plural":null},"default_variation":null},"tiered_pricing_minimum_quantity":10,"tiered_pricing_roles_data":[],"tiered_pricing_percentage_rules":{"30":"11","50":"18","100":"25","200":"30","500":"34","1000":"44"},"tiered_pricing_maximum_quantity":null,"tiered_pricing_quantity_step":"10","_links":{"self":[{"href":"https:\/\/agoravape.com\/pt\/wp-json\/wp\/v2\/product\/23919","targetHints":{"allow":["GET"]}}],"collection":[{"href":"https:\/\/agoravape.com\/pt\/wp-json\/wp\/v2\/product"}],"about":[{"href":"https:\/\/agoravape.com\/pt\/wp-json\/wp\/v2\/types\/product"}],"replies":[{"embeddable":true,"href":"https:\/\/agoravape.com\/pt\/wp-json\/wp\/v2\/comments?post=23919"}],"version-history":[{"count":0,"href":"https:\/\/agoravape.com\/pt\/wp-json\/wp\/v2\/product\/23919\/revisions"}],"wp:featuredmedia":[{"embeddable":true,"href":"https:\/\/agoravape.com\/pt\/wp-json\/wp\/v2\/media\/23942"}],"wp:attachment":[{"href":"https:\/\/agoravape.com\/pt\/wp-json\/wp\/v2\/media?parent=23919"}],"wp:term":[{"taxonomy":"product_brand","embeddable":true,"href":"https:\/\/agoravape.com\/pt\/wp-json\/wp\/v2\/product_brand?post=23919"},{"taxonomy":"product_cat","embeddable":true,"href":"https:\/\/agoravape.com\/pt\/wp-json\/wp\/v2\/product_cat?post=23919"},{"taxonomy":"product_tag","embeddable":true,"href":"https:\/\/agoravape.com\/pt\/wp-json\/wp\/v2\/product_tag?post=23919"}],"curies":[{"name":"wp","href":"https:\/\/api.w.org\/{rel}","templated":true}]}}