{"id":24178,"date":"2026-01-26T16:31:01","date_gmt":"2026-01-26T08:31:01","guid":{"rendered":"https:\/\/agoravape.com\/?post_type=product&#038;p=24178"},"modified":"2026-02-22T15:13:45","modified_gmt":"2026-02-22T14:13:45","slug":"bang-leader-32k-32000-puffs","status":"publish","type":"product","link":"https:\/\/agoravape.com\/pt\/product\/bang-leader-32k-32000-puffs\/","title":{"rendered":"Bang Leader 32k 32000 Puffs Dual Mesh Vape | Grande quantidade de puffs, f\u00e1cil de usar no dia a dia"},"content":{"rendered":"<h2 data-v-md-heading=\"what-is-the-special-feature-of-bang-leader-32k-32000-dual-network-atomizer\" data-v-md-line=\"3\"><img loading=\"lazy\" decoding=\"async\" class=\"aligncenter size-full wp-image-24201\" src=\"https:\/\/agoravape.com\/wp-content\/uploads\/2026\/01\/Bang-Leader-32k-32000-Puffs-Dual-Mesh-Vape-Big-Puff-Count-Simple-Everyday-Use_Agora_vape-10.webp\" alt=\"\" width=\"2275\" height=\"1279\" srcset=\"https:\/\/agoravape.com\/wp-content\/uploads\/2026\/01\/Bang-Leader-32k-32000-Puffs-Dual-Mesh-Vape-Big-Puff-Count-Simple-Everyday-Use_Agora_vape-10.webp 2275w, https:\/\/agoravape.com\/wp-content\/uploads\/2026\/01\/Bang-Leader-32k-32000-Puffs-Dual-Mesh-Vape-Big-Puff-Count-Simple-Everyday-Use_Agora_vape-10-1200x675.webp 1200w, https:\/\/agoravape.com\/wp-content\/uploads\/2026\/01\/Bang-Leader-32k-32000-Puffs-Dual-Mesh-Vape-Big-Puff-Count-Simple-Everyday-Use_Agora_vape-10-300x169.webp 300w, https:\/\/agoravape.com\/wp-content\/uploads\/2026\/01\/Bang-Leader-32k-32000-Puffs-Dual-Mesh-Vape-Big-Puff-Count-Simple-Everyday-Use_Agora_vape-10-1024x576.webp 1024w, https:\/\/agoravape.com\/wp-content\/uploads\/2026\/01\/Bang-Leader-32k-32000-Puffs-Dual-Mesh-Vape-Big-Puff-Count-Simple-Everyday-Use_Agora_vape-10-768x432.webp 768w, https:\/\/agoravape.com\/wp-content\/uploads\/2026\/01\/Bang-Leader-32k-32000-Puffs-Dual-Mesh-Vape-Big-Puff-Count-Simple-Everyday-Use_Agora_vape-10-1536x864.webp 1536w, https:\/\/agoravape.com\/wp-content\/uploads\/2026\/01\/Bang-Leader-32k-32000-Puffs-Dual-Mesh-Vape-Big-Puff-Count-Simple-Everyday-Use_Agora_vape-10-2048x1151.webp 2048w, https:\/\/agoravape.com\/wp-content\/uploads\/2026\/01\/Bang-Leader-32k-32000-Puffs-Dual-Mesh-Vape-Big-Puff-Count-Simple-Everyday-Use_Agora_vape-10-18x10.webp 18w\" sizes=\"auto, (max-width: 2275px) 100vw, 2275px\" \/> <img loading=\"lazy\" decoding=\"async\" class=\"aligncenter size-full wp-image-24192\" src=\"https:\/\/agoravape.com\/wp-content\/uploads\/2026\/01\/Bang-Leader-32k-32000-Puffs-Dual-Mesh-Vape-Big-Puff-Count-Simple-Everyday-Use_Agora_vape-1.webp\" alt=\"\" width=\"1280\" height=\"1706\" srcset=\"https:\/\/agoravape.com\/wp-content\/uploads\/2026\/01\/Bang-Leader-32k-32000-Puffs-Dual-Mesh-Vape-Big-Puff-Count-Simple-Everyday-Use_Agora_vape-1.webp 1280w, https:\/\/agoravape.com\/wp-content\/uploads\/2026\/01\/Bang-Leader-32k-32000-Puffs-Dual-Mesh-Vape-Big-Puff-Count-Simple-Everyday-Use_Agora_vape-1-1200x1599.webp 1200w, https:\/\/agoravape.com\/wp-content\/uploads\/2026\/01\/Bang-Leader-32k-32000-Puffs-Dual-Mesh-Vape-Big-Puff-Count-Simple-Everyday-Use_Agora_vape-1-225x300.webp 225w, https:\/\/agoravape.com\/wp-content\/uploads\/2026\/01\/Bang-Leader-32k-32000-Puffs-Dual-Mesh-Vape-Big-Puff-Count-Simple-Everyday-Use_Agora_vape-1-768x1024.webp 768w, https:\/\/agoravape.com\/wp-content\/uploads\/2026\/01\/Bang-Leader-32k-32000-Puffs-Dual-Mesh-Vape-Big-Puff-Count-Simple-Everyday-Use_Agora_vape-1-1152x1536.webp 1152w, https:\/\/agoravape.com\/wp-content\/uploads\/2026\/01\/Bang-Leader-32k-32000-Puffs-Dual-Mesh-Vape-Big-Puff-Count-Simple-Everyday-Use_Agora_vape-1-9x12.webp 9w\" sizes=\"auto, (max-width: 1280px) 100vw, 1280px\" \/><\/h2>\n<h2 data-v-md-heading=\"what-is-the-special-feature-of-bang-leader-32k-32000-dual-network-atomizer\" data-v-md-line=\"3\">Qual \u00e9 a caracter\u00edstica especial do atomizador de rede dupla Bang Leader 32k 32000?<\/h2>\n<p data-v-md-line=\"5\">Se voc\u00ea est\u00e1 cansado daqueles vapes que descarregam logo no come\u00e7o, quando voc\u00ea est\u00e1 saboreando uma comida deliciosa, o Bang Leader 32k \u00e9 definitivamente a escolha ideal. Ele foi projetado para uso prolongado (at\u00e9 32.000 vaporiza\u00e7\u00f5es) e \u00e9 extremamente f\u00e1cil de usar. Escolha uma combina\u00e7\u00e3o de dois sabores, d\u00ea um gole e comece a aproveitar.<\/p>\n<p data-v-md-line=\"7\">Voc\u00ea pode pensar que um vaporizador com uma bateria de longa dura\u00e7\u00e3o seria pesado como um tijolo, mas na realidade, \u00e9 muito f\u00e1cil de segurar na m\u00e3o. O peso \u00e9 de cerca de 94 gramas, com uma sensa\u00e7\u00e3o de robustez, mas sem deixar a impress\u00e3o de que est\u00e1 muito pesado no bolso.<\/p>\n<h2 data-v-md-heading=\"excellent-performance-and-easy-operation\" data-v-md-line=\"9\">Excelente desempenho e opera\u00e7\u00e3o f\u00e1cil.<\/h2>\n<p data-v-md-line=\"11\">Ao contr\u00e1rio de alguns outros dispositivos, o Bang Leader utiliza um n\u00facleo atomizador de malha de 1,0 \u03a9 para garantir um sabor consistente. <a class=\"wpil_keyword_link\" href=\"https:\/\/agoravape.com\/pt\/vape-por-contagem-de-baforadas\/10000-baforadas-de-alta-capacidade\/\" target=\"_blank\" rel=\"noopener\" title=\"Mais de 10.000 tragadas (alta capacidade)\" data-wpil-keyword-link=\"linked\" data-wpil-monitor-id=\"7149\">descart\u00e1veis \u200b\u200bde alta capacidade<\/a> vapes onde o sabor piora drasticamente ap\u00f3s alguns dias. Quando a bateria estiver fraca, ela pode ser carregada atrav\u00e9s da interface Tipo-C, o que significa que voc\u00ea pode usar o mesmo cabo de dados que j\u00e1 carregou seu celular. Tudo sob controle.<\/p>\n<h2 data-v-md-heading=\"quick-specifications\" data-v-md-line=\"13\">Especifica\u00e7\u00f5es r\u00e1pidas<\/h2>\n<ul data-v-md-line=\"14\">\n<li>Frequ\u00eancia de consumo: at\u00e9 32.000 tragadas<\/li>\n<li>Capacidade da bateria: 650mAh (recarreg\u00e1vel)<\/li>\n<li>N\u00facleo atomizador: n\u00facleo atomizador de malha de 1,0 \u03a9<\/li>\n<li>Modo de usar: Inale para ativar.<\/li>\n<li>Interface de carregamento: Interface Tipo-C<\/li>\n<li>Sele\u00e7\u00e3o de sabores: Cada dispositivo possui dois sabores.<\/li>\n<li>Status: Pronto para usar assim que sai da caixa<\/li>\n<\/ul>\n<h2 data-v-md-heading=\"complete-taste-list\" data-v-md-line=\"22\">Lista completa de sabores<\/h2>\n<ul data-v-md-line=\"23\">\n<li>Gelo de Melancia, Hortel\u00e3 com Mirtilo<\/li>\n<li>Gelo de Melancia, Morango e Manga<\/li>\n<li>Morango e Melancia, Kiwi, Maracuj\u00e1 e Goiaba<\/li>\n<li>Morango e Melancia, Sorvete de Uva<\/li>\n<li>Mirtilo, Framboesa, P\u00eassego, Manga, Melancia<\/li>\n<li>Melancia com mirtilo, morango e manga<\/li>\n<li>Gelo de mirtilo, gelo de drag\u00e3o negro<\/li>\n<li>Sorvete de mirtilo, morango e banana<\/li>\n<li>Red Bull, Melancia com Mirtilo<\/li>\n<li>Red Bull, balas de goma de melancia<\/li>\n<li>Morango e kiwi, sorvete de p\u00eassego<\/li>\n<li>Morango e kiwi, ma\u00e7\u00e3 verde e framboesa<\/li>\n<li>Banana Ice, Cereja com Mirtilo<\/li>\n<li>Gelo de abacate, lim\u00e3o e lima<\/li>\n<li>Cola Ice, Cereja e Cranberry<\/li>\n<li>Gelo de Abacaxi, Manga Tripla<\/li>\n<li>Gelo de lichia, manga, p\u00eassego e abacaxi<\/li>\n<li>Mel\u00e3o honeydew, melancia e framboesa<\/li>\n<\/ul>\n<h2 data-v-md-heading=\"suitable-for-you-and-your-business\" data-v-md-line=\"42\">Ideal para voc\u00ea e para o seu neg\u00f3cio.<\/h2>\n<p data-v-md-line=\"44\">Voc\u00ea pode usar o Bang Leader 32k como um vaporizador descart\u00e1vel simples, f\u00e1cil de usar e dur\u00e1vel para uso pessoal. Se voc\u00ea administra uma loja ou vende online, ele tamb\u00e9m \u00e9 uma \u00f3tima op\u00e7\u00e3o para atacado, pois os clientes preferem dispositivos de vaporiza\u00e7\u00e3o grandes e f\u00e1ceis de usar, que n\u00e3o exigem explica\u00e7\u00f5es.<\/p>\n<p data-v-md-line=\"46\">Enviamos em embalagens de atacado com 200 unidades por caixa (tamb\u00e9m fornecemos dados de peso e dimens\u00f5es da caixa para o seu planejamento log\u00edstico). Se a sua compra for da regi\u00e3o da UE, consulte as nossas rotas de envio e op\u00e7\u00f5es de transportadoras mais convenientes para garantir a entrega confi\u00e1vel dos seus produtos e evitar imprevistos.<\/p>\n<h2 data-v-md-heading=\"reasons-why-you-will-like-it\" data-v-md-line=\"48\">Reasons why you will like it<\/h2>\n<ul data-v-md-line=\"49\">\n<li>Bateria de longa dura\u00e7\u00e3o: Mais resistente e com maior vida \u00fatil, sem a necessidade de recargas frequentes.<\/li>\n<li>Sabores duplos: Voc\u00ea n\u00e3o precisa carregar dois vapes para alternar entre os sabores.<\/li>\n<li>Recarreg\u00e1vel: Ajuda voc\u00ea a aproveitar ao m\u00e1ximo o dispositivo e evitar o descarte prematuro.<\/li>\n<li>Bobina de malha: mant\u00e9m o sabor est\u00e1vel e proporciona uma experi\u00eancia de suc\u00e7\u00e3o confort\u00e1vel.<\/li>\n<\/ul>\n<h2 data-v-md-heading=\"why-choose-agoravape\" data-v-md-line=\"54\">Por que escolher a AgoraVape?<\/h2>\n<p data-v-md-line=\"56\">A AgoraVape se compromete a fornecer servi\u00e7os convenientes e eficientes com garantia de 100% de autenticidade. Se voc\u00ea \u00e9 um comprador corporativo, oferecemos fontes confi\u00e1veis \u200b\u200bde produtos, solu\u00e7\u00f5es de atacado altamente competitivas e suporte p\u00f3s-venda cont\u00ednuo ap\u00f3s a finaliza\u00e7\u00e3o da compra. Deseja adquirir o atomizador de rede dupla Bang Leader 32k 32000? Entre em contato conosco e ajudaremos voc\u00ea a selecionar o sabor e a quantidade adequados.<\/p>","protected":false},"excerpt":{"rendered":"<p>&nbsp;<\/p>","protected":false},"featured_media":24203,"comment_status":"open","ping_status":"closed","template":"","meta":[],"product_brand":[197],"product_cat":[124,187,185,188,189,123,195,1674,174,175,193,191,179,173,186,180,190],"product_tag":[],"class_list":{"0":"post-24178","1":"product","2":"type-product","3":"status-publish","4":"has-post-thumbnail","6":"product_brand-bang","7":"product_cat-vape-by-brand","8":"product_cat-0mg-nicotine-free-vapes","9":"product_cat-10000-puffs-high-capacity","10":"product_cat-10mg-low-nicotine-vapes","11":"product_cat-20mg-standard-nicotine-vapes","12":"product_cat-bang","13":"product_cat-dual-flavor-switch","14":"product_cat-eu-warehouse","15":"product_cat-fruit-flavors","16":"product_cat-icy-mint","17":"product_cat-mesh-coil","18":"product_cat-rechargeable-disposables","19":"product_cat-unique-blends","20":"product_cat-vape-by-flavor-profile","21":"product_cat-vape-by-nicotine-strength","22":"product_cat-vape-by-puff-count","23":"product_cat-vape-by-feature-or-type","25":"first","26":"instock","27":"shipping-taxable","28":"purchasable","29":"product-type-variable","30":"has-default-attributes"},"tiered_pricing_type":"percentage","tiered_pricing_fixed_rules":[],"tiered_pricing_product_settings":{"layout":"default","base_unit_name":{"singular":null,"plural":null},"default_variation":null},"tiered_pricing_minimum_quantity":10,"tiered_pricing_roles_data":[],"tiered_pricing_percentage_rules":{"30":"10","50":"18","100":"25","200":"30","500":"35","1000":"40"},"tiered_pricing_maximum_quantity":null,"tiered_pricing_quantity_step":"10","_links":{"self":[{"href":"https:\/\/agoravape.com\/pt\/wp-json\/wp\/v2\/product\/24178","targetHints":{"allow":["GET"]}}],"collection":[{"href":"https:\/\/agoravape.com\/pt\/wp-json\/wp\/v2\/product"}],"about":[{"href":"https:\/\/agoravape.com\/pt\/wp-json\/wp\/v2\/types\/product"}],"replies":[{"embeddable":true,"href":"https:\/\/agoravape.com\/pt\/wp-json\/wp\/v2\/comments?post=24178"}],"version-history":[{"count":1,"href":"https:\/\/agoravape.com\/pt\/wp-json\/wp\/v2\/product\/24178\/revisions"}],"predecessor-version":[{"id":29802,"href":"https:\/\/agoravape.com\/pt\/wp-json\/wp\/v2\/product\/24178\/revisions\/29802"}],"wp:featuredmedia":[{"embeddable":true,"href":"https:\/\/agoravape.com\/pt\/wp-json\/wp\/v2\/media\/24203"}],"wp:attachment":[{"href":"https:\/\/agoravape.com\/pt\/wp-json\/wp\/v2\/media?parent=24178"}],"wp:term":[{"taxonomy":"product_brand","embeddable":true,"href":"https:\/\/agoravape.com\/pt\/wp-json\/wp\/v2\/product_brand?post=24178"},{"taxonomy":"product_cat","embeddable":true,"href":"https:\/\/agoravape.com\/pt\/wp-json\/wp\/v2\/product_cat?post=24178"},{"taxonomy":"product_tag","embeddable":true,"href":"https:\/\/agoravape.com\/pt\/wp-json\/wp\/v2\/product_tag?post=24178"}],"curies":[{"name":"wp","href":"https:\/\/api.w.org\/{rel}","templated":true}]}}