{"id":24211,"date":"2026-01-26T16:47:12","date_gmt":"2026-01-26T08:47:12","guid":{"rendered":"https:\/\/agoravape.com\/?post_type=product&#038;p=24211"},"modified":"2026-02-22T15:14:23","modified_gmt":"2026-02-22T14:14:23","slug":"bang-leader-45k-45000-puffs","status":"publish","type":"product","link":"https:\/\/agoravape.com\/pt\/product\/bang-leader-45k-45000-puffs\/","title":{"rendered":"Bang Leader 45k 45000 Puffs Switch Flavor Vape | Dois sabores, uma simples troca"},"content":{"rendered":"<h2 data-v-md-heading=\"what-is-special-about-bang-leader-45k-45000-switchable-flavor-vapes\" data-v-md-line=\"3\"><img loading=\"lazy\" decoding=\"async\" class=\"aligncenter size-full wp-image-24238\" src=\"https:\/\/agoravape.com\/wp-content\/uploads\/2026\/01\/Bang-Leader-45k-45000-Puffs-Switch-Flavor-Vape-Two-Flavours-One-Simple-Switch_Agora_vape-8.webp\" alt=\"\" width=\"1920\" height=\"1072\" srcset=\"https:\/\/agoravape.com\/wp-content\/uploads\/2026\/01\/Bang-Leader-45k-45000-Puffs-Switch-Flavor-Vape-Two-Flavours-One-Simple-Switch_Agora_vape-8.webp 1920w, https:\/\/agoravape.com\/wp-content\/uploads\/2026\/01\/Bang-Leader-45k-45000-Puffs-Switch-Flavor-Vape-Two-Flavours-One-Simple-Switch_Agora_vape-8-1200x670.webp 1200w, https:\/\/agoravape.com\/wp-content\/uploads\/2026\/01\/Bang-Leader-45k-45000-Puffs-Switch-Flavor-Vape-Two-Flavours-One-Simple-Switch_Agora_vape-8-300x168.webp 300w, https:\/\/agoravape.com\/wp-content\/uploads\/2026\/01\/Bang-Leader-45k-45000-Puffs-Switch-Flavor-Vape-Two-Flavours-One-Simple-Switch_Agora_vape-8-1024x572.webp 1024w, https:\/\/agoravape.com\/wp-content\/uploads\/2026\/01\/Bang-Leader-45k-45000-Puffs-Switch-Flavor-Vape-Two-Flavours-One-Simple-Switch_Agora_vape-8-768x429.webp 768w, https:\/\/agoravape.com\/wp-content\/uploads\/2026\/01\/Bang-Leader-45k-45000-Puffs-Switch-Flavor-Vape-Two-Flavours-One-Simple-Switch_Agora_vape-8-1536x858.webp 1536w, https:\/\/agoravape.com\/wp-content\/uploads\/2026\/01\/Bang-Leader-45k-45000-Puffs-Switch-Flavor-Vape-Two-Flavours-One-Simple-Switch_Agora_vape-8-18x10.webp 18w\" sizes=\"auto, (max-width: 1920px) 100vw, 1920px\" \/> <img loading=\"lazy\" decoding=\"async\" class=\"aligncenter size-full wp-image-24237\" src=\"https:\/\/agoravape.com\/wp-content\/uploads\/2026\/01\/Bang-Leader-45k-45000-Puffs-Switch-Flavor-Vape-Two-Flavours-One-Simple-Switch_Agora_vape-7.webp\" alt=\"\" width=\"1920\" height=\"1018\" srcset=\"https:\/\/agoravape.com\/wp-content\/uploads\/2026\/01\/Bang-Leader-45k-45000-Puffs-Switch-Flavor-Vape-Two-Flavours-One-Simple-Switch_Agora_vape-7.webp 1920w, https:\/\/agoravape.com\/wp-content\/uploads\/2026\/01\/Bang-Leader-45k-45000-Puffs-Switch-Flavor-Vape-Two-Flavours-One-Simple-Switch_Agora_vape-7-1200x636.webp 1200w, https:\/\/agoravape.com\/wp-content\/uploads\/2026\/01\/Bang-Leader-45k-45000-Puffs-Switch-Flavor-Vape-Two-Flavours-One-Simple-Switch_Agora_vape-7-300x159.webp 300w, https:\/\/agoravape.com\/wp-content\/uploads\/2026\/01\/Bang-Leader-45k-45000-Puffs-Switch-Flavor-Vape-Two-Flavours-One-Simple-Switch_Agora_vape-7-1024x543.webp 1024w, https:\/\/agoravape.com\/wp-content\/uploads\/2026\/01\/Bang-Leader-45k-45000-Puffs-Switch-Flavor-Vape-Two-Flavours-One-Simple-Switch_Agora_vape-7-768x407.webp 768w, https:\/\/agoravape.com\/wp-content\/uploads\/2026\/01\/Bang-Leader-45k-45000-Puffs-Switch-Flavor-Vape-Two-Flavours-One-Simple-Switch_Agora_vape-7-1536x814.webp 1536w, https:\/\/agoravape.com\/wp-content\/uploads\/2026\/01\/Bang-Leader-45k-45000-Puffs-Switch-Flavor-Vape-Two-Flavours-One-Simple-Switch_Agora_vape-7-18x10.webp 18w\" sizes=\"auto, (max-width: 1920px) 100vw, 1920px\" \/><\/h2>\n<h2 data-v-md-heading=\"what-is-special-about-bang-leader-45k-45000-switchable-flavor-vapes\" data-v-md-line=\"3\">O que torna os vapes Bang Leader 45k 45000 com sabores intercambi\u00e1veis \u200b\u200bt\u00e3o especiais?<\/h2>\n<p data-v-md-line=\"5\">Se voc\u00ea est\u00e1 cansado de ter que escolher apenas um sabor e se sentir entediado no meio da vaporiza\u00e7\u00e3o, este vape facilita a troca. O Bang Leader 45K adota um design de troca com um clique, permitindo que voc\u00ea tenha dois sabores em um \u00fanico dispositivo, possibilitando a troca a qualquer hora e em qualquer lugar.<\/p>\n<p data-v-md-line=\"7\">Voc\u00ea pode achar que segurar um vaporizador que promete 45.000 puffs seria t\u00e3o pesado quanto um tijolo, mas, na verdade, ele \u00e9 confort\u00e1vel de segurar. Com apenas 99 gramas, \u00e9 robusto, dur\u00e1vel e n\u00e3o vai pesar no seu bolso.<\/p>\n<h2 data-v-md-heading=\"excellent-performance-and-easy-operation\" data-v-md-line=\"9\">Excelente desempenho e opera\u00e7\u00e3o f\u00e1cil.<\/h2>\n<p data-v-md-line=\"11\">O design do Bang \u00e9 conciso e claro. Uma bobina de malha de 1,0 \u03a9 ajuda a manter a consist\u00eancia do sabor, evitando a riqueza inicial que se torna enjoativa ap\u00f3s alguns dias. Quando a bateria estiver fraca, voc\u00ea pode usar um cabo de dados Tipo-C para carregar a bateria de 650 mAh, que \u00e9 semelhante \u00e0 interface usada para carregar o celular. Conecte o cabo de alimenta\u00e7\u00e3o, carregue completamente e continue usando.<\/p>\n<h2 data-v-md-heading=\"quick-specifications\" data-v-md-line=\"13\">Especifica\u00e7\u00f5es r\u00e1pidas<\/h2>\n<ul data-v-md-line=\"14\">\n<li>Frequ\u00eancia de tabagismo: at\u00e9 45.000<\/li>\n<li>Teor de nicotina: n\u00e3o especificado (consulte nosso estoque no seu mercado)<\/li>\n<li>Working principle: Inhalation activation<\/li>\n<li>N\u00facleo atomizador: n\u00facleo atomizador de malha de 1,0 \u03a9<\/li>\n<li>Bateria: 650mAh (recarreg\u00e1vel)<\/li>\n<li>Interface de carregamento: Tipo C<\/li>\n<li>Peso: 99 gramas por unidade<\/li>\n<li>Estado: Pronto para usar assim que abrir a caixa.<\/li>\n<\/ul>\n<h2 data-v-md-heading=\"complete-flavor-lineup\" data-v-md-line=\"23\">Linha completa de sabores<\/h2>\n<p data-v-md-line=\"25\">Cada dispositivo vem com duas combina\u00e7\u00f5es de sabores:<\/p>\n<ul data-v-md-line=\"26\">\n<li>Sorvete de Melancia, Morango e Manga<\/li>\n<li>Morango e Melancia, Kiwi, Maracuj\u00e1, Goiaba<\/li>\n<li>Morango e Melancia, Sorvete de Uva<\/li>\n<li>Mirtilo, Framboesa, P\u00eassego, Manga, Melancia<\/li>\n<li>Mirtilo Melancia, Morango Manga<\/li>\n<li>Gelo de Mirtilo, Gelo de Drag\u00e3o Negro<\/li>\n<li>Sorvete de mirtilo, morango e banana<\/li>\n<li>Red Bull, Melancia com Mirtilo<\/li>\n<li>Red Bull, balas de bolhas de melancia<\/li>\n<li>Morango e kiwi, sorvete de p\u00eassego<\/li>\n<li>Cola Ice, Cereja e Cranberry<\/li>\n<li>Gelo de Abacaxi, Manga Tripla<\/li>\n<li>Sorvete de morango, sorvete de lim\u00e3o rosa<\/li>\n<li>Cola de cereja, Melancia<\/li>\n<li>Sorvete de Cereja, Sorvete de Cereja com Morango e Cranberry<\/li>\n<li>Lim\u00e3o e Lima, Framboesa Azul<\/li>\n<li>Mojito de framboesa, sorvete de p\u00eassego, ma\u00e7\u00e3 e pera<\/li>\n<li>Sorvete de lichia, geleia de mel\u00e3o<\/li>\n<\/ul>\n<h2 data-v-md-heading=\"for-you-and-your-business\" data-v-md-line=\"45\">Para voc\u00ea e sua empresa<\/h2>\n<p data-v-md-line=\"47\">Voc\u00ea pode adquirir facilmente o Bang Leader 45K para uso pessoal. Se estiver comprando para uma loja f\u00edsica ou online, este produto tamb\u00e9m \u00e9 uma escolha inteligente para \"compra e venda\", pois os clientes preferem sabores intercambi\u00e1veis \u200b\u200be longos per\u00edodos de uso.<\/p>\n<p data-v-md-line=\"49\">\u00c9 importante observar que os dados do produto n\u00e3o indicam claramente a quantidade por caixa. Portanto, se voc\u00ea estiver comprando no atacado, entre em contato conosco para que possamos confirmar a quantidade por caixa, o melhor plano de pre\u00e7os e o m\u00e9todo de envio mais adequado para o seu pa\u00eds\/regi\u00e3o.<\/p>\n<h2 data-v-md-heading=\"the-reason-why-you-will-like-it\" data-v-md-line=\"51\">O motivo pelo qual voc\u00ea vai gostar disso<\/h2>\n<ul data-v-md-line=\"52\">\n<li>Fumar com mais frequ\u00eancia: Mais dur\u00e1vel e com maior vida \u00fatil, sem a necessidade de substitui\u00e7\u00e3o frequente do dispositivo.<\/li>\n<li>Sabores intercambi\u00e1veis: Um \u00fanico vape cont\u00e9m dois sabores, permitindo que voc\u00ea experimente a frescura.<\/li>\n<li>Recarreg\u00e1vel: Maximizando verdadeiramente o uso de recursos sem a necessidade de descarte precoce.<\/li>\n<li>N\u00facleo atomizador em malha: garante um sabor est\u00e1vel e puro durante toda a vida \u00fatil do equipamento.<\/li>\n<\/ul>\n<h2 data-v-md-heading=\"why-choose-to-collaborate-with-agoravape\" data-v-md-line=\"57\">Por que escolher colaborar com a AgoraVape?<\/h2>\n<p data-v-md-line=\"59\">N\u00e3o alocaremos estoque arbitrariamente. A AgoraVape se concentra em fornecer produtos aut\u00eanticos, respostas diretas e garantias de fornecimento confi\u00e1veis \u200b\u200bpara clientes e varejistas europeus. Se voc\u00ea deseja comprar vapes Bang Leader 45k 45000 com sabores intercambi\u00e1veis, entre em contato conosco e providenciaremos sabores adequados, quantidades suficientes e um plano de fornecimento abrangente para voc\u00ea, tornando tudo f\u00e1cil e sem preocupa\u00e7\u00f5es.<\/p>\n<p><script src=\"chrome-extension:\/\/fpelahbljekknahkcaegamhcndkfpfnc\/iFrame.js\" type=\"text\/javascript\"><\/script><\/p>\n<p><script src=\"chrome-extension:\/\/fpelahbljekknahkcaegamhcndkfpfnc\/iFrame.js\" type=\"text\/javascript\"><\/script><\/p>","protected":false},"excerpt":{"rendered":"<p>&nbsp;<\/p>\n<p><script src=\"chrome-extension:\/\/fpelahbljekknahkcaegamhcndkfpfnc\/iFrame.js\" type=\"text\/javascript\"><\/script><\/p>\n<p><script src=\"chrome-extension:\/\/fpelahbljekknahkcaegamhcndkfpfnc\/iFrame.js\" type=\"text\/javascript\"><\/script><\/p>\n<p><script src=\"chrome-extension:\/\/fpelahbljekknahkcaegamhcndkfpfnc\/iFrame.js\" type=\"text\/javascript\"><\/script><\/p>\n<p><script src=\"chrome-extension:\/\/fpelahbljekknahkcaegamhcndkfpfnc\/iFrame.js\" type=\"text\/javascript\"><\/script><\/p>\n<p><script src=\"chrome-extension:\/\/fpelahbljekknahkcaegamhcndkfpfnc\/iFrame.js\" type=\"text\/javascript\"><\/script><\/p>","protected":false},"featured_media":24251,"comment_status":"open","ping_status":"closed","template":"","meta":[],"product_brand":[197],"product_cat":[124,187,188,189,1640,123,195,1674,174,175,193,191,179,173,186,180,190,192],"product_tag":[],"class_list":{"0":"post-24211","1":"product","2":"type-product","3":"status-publish","4":"has-post-thumbnail","6":"product_brand-bang","7":"product_cat-vape-by-brand","8":"product_cat-0mg-nicotine-free-vapes","9":"product_cat-10mg-low-nicotine-vapes","10":"product_cat-20mg-standard-nicotine-vapes","11":"product_cat-45000-puffs","12":"product_cat-bang","13":"product_cat-dual-flavor-switch","14":"product_cat-eu-warehouse","15":"product_cat-fruit-flavors","16":"product_cat-icy-mint","17":"product_cat-mesh-coil","18":"product_cat-rechargeable-disposables","19":"product_cat-unique-blends","20":"product_cat-vape-by-flavor-profile","21":"product_cat-vape-by-nicotine-strength","22":"product_cat-vape-by-puff-count","23":"product_cat-vape-by-feature-or-type","24":"product_cat-vapes-with-screens","26":"first","27":"instock","28":"shipping-taxable","29":"purchasable","30":"product-type-variable","31":"has-default-attributes"},"tiered_pricing_type":"percentage","tiered_pricing_fixed_rules":[],"tiered_pricing_product_settings":{"layout":"default","base_unit_name":{"singular":null,"plural":null},"default_variation":null},"tiered_pricing_minimum_quantity":10,"tiered_pricing_roles_data":[],"tiered_pricing_percentage_rules":{"30":"10","50":"15","100":"18","200":"25","500":"28","1000":"35"},"tiered_pricing_maximum_quantity":null,"tiered_pricing_quantity_step":"10","_links":{"self":[{"href":"https:\/\/agoravape.com\/pt\/wp-json\/wp\/v2\/product\/24211","targetHints":{"allow":["GET"]}}],"collection":[{"href":"https:\/\/agoravape.com\/pt\/wp-json\/wp\/v2\/product"}],"about":[{"href":"https:\/\/agoravape.com\/pt\/wp-json\/wp\/v2\/types\/product"}],"replies":[{"embeddable":true,"href":"https:\/\/agoravape.com\/pt\/wp-json\/wp\/v2\/comments?post=24211"}],"version-history":[{"count":0,"href":"https:\/\/agoravape.com\/pt\/wp-json\/wp\/v2\/product\/24211\/revisions"}],"wp:featuredmedia":[{"embeddable":true,"href":"https:\/\/agoravape.com\/pt\/wp-json\/wp\/v2\/media\/24251"}],"wp:attachment":[{"href":"https:\/\/agoravape.com\/pt\/wp-json\/wp\/v2\/media?parent=24211"}],"wp:term":[{"taxonomy":"product_brand","embeddable":true,"href":"https:\/\/agoravape.com\/pt\/wp-json\/wp\/v2\/product_brand?post=24211"},{"taxonomy":"product_cat","embeddable":true,"href":"https:\/\/agoravape.com\/pt\/wp-json\/wp\/v2\/product_cat?post=24211"},{"taxonomy":"product_tag","embeddable":true,"href":"https:\/\/agoravape.com\/pt\/wp-json\/wp\/v2\/product_tag?post=24211"}],"curies":[{"name":"wp","href":"https:\/\/api.w.org\/{rel}","templated":true}]}}