{"id":24265,"date":"2026-01-26T19:56:40","date_gmt":"2026-01-26T11:56:40","guid":{"rendered":"https:\/\/agoravape.com\/?post_type=product&#038;p=24265"},"modified":"2026-02-22T15:13:12","modified_gmt":"2026-02-22T14:13:12","slug":"lider-bang-50k-50000-puffs","status":"publish","type":"product","link":"https:\/\/agoravape.com\/pt\/product\/bang-leader-50k-50000-puffs\/","title":{"rendered":"Bang Leader 50k 50000 Puffs Dual Tank Vape | Dois sabores, um dispositivo, menos complica\u00e7\u00f5es"},"content":{"rendered":"<h2 data-v-md-heading=\"what-is-special-about-bang-leader-s-50k-50000-pack-dual-compartment-vape\" data-v-md-line=\"3\"><img loading=\"lazy\" decoding=\"async\" class=\"aligncenter size-full wp-image-24294\" src=\"https:\/\/agoravape.com\/wp-content\/uploads\/2026\/01\/Bang-Leader-50k-50000-Puffs-Dual-Tank-Vape-Two-Flavours-One-Device-Less-Hassle_Agora_vape-7-scaled.webp\" alt=\"\" width=\"2560\" height=\"1434\" srcset=\"https:\/\/agoravape.com\/wp-content\/uploads\/2026\/01\/Bang-Leader-50k-50000-Puffs-Dual-Tank-Vape-Two-Flavours-One-Device-Less-Hassle_Agora_vape-7-scaled.webp 2560w, https:\/\/agoravape.com\/wp-content\/uploads\/2026\/01\/Bang-Leader-50k-50000-Puffs-Dual-Tank-Vape-Two-Flavours-One-Device-Less-Hassle_Agora_vape-7-scaled-1200x672.webp 1200w, https:\/\/agoravape.com\/wp-content\/uploads\/2026\/01\/Bang-Leader-50k-50000-Puffs-Dual-Tank-Vape-Two-Flavours-One-Device-Less-Hassle_Agora_vape-7-300x168.webp 300w, https:\/\/agoravape.com\/wp-content\/uploads\/2026\/01\/Bang-Leader-50k-50000-Puffs-Dual-Tank-Vape-Two-Flavours-One-Device-Less-Hassle_Agora_vape-7-1024x573.webp 1024w, https:\/\/agoravape.com\/wp-content\/uploads\/2026\/01\/Bang-Leader-50k-50000-Puffs-Dual-Tank-Vape-Two-Flavours-One-Device-Less-Hassle_Agora_vape-7-768x430.webp 768w, https:\/\/agoravape.com\/wp-content\/uploads\/2026\/01\/Bang-Leader-50k-50000-Puffs-Dual-Tank-Vape-Two-Flavours-One-Device-Less-Hassle_Agora_vape-7-1536x860.webp 1536w, https:\/\/agoravape.com\/wp-content\/uploads\/2026\/01\/Bang-Leader-50k-50000-Puffs-Dual-Tank-Vape-Two-Flavours-One-Device-Less-Hassle_Agora_vape-7-2048x1147.webp 2048w, https:\/\/agoravape.com\/wp-content\/uploads\/2026\/01\/Bang-Leader-50k-50000-Puffs-Dual-Tank-Vape-Two-Flavours-One-Device-Less-Hassle_Agora_vape-7-18x10.webp 18w\" sizes=\"auto, (max-width: 2560px) 100vw, 2560px\" \/> <img loading=\"lazy\" decoding=\"async\" class=\"aligncenter size-full wp-image-24296\" src=\"https:\/\/agoravape.com\/wp-content\/uploads\/2026\/01\/Bang-Leader-50k-50000-Puffs-Dual-Tank-Vape-Two-Flavours-One-Device-Less-Hassle_Agora_vape-9-scaled.webp\" alt=\"\" width=\"2560\" height=\"1167\" srcset=\"https:\/\/agoravape.com\/wp-content\/uploads\/2026\/01\/Bang-Leader-50k-50000-Puffs-Dual-Tank-Vape-Two-Flavours-One-Device-Less-Hassle_Agora_vape-9-scaled.webp 2560w, https:\/\/agoravape.com\/wp-content\/uploads\/2026\/01\/Bang-Leader-50k-50000-Puffs-Dual-Tank-Vape-Two-Flavours-One-Device-Less-Hassle_Agora_vape-9-scaled-1200x547.webp 1200w, https:\/\/agoravape.com\/wp-content\/uploads\/2026\/01\/Bang-Leader-50k-50000-Puffs-Dual-Tank-Vape-Two-Flavours-One-Device-Less-Hassle_Agora_vape-9-300x137.webp 300w, https:\/\/agoravape.com\/wp-content\/uploads\/2026\/01\/Bang-Leader-50k-50000-Puffs-Dual-Tank-Vape-Two-Flavours-One-Device-Less-Hassle_Agora_vape-9-1024x467.webp 1024w, https:\/\/agoravape.com\/wp-content\/uploads\/2026\/01\/Bang-Leader-50k-50000-Puffs-Dual-Tank-Vape-Two-Flavours-One-Device-Less-Hassle_Agora_vape-9-768x350.webp 768w, https:\/\/agoravape.com\/wp-content\/uploads\/2026\/01\/Bang-Leader-50k-50000-Puffs-Dual-Tank-Vape-Two-Flavours-One-Device-Less-Hassle_Agora_vape-9-1536x700.webp 1536w, https:\/\/agoravape.com\/wp-content\/uploads\/2026\/01\/Bang-Leader-50k-50000-Puffs-Dual-Tank-Vape-Two-Flavours-One-Device-Less-Hassle_Agora_vape-9-2048x934.webp 2048w, https:\/\/agoravape.com\/wp-content\/uploads\/2026\/01\/Bang-Leader-50k-50000-Puffs-Dual-Tank-Vape-Two-Flavours-One-Device-Less-Hassle_Agora_vape-9-18x8.webp 18w\" sizes=\"auto, (max-width: 2560px) 100vw, 2560px\" \/><\/h2>\n<h2 data-v-md-heading=\"what-is-special-about-bang-leader-s-50k-50000-pack-dual-compartment-vape\" data-v-md-line=\"3\"><img loading=\"lazy\" decoding=\"async\" class=\"size-full wp-image-24302 alignright\" src=\"https:\/\/agoravape.com\/wp-content\/uploads\/2026\/01\/Bang-Leader-50k-50000-Puffs-Dual-Tank-Vape-Two-Flavours-One-Device-Less-Hassle_Agora_vape-15-scaled.webp\" alt=\"\" width=\"1440\" height=\"2560\" srcset=\"https:\/\/agoravape.com\/wp-content\/uploads\/2026\/01\/Bang-Leader-50k-50000-Puffs-Dual-Tank-Vape-Two-Flavours-One-Device-Less-Hassle_Agora_vape-15-scaled.webp 1440w, https:\/\/agoravape.com\/wp-content\/uploads\/2026\/01\/Bang-Leader-50k-50000-Puffs-Dual-Tank-Vape-Two-Flavours-One-Device-Less-Hassle_Agora_vape-15-scaled-1200x2133.webp 1200w, https:\/\/agoravape.com\/wp-content\/uploads\/2026\/01\/Bang-Leader-50k-50000-Puffs-Dual-Tank-Vape-Two-Flavours-One-Device-Less-Hassle_Agora_vape-15-169x300.webp 169w, https:\/\/agoravape.com\/wp-content\/uploads\/2026\/01\/Bang-Leader-50k-50000-Puffs-Dual-Tank-Vape-Two-Flavours-One-Device-Less-Hassle_Agora_vape-15-576x1024.webp 576w, https:\/\/agoravape.com\/wp-content\/uploads\/2026\/01\/Bang-Leader-50k-50000-Puffs-Dual-Tank-Vape-Two-Flavours-One-Device-Less-Hassle_Agora_vape-15-768x1365.webp 768w, https:\/\/agoravape.com\/wp-content\/uploads\/2026\/01\/Bang-Leader-50k-50000-Puffs-Dual-Tank-Vape-Two-Flavours-One-Device-Less-Hassle_Agora_vape-15-864x1536.webp 864w, https:\/\/agoravape.com\/wp-content\/uploads\/2026\/01\/Bang-Leader-50k-50000-Puffs-Dual-Tank-Vape-Two-Flavours-One-Device-Less-Hassle_Agora_vape-15-1152x2048.webp 1152w, https:\/\/agoravape.com\/wp-content\/uploads\/2026\/01\/Bang-Leader-50k-50000-Puffs-Dual-Tank-Vape-Two-Flavours-One-Device-Less-Hassle_Agora_vape-15-7x12.webp 7w\" sizes=\"auto, (max-width: 1440px) 100vw, 1440px\" \/><\/h2>\n<h2 data-v-md-heading=\"what-is-special-about-bang-leader-s-50k-50000-pack-dual-compartment-vape\" data-v-md-line=\"3\">O que torna o vape de compartimento duplo Bang Leader 50k 50000 especial?<\/h2>\n<p data-v-md-line=\"5\">Se voc\u00ea est\u00e1 cansado de vapes descart\u00e1veis \u200b\u200bque duram apenas um dia e perdem o aroma rapidamente, ent\u00e3o este produto merece sua aten\u00e7\u00e3o. O Bang Leader 50k foi projetado para uso prolongado. Ele possui um design recarreg\u00e1vel, permitindo at\u00e9 50.000 tragadas com apenas uma carga, sem a necessidade de trocas frequentes do dispositivo.<\/p>\n<p data-v-md-line=\"7\">O pr\u00f3ximo passo \u00e9 o que realmente atrai as pessoas. Ele adota um compartimento duplo (<a class=\"wpil_keyword_link\" href=\"https:\/\/agoravape.com\/pt\/vape-por-carateristica-ou-tipo\/interrutor-de-duplo-sabor\/\" target=\"_blank\" rel=\"noopener\" title=\"Troca de sabor duplo\" data-wpil-keyword-link=\"linked\" data-wpil-monitor-id=\"7186\">sabor duplo<\/a>) sistema, permitindo que voc\u00ea desfrute de dois sabores ao mesmo tempo. Voc\u00ea pode pensar que um dispositivo com a experi\u00eancia de fumar equivalente a 50.000 cigarros seria t\u00e3o pesado quanto um pequeno tijolo, mas, na realidade, seu peso e volume s\u00e3o surpreendentemente leves e f\u00e1ceis de transportar.<\/p>\n<h2 data-v-md-heading=\"excellent-performance-and-easy-operation\" data-v-md-line=\"9\">Excelente desempenho e opera\u00e7\u00e3o f\u00e1cil.<\/h2>\n<p data-v-md-line=\"11\">A Bang &amp; Olufsen preza pela simplicidade em \u00e1reas essenciais. A bobina de malha de 1,0 \u03a9 ajuda a manter um sabor consistente, para que voc\u00ea n\u00e3o se sinta sufocado ou arrependido ao chegar ao fim do dispositivo. Quando a bateria estiver fraca, voc\u00ea pode carreg\u00e1-la atrav\u00e9s da interface Tipo-C, o que significa que o cabo de carregamento do seu celular tamb\u00e9m funcionar\u00e1.<\/p>\n<h2 data-v-md-heading=\"quick-specifications\" data-v-md-line=\"13\">Especifica\u00e7\u00f5es r\u00e1pidas<\/h2>\n<ul data-v-md-line=\"14\">\n<li>Frequ\u00eancia de consumo: at\u00e9 50.000 tragadas<\/li>\n<li>Capacidade da bateria: 650mAh (recarreg\u00e1vel)<\/li>\n<li>Bobina\/Resist\u00eancia: Bobina de malha de 1,0 \u03a9<\/li>\n<li>Modo de usar: Inale para ativar.<\/li>\n<li>Interface de carregamento: Tipo C<\/li>\n<li>Peso: 100g por unidade<\/li>\n<li>Status: Pronto para usar assim que sai da caixa<\/li>\n<\/ul>\n<h2 data-v-md-heading=\"complete-flavor-lineup\" data-v-md-line=\"22\">Linha completa de sabores<\/h2>\n<p data-v-md-line=\"24\">Cada dispositivo est\u00e1 equipado com uma combina\u00e7\u00e3o de dois sabores:<\/p>\n<ul data-v-md-line=\"25\">\n<li>Sorvete de morango, framboesa e cereja \/ Cereja<\/li>\n<li>Melancia Morango \/ Melancia<\/li>\n<li>Uva preta \/ Uva verde<\/li>\n<li>Ma\u00e7\u00e3, Pera \/ Kiwi, Maracuj\u00e1, Goiaba<\/li>\n<li>Limonada de Abacaxi Azedo \/ Lim\u00e3o e Lima<\/li>\n<li>Sorvete de banana \/ Manga<\/li>\n<li>Mirtilo, Framboesa Azeda \/ Mirtilo<\/li>\n<li>Cola de Cereja \/ Limonada Rosa<\/li>\n<li>Limonada de mirtilo e framboesa \/ Sorvete de morango, framboesa e cereja<\/li>\n<li>Morango e Kiwi \/ Sorvete de Morango<\/li>\n<li>Abacaxi e Maracuj\u00e1 \/ Sorvete de Abacaxi<\/li>\n<li>Mojito de framboesa \/ Cereja, framboesa e lim\u00e3o<\/li>\n<\/ul>\n<h2 data-v-md-heading=\"suitable-for-you-and-your-business\" data-v-md-line=\"38\">Ideal para voc\u00ea e para o seu neg\u00f3cio.<\/h2>\n<p data-v-md-line=\"40\">Voc\u00ea pode comprar o Bang Leader 50k para uso pessoal, mas ele tamb\u00e9m \u00e9 muito pr\u00e1tico para promo\u00e7\u00e3o em lojas. As pessoas gostam do design \"2 em 1\" porque elimina a necessidade de comprar dois vaporizadores para variar o sabor.<\/p>\n<p data-v-md-line=\"42\">Em termos de vendas por atacado, os produtos s\u00e3o enviados em caixas com 200 unidades. As dimens\u00f5es da caixa de papel\u00e3o s\u00e3o 65 x 31 x 26 cent\u00edmetros e o peso \u00e9 de 21,3 quilogramas, o que facilita o planejamento de armazenamento e distribui\u00e7\u00e3o.<\/p>\n<h2 data-v-md-heading=\"reasons-why-you-will-like-it\" data-v-md-line=\"44\">Reasons why you will like it<\/h2>\n<ul data-v-md-line=\"45\">\n<li>Bateria de longa dura\u00e7\u00e3o: Resistente e de longa dura\u00e7\u00e3o, sem necessidade de comprar novos cartuchos com frequ\u00eancia.<\/li>\n<li>Configura\u00e7\u00e3o de sabor duplo: Dupla fun\u00e7\u00e3o em uma \u00fanica m\u00e1quina, atendendo \u00e0s suas diferentes necessidades de sabor.<\/li>\n<li>Recarreg\u00e1vel: Utiliza os cartuchos de fuma\u00e7a de forma eficiente, evitando desperd\u00edcios.<\/li>\n<li>N\u00facleo atomizador em malha: Dur\u00e1vel e est\u00e1vel, proporcionando um sabor satisfat\u00f3rio.<\/li>\n<\/ul>\n<h2 data-v-md-heading=\"why-choose-to-collaborate-with-agoravape\" data-v-md-line=\"50\">Por que escolher colaborar com a AgoraVape?<\/h2>\n<p data-v-md-line=\"52\">A AgoraVape se concentra no que realmente importa para voc\u00ea: garantia de produto genu\u00edno, log\u00edstica de atacado transparente e suporte p\u00f3s-venda cont\u00ednuo. Se voc\u00ea deseja distribuir o atomizador duplo Bang Leader 50k 50000, entre em contato conosco e ajudaremos voc\u00ea a selecionar a combina\u00e7\u00e3o de sabores adequada e processaremos seu pedido rapidamente.<\/p>","protected":false},"excerpt":{"rendered":"<p>&nbsp;<\/p>","protected":false},"featured_media":24303,"comment_status":"open","ping_status":"closed","template":"","meta":[],"product_brand":[197],"product_cat":[124,187,188,189,1641,194,123,195,1674,174,175,193,191,179,173,186,180,190,192],"product_tag":[],"class_list":{"0":"post-24265","1":"product","2":"type-product","3":"status-publish","4":"has-post-thumbnail","6":"product_brand-bang","7":"product_cat-vape-by-brand","8":"product_cat-0mg-nicotine-free-vapes","9":"product_cat-10mg-low-nicotine-vapes","10":"product_cat-20mg-standard-nicotine-vapes","11":"product_cat-50000-puffs","12":"product_cat-adjustable-airflow","13":"product_cat-bang","14":"product_cat-dual-flavor-switch","15":"product_cat-eu-warehouse","16":"product_cat-fruit-flavors","17":"product_cat-icy-mint","18":"product_cat-mesh-coil","19":"product_cat-rechargeable-disposables","20":"product_cat-unique-blends","21":"product_cat-vape-by-flavor-profile","22":"product_cat-vape-by-nicotine-strength","23":"product_cat-vape-by-puff-count","24":"product_cat-vape-by-feature-or-type","25":"product_cat-vapes-with-screens","27":"first","28":"instock","29":"shipping-taxable","30":"purchasable","31":"product-type-variable","32":"has-default-attributes"},"tiered_pricing_type":"percentage","tiered_pricing_fixed_rules":[],"tiered_pricing_product_settings":{"layout":"default","base_unit_name":{"singular":null,"plural":null},"default_variation":null},"tiered_pricing_minimum_quantity":10,"tiered_pricing_roles_data":[],"tiered_pricing_percentage_rules":{"30":"9","50":"18","100":"26","200":"30","500":"32","1000":"38"},"tiered_pricing_maximum_quantity":null,"tiered_pricing_quantity_step":"10","_links":{"self":[{"href":"https:\/\/agoravape.com\/pt\/wp-json\/wp\/v2\/product\/24265","targetHints":{"allow":["GET"]}}],"collection":[{"href":"https:\/\/agoravape.com\/pt\/wp-json\/wp\/v2\/product"}],"about":[{"href":"https:\/\/agoravape.com\/pt\/wp-json\/wp\/v2\/types\/product"}],"replies":[{"embeddable":true,"href":"https:\/\/agoravape.com\/pt\/wp-json\/wp\/v2\/comments?post=24265"}],"version-history":[{"count":2,"href":"https:\/\/agoravape.com\/pt\/wp-json\/wp\/v2\/product\/24265\/revisions"}],"predecessor-version":[{"id":29879,"href":"https:\/\/agoravape.com\/pt\/wp-json\/wp\/v2\/product\/24265\/revisions\/29879"}],"wp:featuredmedia":[{"embeddable":true,"href":"https:\/\/agoravape.com\/pt\/wp-json\/wp\/v2\/media\/24303"}],"wp:attachment":[{"href":"https:\/\/agoravape.com\/pt\/wp-json\/wp\/v2\/media?parent=24265"}],"wp:term":[{"taxonomy":"product_brand","embeddable":true,"href":"https:\/\/agoravape.com\/pt\/wp-json\/wp\/v2\/product_brand?post=24265"},{"taxonomy":"product_cat","embeddable":true,"href":"https:\/\/agoravape.com\/pt\/wp-json\/wp\/v2\/product_cat?post=24265"},{"taxonomy":"product_tag","embeddable":true,"href":"https:\/\/agoravape.com\/pt\/wp-json\/wp\/v2\/product_tag?post=24265"}],"curies":[{"name":"wp","href":"https:\/\/api.w.org\/{rel}","templated":true}]}}