{"id":24308,"date":"2026-01-26T22:58:54","date_gmt":"2026-01-26T14:58:54","guid":{"rendered":"https:\/\/agoravape.com\/?post_type=product&#038;p=24308"},"modified":"2026-02-22T15:14:09","modified_gmt":"2026-02-22T14:14:09","slug":"lider-bang-80k-80000-puffs","status":"publish","type":"product","link":"https:\/\/agoravape.com\/pt\/product\/bang-leader-80k-80000-puffs\/","title":{"rendered":"Bang Leader 80k 80000 Puffs 3 em 1 Vaporizador de Sabores | Tr\u00eas Sabores, Uma Simples Troca"},"content":{"rendered":"<h2 data-v-md-heading=\"what-is-the-special-feature-of-bang-leader-80k-80000-three-in-one-flavor-vape\" data-v-md-line=\"3\"><img loading=\"lazy\" decoding=\"async\" class=\"aligncenter size-full wp-image-24323\" src=\"https:\/\/agoravape.com\/wp-content\/uploads\/2026\/01\/Bang-Leader-80k-80000-Puffs-3in1-Flavor-Vape-Three-Flavours-One-Simple-Switch_Agora_vape-1.webp\" alt=\"\" width=\"2056\" height=\"1089\" srcset=\"https:\/\/agoravape.com\/wp-content\/uploads\/2026\/01\/Bang-Leader-80k-80000-Puffs-3in1-Flavor-Vape-Three-Flavours-One-Simple-Switch_Agora_vape-1.webp 2056w, https:\/\/agoravape.com\/wp-content\/uploads\/2026\/01\/Bang-Leader-80k-80000-Puffs-3in1-Flavor-Vape-Three-Flavours-One-Simple-Switch_Agora_vape-1-1200x636.webp 1200w, https:\/\/agoravape.com\/wp-content\/uploads\/2026\/01\/Bang-Leader-80k-80000-Puffs-3in1-Flavor-Vape-Three-Flavours-One-Simple-Switch_Agora_vape-1-300x159.webp 300w, https:\/\/agoravape.com\/wp-content\/uploads\/2026\/01\/Bang-Leader-80k-80000-Puffs-3in1-Flavor-Vape-Three-Flavours-One-Simple-Switch_Agora_vape-1-1024x542.webp 1024w, https:\/\/agoravape.com\/wp-content\/uploads\/2026\/01\/Bang-Leader-80k-80000-Puffs-3in1-Flavor-Vape-Three-Flavours-One-Simple-Switch_Agora_vape-1-768x407.webp 768w, https:\/\/agoravape.com\/wp-content\/uploads\/2026\/01\/Bang-Leader-80k-80000-Puffs-3in1-Flavor-Vape-Three-Flavours-One-Simple-Switch_Agora_vape-1-1536x814.webp 1536w, https:\/\/agoravape.com\/wp-content\/uploads\/2026\/01\/Bang-Leader-80k-80000-Puffs-3in1-Flavor-Vape-Three-Flavours-One-Simple-Switch_Agora_vape-1-2048x1085.webp 2048w, https:\/\/agoravape.com\/wp-content\/uploads\/2026\/01\/Bang-Leader-80k-80000-Puffs-3in1-Flavor-Vape-Three-Flavours-One-Simple-Switch_Agora_vape-1-18x10.webp 18w\" sizes=\"auto, (max-width: 2056px) 100vw, 2056px\" \/> <img loading=\"lazy\" decoding=\"async\" class=\"aligncenter size-full wp-image-24331\" src=\"https:\/\/agoravape.com\/wp-content\/uploads\/2026\/01\/Bang-Leader-80k-80000-Puffs-3in1-Flavor-Vape-Three-Flavours-One-Simple-Switch_Agora_vape-9-scaled.webp\" alt=\"\" width=\"1437\" height=\"2560\" srcset=\"https:\/\/agoravape.com\/wp-content\/uploads\/2026\/01\/Bang-Leader-80k-80000-Puffs-3in1-Flavor-Vape-Three-Flavours-One-Simple-Switch_Agora_vape-9-scaled.webp 1437w, https:\/\/agoravape.com\/wp-content\/uploads\/2026\/01\/Bang-Leader-80k-80000-Puffs-3in1-Flavor-Vape-Three-Flavours-One-Simple-Switch_Agora_vape-9-scaled-1200x2138.webp 1200w, https:\/\/agoravape.com\/wp-content\/uploads\/2026\/01\/Bang-Leader-80k-80000-Puffs-3in1-Flavor-Vape-Three-Flavours-One-Simple-Switch_Agora_vape-9-168x300.webp 168w, https:\/\/agoravape.com\/wp-content\/uploads\/2026\/01\/Bang-Leader-80k-80000-Puffs-3in1-Flavor-Vape-Three-Flavours-One-Simple-Switch_Agora_vape-9-575x1024.webp 575w, https:\/\/agoravape.com\/wp-content\/uploads\/2026\/01\/Bang-Leader-80k-80000-Puffs-3in1-Flavor-Vape-Three-Flavours-One-Simple-Switch_Agora_vape-9-768x1368.webp 768w, https:\/\/agoravape.com\/wp-content\/uploads\/2026\/01\/Bang-Leader-80k-80000-Puffs-3in1-Flavor-Vape-Three-Flavours-One-Simple-Switch_Agora_vape-9-862x1536.webp 862w, https:\/\/agoravape.com\/wp-content\/uploads\/2026\/01\/Bang-Leader-80k-80000-Puffs-3in1-Flavor-Vape-Three-Flavours-One-Simple-Switch_Agora_vape-9-1150x2048.webp 1150w, https:\/\/agoravape.com\/wp-content\/uploads\/2026\/01\/Bang-Leader-80k-80000-Puffs-3in1-Flavor-Vape-Three-Flavours-One-Simple-Switch_Agora_vape-9-7x12.webp 7w\" sizes=\"auto, (max-width: 1437px) 100vw, 1437px\" \/><\/h2>\n<h2 data-v-md-heading=\"what-is-the-special-feature-of-bang-leader-80k-80000-three-in-one-flavor-vape\" data-v-md-line=\"3\">Qual \u00e9 a caracter\u00edstica especial do vape Bang Leader 80k 80000 tr\u00eas em um com sabor \u00fanico?<\/h2>\n<p data-v-md-line=\"5\">Se voc\u00ea est\u00e1 cansado de vapes que s\u00f3 t\u00eam um sabor delicioso por um dia e depois enjoam, o Bang Leader 80K \u00e9 sem d\u00favida uma escolha melhor. Ele foi projetado para uso prolongado e seu maior diferencial \u00e9 que um \u00fanico dispositivo pode ter tr\u00eas sabores diferentes, permitindo que voc\u00ea troque facilmente quando seu paladar enjoar.<\/p>\n<p data-v-md-line=\"7\">Voc\u00ea pode achar que um dispositivo com capacidade para 80.000 entradas seria pesado como um tijolo no bolso, mas ele \u00e9 muito leve e confort\u00e1vel de segurar na m\u00e3o. Para usu\u00e1rios que desejam reduzir complica\u00e7\u00f5es (reduzir o n\u00famero de substitui\u00e7\u00f5es, reduzir o n\u00famero de visitas \u00e0s lojas) e ter mais op\u00e7\u00f5es de sabores, mas n\u00e3o querem carregar v\u00e1rios dispositivos, este vaporizador \u00e9 a escolha perfeita.<\/p>\n<h2 data-v-md-heading=\"excellent-performance-easy-and-convenient\" data-v-md-line=\"9\">Excelente desempenho, f\u00e1cil e pr\u00e1tico<\/h2>\n<p data-v-md-line=\"11\">Os vaporizadores Bang combinam perfeitamente um n\u00facleo atomizador de malha de 1,0 \u03a9 com uma bateria recarreg\u00e1vel para garantir um sabor consistente e evitar o acionamento acidental, ao contr\u00e1rio de outros vaporizadores. Quando a bateria estiver fraca, basta carreg\u00e1-la atrav\u00e9s da interface Tipo-C \u2013 o mesmo cabo de dados que voc\u00ea usa para carregar seu celular. Simples e pr\u00e1tico, sem complica\u00e7\u00f5es.<\/p>\n<h2 data-v-md-heading=\"quick-specifications\" data-v-md-line=\"13\">Especifica\u00e7\u00f5es r\u00e1pidas<\/h2>\n<ul data-v-md-line=\"14\">\n<li>Smoking frequency: up to 80000 puffs<\/li>\n<li>Teor de nicotina: O teor de nicotina deste modelo n\u00e3o est\u00e1 indicado nos dados deste produto.<\/li>\n<li>Working principle: Inhalation activation<\/li>\n<li>N\u00facleo atomizador: n\u00facleo atomizador de malha de 1,0 \u03a9<\/li>\n<li>Bateria: 850mAh (17350)<\/li>\n<li>Interface de carregamento: Tipo C<\/li>\n<li>Estado: Pronto para usar assim que abrir a caixa.<\/li>\n<\/ul>\n<h2 data-v-md-heading=\"complete-flavor-lineup\" data-v-md-line=\"22\">Linha completa de sabores<\/h2>\n<p data-v-md-line=\"24\">Cada dispositivo vem com 3 sabores (conjunto combinado). As combina\u00e7\u00f5es opcionais incluem:<\/p>\n<ul data-v-md-line=\"25\">\n<li>Melancia gelada\/Morango e manga\/Banana<\/li>\n<li>Mojito de framboesa, p\u00eassego gelado\/morango, melancia\/kiwi, maracuj\u00e1, goiaba<\/li>\n<li>Melancia com morango\/Gelo de uva\/Doce arco-\u00edris<\/li>\n<li>Coca-Cola Ice\/Mirtilo Framboesa\/P\u00eassego Manga Melancia<\/li>\n<li>Mirtilos, melancias, morangos, mangas, groselhas pretas<\/li>\n<li>Sorvete de Mirtilo\/Sorvete de Drag\u00e3o Negro\/Manga e P\u00eassego<\/li>\n<li>Sorvete de mirtilo\/Morango e banana\/Frutas vermelhas mistas<\/li>\n<li>Red Bull\/Mirtilo Melancia\/Ma\u00e7\u00e3 Pera<\/li>\n<li>Red Bull\/Chiclete de Melancia\/Sorvete de Morango<\/li>\n<li>Morango com kiwi\/gelo de p\u00eassego\/cola de cereja<\/li>\n<li>Kiwi Goiaba\/Sorvete de Lichia\/Manga P\u00eassego Abacaxi<\/li>\n<li>Gelo de abacate\/Lim\u00e3o\/Melancia com framboesa<\/li>\n<\/ul>\n<h2 data-v-md-heading=\"for-you-and-your-business\" data-v-md-line=\"38\">Para voc\u00ea e sua empresa<\/h2>\n<p data-v-md-line=\"40\">Voc\u00ea pode adquirir o Bang Leader. Se voc\u00ea deseja experimentar apenas algumas combina\u00e7\u00f5es de sabores inicialmente, o kit independente de 80K atender\u00e1 \u00e0s suas necessidades. Se voc\u00ea administra uma loja, ele tamb\u00e9m \u00e9 uma escolha ideal devido \u00e0 sua \"alta resist\u00eancia \u00e0 suc\u00e7\u00e3o e variedade de sabores\", sendo conveniente para clientes que n\u00e3o querem experimentar apenas um sabor por v\u00e1rias semanas seguidas.<\/p>\n<p data-v-md-line=\"42\">Em termos de vendas por atacado, oferecemos envio em grandes quantidades e aceitamos encomendas de at\u00e9 200 unidades embaladas em caixas de papel\u00e3o (65 x 31 x 26 cm, 24 kg). Trabalhamos em parceria com empresas de log\u00edstica confi\u00e1veis \u200b\u200bna UE, para que voc\u00ea n\u00e3o precise se preocupar com procedimentos alfandeg\u00e1rios ou taxas inesperadas.<\/p>\n<h2 data-v-md-heading=\"reasons-why-you-will-like-it\" data-v-md-line=\"44\">Reasons why you will like it<\/h2>\n<ul data-v-md-line=\"45\">\n<li>Resist\u00eancia de suc\u00e7\u00e3o ultralonga: reduz o n\u00famero de substitui\u00e7\u00f5es, economizando tempo e esfor\u00e7o.<\/li>\n<li>Combina\u00e7\u00e3o de 3 sabores em 1: Quando um sabor se tornar enjoativo, ele pode ser trocado a qualquer momento.<\/li>\n<li>Recarreg\u00e1vel (Tipo C): permite que voc\u00ea utilize o dispositivo ao m\u00e1ximo e evite o descarte prematuro. Bobina de malha: garante pureza de sabor consistente por uma vida \u00fatil mais longa.<\/li>\n<\/ul>\n<h2 data-v-md-heading=\"why-choose-to-collaborate-with-agoravape\" data-v-md-line=\"49\">Por que escolher colaborar com a AgoraVape?<\/h2>\n<p data-v-md-line=\"51\">A AgoraVape preza pela autenticidade, nunca vendendo imita\u00e7\u00f5es inferiores e garantindo que voc\u00ea n\u00e3o tenha d\u00favidas sobre a qualidade dos produtos. Se voc\u00ea \u00e9 um comprador corporativo, oferecemos fornecedores confi\u00e1veis, suporte p\u00f3s-venda eficiente e servi\u00e7os de entrega personalizados para atender \u00e0s necessidades espec\u00edficas de compras de clientes na Uni\u00e3o Europeia. Deseja comprar o atomizador Bang Leader 80k 3 em 1 em grandes quantidades com desconto? Entre em contato conosco, teremos prazer em atend\u00ea-lo.<\/p>\n<p><script src=\"chrome-extension:\/\/fpelahbljekknahkcaegamhcndkfpfnc\/iFrame.js\" type=\"text\/javascript\"><\/script><\/p>","protected":false},"excerpt":{"rendered":"<p>&nbsp;<\/p>\n<p><script src=\"chrome-extension:\/\/fpelahbljekknahkcaegamhcndkfpfnc\/iFrame.js\" type=\"text\/javascript\"><\/script><\/p>\n<p><script src=\"chrome-extension:\/\/fpelahbljekknahkcaegamhcndkfpfnc\/iFrame.js\" type=\"text\/javascript\"><\/script><\/p>\n<p><script src=\"chrome-extension:\/\/fpelahbljekknahkcaegamhcndkfpfnc\/iFrame.js\" type=\"text\/javascript\"><\/script><\/p>","protected":false},"featured_media":24336,"comment_status":"open","ping_status":"closed","template":"","meta":[],"product_brand":[197],"product_cat":[124,187,185,188,189,123,1674,174,175,193,191,179,173,186,180,190],"product_tag":[],"class_list":{"0":"post-24308","1":"product","2":"type-product","3":"status-publish","4":"has-post-thumbnail","6":"product_brand-bang","7":"product_cat-vape-by-brand","8":"product_cat-0mg-nicotine-free-vapes","9":"product_cat-10000-puffs-high-capacity","10":"product_cat-10mg-low-nicotine-vapes","11":"product_cat-20mg-standard-nicotine-vapes","12":"product_cat-bang","13":"product_cat-eu-warehouse","14":"product_cat-fruit-flavors","15":"product_cat-icy-mint","16":"product_cat-mesh-coil","17":"product_cat-rechargeable-disposables","18":"product_cat-unique-blends","19":"product_cat-vape-by-flavor-profile","20":"product_cat-vape-by-nicotine-strength","21":"product_cat-vape-by-puff-count","22":"product_cat-vape-by-feature-or-type","24":"first","25":"instock","26":"shipping-taxable","27":"purchasable","28":"product-type-variable","29":"has-default-attributes"},"tiered_pricing_type":"percentage","tiered_pricing_fixed_rules":[],"tiered_pricing_product_settings":{"layout":"default","base_unit_name":{"singular":null,"plural":null},"default_variation":null},"tiered_pricing_minimum_quantity":10,"tiered_pricing_roles_data":[],"tiered_pricing_percentage_rules":{"30":"10","50":"18","100":"24","200":"28","500":"35","1000":"44"},"tiered_pricing_maximum_quantity":null,"tiered_pricing_quantity_step":"10","_links":{"self":[{"href":"https:\/\/agoravape.com\/pt\/wp-json\/wp\/v2\/product\/24308","targetHints":{"allow":["GET"]}}],"collection":[{"href":"https:\/\/agoravape.com\/pt\/wp-json\/wp\/v2\/product"}],"about":[{"href":"https:\/\/agoravape.com\/pt\/wp-json\/wp\/v2\/types\/product"}],"replies":[{"embeddable":true,"href":"https:\/\/agoravape.com\/pt\/wp-json\/wp\/v2\/comments?post=24308"}],"version-history":[{"count":0,"href":"https:\/\/agoravape.com\/pt\/wp-json\/wp\/v2\/product\/24308\/revisions"}],"wp:featuredmedia":[{"embeddable":true,"href":"https:\/\/agoravape.com\/pt\/wp-json\/wp\/v2\/media\/24336"}],"wp:attachment":[{"href":"https:\/\/agoravape.com\/pt\/wp-json\/wp\/v2\/media?parent=24308"}],"wp:term":[{"taxonomy":"product_brand","embeddable":true,"href":"https:\/\/agoravape.com\/pt\/wp-json\/wp\/v2\/product_brand?post=24308"},{"taxonomy":"product_cat","embeddable":true,"href":"https:\/\/agoravape.com\/pt\/wp-json\/wp\/v2\/product_cat?post=24308"},{"taxonomy":"product_tag","embeddable":true,"href":"https:\/\/agoravape.com\/pt\/wp-json\/wp\/v2\/product_tag?post=24308"}],"curies":[{"name":"wp","href":"https:\/\/api.w.org\/{rel}","templated":true}]}}