{"id":24338,"date":"2026-01-26T23:10:46","date_gmt":"2026-01-26T15:10:46","guid":{"rendered":"https:\/\/agoravape.com\/?post_type=product&#038;p=24338"},"modified":"2026-02-22T15:14:05","modified_gmt":"2026-02-22T14:14:05","slug":"bang-leader-85k-3in1-85000-puffs","status":"publish","type":"product","link":"https:\/\/agoravape.com\/pt\/product\/bang-leader-85k-3in1-85000-puffs\/","title":{"rendered":"Bang Leader 85k 85000 Puffs Triple Flavor Vape | Tr\u00eas sabores, um dispositivo, menos complica\u00e7\u00f5es"},"content":{"rendered":"<h2 data-v-md-heading=\"what-is-the-special-feature-of-bang-leader-85k-85000-three-flavored-vapes\" data-v-md-line=\"3\"><img loading=\"lazy\" decoding=\"async\" class=\"aligncenter size-full wp-image-24356\" src=\"https:\/\/agoravape.com\/wp-content\/uploads\/2026\/01\/Bang-Leader-85k-85000-Puffs-Triple-Flavor-Vape-Three-Flavours-One-Device-Less-Hassle_Agora_vape-5.webp\" alt=\"\" width=\"2277\" height=\"1280\" srcset=\"https:\/\/agoravape.com\/wp-content\/uploads\/2026\/01\/Bang-Leader-85k-85000-Puffs-Triple-Flavor-Vape-Three-Flavours-One-Device-Less-Hassle_Agora_vape-5.webp 2277w, https:\/\/agoravape.com\/wp-content\/uploads\/2026\/01\/Bang-Leader-85k-85000-Puffs-Triple-Flavor-Vape-Three-Flavours-One-Device-Less-Hassle_Agora_vape-5-1200x675.webp 1200w, https:\/\/agoravape.com\/wp-content\/uploads\/2026\/01\/Bang-Leader-85k-85000-Puffs-Triple-Flavor-Vape-Three-Flavours-One-Device-Less-Hassle_Agora_vape-5-300x169.webp 300w, https:\/\/agoravape.com\/wp-content\/uploads\/2026\/01\/Bang-Leader-85k-85000-Puffs-Triple-Flavor-Vape-Three-Flavours-One-Device-Less-Hassle_Agora_vape-5-1024x576.webp 1024w, https:\/\/agoravape.com\/wp-content\/uploads\/2026\/01\/Bang-Leader-85k-85000-Puffs-Triple-Flavor-Vape-Three-Flavours-One-Device-Less-Hassle_Agora_vape-5-768x432.webp 768w, https:\/\/agoravape.com\/wp-content\/uploads\/2026\/01\/Bang-Leader-85k-85000-Puffs-Triple-Flavor-Vape-Three-Flavours-One-Device-Less-Hassle_Agora_vape-5-1536x863.webp 1536w, https:\/\/agoravape.com\/wp-content\/uploads\/2026\/01\/Bang-Leader-85k-85000-Puffs-Triple-Flavor-Vape-Three-Flavours-One-Device-Less-Hassle_Agora_vape-5-2048x1151.webp 2048w, https:\/\/agoravape.com\/wp-content\/uploads\/2026\/01\/Bang-Leader-85k-85000-Puffs-Triple-Flavor-Vape-Three-Flavours-One-Device-Less-Hassle_Agora_vape-5-18x10.webp 18w\" sizes=\"auto, (max-width: 2277px) 100vw, 2277px\" \/><\/h2>\n<h2 data-v-md-heading=\"what-is-the-special-feature-of-bang-leader-85k-85000-three-flavored-vapes\" data-v-md-line=\"3\"><img loading=\"lazy\" decoding=\"async\" class=\"size-full wp-image-24367 aligncenter\" src=\"https:\/\/agoravape.com\/wp-content\/uploads\/2026\/01\/Bang-Leader-85k-85000-Puffs-Triple-Flavor-Vape-Three-Flavours-One-Device-Less-Hassle_Agora_vape-16.webp\" alt=\"\" width=\"1280\" height=\"2491\" srcset=\"https:\/\/agoravape.com\/wp-content\/uploads\/2026\/01\/Bang-Leader-85k-85000-Puffs-Triple-Flavor-Vape-Three-Flavours-One-Device-Less-Hassle_Agora_vape-16.webp 1280w, https:\/\/agoravape.com\/wp-content\/uploads\/2026\/01\/Bang-Leader-85k-85000-Puffs-Triple-Flavor-Vape-Three-Flavours-One-Device-Less-Hassle_Agora_vape-16-1200x2335.webp 1200w, https:\/\/agoravape.com\/wp-content\/uploads\/2026\/01\/Bang-Leader-85k-85000-Puffs-Triple-Flavor-Vape-Three-Flavours-One-Device-Less-Hassle_Agora_vape-16-154x300.webp 154w, https:\/\/agoravape.com\/wp-content\/uploads\/2026\/01\/Bang-Leader-85k-85000-Puffs-Triple-Flavor-Vape-Three-Flavours-One-Device-Less-Hassle_Agora_vape-16-526x1024.webp 526w, https:\/\/agoravape.com\/wp-content\/uploads\/2026\/01\/Bang-Leader-85k-85000-Puffs-Triple-Flavor-Vape-Three-Flavours-One-Device-Less-Hassle_Agora_vape-16-768x1495.webp 768w, https:\/\/agoravape.com\/wp-content\/uploads\/2026\/01\/Bang-Leader-85k-85000-Puffs-Triple-Flavor-Vape-Three-Flavours-One-Device-Less-Hassle_Agora_vape-16-789x1536.webp 789w, https:\/\/agoravape.com\/wp-content\/uploads\/2026\/01\/Bang-Leader-85k-85000-Puffs-Triple-Flavor-Vape-Three-Flavours-One-Device-Less-Hassle_Agora_vape-16-1052x2048.webp 1052w, https:\/\/agoravape.com\/wp-content\/uploads\/2026\/01\/Bang-Leader-85k-85000-Puffs-Triple-Flavor-Vape-Three-Flavours-One-Device-Less-Hassle_Agora_vape-16-6x12.webp 6w\" sizes=\"auto, (max-width: 1280px) 100vw, 1280px\" \/><\/h2>\n<h2 data-v-md-heading=\"what-is-the-special-feature-of-bang-leader-85k-85000-three-flavored-vapes\" data-v-md-line=\"3\">Qual \u00e9 a caracter\u00edstica especial dos vapes Bang Leader 85k 85000 com tr\u00eas sabores?<\/h2>\n<p data-v-md-line=\"5\">Se voc\u00ea est\u00e1 cansado de comprar um novo vape descart\u00e1vel a cada poucos dias, o Bang Leader 85k foi feito para dar asas \u00e0 sua paci\u00eancia. Este vape descart\u00e1vel de alta capacidade foi projetado para ser dur\u00e1vel e de longa dura\u00e7\u00e3o, e cada dispositivo cont\u00e9m tr\u00eas sabores, permitindo que voc\u00ea aproveite ainda mais.<\/p>\n<p data-v-md-line=\"7\">\u00c9 isso que realmente importa para as pessoas. Voc\u00ea n\u00e3o precisa se limitar a usar apenas um sabor at\u00e9 terminar. Quer um sabor frutado agora e um sabor de bolhas mais tarde? Voc\u00ea pode alternar a qualquer momento sem precisar carregar tr\u00eas vapes. Voc\u00ea pode achar que um dispositivo de 85k seria pesado como um tijolo no bolso, mas considerando sua capacidade, o controle de peso \u00e9 bastante razo\u00e1vel.<\/p>\n<h2 data-v-md-heading=\"excellent-performance-and-easy-operation\" data-v-md-line=\"9\">Excelente desempenho e opera\u00e7\u00e3o f\u00e1cil.<\/h2>\n<p data-v-md-line=\"11\">A filosofia de design da Bang &amp; Olufsen \u00e9 a simplicidade: pode ser ativada por inala\u00e7\u00e3o, sem a necessidade de bot\u00f5es ou menus complicados. Possui um n\u00facleo atomizador de malha de 1,0 \u03a9 integrado, o que significa que o sabor \u00e9 mais est\u00e1vel e n\u00e3o se deteriora drasticamente ap\u00f3s um ou dois dias, como acontece com outros produtos.<\/p>\n<p data-v-md-line=\"13\">Considerando que dispositivos de grande calibre precisam ser carregados, ele vem equipado com uma interface de carregamento Tipo-C. Quando a bateria estiver fraca, basta usar o mesmo cabo de dados que voc\u00ea usa normalmente para carregar o celular. F\u00e1cil de usar.<\/p>\n<h2 data-v-md-heading=\"quick-specifications\" data-v-md-line=\"15\">Especifica\u00e7\u00f5es r\u00e1pidas<\/h2>\n<ul data-v-md-line=\"16\">\n<li>Frequ\u00eancia de consumo: at\u00e9 85.000 tragadas<\/li>\n<li>Capacidade da bateria: 850mAh (bateria 17350)<\/li>\n<li>N\u00facleo atomizador: n\u00facleo atomizador de malha de 1,0 \u03a9<\/li>\n<li>Modo de usar: Inale para ativar.<\/li>\n<li>Interface de carregamento: Tipo C<\/li>\n<li>Status: Pronto para usar assim que sai da caixa<\/li>\n<li>Outros: Suporta personaliza\u00e7\u00e3o OEM\/ODM (aplic\u00e1vel a grandes atacadistas)<\/li>\n<\/ul>\n<h2 data-v-md-heading=\"complete-flavor-lineup\" data-v-md-line=\"24\">Linha completa de sabores<\/h2>\n<p data-v-md-line=\"26\">Cada um dos seguintes sabores \u00e9 uma combina\u00e7\u00e3o tr\u00eas em um (um dispositivo cont\u00e9m tr\u00eas sabores):<\/p>\n<ul data-v-md-line=\"27\">\n<li>Sorvete de uva \/ Morango e kiwi \/ Maracuj\u00e1 e goiaba<\/li>\n<li>Chiclete de morango gelado \/ lim\u00e3o e laranja \/ melancia<\/li>\n<li>Gelo de Melancia \/ Manga e P\u00eassego \/ Refrigerante de Laranja<\/li>\n<li>Gelo de Abacaxi \/ Red Bull de Morango \/ Mix de Frutas Vermelhas<\/li>\n<li>Red Bull \/ Melancia com Mirtilo \/ Sorvete de Morango<\/li>\n<li>Coca-Cola Gelada \/ Ma\u00e7\u00e3 com P\u00eassego \/ Limonada Rosa<\/li>\n<li>Sorvete de Banana \/ Melancia com Morango \/ Goma de Urso<\/li>\n<li>Gelo de Mirtilo \/ Framboesa Azul \/ Pera Arom\u00e1tica<\/li>\n<li>Frutas Mistas \/ Mojito de P\u00eassego \/ Mirtilo e Framboesa<\/li>\n<li>Gelo do Drag\u00e3o Negro \/ Marshmallow \/ Sonho de Ver\u00e3o<\/li>\n<li>Morango com Framboesa \/ Groselha Preta \/ Morango com Banana<\/li>\n<li>Melancia com Morango \/ Coca-Cola Cereja \/ Creme de Morango<\/li>\n<li>Sorvete de Ma\u00e7\u00e3 Vermelha \/ Melancia com Framboesa \/ Uva com Aloe Vera<\/li>\n<li>Cereja, Cranberry \/ P\u00eassego, Manga \/ Abacaxi<\/li>\n<li>Amor 666 \/ Mirtilo e Framboesa \/ Vimto<\/li>\n<\/ul>\n<h2 data-v-md-heading=\"for-you-and-your-business\" data-v-md-line=\"43\">Para voc\u00ea e sua empresa<\/h2>\n<p data-v-md-line=\"45\">Voc\u00ea pode adquirir o Bang Leader 85k para uso pessoal, mas ele tamb\u00e9m \u00e9 um produto de alta rotatividade muito pr\u00e1tico para lojas. Os clientes preferem uma variedade de op\u00e7\u00f5es, e o \"Triple Flavor\" \u00e9 muito popular no balc\u00e3o porque resolve um problema pr\u00e1tico: a facilidade de enjoar durante o uso.<\/p>\n<p data-v-md-line=\"47\">Para vendas por atacado, esses produtos s\u00e3o embalados em caixas com 200 unidades (dimens\u00f5es da caixa: 51,5 x 51,5 x 30,5 cm, peso total: 29 kg). Caso precise vender em grandes quantidades, essas informa\u00e7\u00f5es de embalagem podem facilitar o planejamento de armazenagem e transporte.<\/p>\n<h2 data-v-md-heading=\"the-reason-why-you-will-like-it\" data-v-md-line=\"49\">O motivo pelo qual voc\u00ea vai gostar disso<\/h2>\n<ul data-v-md-line=\"50\">\n<li>Bateria de longa dura\u00e7\u00e3o: Maior vida \u00fatil, sem necessidade de substitui\u00e7\u00e3o frequente.<\/li>\n<li>Combina\u00e7\u00e3o tripla de sabores: N\u00e3o \u00e9 necess\u00e1rio comprar nada adicional para manter o frescor.<\/li>\n<li>Recarreg\u00e1vel (Tipo C): Aproveite ao m\u00e1ximo seus recursos<\/li>\n<li>N\u00facleo do atomizador em malha: mant\u00e9m o sabor est\u00e1vel e n\u00e3o se dissipa facilmente.<\/li>\n<\/ul>\n<h2 data-v-md-heading=\"why-choose-to-collaborate-with-agoravape\" data-v-md-line=\"55\">Por que escolher colaborar com a AgoraVape?<\/h2>\n<p data-v-md-line=\"57\">Na AgoraVape, seguimos o princ\u00edpio de vender apenas produtos genu\u00ednos e jamais recorrer a fraudes. Se voc\u00ea comprar para sua loja, forneceremos respostas diretas, pre\u00e7os de atacado altamente competitivos e servi\u00e7os de fornecimento confi\u00e1veis, incluindo os vapes Bang Leader 85k 85000 com tr\u00eas sabores.<\/p>\n<p><script src=\"chrome-extension:\/\/fpelahbljekknahkcaegamhcndkfpfnc\/iFrame.js\" type=\"text\/javascript\"><\/script><\/p>","protected":false},"excerpt":{"rendered":"<p>&nbsp;<\/p>\n<p><script src=\"chrome-extension:\/\/fpelahbljekknahkcaegamhcndkfpfnc\/iFrame.js\" type=\"text\/javascript\"><\/script><\/p>\n<p><script src=\"chrome-extension:\/\/fpelahbljekknahkcaegamhcndkfpfnc\/iFrame.js\" type=\"text\/javascript\"><\/script><\/p>\n<p><script src=\"chrome-extension:\/\/fpelahbljekknahkcaegamhcndkfpfnc\/iFrame.js\" type=\"text\/javascript\"><\/script><\/p>\n<p><script src=\"chrome-extension:\/\/fpelahbljekknahkcaegamhcndkfpfnc\/iFrame.js\" type=\"text\/javascript\"><\/script><\/p>","protected":false},"featured_media":24368,"comment_status":"open","ping_status":"closed","template":"","meta":[],"product_brand":[197],"product_cat":[124,187,185,188,189,123,174,175,193,191,179,173,186,180,190,192],"product_tag":[],"class_list":{"0":"post-24338","1":"product","2":"type-product","3":"status-publish","4":"has-post-thumbnail","6":"product_brand-bang","7":"product_cat-vape-by-brand","8":"product_cat-0mg-nicotine-free-vapes","9":"product_cat-10000-puffs-high-capacity","10":"product_cat-10mg-low-nicotine-vapes","11":"product_cat-20mg-standard-nicotine-vapes","12":"product_cat-bang","13":"product_cat-fruit-flavors","14":"product_cat-icy-mint","15":"product_cat-mesh-coil","16":"product_cat-rechargeable-disposables","17":"product_cat-unique-blends","18":"product_cat-vape-by-flavor-profile","19":"product_cat-vape-by-nicotine-strength","20":"product_cat-vape-by-puff-count","21":"product_cat-vape-by-feature-or-type","22":"product_cat-vapes-with-screens","24":"first","25":"instock","26":"shipping-taxable","27":"purchasable","28":"product-type-variable","29":"has-default-attributes"},"tiered_pricing_type":"percentage","tiered_pricing_fixed_rules":[],"tiered_pricing_product_settings":{"layout":"default","base_unit_name":{"singular":null,"plural":null},"default_variation":null},"tiered_pricing_minimum_quantity":10,"tiered_pricing_roles_data":[],"tiered_pricing_percentage_rules":{"30":"9","50":"17","100":"23","200":"26","500":"29","1000":"38"},"tiered_pricing_maximum_quantity":null,"tiered_pricing_quantity_step":"10","_links":{"self":[{"href":"https:\/\/agoravape.com\/pt\/wp-json\/wp\/v2\/product\/24338","targetHints":{"allow":["GET"]}}],"collection":[{"href":"https:\/\/agoravape.com\/pt\/wp-json\/wp\/v2\/product"}],"about":[{"href":"https:\/\/agoravape.com\/pt\/wp-json\/wp\/v2\/types\/product"}],"replies":[{"embeddable":true,"href":"https:\/\/agoravape.com\/pt\/wp-json\/wp\/v2\/comments?post=24338"}],"version-history":[{"count":0,"href":"https:\/\/agoravape.com\/pt\/wp-json\/wp\/v2\/product\/24338\/revisions"}],"wp:featuredmedia":[{"embeddable":true,"href":"https:\/\/agoravape.com\/pt\/wp-json\/wp\/v2\/media\/24368"}],"wp:attachment":[{"href":"https:\/\/agoravape.com\/pt\/wp-json\/wp\/v2\/media?parent=24338"}],"wp:term":[{"taxonomy":"product_brand","embeddable":true,"href":"https:\/\/agoravape.com\/pt\/wp-json\/wp\/v2\/product_brand?post=24338"},{"taxonomy":"product_cat","embeddable":true,"href":"https:\/\/agoravape.com\/pt\/wp-json\/wp\/v2\/product_cat?post=24338"},{"taxonomy":"product_tag","embeddable":true,"href":"https:\/\/agoravape.com\/pt\/wp-json\/wp\/v2\/product_tag?post=24338"}],"curies":[{"name":"wp","href":"https:\/\/api.w.org\/{rel}","templated":true}]}}