{"id":24374,"date":"2026-01-26T23:24:03","date_gmt":"2026-01-26T15:24:03","guid":{"rendered":"https:\/\/agoravape.com\/?post_type=product&#038;p=24374"},"modified":"2026-03-21T12:43:59","modified_gmt":"2026-03-21T11:43:59","slug":"bang-leader-100k-4in1-100000-puffs","status":"publish","type":"product","link":"https:\/\/agoravape.com\/pt\/product\/bang-leader-100k-4in1-100000-puffs\/","title":{"rendered":"Bang Leader 100k 100000 Puffs 4 em 1 Multi Sabores | Quatro sabores, um dispositivo, menos complica\u00e7\u00f5es"},"content":{"rendered":"<h2 data-v-md-heading=\"what-is-the-special-feature-of-bang-leader-100k-100000-mouth-4-in-1-multi-flavor\" data-v-md-line=\"3\"><img loading=\"lazy\" decoding=\"async\" class=\"aligncenter size-full wp-image-24401\" src=\"https:\/\/agoravape.com\/wp-content\/uploads\/2026\/01\/Bang-Leader-100k-100000-Puffs-4in1-Multi-Flavor-Four-Flavours-One-Device-Less-Hassle_Agora_vape-11-scaled.webp\" alt=\"\" width=\"1371\" height=\"2560\" srcset=\"https:\/\/agoravape.com\/wp-content\/uploads\/2026\/01\/Bang-Leader-100k-100000-Puffs-4in1-Multi-Flavor-Four-Flavours-One-Device-Less-Hassle_Agora_vape-11-scaled.webp 1371w, https:\/\/agoravape.com\/wp-content\/uploads\/2026\/01\/Bang-Leader-100k-100000-Puffs-4in1-Multi-Flavor-Four-Flavours-One-Device-Less-Hassle_Agora_vape-11-scaled-1200x2241.webp 1200w, https:\/\/agoravape.com\/wp-content\/uploads\/2026\/01\/Bang-Leader-100k-100000-Puffs-4in1-Multi-Flavor-Four-Flavours-One-Device-Less-Hassle_Agora_vape-11-161x300.webp 161w, https:\/\/agoravape.com\/wp-content\/uploads\/2026\/01\/Bang-Leader-100k-100000-Puffs-4in1-Multi-Flavor-Four-Flavours-One-Device-Less-Hassle_Agora_vape-11-548x1024.webp 548w, https:\/\/agoravape.com\/wp-content\/uploads\/2026\/01\/Bang-Leader-100k-100000-Puffs-4in1-Multi-Flavor-Four-Flavours-One-Device-Less-Hassle_Agora_vape-11-768x1434.webp 768w, https:\/\/agoravape.com\/wp-content\/uploads\/2026\/01\/Bang-Leader-100k-100000-Puffs-4in1-Multi-Flavor-Four-Flavours-One-Device-Less-Hassle_Agora_vape-11-823x1536.webp 823w, https:\/\/agoravape.com\/wp-content\/uploads\/2026\/01\/Bang-Leader-100k-100000-Puffs-4in1-Multi-Flavor-Four-Flavours-One-Device-Less-Hassle_Agora_vape-11-1097x2048.webp 1097w, https:\/\/agoravape.com\/wp-content\/uploads\/2026\/01\/Bang-Leader-100k-100000-Puffs-4in1-Multi-Flavor-Four-Flavours-One-Device-Less-Hassle_Agora_vape-11-6x12.webp 6w\" sizes=\"auto, (max-width: 1371px) 100vw, 1371px\" \/><\/h2>\n<h2 data-v-md-heading=\"what-is-the-special-feature-of-bang-leader-100k-100000-mouth-4-in-1-multi-flavor\" data-v-md-line=\"3\">Qual \u00e9 a caracter\u00edstica especial do Bang Leader 100k 100000 boca 4 em 1 multi sabor?<\/h2>\n<p data-v-md-line=\"5\">Se voc\u00ea est\u00e1 cansado de usar apenas um sabor o dia todo, este produto vai facilitar sua vida. O Bang Leader 100k \u00e9 um vaporizador descart\u00e1vel de alta capacidade que permite experimentar quatro sabores diferentes com apenas um dispositivo, possibilitando a troca de sabores a qualquer hora e em qualquer lugar \u2013 sem precisar carregar cartuchos extras ou comprar v\u00e1rios vaporizadores diferentes para manter a variedade.<\/p>\n<p data-v-md-line=\"7\">Mais uma surpresa: voc\u00ea pode achar que um dispositivo com capacidade para 100.000 portas seria pesado como um tijolo no bolso, mas, na verdade, \u00e9 muito f\u00e1cil de transportar. Este produto foi projetado para quem busca durabilidade, facilidade de uso e quer evitar a necessidade de \"comprar, descartar e comprar de novo\".<\/p>\n<h2 data-v-md-heading=\"excellent-performance-and-easy-operation\" data-v-md-line=\"9\">Excelente desempenho e opera\u00e7\u00e3o f\u00e1cil.<\/h2>\n<p data-v-md-line=\"11\">Possui uma bobina de malha de 1,0 \u03a9 integrada, o que significa que o sabor permanece consistente e n\u00e3o se deteriora em um curto per\u00edodo de tempo como acontece com outros vapes. Quando a bateria estiver fraca, voc\u00ea pode usar a interface Tipo-C para carregar \u2013 a mesma interface que a maioria das pessoas usa para carregar seus celulares. N\u00e3o \u00e9 necess\u00e1rio um carregador especial, e o uso \u00e9 bastante pr\u00e1tico.<\/p>\n<h2 data-v-md-heading=\"quick-specifications\" data-v-md-line=\"13\">Especifica\u00e7\u00f5es r\u00e1pidas<\/h2>\n<ul data-v-md-line=\"14\">\n<li>Frequ\u00eancia de consumo: at\u00e9 100.000 tragadas<\/li>\n<li>Teor de nicotina: (n\u00e3o explicitamente indicado nos dados do produto \u2013 consulte-nos para confirmarmos as op\u00e7\u00f5es de estoque dispon\u00edveis)<\/li>\n<li>Modo de usar: Inale para ativar.<\/li>\n<li>M\u00e9todo de carregamento: Interface USB Tipo-C<\/li>\n<li>Capacidade da bateria: 850mAh (17350)<\/li>\n<li>N\u00facleo atomizador: n\u00facleo atomizador de malha de 1,0 \u03a9<\/li>\n<li>Estado do produto: Pronto para uso imediato.<\/li>\n<li>Peso unit\u00e1rio: 137,8 gramas<\/li>\n<\/ul>\n<h2 data-v-md-heading=\"complete-flavor-lineup\" data-v-md-line=\"23\">Linha completa de sabores<\/h2>\n<p data-v-md-line=\"25\">Como este \u00e9 um vaporizador quatro em um, os sabores s\u00e3o oferecidos em quatro combina\u00e7\u00f5es diferentes (voc\u00ea ter\u00e1 os quatro sabores no mesmo dispositivo). Aqui est\u00e3o algumas combina\u00e7\u00f5es de sabores confirmadas:<\/p>\n<ul data-v-md-line=\"26\">\n<li>Lim\u00e3o e Lima \/ Melancia Gelada \/ Drag\u00e3o Negro Gelado \/ Pitaya e Morango \/ Amor 666<\/li>\n<li>Baunilha Cola \/ Lim\u00e3o P\u00eassego \/ Morango Framboesa Cereja Gelada \/ Uva Gelada<\/li>\n<li>Explos\u00e3o de Uva \/ Gelo de Lichia \/ P\u00eassego com Frutas Vermelhas \/ Kiwi com Maracuj\u00e1 e Goiaba<\/li>\n<li>Gelo de Melancia \/ Morango e Manga \/ Gelo de Mirtilo \/ Cereja com G\u00e1s<\/li>\n<li>Morango e Melancia \/ Cola com Cereja \/ P\u00eassego Gelado Suculento \/ Refresco de Toranja<\/li>\n<li>Lim\u00e3o e Lima \/ Sorvete de Morango \/ Melancia com Framboesa \/ Cereja com G\u00e1s<\/li>\n<li>Limonada rosa \/ Kiwi, maracuj\u00e1 e goiaba \/ P\u00eassego e frutas vermelhas \/ Morango e banana<\/li>\n<li>Morango e Manga \/ Limonada de Framboesa Azul \/ Sorvete de Baunilha \/ Frutas Vermelhas Azedas<\/li>\n<li>Chiclete de Frutas Vermelhas \/ Cereja com Lim\u00e3o \/ Morango com Kiwi \/ Morango com Melancia<\/li>\n<li>Mojito \/ Monster Mango \/ Lady Killer \/ Limonada Rosa<\/li>\n<\/ul>\n<h2 data-v-md-heading=\"suitable-for-you-and-your-business\" data-v-md-line=\"37\">Ideal para voc\u00ea e para o seu neg\u00f3cio.<\/h2>\n<p data-v-md-line=\"39\">Se for para uso pessoal, voc\u00ea pode comprar o Bang Leader 100k separadamente. Se voc\u00ea tem uma loja ou vende online, a compra no atacado tamb\u00e9m \u00e9 uma boa op\u00e7\u00e3o, pois os clientes gostam do conceito de \"um dispositivo, quatro sabores\" \u2013 isso pode reduzir a satura\u00e7\u00e3o de sabores.<\/p>\n<p data-v-md-line=\"41\">Em termos de vendas por atacado, a embalagem comporta 200 unidades por caixa (dimens\u00f5es da caixa: 51,5 \u00d7 51,5 \u00d7 30,5 cm, peso total: 30 kg). Trabalhamos com rotas de envio confi\u00e1veis \u200b\u200bna UE e com as principais transportadoras, como DHL, DPD e UPS, para garantir que voc\u00ea n\u00e3o tenha problemas na alf\u00e2ndega.<\/p>\n<h2 data-v-md-heading=\"reasons-why-you-will-like-it\" data-v-md-line=\"43\">Reasons why you will like it<\/h2>\n<ul data-v-md-line=\"44\">\n<li>Dur\u00e1vel: Bateria de longa dura\u00e7\u00e3o, sem necessidade de trocar os vapes com frequ\u00eancia.<\/li>\n<li>Quatro sabores: Quando voc\u00ea se cansar dos sabores, poder\u00e1 troc\u00e1-los a qualquer momento.<\/li>\n<li>Interface de carregamento Tipo C: Conveniente para que voc\u00ea possa utilizar o dispositivo ao m\u00e1ximo e evitar o descarte prematuro.<\/li>\n<li>N\u00facleo do atomizador em malha: garante um sabor consistente.<\/li>\n<\/ul>\n<h2 data-v-md-heading=\"why-choose-agoravape\" data-v-md-line=\"49\">Por que escolher a AgoraVape?<\/h2>\n<p data-v-md-line=\"51\">Priorizamos a simplicidade: garantia de produto 100% genu\u00edno, suporte conveniente para vendas no atacado e entrega log\u00edstica europeia r\u00e1pida e confi\u00e1vel. Se voc\u00ea deseja distribuir o creme dental multissabores 4 em 1 Bang Leader 100k e conquistar a fidelidade dos clientes gra\u00e7as \u00e0 sua praticidade, entre em contato conosco e providenciaremos o pre\u00e7o e o fornecimento.<\/p>\n<p><script src=\"chrome-extension:\/\/fpelahbljekknahkcaegamhcndkfpfnc\/iFrame.js\" type=\"text\/javascript\"><\/script><\/p>","protected":false},"excerpt":{"rendered":"<p>&nbsp;<\/p>\n<p><script src=\"chrome-extension:\/\/fpelahbljekknahkcaegamhcndkfpfnc\/iFrame.js\" type=\"text\/javascript\"><\/script><\/p>\n<p><script src=\"chrome-extension:\/\/fpelahbljekknahkcaegamhcndkfpfnc\/iFrame.js\" type=\"text\/javascript\"><\/script><\/p>\n<p><script src=\"chrome-extension:\/\/fpelahbljekknahkcaegamhcndkfpfnc\/iFrame.js\" type=\"text\/javascript\"><\/script><\/p>\n<p><script src=\"chrome-extension:\/\/fpelahbljekknahkcaegamhcndkfpfnc\/iFrame.js\" type=\"text\/javascript\"><\/script><\/p>\n<p><script src=\"chrome-extension:\/\/fpelahbljekknahkcaegamhcndkfpfnc\/iFrame.js\" type=\"text\/javascript\"><\/script><\/p>","protected":false},"featured_media":24400,"comment_status":"open","ping_status":"closed","template":"","meta":[],"product_brand":[197],"product_cat":[124,187,185,188,189,123,1674,174,175,193,191,179,173,186,180,190,192],"product_tag":[],"class_list":{"0":"post-24374","1":"product","2":"type-product","3":"status-publish","4":"has-post-thumbnail","6":"product_brand-bang","7":"product_cat-vape-by-brand","8":"product_cat-0mg-nicotine-free-vapes","9":"product_cat-10000-puffs-high-capacity","10":"product_cat-10mg-low-nicotine-vapes","11":"product_cat-20mg-standard-nicotine-vapes","12":"product_cat-bang","13":"product_cat-eu-warehouse","14":"product_cat-fruit-flavors","15":"product_cat-icy-mint","16":"product_cat-mesh-coil","17":"product_cat-rechargeable-disposables","18":"product_cat-unique-blends","19":"product_cat-vape-by-flavor-profile","20":"product_cat-vape-by-nicotine-strength","21":"product_cat-vape-by-puff-count","22":"product_cat-vape-by-feature-or-type","23":"product_cat-vapes-with-screens","25":"first","26":"instock","27":"shipping-taxable","28":"purchasable","29":"product-type-variable","30":"has-default-attributes"},"tiered_pricing_type":"percentage","tiered_pricing_fixed_rules":[],"tiered_pricing_product_settings":{"layout":"default","base_unit_name":{"singular":null,"plural":null},"default_variation":null},"tiered_pricing_minimum_quantity":10,"tiered_pricing_roles_data":[],"tiered_pricing_percentage_rules":{"30":"9","50":"17","100":"23","200":"25","500":"28","1000":"33"},"tiered_pricing_maximum_quantity":null,"tiered_pricing_quantity_step":"10","_links":{"self":[{"href":"https:\/\/agoravape.com\/pt\/wp-json\/wp\/v2\/product\/24374","targetHints":{"allow":["GET"]}}],"collection":[{"href":"https:\/\/agoravape.com\/pt\/wp-json\/wp\/v2\/product"}],"about":[{"href":"https:\/\/agoravape.com\/pt\/wp-json\/wp\/v2\/types\/product"}],"replies":[{"embeddable":true,"href":"https:\/\/agoravape.com\/pt\/wp-json\/wp\/v2\/comments?post=24374"}],"version-history":[{"count":0,"href":"https:\/\/agoravape.com\/pt\/wp-json\/wp\/v2\/product\/24374\/revisions"}],"wp:featuredmedia":[{"embeddable":true,"href":"https:\/\/agoravape.com\/pt\/wp-json\/wp\/v2\/media\/24400"}],"wp:attachment":[{"href":"https:\/\/agoravape.com\/pt\/wp-json\/wp\/v2\/media?parent=24374"}],"wp:term":[{"taxonomy":"product_brand","embeddable":true,"href":"https:\/\/agoravape.com\/pt\/wp-json\/wp\/v2\/product_brand?post=24374"},{"taxonomy":"product_cat","embeddable":true,"href":"https:\/\/agoravape.com\/pt\/wp-json\/wp\/v2\/product_cat?post=24374"},{"taxonomy":"product_tag","embeddable":true,"href":"https:\/\/agoravape.com\/pt\/wp-json\/wp\/v2\/product_tag?post=24374"}],"curies":[{"name":"wp","href":"https:\/\/api.w.org\/{rel}","templated":true}]}}