{"id":24403,"date":"2026-01-26T23:35:02","date_gmt":"2026-01-26T15:35:02","guid":{"rendered":"https:\/\/agoravape.com\/?post_type=product&#038;p=24403"},"modified":"2026-03-14T16:22:20","modified_gmt":"2026-03-14T15:22:20","slug":"lider-bang-110k-110000-puffs","status":"publish","type":"product","link":"https:\/\/agoravape.com\/pt\/product\/bang-leader-110k-110000-puffs\/","title":{"rendered":"Bang Leader 110k, 110.000 puffs, vaporizador de alta capacidade | Sabor duradouro, menos trocas"},"content":{"rendered":"<h2 data-v-md-heading=\"what-is-the-special-feature-of-bang-leader-s-110k-110000-large-capacity-vape\" data-v-md-line=\"3\"><img loading=\"lazy\" decoding=\"async\" class=\"aligncenter size-full wp-image-24418\" src=\"https:\/\/agoravape.com\/wp-content\/uploads\/2026\/01\/Bang-Leader-110k-110000-Puffs-High-Capacity-Vape-Long-Run-Flavour-Fewer-Replacements_Agora_vape-4-scaled.webp\" alt=\"\" width=\"1223\" height=\"2560\" srcset=\"https:\/\/agoravape.com\/wp-content\/uploads\/2026\/01\/Bang-Leader-110k-110000-Puffs-High-Capacity-Vape-Long-Run-Flavour-Fewer-Replacements_Agora_vape-4-scaled.webp 1223w, https:\/\/agoravape.com\/wp-content\/uploads\/2026\/01\/Bang-Leader-110k-110000-Puffs-High-Capacity-Vape-Long-Run-Flavour-Fewer-Replacements_Agora_vape-4-scaled-1200x2512.webp 1200w, https:\/\/agoravape.com\/wp-content\/uploads\/2026\/01\/Bang-Leader-110k-110000-Puffs-High-Capacity-Vape-Long-Run-Flavour-Fewer-Replacements_Agora_vape-4-143x300.webp 143w, https:\/\/agoravape.com\/wp-content\/uploads\/2026\/01\/Bang-Leader-110k-110000-Puffs-High-Capacity-Vape-Long-Run-Flavour-Fewer-Replacements_Agora_vape-4-489x1024.webp 489w, https:\/\/agoravape.com\/wp-content\/uploads\/2026\/01\/Bang-Leader-110k-110000-Puffs-High-Capacity-Vape-Long-Run-Flavour-Fewer-Replacements_Agora_vape-4-768x1607.webp 768w, https:\/\/agoravape.com\/wp-content\/uploads\/2026\/01\/Bang-Leader-110k-110000-Puffs-High-Capacity-Vape-Long-Run-Flavour-Fewer-Replacements_Agora_vape-4-734x1536.webp 734w, https:\/\/agoravape.com\/wp-content\/uploads\/2026\/01\/Bang-Leader-110k-110000-Puffs-High-Capacity-Vape-Long-Run-Flavour-Fewer-Replacements_Agora_vape-4-979x2048.webp 979w, https:\/\/agoravape.com\/wp-content\/uploads\/2026\/01\/Bang-Leader-110k-110000-Puffs-High-Capacity-Vape-Long-Run-Flavour-Fewer-Replacements_Agora_vape-4-6x12.webp 6w\" sizes=\"auto, (max-width: 1223px) 100vw, 1223px\" \/><\/h2>\n<h2 data-v-md-heading=\"what-is-the-special-feature-of-bang-leader-s-110k-110000-large-capacity-vape\" data-v-md-line=\"3\">Qual \u00e9 a caracter\u00edstica especial do vaporizador de grande capacidade 110k 110000 da Bang Leader?<\/h2>\n<p data-v-md-line=\"5\">Se voc\u00ea est\u00e1 cansado daqueles vapes que n\u00e3o funcionam bem logo ap\u00f3s o uso, o Bang Leader 110K \u00e9 definitivamente a escolha ideal. Ele foi projetado especificamente para usu\u00e1rios que desejam um vape de alta capacidade, confi\u00e1vel e que pode ser usado continuamente sem a necessidade de trocas frequentes.<\/p>\n<p data-v-md-line=\"7\">E o mais inesperado \u00e9 que voc\u00ea pode achar que segurar um vaporizador de alta capacidade como esse seria t\u00e3o pesado quanto segurar um tijolo. Mas, surpreendentemente, ele \u00e9 f\u00e1cil de segurar, com uma sensa\u00e7\u00e3o s\u00f3lida e est\u00e1vel (cerca de 140 gramas), sem qualquer impress\u00e3o de ser um \"vape descart\u00e1vel barato\".<\/p>\n<h2 data-v-md-heading=\"excellent-performance-and-easy-operation\" data-v-md-line=\"9\">Excelente desempenho e opera\u00e7\u00e3o f\u00e1cil.<\/h2>\n<p data-v-md-line=\"11\">O design do Bang \u00e9 conciso e claro. Possui uma bobina de malha de 1,0 \u03a9 integrada, o que significa que o sabor \u00e9 mais est\u00e1vel e n\u00e3o se torna insosso ou sem sabor ap\u00f3s um curto per\u00edodo de uso, como acontece com outros produtos. Quando a bateria estiver fraca, n\u00e3o h\u00e1 necessidade de usar cabos especiais. Ele adota carregamento Tipo-C, ent\u00e3o voc\u00ea pode usar o mesmo cabo de carregamento para o uso di\u00e1rio.<\/p>\n<h2 data-v-md-heading=\"quick-specifications\" data-v-md-line=\"13\">Especifica\u00e7\u00f5es r\u00e1pidas<\/h2>\n<ul data-v-md-line=\"14\">\n<li>Frequ\u00eancia de tabagismo: at\u00e9 110.000 cigarros<\/li>\n<li>Bateria: 850mAh (bateria 17350)<\/li>\n<li>N\u00facleo atomizador: n\u00facleo atomizador de malha de 1,0 \u03a9<\/li>\n<li>Modo de usar: Inale para ativar.<\/li>\n<li>Interface de carregamento: Interface Tipo-C<\/li>\n<li>Status: Pronto para usar assim que sai da caixa<\/li>\n<li>Peso unit\u00e1rio: 140 gramas<\/li>\n<\/ul>\n<h2 data-v-md-heading=\"rich-flavor-options\" data-v-md-line=\"22\">Op\u00e7\u00f5es de sabor ricas<\/h2>\n<p data-v-md-line=\"24\">O Bang Leader 110K oferece uma combina\u00e7\u00e3o de tr\u00eas sabores em um (um dispositivo cont\u00e9m tr\u00eas sabores). Os seguintes sabores s\u00e3o opcionais:<\/p>\n<ul data-v-md-line=\"25\">\n<li>Gelo de Melancia \/ Morango Mamba \/ Morango com Melancia<\/li>\n<li>Fuji Ice \/ Ma\u00e7\u00e3 e Uva \/ Cereja e Rom\u00e3<\/li>\n<li>Sorvete de mirtilo \/ Lim\u00e3o com framboesa \/ Chiclete de melancia<\/li>\n<li>Mirtilos, framboesas \/ abacaxi azedo, laranjas \/ framboesas, melancias<\/li>\n<li>Sorvete de uva \/ Manga com p\u00eassego \/ Mirtilo com melancia<\/li>\n<li>Sorvete de morango \/ P\u00eassego com lim\u00e3o \/ Kiwi com maracuj\u00e1 e goiaba<\/li>\n<li>Abacaxi com Coco \/ Mirtilo com Red Bull \/ Gelo de Melancia<\/li>\n<li>Morango e Kiwi \/ Mirtilo e Coco \/ Frutas Vermelhas<\/li>\n<li>Romance de Lim\u00e3o \/ Mirtilo e Framboesa \/ P\u00eassego e Mentol<\/li>\n<li>Sorvete de p\u00eassego \/ Sorvete de abacaxi e groselha preta \/ Sorvete de ma\u00e7\u00e3 verde e kiwi<\/li>\n<\/ul>\n<h2 data-v-md-heading=\"suitable-for-you-and-your-business\" data-v-md-line=\"36\">Ideal para voc\u00ea e para o seu neg\u00f3cio.<\/h2>\n<p data-v-md-line=\"38\">Voc\u00ea pode adquirir facilmente o Bang Leader 110K para uso pessoal. Se voc\u00ea for um varejista ou distribuidor, tamb\u00e9m oferecemos embalagens a granel: 200 unidades por caixa (dimens\u00f5es da caixa: 51,5 \u00d7 51,5 \u00d7 30,5 cm, peso total da caixa: 28 kg).<\/p>\n<p data-v-md-line=\"40\">A AgoraVape est\u00e1 empenhada em fornecer servi\u00e7os de entrega na Europa sem problemas. Isso significa op\u00e7\u00f5es de envio DDP confi\u00e1veis \u200b\u200bap\u00f3s o pagamento dos impostos, e trabalhamos com parceiros log\u00edsticos experientes como DHL, DPD e UPS, para que voc\u00ea n\u00e3o precise se preocupar com taxas alfandeg\u00e1rias adicionais.<\/p>\n<h2 data-v-md-heading=\"the-reason-why-you-will-like-it\" data-v-md-line=\"42\">O motivo pelo qual voc\u00ea vai gostar disso<\/h2>\n<ul data-v-md-line=\"43\">\n<li>Dur\u00e1vel e de longa dura\u00e7\u00e3o: Reduz a frequ\u00eancia de substitui\u00e7\u00e3o do dispositivo, facilitando a vida.<\/li>\n<li>Carregamento Tipo C: Quando a bateria estiver fraca, voc\u00ea pode continuar usando o dispositivo para evitar o desperd\u00edcio da energia restante.<\/li>\n<li>Estabilidade da bobina de malha: Sabor consistente.<\/li>\n<li>Tr\u00eas combina\u00e7\u00f5es de sabores: Desfrute de v\u00e1rios sabores sem precisar carregar v\u00e1rios vapes.<\/li>\n<\/ul>\n<h2 data-v-md-heading=\"why-choose-to-collaborate-with-agoravape\" data-v-md-line=\"48\">Por que escolher colaborar com a AgoraVape?<\/h2>\n<p data-v-md-line=\"50\">Jamais colocaremos em risco a autenticidade. A AgoraVape oferece produtos 100% genu\u00ednos e conta com fornecedores confi\u00e1veis \u200b\u200be suporte de n\u00edvel de revendedor. Se voc\u00ea for um comprador corporativo, receber\u00e1 pre\u00e7os de atacado altamente competitivos, gerenciamento de estoque confi\u00e1vel e solu\u00e7\u00f5es de transporte projetadas especificamente para a Europa. Deseja comprar vaporizadores Bang Leader 110k de alta capacidade? Entre em contato conosco e determinaremos a quantidade, o prazo de entrega e a rota de envio mais adequada para o seu pa\u00eds\/regi\u00e3o, com base nas suas necessidades.<\/p>\n<p><script src=\"chrome-extension:\/\/fpelahbljekknahkcaegamhcndkfpfnc\/iFrame.js\" type=\"text\/javascript\"><\/script><\/p>","protected":false},"excerpt":{"rendered":"<p>&nbsp;<\/p>\n<p><script src=\"chrome-extension:\/\/fpelahbljekknahkcaegamhcndkfpfnc\/iFrame.js\" type=\"text\/javascript\"><\/script><\/p>\n<p><script src=\"chrome-extension:\/\/fpelahbljekknahkcaegamhcndkfpfnc\/iFrame.js\" type=\"text\/javascript\"><\/script><\/p>\n<p><script src=\"chrome-extension:\/\/fpelahbljekknahkcaegamhcndkfpfnc\/iFrame.js\" type=\"text\/javascript\"><\/script><\/p>\n<p><script src=\"chrome-extension:\/\/fpelahbljekknahkcaegamhcndkfpfnc\/iFrame.js\" type=\"text\/javascript\"><\/script><\/p>\n<p><script src=\"chrome-extension:\/\/fpelahbljekknahkcaegamhcndkfpfnc\/iFrame.js\" type=\"text\/javascript\"><\/script><\/p>\n<p><script src=\"chrome-extension:\/\/fpelahbljekknahkcaegamhcndkfpfnc\/iFrame.js\" type=\"text\/javascript\"><\/script><\/p>","protected":false},"featured_media":24427,"comment_status":"open","ping_status":"closed","template":"","meta":[],"product_brand":[197],"product_cat":[124,187,185,188,189,123,1674,174,175,193,191,179,173,186,180,190,192],"product_tag":[],"class_list":{"0":"post-24403","1":"product","2":"type-product","3":"status-publish","4":"has-post-thumbnail","6":"product_brand-bang","7":"product_cat-vape-by-brand","8":"product_cat-0mg-nicotine-free-vapes","9":"product_cat-10000-puffs-high-capacity","10":"product_cat-10mg-low-nicotine-vapes","11":"product_cat-20mg-standard-nicotine-vapes","12":"product_cat-bang","13":"product_cat-eu-warehouse","14":"product_cat-fruit-flavors","15":"product_cat-icy-mint","16":"product_cat-mesh-coil","17":"product_cat-rechargeable-disposables","18":"product_cat-unique-blends","19":"product_cat-vape-by-flavor-profile","20":"product_cat-vape-by-nicotine-strength","21":"product_cat-vape-by-puff-count","22":"product_cat-vape-by-feature-or-type","23":"product_cat-vapes-with-screens","25":"first","26":"instock","27":"shipping-taxable","28":"purchasable","29":"product-type-variable","30":"has-default-attributes"},"tiered_pricing_type":"percentage","tiered_pricing_fixed_rules":[],"tiered_pricing_product_settings":{"layout":"default","base_unit_name":{"singular":null,"plural":null},"default_variation":null},"tiered_pricing_minimum_quantity":10,"tiered_pricing_roles_data":[],"tiered_pricing_percentage_rules":{"30":"9","50":"17","100":"23","200":"25","500":"28","1000":"32"},"tiered_pricing_maximum_quantity":null,"tiered_pricing_quantity_step":"10","_links":{"self":[{"href":"https:\/\/agoravape.com\/pt\/wp-json\/wp\/v2\/product\/24403","targetHints":{"allow":["GET"]}}],"collection":[{"href":"https:\/\/agoravape.com\/pt\/wp-json\/wp\/v2\/product"}],"about":[{"href":"https:\/\/agoravape.com\/pt\/wp-json\/wp\/v2\/types\/product"}],"replies":[{"embeddable":true,"href":"https:\/\/agoravape.com\/pt\/wp-json\/wp\/v2\/comments?post=24403"}],"version-history":[{"count":0,"href":"https:\/\/agoravape.com\/pt\/wp-json\/wp\/v2\/product\/24403\/revisions"}],"wp:featuredmedia":[{"embeddable":true,"href":"https:\/\/agoravape.com\/pt\/wp-json\/wp\/v2\/media\/24427"}],"wp:attachment":[{"href":"https:\/\/agoravape.com\/pt\/wp-json\/wp\/v2\/media?parent=24403"}],"wp:term":[{"taxonomy":"product_brand","embeddable":true,"href":"https:\/\/agoravape.com\/pt\/wp-json\/wp\/v2\/product_brand?post=24403"},{"taxonomy":"product_cat","embeddable":true,"href":"https:\/\/agoravape.com\/pt\/wp-json\/wp\/v2\/product_cat?post=24403"},{"taxonomy":"product_tag","embeddable":true,"href":"https:\/\/agoravape.com\/pt\/wp-json\/wp\/v2\/product_tag?post=24403"}],"curies":[{"name":"wp","href":"https:\/\/api.w.org\/{rel}","templated":true}]}}