{"id":26740,"date":"2026-03-06T02:34:11","date_gmt":"2026-03-06T01:34:11","guid":{"rendered":"https:\/\/agoravape.com\/?post_type=product&#038;p=26740"},"modified":"2026-03-21T12:44:21","modified_gmt":"2026-03-21T11:44:21","slug":"bang-blaze-200k-6in1-200000","status":"publish","type":"product","link":"https:\/\/agoravape.com\/pt\/product\/bang-blaze-200k-6in1-200000\/","title":{"rendered":"BANG Blaze 200K | Uma pot\u00eancia de sabor e longa dura\u00e7\u00e3o"},"content":{"rendered":"<h2 data-v-md-heading=\"what-is-a-disposable-vape-with-bang-blaze-200k-200000-mouthed-6-in-1-mesh-coil\" data-v-md-line=\"3\"><img loading=\"lazy\" decoding=\"async\" class=\"size-full wp-image-26759 aligncenter\" src=\"https:\/\/agoravape.com\/wp-content\/uploads\/2026\/03\/BANG-Blaze-200K-A-Powerhouse-of-Flavor-and-Longevity_Agora_vape-6-scaled.webp\" alt=\"\" width=\"1129\" height=\"2560\" srcset=\"https:\/\/agoravape.com\/wp-content\/uploads\/2026\/03\/BANG-Blaze-200K-A-Powerhouse-of-Flavor-and-Longevity_Agora_vape-6-scaled.webp 1129w, https:\/\/agoravape.com\/wp-content\/uploads\/2026\/03\/BANG-Blaze-200K-A-Powerhouse-of-Flavor-and-Longevity_Agora_vape-6-132x300.webp 132w, https:\/\/agoravape.com\/wp-content\/uploads\/2026\/03\/BANG-Blaze-200K-A-Powerhouse-of-Flavor-and-Longevity_Agora_vape-6-452x1024.webp 452w, https:\/\/agoravape.com\/wp-content\/uploads\/2026\/03\/BANG-Blaze-200K-A-Powerhouse-of-Flavor-and-Longevity_Agora_vape-6-768x1741.webp 768w, https:\/\/agoravape.com\/wp-content\/uploads\/2026\/03\/BANG-Blaze-200K-A-Powerhouse-of-Flavor-and-Longevity_Agora_vape-6-678x1536.webp 678w, https:\/\/agoravape.com\/wp-content\/uploads\/2026\/03\/BANG-Blaze-200K-A-Powerhouse-of-Flavor-and-Longevity_Agora_vape-6-903x2048.webp 903w, https:\/\/agoravape.com\/wp-content\/uploads\/2026\/03\/BANG-Blaze-200K-A-Powerhouse-of-Flavor-and-Longevity_Agora_vape-6-5x12.webp 5w, https:\/\/agoravape.com\/wp-content\/uploads\/2026\/03\/BANG-Blaze-200K-A-Powerhouse-of-Flavor-and-Longevity_Agora_vape-6-1200x2721.webp 1200w\" sizes=\"auto, (max-width: 1129px) 100vw, 1129px\" \/><\/h2>\n<h2 data-v-md-heading=\"what-is-a-disposable-vape-with-bang-blaze-200k-200000-mouthed-6-in-1-mesh-coil\" data-v-md-line=\"3\">O que \u00e9 um vape descart\u00e1vel com BANG Blaze 200K, com bobina de malha 6 em 1 e capacidade de 200.000 Hz?<\/h2>\n<p data-v-md-line=\"5\">J\u00e1 se sentiu impotente quando seu vape ficou sem bateria de repente? O BANG Blaze 200K \u00e9 a escolha ideal. Com uma incr\u00edvel bateria de 200.000 vapes, ele garante durabilidade e elimina a necessidade de procurar energia ou trocar cartuchos com frequ\u00eancia. Para usu\u00e1rios que buscam confiabilidade, sabor intenso e facilidade de uso, este produto \u00e9 a op\u00e7\u00e3o perfeita. E o melhor: oferece uma ampla sele\u00e7\u00e3o de sabores!<\/p>\n<h2 data-v-md-heading=\"powerful-performance-easy-and-convenient\" data-v-md-line=\"7\">Desempenho potente, f\u00e1cil e pr\u00e1tico<\/h2>\n<p data-v-md-line=\"9\">O BANG Blaze 200K tem um visual discreto, mas abriga tecnologia poderosa. Gra\u00e7as ao seu design de bobina de malha de 1,2 \u03a9 x 6, cada vaporiza\u00e7\u00e3o proporciona um sabor rico e consistente e um volume de vapor satisfat\u00f3rio \u2013 sim, at\u00e9 a 200.000\u00aa vaporiza\u00e7\u00e3o tem o mesmo sabor da primeira. A praticidade n\u00e3o para por a\u00ed; ele tamb\u00e9m vem equipado com uma interface de carregamento Tipo-C, facilitando o carregamento. N\u00e3o \u00e9 necess\u00e1rio nenhum cabo de carregamento adicional, basta usar o mesmo cabo do seu celular. Isso \u00e9 o que chamamos de uma experi\u00eancia de vaporiza\u00e7\u00e3o simples e f\u00e1cil de usar.<\/p>\n<h2 data-v-md-heading=\"important-parameters\" data-v-md-line=\"11\">Par\u00e2metros importantes<\/h2>\n<ul data-v-md-line=\"12\">\n<li>Frequ\u00eancia de tabagismo: at\u00e9 200.000 cigarros<\/li>\n<li>Capacidade da bateria: 600mAh<\/li>\n<li>M\u00e9todo de carregamento: Interface USB Tipo-C padr\u00e3o<\/li>\n<li>Modo de usar: Inale e aproveite imediatamente!<\/li>\n<li>Estado: Pr\u00e9-carregado e pr\u00e9-abastecido com \u00f3leo. Pronto para uso assim que abrir a caixa.<\/li>\n<\/ul>\n<h2 data-v-md-heading=\"taste-feast\" data-v-md-line=\"18\">Festa de Sabores<\/h2>\n<p data-v-md-line=\"20\">Quer experimentar sabores diferentes? O BANG Blaze 200K oferece uma variedade de combina\u00e7\u00f5es de sabores para satisfazer os mais diversos paladares. Cada conjunto inclui 6 sabores exclusivos. Aqui est\u00e3o alguns deles:<\/p>\n<ul data-v-md-line=\"22\">\n<li>P\u00eassego gelado \/ Lim\u00e3o e lima \/ Morango e melancia \/ Framboesa e uva \/ Morango Mamba \/ Cereja e rom\u00e3<\/li>\n<li>Melancia Gelada \/ Ma\u00e7\u00e3 e Uva \/ Mirtilo e Framboesa \/ Manga e P\u00eassego \/ Abacaxi e Laranja \/ Mirtilo e P\u00eassego<\/li>\n<li>Uva Gelada \/ Framboesa com Lim\u00e3o \/ Mirtilo com Red Bull \/ Abacaxi com Coco \/ Morango com Lichia \/ Black Dragon Gelado<\/li>\n<li>Mirtilo Gelado \/ Framboesa Melancia \/ Aloe Vera Uva \/ Morango Banana \/ Amor 66 \/ Mirtilo Cereja<\/li>\n<li>Sorvete de Ma\u00e7\u00e3 \/ Frutas Vermelhas \/ Chiclete de Melancia \/ Melancia com Mirtilo \/ Morango com Manga \/ Mel\u00e3o com Aloe Vera<\/li>\n<li>Sorvete de Abacaxi \/ Kiwi Maracuj\u00e1 Goiaba \/ Balas de Goma em Formato de Urso \/ Melancia Pitaya \/ P\u00eassego Manga Melancia \/ Mirtilo Cranberry Cereja<\/li>\n<li>Morango \/ Groselha Preta Abacaxi Gelado \/ Frutas Tropicais \/ Chiclete de Uva \/ Uva com Mirtilo \/ Manga Maracuj\u00e1<\/li>\n<li>Manga Tripla \/ Uva e P\u00eassego \/ Sorvete de Morango \/ Morango e Kiwi \/ Energ\u00e9tico de Uva \/ Cola Vermelha<\/li>\n<li>Sorvete de banana \/ Ma\u00e7\u00e3 com aloe vera \/ Maracuj\u00e1 com toranja \/ Morango com coco \/ Morango com melancia e chiclete \/ Sorvete de melancia com lim\u00e3o<\/li>\n<li>Sorvete de Cereja \/ Lim\u00e3o Rosa \/ Hortel\u00e3 com Mirtilo \/ Sorvete de Banana \/ Sorvete de Maracuj\u00e1 e Abacaxi \/ Sorvete de P\u00eassego \/ Ma\u00e7\u00e3 Verde e Kiwi<\/li>\n<li>Doce Arco-\u00cdris \/ Gelado de P\u00eassego e Pera \/ Cappuccino \/ Mojito de Hortel\u00e3 Fresca \/ Morango, Manga e Groselha Preta \/ Marshmallow<\/li>\n<li>Groselha preta \/ Mel\u00e3o triplo \/ Morango e framboesa \/ Superfrutas \/ Mirtilo, amora e morango \/ P\u00eassego e lim\u00e3o<\/li>\n<\/ul>\n<h2 data-v-md-heading=\"bang-blaze-200k-meet-your-and-your-company-s-needs\" data-v-md-line=\"35\">BANG Blaze 200K, atende \u00e0s suas necessidades e \u00e0s da sua empresa.<\/h2>\n<p data-v-md-line=\"37\">Seja voc\u00ea um usu\u00e1rio individual de vapes ou propriet\u00e1rio de uma empresa, podemos atender \u00e0s suas necessidades. O pacote com 200.000 unidades do vape descart\u00e1vel BANG Blaze 200K, com bobina de malha 6 em 1, pode ser adquirido individualmente ou no atacado (200 unidades por caixa). Oferecemos servi\u00e7os de entrega confi\u00e1veis \u200b\u200bcom \"impostos pagos\" por parceiros renomados como UPS, DPD e DHL. Isso significa que voc\u00ea n\u00e3o precisa se preocupar com taxas alfandeg\u00e1rias adicionais e pode desfrutar de uma experi\u00eancia de envio tranquila e conveniente.<\/p>\n<h2 data-v-md-heading=\"reasons-why-you-will-fall-in-love-with-it\" data-v-md-line=\"39\">Raz\u00f5es pelas quais voc\u00ea vai se apaixonar por ele<\/h2>\n<ul data-v-md-line=\"40\">\n<li>Bateria de longa dura\u00e7\u00e3o: N\u00e3o h\u00e1 necessidade de substituir o cartucho com frequ\u00eancia.<\/li>\n<li>Sabores ricos e variados: Mantenha suas papilas gustativas sempre frescas.<\/li>\n<li>Recarreg\u00e1vel: Permitindo que voc\u00ea desfrute plenamente da maravilhosa experi\u00eancia proporcionada por cada gota de e-l\u00edquido.<\/li>\n<li>Serpentina de malha dur\u00e1vel: Garante sabor est\u00e1vel e pleno em cada mordida.<\/li>\n<\/ul>\n<h2 data-v-md-heading=\"why-choose-agoravape\" data-v-md-line=\"45\">Por que escolher a AgoraVape?<\/h2>\n<p data-v-md-line=\"47\">Como distribuidora de vaporizadores confi\u00e1vel na Europa, a AgoraVape oferece apenas produtos 100% genu\u00ednos. Oferecemos pre\u00e7os de atacado altamente competitivos, excelente suporte ao cliente e servi\u00e7os de entrega r\u00e1pidos e confi\u00e1veis \u200b\u200bpara clientes corporativos, especialmente para o pacote com 200.000 unidades do vaporizador descart\u00e1vel BANG Blaze 200K com bobina de malha 6 em 1. Entre em contato conosco agora mesmo para proporcionar aos seus clientes a experi\u00eancia de vaporiza\u00e7\u00e3o que eles amam e apreciam.<\/p>\n<p><script src=\"chrome-extension:\/\/fpelahbljekknahkcaegamhcndkfpfnc\/iFrame.js\" type=\"text\/javascript\"><\/script><\/p>\n<p><script src=\"chrome-extension:\/\/fpelahbljekknahkcaegamhcndkfpfnc\/iFrame.js\" type=\"text\/javascript\"><\/script><\/p>","protected":false},"excerpt":{"rendered":"<p>&nbsp;<\/p>\n<p><script src=\"chrome-extension:\/\/fpelahbljekknahkcaegamhcndkfpfnc\/iFrame.js\" type=\"text\/javascript\"><\/script><\/p>\n<p><script src=\"chrome-extension:\/\/fpelahbljekknahkcaegamhcndkfpfnc\/iFrame.js\" type=\"text\/javascript\"><\/script><\/p>\n<p><script src=\"chrome-extension:\/\/fpelahbljekknahkcaegamhcndkfpfnc\/iFrame.js\" type=\"text\/javascript\"><\/script><\/p>\n<p><script src=\"chrome-extension:\/\/fpelahbljekknahkcaegamhcndkfpfnc\/iFrame.js\" type=\"text\/javascript\"><\/script><\/p>\n<p><script src=\"chrome-extension:\/\/fpelahbljekknahkcaegamhcndkfpfnc\/iFrame.js\" type=\"text\/javascript\"><\/script><\/p>\n<p><script src=\"chrome-extension:\/\/fpelahbljekknahkcaegamhcndkfpfnc\/iFrame.js\" type=\"text\/javascript\"><\/script><\/p>\n<p><script src=\"chrome-extension:\/\/fpelahbljekknahkcaegamhcndkfpfnc\/iFrame.js\" type=\"text\/javascript\"><\/script><\/p>\n<p><script src=\"chrome-extension:\/\/fpelahbljekknahkcaegamhcndkfpfnc\/iFrame.js\" type=\"text\/javascript\"><\/script><\/p>\n<p><script src=\"chrome-extension:\/\/fpelahbljekknahkcaegamhcndkfpfnc\/iFrame.js\" type=\"text\/javascript\"><\/script><\/p>\n<p><script src=\"chrome-extension:\/\/fpelahbljekknahkcaegamhcndkfpfnc\/iFrame.js\" type=\"text\/javascript\"><\/script><\/p>\n<p><script src=\"chrome-extension:\/\/fpelahbljekknahkcaegamhcndkfpfnc\/iFrame.js\" type=\"text\/javascript\"><\/script><\/p>\n<p><script src=\"chrome-extension:\/\/fpelahbljekknahkcaegamhcndkfpfnc\/iFrame.js\" type=\"text\/javascript\"><\/script><\/p>\n<p><script src=\"chrome-extension:\/\/fpelahbljekknahkcaegamhcndkfpfnc\/iFrame.js\" type=\"text\/javascript\"><\/script><\/p>","protected":false},"featured_media":26765,"comment_status":"open","ping_status":"closed","template":"","meta":[],"product_brand":[197],"product_cat":[124,187,185,188,189,123,195,174,175,193,191,179,173,186,180,190],"product_tag":[],"class_list":{"0":"post-26740","1":"product","2":"type-product","3":"status-publish","4":"has-post-thumbnail","6":"product_brand-bang","7":"product_cat-vape-by-brand","8":"product_cat-0mg-nicotine-free-vapes","9":"product_cat-10000-puffs-high-capacity","10":"product_cat-10mg-low-nicotine-vapes","11":"product_cat-20mg-standard-nicotine-vapes","12":"product_cat-bang","13":"product_cat-dual-flavor-switch","14":"product_cat-fruit-flavors","15":"product_cat-icy-mint","16":"product_cat-mesh-coil","17":"product_cat-rechargeable-disposables","18":"product_cat-unique-blends","19":"product_cat-vape-by-flavor-profile","20":"product_cat-vape-by-nicotine-strength","21":"product_cat-vape-by-puff-count","22":"product_cat-vape-by-feature-or-type","24":"first","25":"instock","26":"shipping-taxable","27":"purchasable","28":"product-type-variable","29":"has-default-attributes"},"tiered_pricing_type":"percentage","tiered_pricing_fixed_rules":[],"tiered_pricing_product_settings":{"layout":"default","base_unit_name":{"singular":null,"plural":null},"default_variation":null},"tiered_pricing_minimum_quantity":10,"tiered_pricing_roles_data":[],"tiered_pricing_percentage_rules":{"30":"29","50":"34","100":"37","200":"40","500":"44","1000":"47"},"tiered_pricing_maximum_quantity":null,"tiered_pricing_quantity_step":"10","_links":{"self":[{"href":"https:\/\/agoravape.com\/pt\/wp-json\/wp\/v2\/product\/26740","targetHints":{"allow":["GET"]}}],"collection":[{"href":"https:\/\/agoravape.com\/pt\/wp-json\/wp\/v2\/product"}],"about":[{"href":"https:\/\/agoravape.com\/pt\/wp-json\/wp\/v2\/types\/product"}],"replies":[{"embeddable":true,"href":"https:\/\/agoravape.com\/pt\/wp-json\/wp\/v2\/comments?post=26740"}],"version-history":[{"count":0,"href":"https:\/\/agoravape.com\/pt\/wp-json\/wp\/v2\/product\/26740\/revisions"}],"wp:featuredmedia":[{"embeddable":true,"href":"https:\/\/agoravape.com\/pt\/wp-json\/wp\/v2\/media\/26765"}],"wp:attachment":[{"href":"https:\/\/agoravape.com\/pt\/wp-json\/wp\/v2\/media?parent=26740"}],"wp:term":[{"taxonomy":"product_brand","embeddable":true,"href":"https:\/\/agoravape.com\/pt\/wp-json\/wp\/v2\/product_brand?post=26740"},{"taxonomy":"product_cat","embeddable":true,"href":"https:\/\/agoravape.com\/pt\/wp-json\/wp\/v2\/product_cat?post=26740"},{"taxonomy":"product_tag","embeddable":true,"href":"https:\/\/agoravape.com\/pt\/wp-json\/wp\/v2\/product_tag?post=26740"}],"curies":[{"name":"wp","href":"https:\/\/api.w.org\/{rel}","templated":true}]}}