{"id":26772,"date":"2026-03-06T03:05:12","date_gmt":"2026-03-06T02:05:12","guid":{"rendered":"https:\/\/agoravape.com\/?post_type=product&#038;p=26772"},"modified":"2026-03-26T13:22:38","modified_gmt":"2026-03-26T12:22:38","slug":"bang-king-8in1-200k-200000","status":"publish","type":"product","link":"https:\/\/agoravape.com\/pt\/product\/bang-king-8in1-200k-200000\/","title":{"rendered":"BANG King 8 em 1 200K | Uma sinfonia de sabores em um \u00fanico dispositivo"},"content":{"rendered":"<h2 data-v-md-heading=\"introduction-to-bang-king-8in1-200k-200000-mesh-coil-disposable-vape\" data-v-md-line=\"3\"><img loading=\"lazy\" decoding=\"async\" class=\"aligncenter size-full wp-image-26787\" src=\"https:\/\/agoravape.com\/wp-content\/uploads\/2026\/03\/BANG-King-8IN1-200K-A-Symphony-of-Flavours-in-a-Single-Device_Agora_vape-2-scaled.webp\" alt=\"\" width=\"2560\" height=\"1439\" srcset=\"https:\/\/agoravape.com\/wp-content\/uploads\/2026\/03\/BANG-King-8IN1-200K-A-Symphony-of-Flavours-in-a-Single-Device_Agora_vape-2-scaled.webp 2560w, https:\/\/agoravape.com\/wp-content\/uploads\/2026\/03\/BANG-King-8IN1-200K-A-Symphony-of-Flavours-in-a-Single-Device_Agora_vape-2-300x169.webp 300w, https:\/\/agoravape.com\/wp-content\/uploads\/2026\/03\/BANG-King-8IN1-200K-A-Symphony-of-Flavours-in-a-Single-Device_Agora_vape-2-1024x576.webp 1024w, https:\/\/agoravape.com\/wp-content\/uploads\/2026\/03\/BANG-King-8IN1-200K-A-Symphony-of-Flavours-in-a-Single-Device_Agora_vape-2-768x432.webp 768w, https:\/\/agoravape.com\/wp-content\/uploads\/2026\/03\/BANG-King-8IN1-200K-A-Symphony-of-Flavours-in-a-Single-Device_Agora_vape-2-1536x864.webp 1536w, https:\/\/agoravape.com\/wp-content\/uploads\/2026\/03\/BANG-King-8IN1-200K-A-Symphony-of-Flavours-in-a-Single-Device_Agora_vape-2-2048x1152.webp 2048w, https:\/\/agoravape.com\/wp-content\/uploads\/2026\/03\/BANG-King-8IN1-200K-A-Symphony-of-Flavours-in-a-Single-Device_Agora_vape-2-18x10.webp 18w, https:\/\/agoravape.com\/wp-content\/uploads\/2026\/03\/BANG-King-8IN1-200K-A-Symphony-of-Flavours-in-a-Single-Device_Agora_vape-2-1200x675.webp 1200w\" sizes=\"auto, (max-width: 2560px) 100vw, 2560px\" \/><\/h2>\n<h2 data-v-md-heading=\"introduction-to-bang-king-8in1-200k-200000-mesh-coil-disposable-vape\" data-v-md-line=\"3\"><img loading=\"lazy\" decoding=\"async\" class=\"aligncenter size-full wp-image-26786\" src=\"https:\/\/agoravape.com\/wp-content\/uploads\/2026\/03\/BANG-King-8IN1-200K-A-Symphony-of-Flavours-in-a-Single-Device_Agora_vape-1.webp\" alt=\"\" width=\"1920\" height=\"1152\" srcset=\"https:\/\/agoravape.com\/wp-content\/uploads\/2026\/03\/BANG-King-8IN1-200K-A-Symphony-of-Flavours-in-a-Single-Device_Agora_vape-1.webp 1920w, https:\/\/agoravape.com\/wp-content\/uploads\/2026\/03\/BANG-King-8IN1-200K-A-Symphony-of-Flavours-in-a-Single-Device_Agora_vape-1-300x180.webp 300w, https:\/\/agoravape.com\/wp-content\/uploads\/2026\/03\/BANG-King-8IN1-200K-A-Symphony-of-Flavours-in-a-Single-Device_Agora_vape-1-1024x614.webp 1024w, https:\/\/agoravape.com\/wp-content\/uploads\/2026\/03\/BANG-King-8IN1-200K-A-Symphony-of-Flavours-in-a-Single-Device_Agora_vape-1-768x461.webp 768w, https:\/\/agoravape.com\/wp-content\/uploads\/2026\/03\/BANG-King-8IN1-200K-A-Symphony-of-Flavours-in-a-Single-Device_Agora_vape-1-1536x922.webp 1536w, https:\/\/agoravape.com\/wp-content\/uploads\/2026\/03\/BANG-King-8IN1-200K-A-Symphony-of-Flavours-in-a-Single-Device_Agora_vape-1-18x12.webp 18w, https:\/\/agoravape.com\/wp-content\/uploads\/2026\/03\/BANG-King-8IN1-200K-A-Symphony-of-Flavours-in-a-Single-Device_Agora_vape-1-1200x720.webp 1200w\" sizes=\"auto, (max-width: 1920px) 100vw, 1920px\" \/><\/h2>\n<h2 data-v-md-heading=\"introduction-to-bang-king-8in1-200k-200000-mesh-coil-disposable-vape\" data-v-md-line=\"3\"><img loading=\"lazy\" decoding=\"async\" class=\"aligncenter size-full wp-image-26800\" src=\"https:\/\/agoravape.com\/wp-content\/uploads\/2026\/03\/BANG-King-8IN1-200K-A-Symphony-of-Flavours-in-a-Single-Device_Agora_vape-15-scaled.webp\" alt=\"\" width=\"1595\" height=\"2560\" srcset=\"https:\/\/agoravape.com\/wp-content\/uploads\/2026\/03\/BANG-King-8IN1-200K-A-Symphony-of-Flavours-in-a-Single-Device_Agora_vape-15-scaled.webp 1595w, https:\/\/agoravape.com\/wp-content\/uploads\/2026\/03\/BANG-King-8IN1-200K-A-Symphony-of-Flavours-in-a-Single-Device_Agora_vape-15-187x300.webp 187w, https:\/\/agoravape.com\/wp-content\/uploads\/2026\/03\/BANG-King-8IN1-200K-A-Symphony-of-Flavours-in-a-Single-Device_Agora_vape-15-638x1024.webp 638w, https:\/\/agoravape.com\/wp-content\/uploads\/2026\/03\/BANG-King-8IN1-200K-A-Symphony-of-Flavours-in-a-Single-Device_Agora_vape-15-768x1233.webp 768w, https:\/\/agoravape.com\/wp-content\/uploads\/2026\/03\/BANG-King-8IN1-200K-A-Symphony-of-Flavours-in-a-Single-Device_Agora_vape-15-957x1536.webp 957w, https:\/\/agoravape.com\/wp-content\/uploads\/2026\/03\/BANG-King-8IN1-200K-A-Symphony-of-Flavours-in-a-Single-Device_Agora_vape-15-1276x2048.webp 1276w, https:\/\/agoravape.com\/wp-content\/uploads\/2026\/03\/BANG-King-8IN1-200K-A-Symphony-of-Flavours-in-a-Single-Device_Agora_vape-15-7x12.webp 7w, https:\/\/agoravape.com\/wp-content\/uploads\/2026\/03\/BANG-King-8IN1-200K-A-Symphony-of-Flavours-in-a-Single-Device_Agora_vape-15-1200x1926.webp 1200w\" sizes=\"auto, (max-width: 1595px) 100vw, 1595px\" \/><\/h2>\n<h2 data-v-md-heading=\"introduction-to-bang-king-8in1-200k-200000-mesh-coil-disposable-vape\" data-v-md-line=\"3\">Introdu\u00e7\u00e3o ao BANG King 8IN1 200K 200000 Mesh Coil Disposable Vape<\/h2>\n<p data-v-md-line=\"5\">Imagine-se dividido entre os sabores de morango com manga e p\u00eassego com melancia, vivenciando a incr\u00edvel experi\u00eancia de 200.000 tragadas proporcionada pelo BANG King 8IN1 200K. Isso mesmo, este vape \u00e9 dur\u00e1vel, possui bateria de longa dura\u00e7\u00e3o e at\u00e9 12 conjuntos de 4 combina\u00e7\u00f5es de sabores diferentes, f\u00e1ceis de alternar e impressionantes. Especialmente projetado para entusiastas de vape que buscam experi\u00eancias diversas e para marcas que desejam causar uma impress\u00e3o duradoura nos clientes, este vape \u00e9 um item indispens\u00e1vel para voc\u00ea levar consigo ou exibir em suas prateleiras.<\/p>\n<h2 data-v-md-heading=\"excellent-performance-easy-to-use\" data-v-md-line=\"7\">Excelente desempenho, f\u00e1cil de usar.<\/h2>\n<p data-v-md-line=\"9\">O BANG King 8IN1 200K vem equipado com uma bateria de 650mAh e \u00e9 carregado de forma eficiente atrav\u00e9s de uma interface Tipo-C. Seu n\u00facleo atomizador de malha de 1,0 \u03a9 garante uma vaporiza\u00e7\u00e3o limpa, suave e consistente a cada uso. \u00c9 f\u00e1cil e pr\u00e1tico de usar, e o carregamento tamb\u00e9m \u00e9 super conveniente. Pode ser usado imediatamente ap\u00f3s ser retirado da caixa.<\/p>\n<h2 data-v-md-heading=\"product-highlights\" data-v-md-line=\"11\">Destaques do produto<\/h2>\n<ul data-v-md-line=\"12\">\n<li>At\u00e9 200.000 por\u00e7\u00f5es: Isso n\u00e3o \u00e9 apenas um n\u00famero, mas tamb\u00e9m uma jornada para voc\u00ea experimentar comidas deliciosas.<\/li>\n<li>Sele\u00e7\u00e3o da concentra\u00e7\u00e3o de nicotina: Sua experi\u00eancia, sua prefer\u00eancia. Este dispositivo permite ajustar a concentra\u00e7\u00e3o de nicotina de acordo com suas necessidades.<\/li>\n<li>F\u00e1cil de usar: Basta ativar inalando, \u00e9 simples assim.<\/li>\n<li>Carregamento: Utilize a porta USB Tipo C que voc\u00ea usa para carregar o seu telefone para carreg\u00e1-lo de forma r\u00e1pida e pr\u00e1tica.<\/li>\n<li>Estado: Pronto para usar, aproveite assim que abrir a caixa.<\/li>\n<\/ul>\n<h2 data-v-md-heading=\"taste-journey\" data-v-md-line=\"18\">Jornada de Sabores<\/h2>\n<p data-v-md-line=\"20\">Vivencie a emocionante jornada proporcionada pelas seguintes combina\u00e7\u00f5es de sabores irresist\u00edveis:<\/p>\n<ul data-v-md-line=\"21\">\n<li>Gelo de Framboesa Azul \/ Gelo de P\u00eassego \/ Gelo de Uva \/ Gelo de Manga<\/li>\n<li>P\u00eassego, Manga e Melancia \/ Red Bull \/ Morango e Red Bull \/ Morango e Kiwi<\/li>\n<li>Morango com Manga \/ Sorvete de Morango \/ Sorvete de Banana \/ Morango com Lichia<\/li>\n<li>Ma\u00e7\u00e3 Dupla \/ Manga e P\u00eassego \/ Morango e Melancia \/ Coca-Cola com Morango e Baunilha<\/li>\n<li>Black Dragon Ice \/ Love 66 \/ Mr Blue \/ Limonada de Morango<\/li>\n<li>Kiwi, Maracuj\u00e1, Goiaba \/ Ursinho de Goma \/ Bala Arco-\u00cdris \/ Algod\u00e3o Doce<\/li>\n<li>Gelo de Melancia \/ Lim\u00e3o e Hortel\u00e3 \/ Gelo de Morango \/ Cereja Azul com Framboesa<\/li>\n<li>Frutas Vermelhas \/ Frutas Tropicais \/ Morango com Banana \/ Limonada Rosa<\/li>\n<li>Triplo Mel\u00e3o \/ Gelo de Mirtilo \/ Bomba de Cereja \/ Abacaxi com Coco<\/li>\n<li>Chiclete de Melancia \/ Mirtilos e Framboesas \/ Framboesa e Melancia \/ Melancia e Mirtilo<\/li>\n<li>Hortel\u00e3 Refrescante \/ P\u00eassego com Cereja \/ P\u00eassego com Frutas Vermelhas e Lim\u00e3o \/ Kiwi com Melancia Gelado<\/li>\n<li>Lim\u00e3o e Lima com G\u00e1s \/ Mojito de Ma\u00e7\u00e3 \/ Abacaxi com Gelo \/ Refrigerante de Cola com Gelo<\/li>\n<\/ul>\n<h2 data-v-md-heading=\"personal-and-commercial-use\" data-v-md-line=\"34\">Uso pessoal e comercial<\/h2>\n<p data-v-md-line=\"36\">O vaporizador descart\u00e1vel BANG King 8 em 1 com bobina de malha e 200.000 l\u00famens \u00e9 uma excelente op\u00e7\u00e3o para usu\u00e1rios individuais, mas voc\u00ea sabia que ele tamb\u00e9m \u00e9 adequado para uso comercial? Cada caixa cont\u00e9m 120 unidades, com embalagem pr\u00e1tica e envio direto, atendendo \u00e0s necessidades de pedidos em grande quantidade. Al\u00e9m disso, trabalhamos com parceiros renomados como UPS, DPD e DHL para oferecer servi\u00e7os de envio DDP confi\u00e1veis, com impostos inclusos, para que voc\u00ea n\u00e3o precise se preocupar com problemas alfandeg\u00e1rios inesperados.<\/p>\n<h2 data-v-md-heading=\"advantages-that-you-will-enjoy\" data-v-md-line=\"38\">Vantagens que voc\u00ea vai desfrutar<\/h2>\n<ul data-v-md-line=\"39\">\n<li>Dur\u00e1vel e de longa dura\u00e7\u00e3o: Com uma autonomia de bateria de 200.000 unidades, voc\u00ea n\u00e3o precisa reabastecer seu e-l\u00edquido com frequ\u00eancia.<\/li>\n<li>Diversas concentra\u00e7\u00f5es de nicotina \u00e0 sua escolha: Selecione a concentra\u00e7\u00e3o de nicotina que melhor se adapta \u00e0s suas prefer\u00eancias pessoais.<\/li>\n<li>Recarreg\u00e1vel: O design recarreg\u00e1vel permite que voc\u00ea utilize todo o e-l\u00edquido que comprar.<\/li>\n<li>Sabor intenso: Gra\u00e7as ao n\u00facleo atomizador em malha, voc\u00ea sempre poder\u00e1 desfrutar de um sabor intenso e consistente a cada uso.<\/li>\n<\/ul>\n<h2 data-v-md-heading=\"collaborate-with-agoravape\" data-v-md-line=\"44\">Colabore com a AgoraVape<\/h2>\n<p data-v-md-line=\"46\">Somos um dos principais distribuidores de vapes na Europa, oferecendo apenas produtos 100% genu\u00ednos. Escolha o vape descart\u00e1vel BANG King 8IN1 200K com bobina mesh de 200000 portas para desfrutar de excelentes pre\u00e7os de atacado, suporte exclusivo ao cliente e servi\u00e7os de entrega r\u00e1pidos e confi\u00e1veis. Conquiste seus clientes e crie um produto que os enlouque\u00e7a. Acredite, eles certamente ir\u00e3o apreciar sua escolha. Entre em contato conosco agora mesmo!<\/p>\n<p><script src=\"chrome-extension:\/\/fpelahbljekknahkcaegamhcndkfpfnc\/iFrame.js\" type=\"text\/javascript\"><\/script><\/p>","protected":false},"excerpt":{"rendered":"<p>&nbsp;<\/p>\n<p><script src=\"chrome-extension:\/\/fpelahbljekknahkcaegamhcndkfpfnc\/iFrame.js\" type=\"text\/javascript\"><\/script><\/p>\n<p><script src=\"chrome-extension:\/\/fpelahbljekknahkcaegamhcndkfpfnc\/iFrame.js\" type=\"text\/javascript\"><\/script><\/p>\n<p><script src=\"chrome-extension:\/\/fpelahbljekknahkcaegamhcndkfpfnc\/iFrame.js\" type=\"text\/javascript\"><\/script><\/p>\n<p><script src=\"chrome-extension:\/\/fpelahbljekknahkcaegamhcndkfpfnc\/iFrame.js\" type=\"text\/javascript\"><\/script><\/p>\n<p><script src=\"chrome-extension:\/\/fpelahbljekknahkcaegamhcndkfpfnc\/iFrame.js\" type=\"text\/javascript\"><\/script><\/p>\n<p><script src=\"chrome-extension:\/\/fpelahbljekknahkcaegamhcndkfpfnc\/iFrame.js\" type=\"text\/javascript\"><\/script><\/p>\n<p><script src=\"chrome-extension:\/\/fpelahbljekknahkcaegamhcndkfpfnc\/iFrame.js\" type=\"text\/javascript\"><\/script><\/p>\n<p><script src=\"chrome-extension:\/\/fpelahbljekknahkcaegamhcndkfpfnc\/iFrame.js\" type=\"text\/javascript\"><\/script><\/p>\n<p><script src=\"chrome-extension:\/\/fpelahbljekknahkcaegamhcndkfpfnc\/iFrame.js\" type=\"text\/javascript\"><\/script><\/p>\n<p><script src=\"chrome-extension:\/\/fpelahbljekknahkcaegamhcndkfpfnc\/iFrame.js\" type=\"text\/javascript\"><\/script><\/p>\n<p><script src=\"chrome-extension:\/\/fpelahbljekknahkcaegamhcndkfpfnc\/iFrame.js\" type=\"text\/javascript\"><\/script><\/p>\n<p><script src=\"chrome-extension:\/\/fpelahbljekknahkcaegamhcndkfpfnc\/iFrame.js\" type=\"text\/javascript\"><\/script><\/p>","protected":false},"featured_media":26798,"comment_status":"open","ping_status":"closed","template":"","meta":[],"product_brand":[231,197],"product_cat":[124,187,185,188,189,123,158,195,174,175,193,191,179,173,186,180,190,192],"product_tag":[],"class_list":{"0":"post-26772","1":"product","2":"type-product","3":"status-publish","4":"has-post-thumbnail","6":"product_brand-bang-box","7":"product_brand-bang","8":"product_cat-vape-by-brand","9":"product_cat-0mg-nicotine-free-vapes","10":"product_cat-10000-puffs-high-capacity","11":"product_cat-10mg-low-nicotine-vapes","12":"product_cat-20mg-standard-nicotine-vapes","13":"product_cat-bang","14":"product_cat-bang-box","15":"product_cat-dual-flavor-switch","16":"product_cat-fruit-flavors","17":"product_cat-icy-mint","18":"product_cat-mesh-coil","19":"product_cat-rechargeable-disposables","20":"product_cat-unique-blends","21":"product_cat-vape-by-flavor-profile","22":"product_cat-vape-by-nicotine-strength","23":"product_cat-vape-by-puff-count","24":"product_cat-vape-by-feature-or-type","25":"product_cat-vapes-with-screens","27":"first","28":"instock","29":"shipping-taxable","30":"purchasable","31":"product-type-variable","32":"has-default-attributes"},"tiered_pricing_type":"percentage","tiered_pricing_fixed_rules":[],"tiered_pricing_product_settings":{"layout":"default","base_unit_name":{"singular":null,"plural":null},"default_variation":null},"tiered_pricing_minimum_quantity":10,"tiered_pricing_roles_data":[],"tiered_pricing_percentage_rules":{"30":"29","50":"34","100":"40","200":"44","500":"47","1000":"49"},"tiered_pricing_maximum_quantity":null,"tiered_pricing_quantity_step":"10","_links":{"self":[{"href":"https:\/\/agoravape.com\/pt\/wp-json\/wp\/v2\/product\/26772","targetHints":{"allow":["GET"]}}],"collection":[{"href":"https:\/\/agoravape.com\/pt\/wp-json\/wp\/v2\/product"}],"about":[{"href":"https:\/\/agoravape.com\/pt\/wp-json\/wp\/v2\/types\/product"}],"replies":[{"embeddable":true,"href":"https:\/\/agoravape.com\/pt\/wp-json\/wp\/v2\/comments?post=26772"}],"version-history":[{"count":0,"href":"https:\/\/agoravape.com\/pt\/wp-json\/wp\/v2\/product\/26772\/revisions"}],"wp:featuredmedia":[{"embeddable":true,"href":"https:\/\/agoravape.com\/pt\/wp-json\/wp\/v2\/media\/26798"}],"wp:attachment":[{"href":"https:\/\/agoravape.com\/pt\/wp-json\/wp\/v2\/media?parent=26772"}],"wp:term":[{"taxonomy":"product_brand","embeddable":true,"href":"https:\/\/agoravape.com\/pt\/wp-json\/wp\/v2\/product_brand?post=26772"},{"taxonomy":"product_cat","embeddable":true,"href":"https:\/\/agoravape.com\/pt\/wp-json\/wp\/v2\/product_cat?post=26772"},{"taxonomy":"product_tag","embeddable":true,"href":"https:\/\/agoravape.com\/pt\/wp-json\/wp\/v2\/product_tag?post=26772"}],"curies":[{"name":"wp","href":"https:\/\/api.w.org\/{rel}","templated":true}]}}