{"id":27251,"date":"2026-03-08T06:52:24","date_gmt":"2026-03-08T05:52:24","guid":{"rendered":"https:\/\/agoravape.com\/?post_type=product&#038;p=27251"},"modified":"2026-03-26T13:22:39","modified_gmt":"2026-03-26T12:22:39","slug":"bang-king-250k-250000","status":"publish","type":"product","link":"https:\/\/agoravape.com\/pt\/product\/bang-king-250k-250000\/","title":{"rendered":"BANG King 250K 250000 Puffs 4 em 1 Mesh Coil Vape Descart\u00e1vel | Quatro Sabores, Um Dispositivo Que Realmente Dura"},"content":{"rendered":"<h2 data-v-md-heading=\"what-is-the-special-feature-of-bang-king-250k-250000-mouth-4-in-1-mesh-coil-disposable-vape\" data-v-md-line=\"3\"><img loading=\"lazy\" decoding=\"async\" class=\"size-full wp-image-27275 alignright\" src=\"https:\/\/agoravape.com\/wp-content\/uploads\/2026\/03\/BANG-King-250K-250000-Puffs-4in1-Mesh-Coil-Disposable-Vape-Four-Flavours-One-Device-That-Actually-Lasts_Agora_vape-11-scaled.webp\" alt=\"\" width=\"1032\" height=\"2560\" srcset=\"https:\/\/agoravape.com\/wp-content\/uploads\/2026\/03\/BANG-King-250K-250000-Puffs-4in1-Mesh-Coil-Disposable-Vape-Four-Flavours-One-Device-That-Actually-Lasts_Agora_vape-11-scaled.webp 1032w, https:\/\/agoravape.com\/wp-content\/uploads\/2026\/03\/BANG-King-250K-250000-Puffs-4in1-Mesh-Coil-Disposable-Vape-Four-Flavours-One-Device-That-Actually-Lasts_Agora_vape-11-121x300.webp 121w, https:\/\/agoravape.com\/wp-content\/uploads\/2026\/03\/BANG-King-250K-250000-Puffs-4in1-Mesh-Coil-Disposable-Vape-Four-Flavours-One-Device-That-Actually-Lasts_Agora_vape-11-413x1024.webp 413w, https:\/\/agoravape.com\/wp-content\/uploads\/2026\/03\/BANG-King-250K-250000-Puffs-4in1-Mesh-Coil-Disposable-Vape-Four-Flavours-One-Device-That-Actually-Lasts_Agora_vape-11-768x1904.webp 768w, https:\/\/agoravape.com\/wp-content\/uploads\/2026\/03\/BANG-King-250K-250000-Puffs-4in1-Mesh-Coil-Disposable-Vape-Four-Flavours-One-Device-That-Actually-Lasts_Agora_vape-11-619x1536.webp 619w, https:\/\/agoravape.com\/wp-content\/uploads\/2026\/03\/BANG-King-250K-250000-Puffs-4in1-Mesh-Coil-Disposable-Vape-Four-Flavours-One-Device-That-Actually-Lasts_Agora_vape-11-826x2048.webp 826w, https:\/\/agoravape.com\/wp-content\/uploads\/2026\/03\/BANG-King-250K-250000-Puffs-4in1-Mesh-Coil-Disposable-Vape-Four-Flavours-One-Device-That-Actually-Lasts_Agora_vape-11-5x12.webp 5w, https:\/\/agoravape.com\/wp-content\/uploads\/2026\/03\/BANG-King-250K-250000-Puffs-4in1-Mesh-Coil-Disposable-Vape-Four-Flavours-One-Device-That-Actually-Lasts_Agora_vape-11-1200x2976.webp 1200w\" sizes=\"auto, (max-width: 1032px) 100vw, 1032px\" \/><\/h2>\n<h2 data-v-md-heading=\"what-is-the-special-feature-of-bang-king-250k-250000-mouth-4-in-1-mesh-coil-disposable-vape\" data-v-md-line=\"3\">Qual \u00e9 a caracter\u00edstica especial do vape descart\u00e1vel BANG King 250K com bobina de malha 4 em 1 e capacidade para 250.000 bocas?<\/h2>\n<p data-v-md-line=\"5\">Se voc\u00ea est\u00e1 cansado daqueles vapes que descarregam r\u00e1pido, precisa conhecer este. O BANG King 250K n\u00e3o \u00e9 um vape descart\u00e1vel comum que promete muito, mas n\u00e3o cumpre. Ele foi projetado especificamente para usu\u00e1rios que buscam confiabilidade, n\u00e3o precisam de trocas frequentes e realmente podem aproveitar sua incr\u00edvel dura\u00e7\u00e3o de bateria de 250.000 horas.<\/p>\n<p data-v-md-line=\"7\">Voc\u00ea pode achar isso imposs\u00edvel. E voc\u00ea tem raz\u00e3o. Mas o segredo \u00e9 que este dispositivo possui quatro compartimentos independentes de 15ml para e-l\u00edquido, cada um com sua pr\u00f3pria resist\u00eancia mesh. Um total de 60 mililitros de e-l\u00edquido, por isso a grande capacidade. Seja voc\u00ea um usu\u00e1rio frequente ou algu\u00e9m que prefere um e-l\u00edquido de reserva e prioriza uma bateria de longa dura\u00e7\u00e3o, este produto \u00e9 perfeito para quem quer simplesmente desfrutar de uma experi\u00eancia de vaporiza\u00e7\u00e3o deliciosa e pr\u00e1tica.<\/p>\n<h2 data-v-md-heading=\"excellent-performance-and-easy-operation\" data-v-md-line=\"9\">Excelente desempenho e opera\u00e7\u00e3o f\u00e1cil.<\/h2>\n<p data-v-md-line=\"11\">O segredo deste produto reside no seu n\u00facleo atomizador em malha. Todas as quatro c\u00e2maras de atomiza\u00e7\u00e3o est\u00e3o equipadas com n\u00facleos de atomiza\u00e7\u00e3o em malha independentes de 1,0 \u03a9, o que significa que cada vaporiza\u00e7\u00e3o \u00e9 t\u00e3o deliciosa quanto a primeira. N\u00e3o haver\u00e1 sabor de queimado, nem aquela sensa\u00e7\u00e3o de sabor fraco no meio do processo. Voc\u00ea pode alternar entre quatro sabores diferentes a qualquer momento, e o dispositivo funciona perfeitamente. Quando a bateria de 650mAh estiver fraca, basta usar o cabo de dados Tipo-C, o mesmo que voc\u00ea usa para carregar seu celular. Muito pr\u00e1tico.<\/p>\n<p data-v-md-line=\"13\">Voc\u00ea pode pensar que ter tantos vapes seria volumoso e inconveniente para carregar. Mas voc\u00ea se surpreender\u00e1 com a leveza dele. Pesando apenas 130 gramas, cabe facilmente no seu bolso sem nenhum inc\u00f4modo. \u00c9 a\u00ed que reside a sua beleza.<\/p>\n<h2 data-v-md-heading=\"quick-specifications\" data-v-md-line=\"15\">Especifica\u00e7\u00f5es r\u00e1pidas<\/h2>\n<ul data-v-md-line=\"16\">\n<li>N\u00famero de portas: at\u00e9 250.000 portas<\/li>\n<li>Capacidade de e-l\u00edquido: Capacidade total de 60ml (4 compartimentos de e-l\u00edquido de 15ml)<\/li>\n<li>Sistema de bobinas: 4 bobinas de malha de 1,0 \u03a9<\/li>\n<li>Bateria: bateria recarreg\u00e1vel de 650 mAh<\/li>\n<li>M\u00e9todo de carregamento: Interface USB Tipo-C<\/li>\n<li>Peso: 130g<\/li>\n<li>M\u00e9todo de ativa\u00e7\u00e3o: Ativa\u00e7\u00e3o por inala\u00e7\u00e3o (basta inalar)<\/li>\n<li>Status: Pronto para usar assim que sai da caixa<\/li>\n<\/ul>\n<h2 data-v-md-heading=\"complete-flavor-lineup\" data-v-md-line=\"25\">Linha completa de sabores<\/h2>\n<p data-v-md-line=\"27\">Voc\u00ea pode escolher entre 10 combina\u00e7\u00f5es de sabores diferentes, cada uma contendo quatro sabores diferentes em um \u00fanico dispositivo:<\/p>\n<ul data-v-md-line=\"28\">\n<li>Lim\u00e3o e Lima \/ Melancia Gelada \/ Gelo Negro, Pitaya e Morango \/ Love66<\/li>\n<li>Lim\u00e3o e Lima \/ Sorvete de Morango \/ Melancia com Framboesa \/ Cereja com G\u00e1s<\/li>\n<li>Baunilha Cola \/ Lim\u00e3o P\u00eassego \/ Morango Framboesa Cereja Gelada \/ Uva Gelada<\/li>\n<li>Limonada rosa \/ Kiwi, maracuj\u00e1 e goiaba \/ P\u00eassego e frutas vermelhas \/ Morango e banana<\/li>\n<li>Explos\u00e3o de Uva \/ Gelo de Lichia \/ P\u00eassego com Frutas Vermelhas \/ Kiwi com Maracuj\u00e1 e Goiaba<\/li>\n<li>Morango e Manga \/ Limonada de Framboesa Azul \/ Sorvete de Baunilha \/ Frutas Vermelhas Azedas<\/li>\n<li>Gelo de Melancia \/ Morango e Manga \/ Gelo de Mirtilo \/ Cereja com G\u00e1s<\/li>\n<li>Chiclete de Frutas Vermelhas \/ Cereja com Lim\u00e3o \/ Morango com Kiwi \/ Morango com Melancia<\/li>\n<li>Morango e Melancia \/ Cola com Cereja \/ P\u00eassego Gelado Suculento \/ Refresco de Toranja<\/li>\n<li>Mojito \/ Monster Mango \/ Lady Killer \/ Limonada Rosa<\/li>\n<\/ul>\n<h2 data-v-md-heading=\"tailored-for-you-and-your-business\" data-v-md-line=\"39\">Feito sob medida para voc\u00ea e sua empresa.<\/h2>\n<p data-v-md-line=\"41\">Lan\u00e7amos o BANG King 250K individualmente para venda. Se voc\u00ea for propriet\u00e1rio de uma empresa, tamb\u00e9m pode comprar em grandes quantidades. As embalagens para atacado cont\u00eam 200 unidades por caixa, ideal para lojas que desejam oferecer produtos diferenciados.<\/p>\n<p data-v-md-line=\"43\">Para compradores europeus, os seguintes pontos s\u00e3o cruciais: colaboramos com parceiros de confian\u00e7a, como UPS, DPD e DHL, para oferecer servi\u00e7os de envio com impostos pagos. N\u00e3o h\u00e1 necessidade de se preocupar com taxas alfandeg\u00e1rias adicionais, nem haver\u00e1 despesas inesperadas. Seu pedido ser\u00e1 entregue em 10 a 15 dias e poder\u00e1 ser rastreado durante todo o processo. Vendemos apenas produtos 100% genu\u00ednos, rigorosamente verificados. Essa tranquilidade \u00e9 muito mais valiosa do que comprar produtos com pre\u00e7os ligeiramente mais baixos em canais informais.<\/p>\n<h2 data-v-md-heading=\"reasons-why-you-will-like-it\" data-v-md-line=\"45\">Reasons why you will like it<\/h2>\n<ul data-v-md-line=\"46\">\n<li>Bateria de longa dura\u00e7\u00e3o: Maior dura\u00e7\u00e3o da bateria do que os vapes descart\u00e1veis \u200b\u200bcomuns, sem necessidade de comprar pe\u00e7as de reposi\u00e7\u00e3o com frequ\u00eancia. Quatro sabores em um: N\u00e3o precisa carregar v\u00e1rios dispositivos, voc\u00ea pode trocar de sabor a qualquer momento.<\/li>\n<li>Bateria recarreg\u00e1vel: capacidade de 650mAh, garantindo que voc\u00ea possa usar todo o e-l\u00edquido de 60ml adquirido.<\/li>\n<li>Tecnologia de bobina de malha: Proporciona um sabor rico e suave de forma consistente da primeira \u00e0 \u00faltima mordida.<\/li>\n<li>Design port\u00e1til: Mais leve e port\u00e1til do que voc\u00ea imaginava para dispositivos de alta capacidade.<\/li>\n<li>F\u00e1cil de usar: Sem bot\u00f5es, sem configura\u00e7\u00f5es necess\u00e1rias, basta inalar para desfrutar.<\/li>\n<\/ul>\n<h2 data-v-md-heading=\"why-choose-agoravape\" data-v-md-line=\"52\">Por que escolher a AgoraVape?<\/h2>\n<p data-v-md-line=\"54\">Como um dos distribuidores de vaporizadores mais confi\u00e1veis \u200b\u200bda Europa, vendemos apenas produtos 100% genu\u00ednos. Nunca venderemos produtos falsificados ou de qualidade inferior, nem produtos importados do mercado cinza que possam ser apreendidos. Para nossos clientes corporativos, isso significa que o vaporizador descart\u00e1vel BANG King 250K com bobina mesh 4 em 1 e 250000 portas oferece pre\u00e7os de atacado altamente competitivos, suporte p\u00f3s-venda confi\u00e1vel e servi\u00e7os de entrega r\u00e1pidos e est\u00e1veis.<\/p>\n<p data-v-md-line=\"56\">Oferecemos documenta\u00e7\u00e3o completa, rastreamento integral do pedido e uma equipe pronta para atender \u00e0s suas necessidades a qualquer momento, para sua total tranquilidade. Entre em contato conosco agora mesmo para adquirir este produto que certamente deixar\u00e1 seus clientes satisfeitos. Afinal, somente vendendo produtos realmente eficazes podemos construir uma reputa\u00e7\u00e3o s\u00f3lida e duradoura.<\/p>","protected":false},"excerpt":{"rendered":"<p>&nbsp;<\/p>\n<p><script src=\"chrome-extension:\/\/fpelahbljekknahkcaegamhcndkfpfnc\/iFrame.js\" type=\"text\/javascript\"><\/script><\/p>\n<p><script src=\"chrome-extension:\/\/fpelahbljekknahkcaegamhcndkfpfnc\/iFrame.js\" type=\"text\/javascript\"><\/script><\/p>\n<p><script src=\"chrome-extension:\/\/fpelahbljekknahkcaegamhcndkfpfnc\/iFrame.js\" type=\"text\/javascript\"><\/script><\/p>\n<p><script src=\"chrome-extension:\/\/fpelahbljekknahkcaegamhcndkfpfnc\/iFrame.js\" type=\"text\/javascript\"><\/script><\/p>\n<p><script src=\"chrome-extension:\/\/fpelahbljekknahkcaegamhcndkfpfnc\/iFrame.js\" type=\"text\/javascript\"><\/script><\/p>\n<p><script src=\"chrome-extension:\/\/fpelahbljekknahkcaegamhcndkfpfnc\/iFrame.js\" type=\"text\/javascript\"><\/script><\/p>\n<p><script src=\"chrome-extension:\/\/fpelahbljekknahkcaegamhcndkfpfnc\/iFrame.js\" type=\"text\/javascript\"><\/script><\/p>\n<p><script src=\"chrome-extension:\/\/fpelahbljekknahkcaegamhcndkfpfnc\/iFrame.js\" type=\"text\/javascript\"><\/script><\/p>\n<p><script src=\"chrome-extension:\/\/fpelahbljekknahkcaegamhcndkfpfnc\/iFrame.js\" type=\"text\/javascript\"><\/script><\/p>\n<p><script src=\"chrome-extension:\/\/fpelahbljekknahkcaegamhcndkfpfnc\/iFrame.js\" type=\"text\/javascript\"><\/script><\/p>\n<p><script src=\"chrome-extension:\/\/fpelahbljekknahkcaegamhcndkfpfnc\/iFrame.js\" type=\"text\/javascript\"><\/script><\/p>\n<p><script src=\"chrome-extension:\/\/fpelahbljekknahkcaegamhcndkfpfnc\/iFrame.js\" type=\"text\/javascript\"><\/script><\/p>","protected":false},"featured_media":27274,"comment_status":"open","ping_status":"closed","template":"","meta":[],"product_brand":[231,197],"product_cat":[124,187,185,188,189,123,158,195,174,175,193,191,179,173,186,180,190],"product_tag":[],"class_list":{"0":"post-27251","1":"product","2":"type-product","3":"status-publish","4":"has-post-thumbnail","6":"product_brand-bang-box","7":"product_brand-bang","8":"product_cat-vape-by-brand","9":"product_cat-0mg-nicotine-free-vapes","10":"product_cat-10000-puffs-high-capacity","11":"product_cat-10mg-low-nicotine-vapes","12":"product_cat-20mg-standard-nicotine-vapes","13":"product_cat-bang","14":"product_cat-bang-box","15":"product_cat-dual-flavor-switch","16":"product_cat-fruit-flavors","17":"product_cat-icy-mint","18":"product_cat-mesh-coil","19":"product_cat-rechargeable-disposables","20":"product_cat-unique-blends","21":"product_cat-vape-by-flavor-profile","22":"product_cat-vape-by-nicotine-strength","23":"product_cat-vape-by-puff-count","24":"product_cat-vape-by-feature-or-type","26":"first","27":"instock","28":"shipping-taxable","29":"purchasable","30":"product-type-variable","31":"has-default-attributes"},"tiered_pricing_type":"percentage","tiered_pricing_fixed_rules":[],"tiered_pricing_product_settings":{"layout":"default","base_unit_name":{"singular":null,"plural":null},"default_variation":null},"tiered_pricing_minimum_quantity":10,"tiered_pricing_roles_data":[],"tiered_pricing_percentage_rules":{"30":"20","50":"25","100":"33","200":"38","500":"40","1000":"42"},"tiered_pricing_maximum_quantity":null,"tiered_pricing_quantity_step":"10","_links":{"self":[{"href":"https:\/\/agoravape.com\/pt\/wp-json\/wp\/v2\/product\/27251","targetHints":{"allow":["GET"]}}],"collection":[{"href":"https:\/\/agoravape.com\/pt\/wp-json\/wp\/v2\/product"}],"about":[{"href":"https:\/\/agoravape.com\/pt\/wp-json\/wp\/v2\/types\/product"}],"replies":[{"embeddable":true,"href":"https:\/\/agoravape.com\/pt\/wp-json\/wp\/v2\/comments?post=27251"}],"version-history":[{"count":0,"href":"https:\/\/agoravape.com\/pt\/wp-json\/wp\/v2\/product\/27251\/revisions"}],"wp:featuredmedia":[{"embeddable":true,"href":"https:\/\/agoravape.com\/pt\/wp-json\/wp\/v2\/media\/27274"}],"wp:attachment":[{"href":"https:\/\/agoravape.com\/pt\/wp-json\/wp\/v2\/media?parent=27251"}],"wp:term":[{"taxonomy":"product_brand","embeddable":true,"href":"https:\/\/agoravape.com\/pt\/wp-json\/wp\/v2\/product_brand?post=27251"},{"taxonomy":"product_cat","embeddable":true,"href":"https:\/\/agoravape.com\/pt\/wp-json\/wp\/v2\/product_cat?post=27251"},{"taxonomy":"product_tag","embeddable":true,"href":"https:\/\/agoravape.com\/pt\/wp-json\/wp\/v2\/product_tag?post=27251"}],"curies":[{"name":"wp","href":"https:\/\/api.w.org\/{rel}","templated":true}]}}