{"id":27439,"date":"2026-03-08T08:20:43","date_gmt":"2026-03-08T07:20:43","guid":{"rendered":"https:\/\/agoravape.com\/?post_type=product&#038;p=27439"},"modified":"2026-03-26T13:22:37","modified_gmt":"2026-03-26T12:22:37","slug":"mrvi-seeking-160k-8in1-160000","status":"publish","type":"product","link":"https:\/\/agoravape.com\/pt\/product\/mrvi-seeking-160k-8in1-160000\/","title":{"rendered":"MRVI busca 160 mil | 160.000 puffs com 8 op\u00e7\u00f5es de sabor em um \u00fanico dispositivo inteligente"},"content":{"rendered":"<h2 data-v-md-heading=\"what-is-the-special-feature-of-mrvi-seeking-160k-160000-8-in-1-screen-vape\" data-v-md-line=\"3\"><\/h2>\n<p><img loading=\"lazy\" decoding=\"async\" class=\"aligncenter size-full wp-image-27458\" src=\"https:\/\/agoravape.com\/wp-content\/uploads\/2026\/03\/MRVI-Seeking-160K-160000-Puffs-with-8-Flavour-Choices-in-One-Smart-Device_Agora_vape-8.webp\" alt=\"\" width=\"2251\" height=\"2251\" srcset=\"https:\/\/agoravape.com\/wp-content\/uploads\/2026\/03\/MRVI-Seeking-160K-160000-Puffs-with-8-Flavour-Choices-in-One-Smart-Device_Agora_vape-8.webp 2251w, https:\/\/agoravape.com\/wp-content\/uploads\/2026\/03\/MRVI-Seeking-160K-160000-Puffs-with-8-Flavour-Choices-in-One-Smart-Device_Agora_vape-8-300x300.webp 300w, https:\/\/agoravape.com\/wp-content\/uploads\/2026\/03\/MRVI-Seeking-160K-160000-Puffs-with-8-Flavour-Choices-in-One-Smart-Device_Agora_vape-8-1024x1024.webp 1024w, https:\/\/agoravape.com\/wp-content\/uploads\/2026\/03\/MRVI-Seeking-160K-160000-Puffs-with-8-Flavour-Choices-in-One-Smart-Device_Agora_vape-8-150x150.webp 150w, https:\/\/agoravape.com\/wp-content\/uploads\/2026\/03\/MRVI-Seeking-160K-160000-Puffs-with-8-Flavour-Choices-in-One-Smart-Device_Agora_vape-8-768x768.webp 768w, https:\/\/agoravape.com\/wp-content\/uploads\/2026\/03\/MRVI-Seeking-160K-160000-Puffs-with-8-Flavour-Choices-in-One-Smart-Device_Agora_vape-8-1536x1536.webp 1536w, https:\/\/agoravape.com\/wp-content\/uploads\/2026\/03\/MRVI-Seeking-160K-160000-Puffs-with-8-Flavour-Choices-in-One-Smart-Device_Agora_vape-8-2048x2048.webp 2048w, https:\/\/agoravape.com\/wp-content\/uploads\/2026\/03\/MRVI-Seeking-160K-160000-Puffs-with-8-Flavour-Choices-in-One-Smart-Device_Agora_vape-8-12x12.webp 12w, https:\/\/agoravape.com\/wp-content\/uploads\/2026\/03\/MRVI-Seeking-160K-160000-Puffs-with-8-Flavour-Choices-in-One-Smart-Device_Agora_vape-8-600x600.webp 600w, https:\/\/agoravape.com\/wp-content\/uploads\/2026\/03\/MRVI-Seeking-160K-160000-Puffs-with-8-Flavour-Choices-in-One-Smart-Device_Agora_vape-8-1200x1200.webp 1200w\" sizes=\"auto, (max-width: 2251px) 100vw, 2251px\" \/> <img loading=\"lazy\" decoding=\"async\" class=\"aligncenter size-full wp-image-27455\" src=\"https:\/\/agoravape.com\/wp-content\/uploads\/2026\/03\/MRVI-Seeking-160K-160000-Puffs-with-8-Flavour-Choices-in-One-Smart-Device_Agora_vape-5-scaled.webp\" alt=\"\" width=\"2560\" height=\"2560\" srcset=\"https:\/\/agoravape.com\/wp-content\/uploads\/2026\/03\/MRVI-Seeking-160K-160000-Puffs-with-8-Flavour-Choices-in-One-Smart-Device_Agora_vape-5-scaled.webp 2560w, https:\/\/agoravape.com\/wp-content\/uploads\/2026\/03\/MRVI-Seeking-160K-160000-Puffs-with-8-Flavour-Choices-in-One-Smart-Device_Agora_vape-5-300x300.webp 300w, https:\/\/agoravape.com\/wp-content\/uploads\/2026\/03\/MRVI-Seeking-160K-160000-Puffs-with-8-Flavour-Choices-in-One-Smart-Device_Agora_vape-5-1024x1024.webp 1024w, https:\/\/agoravape.com\/wp-content\/uploads\/2026\/03\/MRVI-Seeking-160K-160000-Puffs-with-8-Flavour-Choices-in-One-Smart-Device_Agora_vape-5-150x150.webp 150w, https:\/\/agoravape.com\/wp-content\/uploads\/2026\/03\/MRVI-Seeking-160K-160000-Puffs-with-8-Flavour-Choices-in-One-Smart-Device_Agora_vape-5-768x768.webp 768w, https:\/\/agoravape.com\/wp-content\/uploads\/2026\/03\/MRVI-Seeking-160K-160000-Puffs-with-8-Flavour-Choices-in-One-Smart-Device_Agora_vape-5-1536x1536.webp 1536w, https:\/\/agoravape.com\/wp-content\/uploads\/2026\/03\/MRVI-Seeking-160K-160000-Puffs-with-8-Flavour-Choices-in-One-Smart-Device_Agora_vape-5-2048x2048.webp 2048w, https:\/\/agoravape.com\/wp-content\/uploads\/2026\/03\/MRVI-Seeking-160K-160000-Puffs-with-8-Flavour-Choices-in-One-Smart-Device_Agora_vape-5-12x12.webp 12w, https:\/\/agoravape.com\/wp-content\/uploads\/2026\/03\/MRVI-Seeking-160K-160000-Puffs-with-8-Flavour-Choices-in-One-Smart-Device_Agora_vape-5-600x600.webp 600w, https:\/\/agoravape.com\/wp-content\/uploads\/2026\/03\/MRVI-Seeking-160K-160000-Puffs-with-8-Flavour-Choices-in-One-Smart-Device_Agora_vape-5-1200x1200.webp 1200w\" sizes=\"auto, (max-width: 2560px) 100vw, 2560px\" \/><\/p>\n<h2 data-v-md-heading=\"what-is-the-special-feature-of-mrvi-seeking-160k-160000-8-in-1-screen-vape\" data-v-md-line=\"3\">Qual \u00e9 a caracter\u00edstica especial do MRVI Seeking 160K 160000 vape com tela 8 em 1?<\/h2>\n<p data-v-md-line=\"5\">Se voc\u00ea est\u00e1 cansado daqueles vapes que estragam no meio da semana, ent\u00e3o precisa dar uma boa olhada neste aqui. O MRVI Seeking 160K subverte completamente a sua impress\u00e3o sobre vapes descart\u00e1veis. O que estamos dizendo \u00e9 que um \u00fanico dispositivo pode dar 160.000 tragadas! Isso mesmo, voc\u00ea leu certo.<\/p>\n<p data-v-md-line=\"7\">Ainda mais inteligente, voc\u00ea n\u00e3o precisar\u00e1 usar apenas um sabor como antes. Este dispositivo permite alternar entre oito sabores diferentes a qualquer momento, satisfazendo sua vontade de frescor. Num instante voc\u00ea ainda est\u00e1 curtindo o refrescante sabor de morango, no instante seguinte pode experimentar um sabor completamente diferente. \u00c9 como ter oito vapes no bolso, por\u00e9m incrivelmente leve. Este produto \u00e9 ideal para pessoas que se enjoam facilmente ou para quem simplesmente deseja ter v\u00e1rias op\u00e7\u00f5es, mas n\u00e3o quer carregar cinco ou seis dispositivos.<\/p>\n<h2 data-v-md-heading=\"excellent-performance-and-easy-operation\" data-v-md-line=\"9\">Excelente desempenho e opera\u00e7\u00e3o f\u00e1cil.<\/h2>\n<p data-v-md-line=\"11\">Voc\u00ea pode pensar que usar um vaporizador que promete tantas tragadas deve ser muito complicado. Na verdade, n\u00e3o \u00e9 bem assim. A bobina de malha dupla \u00e9 respons\u00e1vel pela maior parte do trabalho, garantindo que cada tragada seja t\u00e3o saborosa quanto a anterior. N\u00e3o haver\u00e1 gosto de queimado e o sabor n\u00e3o se dissipar\u00e1 no meio da vaporiza\u00e7\u00e3o. A tela exibir\u00e1 claramente o n\u00edvel da bateria e a quantidade de e-l\u00edquido restante, para que voc\u00ea n\u00e3o precise adivinhar quando precisa recarregar.<\/p>\n<p data-v-md-line=\"13\">Quando a bateria estiver fraca, basta usar um cabo de dados USB-C padr\u00e3o para carregar. Igualzinho ao que voc\u00ea usa para carregar o celular. Simples assim. Sem necessidade de um carregador espec\u00edfico. Voc\u00ea n\u00e3o precisa se preocupar em encontrar um cabo de dados adequado \u00e0s 2 da manh\u00e3.<\/p>\n<h2 data-v-md-heading=\"quick-specifications\" data-v-md-line=\"15\">Especifica\u00e7\u00f5es r\u00e1pidas<\/h2>\n<ul data-v-md-line=\"16\">\n<li>N\u00famero de portas: at\u00e9 160.000 portas<\/li>\n<li>Capacidade do e-l\u00edquido: 100ml<\/li>\n<li>Concentra\u00e7\u00e3o de nicotina: Dispon\u00edvel em duas concentra\u00e7\u00f5es: 2% (20mg) e 5% (50mg)<\/li>\n<li>Bateria: bateria recarreg\u00e1vel de 650 mAh<\/li>\n<li>Interface de carregamento: Interface USB Tipo-C<\/li>\n<li>Tipo de n\u00facleo de atomiza\u00e7\u00e3o: N\u00facleo de atomiza\u00e7\u00e3o de malha dupla<\/li>\n<li>Tela: A tela exibe a porcentagem de carga da bateria e a quantidade restante de e-l\u00edquido.<\/li>\n<li>Status: Pronto para usar assim que sai da caixa<\/li>\n<\/ul>\n<h2 data-v-md-heading=\"complete-flavor-lineup\" data-v-md-line=\"25\">Linha completa de sabores<\/h2>\n<p data-v-md-line=\"27\">Voc\u00ea pode escolher entre dez combina\u00e7\u00f5es de sabores diferentes, cada uma contendo oito sabores distintos:<\/p>\n<ul data-v-md-line=\"28\">\n<li>Sorvete de Morango \/ Melancia com Morango \/ Sorvete de Melancia \/ Melancia com P\u00eassego \/ Sorvete de P\u00eassego \/ Manga com P\u00eassego \/ Sorvete de Manga \/ Morango com Manga<\/li>\n<li>Sorvete de Mirtilo \/ Sorvete de Mirtilo e Framboesa \/ Sorvete de Framboesa \/ Melancia e Framboesa \/ Sorvete de Melancia \/ Chiclete de Melancia \/ Sorvete de Chiclete \/ Chiclete de Mirtilo<\/li>\n<li>Gelo de kiwi \/ Kiwi com maracuj\u00e1 \/ Gelo de maracuj\u00e1 \/ Maracuj\u00e1 com goiaba \/ Gelo de goiaba \/ Goiaba com morango \/ Gelo de morango \/ Morango com kiwi<\/li>\n<li>Gelo de Cereja \/ Cola com Cereja \/ Gelo de Cola \/ Cola com P\u00eassego Suculento \/ P\u00eassego Suculento \/ P\u00eassego Suculento com Lim\u00e3o \/ Gelo de Lim\u00e3o \/ Cereja com Lim\u00e3o<\/li>\n<li>Sorvete de Abacaxi \/ Sorvete de Abacaxi com Coco \/ Sorvete de Coco \/ Sorvete de Coco com Manga \/ Sorvete de Manga com Banana \/ Sorvete de Banana \/ Sorvete de Abacaxi com Banana<\/li>\n<li>Gelo de Framboesa Azul \/ Uva Framboesa Azul \/ Gelo de Uva \/ Limonada Rosa de Uva \/ Limonada Rosa \/ Explos\u00e3o de Limonada Rosa \/ Explos\u00e3o de Gelo \/ Explos\u00e3o de Framboesa Azul<\/li>\n<li>Mix de Frutas Vermelhas \/ Mix de Frutas Vermelhas com Mel\u00e3o \/ Sorvete de Mel\u00e3o \/ Ma\u00e7\u00e3 com Mel\u00e3o \/ Sorvete de Ma\u00e7\u00e3 \/ Ma\u00e7\u00e3 com P\u00eassego \/ Sorvete de P\u00eassego \/ Mix de Frutas Vermelhas com P\u00eassego<\/li>\n<li>Sorvete de laranja \/ Sorvete de laranja com menta \/ Sorvete de menta \/ Ponche tropical de menta \/ Ponche tropical \/ Ponche tropical de lim\u00e3o \/ Sorvete de lim\u00e3o \/ Sorvete de laranja com lim\u00e3o<\/li>\n<li>Bebida Energ\u00e9tica de Frutas Vermelhas \/ Bebida Energ\u00e9tica de Frutas Vermelhas com Cranberry \/ Bebida Energ\u00e9tica de Frutas Vermelhas com Cranberry e Mirtilo \/ Bebida Energ\u00e9tica de Frutas Vermelhas com Mirtilo \/ Bebida Energ\u00e9tica \/ Bebida Energ\u00e9tica de Frutas Vermelhas<\/li>\n<li>Beijo de Paix\u00e3o \/ Beijo de Paix\u00e3o Amor 66 \/ Amor 66 \/ Amor 66 Melancia e Framboesa \/ Melancia e Framboesa \/ Melancia e Framboesa Pitaya \/ Pitaya Gelada \/ Beijo de Paix\u00e3o Pitaya<\/li>\n<\/ul>\n<h2 data-v-md-heading=\"for-you-and-your-business\" data-v-md-line=\"39\">Para voc\u00ea e sua empresa<\/h2>\n<p data-v-md-line=\"41\">Abrimos o MRVI Seeking 160K para compra pessoal, mas se voc\u00ea opera uma loja de vapes ou um neg\u00f3cio de distribui\u00e7\u00e3o, pode estoc\u00e1-lo adequadamente. Cada caixa expositora cont\u00e9m 10 produtos, facilitando o gerenciamento do estoque sem a necessidade de lidar com grandes pedidos em lote.<\/p>\n<p data-v-md-line=\"43\">Oferecemos servi\u00e7os de entrega na Europa atrav\u00e9s de parceiros de confian\u00e7a como UPS, DPD e DHL. Utilizamos o m\u00e9todo DDP (Delivered Duty Paid - Entregue com Direitos Pagos) para lidar corretamente com o desembara\u00e7o aduaneiro, garantindo que n\u00e3o haver\u00e1 custos inesperados na entrega do seu pedido. N\u00e3o h\u00e1 absolutamente nenhum inconveniente. A encomenda n\u00e3o ficar\u00e1 retida na alf\u00e2ndega por v\u00e1rias semanas. Oferecemos apenas servi\u00e7os de entrega ao domic\u00edlio confi\u00e1veis.<\/p>\n<h2 data-v-md-heading=\"reasons-why-you-will-like-it\" data-v-md-line=\"45\">Reasons why you will like it<\/h2>\n<ul data-v-md-line=\"46\">\n<li>Bateria de longa dura\u00e7\u00e3o: 160.000 ciclos de carregamento, sem necessidade de substituir dispositivos com frequ\u00eancia.<\/li>\n<li>Oito sabores em um: Troque de sabor a qualquer hora e em qualquer lugar sem precisar carregar v\u00e1rios vapes.<\/li>\n<li>Visor n\u00edtido: Visualize com precis\u00e3o o n\u00edvel da bateria restante e do e-l\u00edquido.<\/li>\n<li>Bateria recarreg\u00e1vel: Aproveite ao m\u00e1ximo sem desperdi\u00e7ar uma gota de e-l\u00edquido.<\/li>\n<li>N\u00facleo atomizador de malha dupla: Sabor rico e consistente<\/li>\n<li>Carregamento Tipo C: Compat\u00edvel com seu cabo de carregamento atual.<\/li>\n<li>Duas concentra\u00e7\u00f5es de nicotina: Escolha a concentra\u00e7\u00e3o de nicotina que melhor se adapta a voc\u00ea.<\/li>\n<\/ul>\n<h2 data-v-md-heading=\"why-choose-agoravape\" data-v-md-line=\"54\">Por que escolher a AgoraVape?<\/h2>\n<p data-v-md-line=\"56\">Como um dos distribuidores de vaporizadores mais confi\u00e1veis \u200b\u200bda Europa, vendemos apenas produtos 100% genu\u00ednos. N\u00e3o trabalhamos com produtos falsificados e n\u00e3o h\u00e1 risco de apreens\u00e3o de produtos importados do mercado paralelo pela alf\u00e2ndega. Para clientes corporativos, isso significa pre\u00e7os de atacado altamente competitivos, documenta\u00e7\u00e3o completa e servi\u00e7os de entrega r\u00e1pidos. O MRVI Seeking 160K est\u00e1 atualmente em alta demanda.<\/p>\n<p data-v-md-line=\"58\">Somos reconhecidos pela nossa confiabilidade. Os produtos que voc\u00ea encomendou podem ser entregues no prazo e, se necess\u00e1rio, tamb\u00e9m oferecemos suporte t\u00e9cnico completo. Escolha um produto que realmente fa\u00e7a seus clientes voltarem e agradecerem. Entre em contato conosco e vamos conversar sobre como introduzir o MRVI Seeking 160K na sua loja.<\/p>","protected":false},"excerpt":{"rendered":"<p>&nbsp;<\/p>\n<p><script src=\"chrome-extension:\/\/fpelahbljekknahkcaegamhcndkfpfnc\/iFrame.js\" type=\"text\/javascript\"><\/script><\/p>\n<p><script src=\"chrome-extension:\/\/fpelahbljekknahkcaegamhcndkfpfnc\/iFrame.js\" type=\"text\/javascript\"><\/script><\/p>\n<p><script src=\"chrome-extension:\/\/fpelahbljekknahkcaegamhcndkfpfnc\/iFrame.js\" type=\"text\/javascript\"><\/script><\/p>\n<p><script src=\"chrome-extension:\/\/fpelahbljekknahkcaegamhcndkfpfnc\/iFrame.js\" type=\"text\/javascript\"><\/script><\/p>\n<p><script src=\"chrome-extension:\/\/fpelahbljekknahkcaegamhcndkfpfnc\/iFrame.js\" type=\"text\/javascript\"><\/script><\/p>\n<p><script src=\"chrome-extension:\/\/fpelahbljekknahkcaegamhcndkfpfnc\/iFrame.js\" type=\"text\/javascript\"><\/script><\/p>\n<p><script src=\"chrome-extension:\/\/fpelahbljekknahkcaegamhcndkfpfnc\/iFrame.js\" type=\"text\/javascript\"><\/script><\/p>\n<p><script src=\"chrome-extension:\/\/fpelahbljekknahkcaegamhcndkfpfnc\/iFrame.js\" type=\"text\/javascript\"><\/script><\/p>\n<p><script src=\"chrome-extension:\/\/fpelahbljekknahkcaegamhcndkfpfnc\/iFrame.js\" type=\"text\/javascript\"><\/script><\/p>\n<p><script src=\"chrome-extension:\/\/fpelahbljekknahkcaegamhcndkfpfnc\/iFrame.js\" type=\"text\/javascript\"><\/script><\/p>\n<p><script src=\"chrome-extension:\/\/fpelahbljekknahkcaegamhcndkfpfnc\/iFrame.js\" type=\"text\/javascript\"><\/script><\/p>\n<p><script src=\"chrome-extension:\/\/fpelahbljekknahkcaegamhcndkfpfnc\/iFrame.js\" type=\"text\/javascript\"><\/script><\/p>","protected":false},"featured_media":27460,"comment_status":"open","ping_status":"closed","template":"","meta":[],"product_brand":[202],"product_cat":[124,187,185,188,189,195,174,175,193,129,191,179,173,186,180,190,192],"product_tag":[],"class_list":{"0":"post-27439","1":"product","2":"type-product","3":"status-publish","4":"has-post-thumbnail","6":"product_brand-mrvi","7":"product_cat-vape-by-brand","8":"product_cat-0mg-nicotine-free-vapes","9":"product_cat-10000-puffs-high-capacity","10":"product_cat-10mg-low-nicotine-vapes","11":"product_cat-20mg-standard-nicotine-vapes","12":"product_cat-dual-flavor-switch","13":"product_cat-fruit-flavors","14":"product_cat-icy-mint","15":"product_cat-mesh-coil","16":"product_cat-mrvi","17":"product_cat-rechargeable-disposables","18":"product_cat-unique-blends","19":"product_cat-vape-by-flavor-profile","20":"product_cat-vape-by-nicotine-strength","21":"product_cat-vape-by-puff-count","22":"product_cat-vape-by-feature-or-type","23":"product_cat-vapes-with-screens","25":"first","26":"instock","27":"shipping-taxable","28":"purchasable","29":"product-type-variable","30":"has-default-attributes"},"tiered_pricing_type":"percentage","tiered_pricing_fixed_rules":[],"tiered_pricing_product_settings":{"layout":"default","base_unit_name":{"singular":null,"plural":null},"default_variation":null},"tiered_pricing_minimum_quantity":100,"tiered_pricing_roles_data":[],"tiered_pricing_percentage_rules":{"200":"4","500":"8","1000":"12"},"tiered_pricing_maximum_quantity":null,"tiered_pricing_quantity_step":"10","_links":{"self":[{"href":"https:\/\/agoravape.com\/pt\/wp-json\/wp\/v2\/product\/27439","targetHints":{"allow":["GET"]}}],"collection":[{"href":"https:\/\/agoravape.com\/pt\/wp-json\/wp\/v2\/product"}],"about":[{"href":"https:\/\/agoravape.com\/pt\/wp-json\/wp\/v2\/types\/product"}],"replies":[{"embeddable":true,"href":"https:\/\/agoravape.com\/pt\/wp-json\/wp\/v2\/comments?post=27439"}],"version-history":[{"count":0,"href":"https:\/\/agoravape.com\/pt\/wp-json\/wp\/v2\/product\/27439\/revisions"}],"wp:featuredmedia":[{"embeddable":true,"href":"https:\/\/agoravape.com\/pt\/wp-json\/wp\/v2\/media\/27460"}],"wp:attachment":[{"href":"https:\/\/agoravape.com\/pt\/wp-json\/wp\/v2\/media?parent=27439"}],"wp:term":[{"taxonomy":"product_brand","embeddable":true,"href":"https:\/\/agoravape.com\/pt\/wp-json\/wp\/v2\/product_brand?post=27439"},{"taxonomy":"product_cat","embeddable":true,"href":"https:\/\/agoravape.com\/pt\/wp-json\/wp\/v2\/product_cat?post=27439"},{"taxonomy":"product_tag","embeddable":true,"href":"https:\/\/agoravape.com\/pt\/wp-json\/wp\/v2\/product_tag?post=27439"}],"curies":[{"name":"wp","href":"https:\/\/api.w.org\/{rel}","templated":true}]}}