{"id":18887,"date":"2025-10-27T23:02:42","date_gmt":"2025-10-27T15:02:42","guid":{"rendered":"https:\/\/agoravape.com\/?page_id=18887"},"modified":"2025-10-28T09:42:57","modified_gmt":"2025-10-28T01:42:57","slug":"licenta","status":"publish","type":"page","link":"https:\/\/agoravape.com\/ro\/license\/","title":{"rendered":"Licen\u021b\u0103 de imagine, drepturi de autor \u0219i declara\u021bie de proprietate intelectual\u0103"},"content":{"rendered":"<h1 class=\"wp-block-heading has-text-align-left\">Licen\u021b\u0103 de imagine, drepturi de autor \u0219i declara\u021bie de proprietate intelectual\u0103<br><br><strong>Introducere<\/strong><\/h1>\n\n\n\n<p>Aceast\u0103 declara\u021bie reglementeaz\u0103 utilizarea \u00eentregului con\u021binut vizual de pe agoravape.com (denumit \u00een continuare \u201csite-ul web\u201d). Prin accesarea sau utilizarea site-ului web, sunte\u021bi de acord s\u0103 respecta\u021bi integral \u0219i necondi\u021bionat termenii \u0219i condi\u021biile descrise \u00een prezentul document.<\/p>\n\n\n\n<h3 class=\"wp-block-heading\"><strong>Partea 1: Drepturile de autor \u0219i proprietatea intelectual\u0103<\/strong><\/h3>\n\n\n\n<h4 class=\"wp-block-heading\"><strong>Articolul 1.1: Declara\u021bia de proprietate<\/strong><\/h4>\n\n\n\n<p>Toate imaginile, fotografiile, graficele, logo-urile \u0219i videoclipurile (denumite \u00een mod colectiv \u201cCon\u021binut vizual\u201d) publicate pe acest site web, inclusiv, dar f\u0103r\u0103 a se limita la cele legate de produse, variante de produse \u0219i materiale promo\u021bionale, sunt proprietatea exclusiv\u0103 a agoravape.com sau sunt utilizate cu permisiunea expres\u0103 a proprietarilor de drept.<\/p>\n\n\n\n<h4 class=\"wp-block-heading\"><strong>Articolul 1.2: Protec\u021bia juridic\u0103<\/strong><\/h4>\n\n\n\n<p>Tot con\u021binutul vizual este protejat de Codul francez al propriet\u0103\u021bii intelectuale (Code de la Propri\u00e9t\u00e9 Intellectuelle, \u00een special articolul L111-1 \u0219i articolele ulterioare) \u0219i de legile europene \u0219i interna\u021bionale aplicabile privind drepturile de autor. Orice utilizare neautorizat\u0103 a acestui con\u021binut este considerat\u0103 o \u00eenc\u0103lcare a acestor legi. Protec\u021bia drepturilor de autor este automat\u0103 \u00een momentul cre\u0103rii operei \u0219i nu necesit\u0103 \u00eenregistrare oficial\u0103.<\/p>\n\n\n\n<h3 class=\"wp-block-heading\"><strong>Partea 2: Licen\u021b\u0103 \u0219i utilizare autorizat\u0103<\/strong><\/h3>\n\n\n\n<h4 class=\"wp-block-heading\"><strong>Articolul 2.1: Domeniul de aplicare al utiliz\u0103rii autorizate<\/strong><\/h4>\n\n\n\n<p>agoravape.com acord\u0103 utilizatorilor o licen\u021b\u0103 limitat\u0103, neexclusiv\u0103 \u0219i netransferabil\u0103 de a accesa \u0219i utiliza Con\u021binutul vizual numai \u00een urm\u0103toarele scopuri:<\/p>\n\n\n\n<ul class=\"wp-block-list\">\n<li><strong>Consultare personal\u0103:<\/strong>\u00a0Vizualizarea con\u021binutului pe un dispozitiv personal \u00een scopuri private, necomerciale.<\/li>\n\n\n\n<li><strong>Partajare necomercial\u0103:<\/strong>\u00a0Partajarea de linkuri sau capturi de ecran ale con\u021binutului pe canale personale, cum ar fi social media, cu condi\u021bia ca utilizarea s\u0103 fie strict necomercial\u0103 \u0219i s\u0103 se atribuie \u00een mod clar agoravape.com.<\/li>\n<\/ul>\n\n\n\n<h4 class=\"wp-block-heading\"><strong>Articolul 2.2: Ac\u021biuni interzise<\/strong><\/h4>\n\n\n\n<p>F\u0103r\u0103 acordul scris prealabil din partea agoravape.com, urm\u0103toarele ac\u021biuni sunt strict interzise:<\/p>\n\n\n\n<ul class=\"wp-block-list\">\n<li><strong>Reproducere \u0219i distribu\u021bie:<\/strong>\u00a0Copierea, desc\u0103rcarea, modificarea, distribuirea sau republicarea Con\u021binutului vizual \u00een orice form\u0103, digital\u0103 sau fizic\u0103.<\/li>\n\n\n\n<li><strong>Modificare \u0219i lucr\u0103ri derivate:<\/strong>\u00a0Modificarea, editarea, decuparea, colorizarea sau crearea oric\u0103ror lucr\u0103ri derivate pe baza Con\u021binutului vizual.<\/li>\n\n\n\n<li><strong>Exploatare comercial\u0103:<\/strong>\u00a0Utilizarea con\u021binutului vizual \u00een orice scop comercial, inclusiv, dar f\u0103r\u0103 a se limita la publicitate, marketing, ambalarea produselor, rev\u00e2nzarea pe pie\u021bele online (de exemplu, Amazon, eBay) sau orice alt\u0103 activitate cu scop lucrativ.<\/li>\n\n\n\n<li><strong>Afi\u0219are public\u0103:<\/strong>\u00a0Distribuirea sau afi\u0219area public\u0103 a con\u021binutului vizual pe orice platform\u0103 f\u0103r\u0103 a respecta cerin\u021bele obligatorii de atribuire.<\/li>\n<\/ul>\n\n\n\n<h4 class=\"wp-block-heading\"><strong>Articolul 2.3: Ob\u021binerea unei licen\u021be de utilizare<\/strong><\/h4>\n\n\n\n<p>Pentru a utiliza con\u021binutul vizual \u00een orice scop \u00een afara domeniului de aplicare al articolului 2.1, trebuie s\u0103 ob\u021bine\u021bi \u00een prealabil permisiunea scris\u0103.<\/p>\n\n\n\n<ul class=\"wp-block-list\">\n<li><strong>Tip licen\u021b\u0103:<\/strong>\u00a0Singura licen\u021b\u0103 acordat\u0103 este pentru\u00a0<strong>Atribuire-Non comercial\u0103<\/strong>\u00a0utilizare.<\/li>\n\n\n\n<li><strong>Pagina de informa\u021bii privind licen\u021ba:<\/strong>\u00a0Pentru termeni detalia\u021bi ai licen\u021bei, v\u0103 rug\u0103m s\u0103 vizita\u021bi:\u00a0<code>https:\/\/agoravape.com\/license\/<\/code><\/li>\n\n\n\n<li><strong>Persoan\u0103 de contact pentru cererea de licen\u021b\u0103:<\/strong>\u00a0Toate cererile de licen\u021b\u0103 trebuie trimise prin intermediul paginii noastre de contact:\u00a0<code><a href=\"https:\/\/agoravape.com\/ro\/contactele-noastre\/\">https:\/\/agoravape.com\/contact\/<\/a><\/code><\/li>\n<\/ul>\n\n\n\n<h3 class=\"wp-block-heading\"><strong>Partea 3: Cerin\u021be privind atribuirea<\/strong><\/h3>\n\n\n\n<h4 class=\"wp-block-heading\"><strong>Articolul 3.1: Atribuirea obligatorie<\/strong><\/h4>\n\n\n\n<p>Orice utilizare autorizat\u0103 a con\u021binutului vizual, fie prin partajare necomercial\u0103 (articolul 2.1), fie printr-o licen\u021b\u0103 scris\u0103 specific\u0103 (articolul 2.3), trebuie s\u0103 fie \u00eenso\u021bit\u0103 de urm\u0103toarea atribuire \u00eentr-un mod clar vizibil:<\/p>\n\n\n\n<blockquote class=\"wp-block-quote is-layout-flow wp-block-quote-is-layout-flow\">\n<p><strong>\u00a9 agoravape.com - Toate drepturile rezervate<\/strong><br><strong>Surs\u0103 imagine: agoravape.com<\/strong><br><strong>URL surs\u0103: https:\/\/agoravape.com<\/strong><\/p>\n<\/blockquote>\n\n\n\n<p>Omisiunea de a furniza atribuirea corespunz\u0103toare constituie o \u00eenc\u0103lcare a acestor termeni.<\/p>\n\n\n\n<h3 class=\"wp-block-heading\"><strong>Partea 4: \u00cenc\u0103lc\u0103ri \u0219i remedii juridice<\/strong><\/h3>\n\n\n\n<h4 class=\"wp-block-heading\"><strong>Articolul 4.1: \u00cenc\u0103lcarea termenilor<\/strong><\/h4>\n\n\n\n<p>Orice utilizare a con\u021binutului vizual care \u00eencalc\u0103 termenii descri\u0219i \u00een aceast\u0103 declara\u021bie va fi considerat\u0103 o \u00eenc\u0103lcare a drepturilor de autor.<\/p>\n\n\n\n<h4 class=\"wp-block-heading\"><strong>Articolul 4.2: Consecin\u021be juridice<\/strong><\/h4>\n\n\n\n<p>agoravape.com \u00ee\u0219i rezerv\u0103 dreptul de a lua toate m\u0103surile legale necesare ca r\u0103spuns la orice \u00eenc\u0103lcare. Aceasta poate include, dar nu se limiteaz\u0103 la:<\/p>\n\n\n\n<ul class=\"wp-block-list\">\n<li><strong>Cerere de \u00eendep\u0103rtare imediat\u0103:<\/strong>\u00a0Emiterea unei notific\u0103ri oficiale c\u0103tre partea care \u00eencalc\u0103 drepturile de autor, solicit\u00e2ndu-i \u00eencetarea imediat\u0103 a utiliz\u0103rii neautorizate \u0219i eliminarea \u00eentregului con\u021binut care \u00eencalc\u0103 drepturile de autor.<\/li>\n\n\n\n<li><strong>Cerere de desp\u0103gubiri:<\/strong>\u00a0Solicitarea de compensa\u021bii b\u0103ne\u0219ti pentru orice pierderi financiare \u0219i daune aduse reputa\u021biei care rezult\u0103 din \u00eenc\u0103lcare, \u00een conformitate cu legisla\u021bia aplicabil\u0103.<\/li>\n\n\n\n<li><strong>Proceduri judiciare:<\/strong>\u00a0ini\u021bierea de proceduri civile sau penale \u00eempotriva p\u0103r\u021bii care \u00eencalc\u0103 drepturile de proprietate intelectual\u0103 \u00een fa\u021ba unei instan\u021be judec\u0103tore\u0219ti competente pentru a face respectate drepturile noastre de proprietate intelectual\u0103.<\/li>\n<\/ul>\n\n\n\n<p><strong>Articolul 4.3: Dreptul de interpretare<\/strong><br>agoravape.com \u00ee\u0219i rezerv\u0103 dreptul de a modifica aceast\u0103 declara\u021bie \u00een orice moment. Toate modific\u0103rile vor intra \u00een vigoare imediat dup\u0103 publicarea lor pe site.<\/p>\n\n\n\n<p><\/p>","protected":false},"excerpt":{"rendered":"<p>Image License, Copyright, and Intellectual Property Statement Introduction This statement governs the use of all visual content on agoravape.com (hereinafter<\/p>","protected":false},"author":2,"featured_media":18658,"parent":0,"menu_order":0,"comment_status":"closed","ping_status":"closed","template":"elementor_header_footer","meta":{"footnotes":""},"class_list":["post-18887","page","type-page","status-publish","has-post-thumbnail","hentry"],"_links":{"self":[{"href":"https:\/\/agoravape.com\/ro\/wp-json\/wp\/v2\/pages\/18887","targetHints":{"allow":["GET"]}}],"collection":[{"href":"https:\/\/agoravape.com\/ro\/wp-json\/wp\/v2\/pages"}],"about":[{"href":"https:\/\/agoravape.com\/ro\/wp-json\/wp\/v2\/types\/page"}],"author":[{"embeddable":true,"href":"https:\/\/agoravape.com\/ro\/wp-json\/wp\/v2\/users\/2"}],"replies":[{"embeddable":true,"href":"https:\/\/agoravape.com\/ro\/wp-json\/wp\/v2\/comments?post=18887"}],"version-history":[{"count":0,"href":"https:\/\/agoravape.com\/ro\/wp-json\/wp\/v2\/pages\/18887\/revisions"}],"wp:featuredmedia":[{"embeddable":true,"href":"https:\/\/agoravape.com\/ro\/wp-json\/wp\/v2\/media\/18658"}],"wp:attachment":[{"href":"https:\/\/agoravape.com\/ro\/wp-json\/wp\/v2\/media?parent=18887"}],"curies":[{"name":"wp","href":"https:\/\/api.w.org\/{rel}","templated":true}]}}