{"id":10852,"date":"2025-10-01T09:29:35","date_gmt":"2025-10-01T01:29:35","guid":{"rendered":"https:\/\/green-grasshopper-921422.hostingersite.com\/?post_type=product&#038;p=10852"},"modified":"2026-01-19T22:09:32","modified_gmt":"2026-01-19T14:09:32","slug":"iqte-50000-puffs-reincarcabila-vape","status":"publish","type":"product","link":"https:\/\/agoravape.com\/ro\/product\/iqte-50000-puffs-rechargeable-vape\/","title":{"rendered":"IQTE 50000 Puffs Vape re\u00eenc\u0103rcabil\u0103 de unic\u0103 folosin\u021b\u0103 | Capacitate mare, \u00eenc\u0103rcare simpl\u0103"},"content":{"rendered":"<h2 data-v-md-heading=\"so-what-about-iqte-50000-rechargeable-disposable-vapes\" data-v-md-line=\"3\"><img loading=\"lazy\" decoding=\"async\" class=\"aligncenter size-full wp-image-18613\" src=\"https:\/\/agoravape.com\/wp-content\/uploads\/2025\/10\/IQTE-50000-Puffs-Rechargeable-Disposable_Agora_vape-6.webp\" alt=\"\" width=\"2560\" height=\"1785\" srcset=\"https:\/\/agoravape.com\/wp-content\/uploads\/2025\/10\/IQTE-50000-Puffs-Rechargeable-Disposable_Agora_vape-6.webp 2560w, https:\/\/agoravape.com\/wp-content\/uploads\/2025\/10\/IQTE-50000-Puffs-Rechargeable-Disposable_Agora_vape-6-1200x837.webp 1200w, https:\/\/agoravape.com\/wp-content\/uploads\/2025\/10\/IQTE-50000-Puffs-Rechargeable-Disposable_Agora_vape-6-300x209.webp 300w, https:\/\/agoravape.com\/wp-content\/uploads\/2025\/10\/IQTE-50000-Puffs-Rechargeable-Disposable_Agora_vape-6-1024x714.webp 1024w, https:\/\/agoravape.com\/wp-content\/uploads\/2025\/10\/IQTE-50000-Puffs-Rechargeable-Disposable_Agora_vape-6-768x536.webp 768w, https:\/\/agoravape.com\/wp-content\/uploads\/2025\/10\/IQTE-50000-Puffs-Rechargeable-Disposable_Agora_vape-6-1536x1071.webp 1536w, https:\/\/agoravape.com\/wp-content\/uploads\/2025\/10\/IQTE-50000-Puffs-Rechargeable-Disposable_Agora_vape-6-2048x1428.webp 2048w\" sizes=\"auto, (max-width: 2560px) 100vw, 2560px\" \/><\/h2>\n<h2 data-v-md-heading=\"so-what-about-iqte-50000-rechargeable-disposable-vapes\" data-v-md-line=\"3\">Dar ce zici de \u021big\u0103rile electronice re\u00eenc\u0103rcabile de unic\u0103 folosin\u021b\u0103 IQTE 50000?<\/h2>\n<p data-v-md-line=\"4\">Dac\u0103 te-ai s\u0103turat s\u0103 \u00eenlocuie\u0219ti \u021big\u0103rile electronice de unic\u0103 folosin\u021b\u0103 la fiecare c\u00e2teva zile, acest produs \u00ee\u021bi va u\u0219ura via\u021ba. IQTE 50000 este echipat cu o baterie re\u00eenc\u0103rcabil\u0103 care poate stoca p\u00e2n\u0103 la 50000 de pachete, permi\u021b\u00e2ndu-\u021bi s\u0103 te bucuri cu u\u0219urin\u021b\u0103 de adev\u0103rata valoare a e-lichidului.<\/p>\n<p data-v-md-line=\"6\">Dac\u0103 \u00ee\u021bi dore\u0219ti o \u021bigar\u0103 electronic\u0103 fiabil\u0103 \u0219i de lung\u0103 durat\u0103, care poate fi \u00eenc\u0103rcat\u0103 folosind un cablu de \u00eenc\u0103rcare pentru telefonul mobil, atunci acest produs este alegerea ideal\u0103. U\u0219or de utilizat, convenabil de transportat \u0219i poate men\u021bine un gust consistent de fiecare dat\u0103 c\u00e2nd este utilizat\u0103.<\/p>\n<h2 data-v-md-heading=\"excellent-performance-without-any-complexity\" data-v-md-line=\"8\">Excellent performance without any complexity<\/h2>\n<p data-v-md-line=\"9\">Nucleul intern de atomizare a fost atent reglat pentru a men\u021bine un gust curat \u0219i stabil de la \u00eenceput p\u00e2n\u0103 la sf\u00e2r\u0219it. \u00cen a treia zi, nu a existat niciun miros de ars \u0219i nici m\u0103car la jum\u0103tatea timpului, nu a existat nicio pan\u0103 de curent. C\u00e2nd bateria este desc\u0103rcat\u0103, aceasta poate fi \u00eenc\u0103rcat\u0103 prin interfa\u021ba Type-C. S-ar putea s\u0103 crede\u021bi c\u0103 vaporizatoarele re\u00eenc\u0103rcabile sunt dificile, dar aceast\u0103 \u021bigar\u0103 electronic\u0103 atinge cu adev\u0103rat func\u021bionalitatea plug and play.<\/p>\n<h2 data-v-md-heading=\"specification-overview\" data-v-md-line=\"11\">Prezentare general\u0103 a specifica\u021biilor<\/h2>\n<ul data-v-md-line=\"12\">\n<li>Frecven\u021ba de aspirare: p\u00e2n\u0103 la 50000 de ori<\/li>\n<li>Con\u021binut de nicotin\u0103: 2% \u0219i 5% op\u021bional<\/li>\n<li>Principiu de func\u021bionare: Activat prin inhalare<\/li>\n<li>\u00cenc\u0103rcare: Interfa\u021b\u0103 USB standard de tip C<\/li>\n<li>Stare: Gata de utilizare imediat ce este scoas\u0103 din cutie<\/li>\n<li>Capacitate lichid electronic: 50 mililitri<\/li>\n<li>Capacitate baterie: baterie re\u00eenc\u0103rcabil\u0103 de 800 mAh<\/li>\n<\/ul>\n<h2 data-v-md-heading=\"full-range-of-flavors\" data-v-md-line=\"20\">Gam\u0103 complet\u0103 de arome<\/h2>\n<ul data-v-md-line=\"21\">\n<li>Ghea\u021b\u0103 de pepene verde<\/li>\n<li>Ghea\u021b\u0103 de c\u0103p\u0219uni<\/li>\n<li>Patinoar albastru<\/li>\n<li>Ghea\u021b\u0103 de mentol<\/li>\n<li>L\u0103m\u00e2ie \u0219i lime<\/li>\n<li>More flavors to choose from<\/li>\n<\/ul>\n<h2 data-v-md-heading=\"for-you-for-your-business\" data-v-md-line=\"28\">Pentru tine, pentru afacerea ta<\/h2>\n<p data-v-md-line=\"29\">Po\u021bi alege <a class=\"wpil_keyword_link\" title=\"IQTE\" href=\"https:\/\/agoravape.com\/ro\/vape-de-brand\/iqte\/\" data-wpil-keyword-link=\"linked\" data-wpil-monitor-id=\"110\">IQTE<\/a> 50000 de pufuri de \u021big\u0103ri electronice re\u00eenc\u0103rcabile de unic\u0103 folosin\u021b\u0103 pentru uz personal sau pentru a le cump\u0103ra pentru magazinul dvs. Cutii de carton en-gros cu 200 de buc\u0103\u021bi per cutie. Greutatea brut\u0103 a cutiei de carton este de 19 kilograme, cu dimensiuni de 510 \u00d7 293 \u00d7 260 milimetri, ceea ce face foarte convenabil\u0103 planificarea spa\u021biului de pe raft \u0219i a transportului.<\/p>\n<p data-v-md-line=\"31\">Oferim op\u021biuni DDP cu taxe pl\u0103tite prin intermediul unor parteneri de \u00eencredere precum UPS, DPD \u0219i DHL pentru expedieri \u00een toat\u0103 Europa. Comanda dumneavoastr\u0103 va fi validat\u0103 \u0219i urm\u0103rit\u0103 pentru a evita orice situa\u021bii neprev\u0103zute la vam\u0103.<\/p>\n<h2 data-v-md-heading=\"why-do-you-like-it\" data-v-md-line=\"33\">De ce \u00ee\u021bi place?<\/h2>\n<ul data-v-md-line=\"34\">\n<li>Capacitate mare de fumat: durat\u0103 de via\u021b\u0103 mai lung\u0103 a bateriei, nu este nevoie s\u0103 \u00eenlocui\u021bi frecvent vaporizatoarele.<\/li>\n<li>Selec\u021bia con\u021binutului de nicotin\u0103: Alege\u021bi 2% sau 5% \u00een func\u021bie de preferin\u021be.<\/li>\n<li>Rechargeable: You can use all purchased e-liquids.<\/li>\n<li>Performan\u021b\u0103 stabil\u0103 a bobinei: Poate oferi un gust stabil \u0219i bogat de fiecare dat\u0103.<\/li>\n<li>Interfa\u021b\u0103 convenabil\u0103 de tip C: \u00cenc\u0103rca\u021bi folosind cablul de date existent.<\/li>\n<\/ul>\n<h2 data-v-md-heading=\"why-choose-to-collaborate-with-agoravape\" data-v-md-line=\"40\">De ce s\u0103 alegi s\u0103 colaborezi cu AgoraVape?<\/h2>\n<p data-v-md-line=\"41\">Vindem numai produse originale 100% \u0219i nu avem nici o \u00eendoial\u0103 cu privire la aceasta. Dac\u0103 achizi\u021biona\u021bi <a class=\"wpil_keyword_link\" href=\"https:\/\/agoravape.com\/ro\/marca\/iqte\/\" target=\"_blank\" rel=\"noopener\" title=\"IQTE\" data-wpil-keyword-link=\"linked\" data-wpil-monitor-id=\"7177\">IQTE<\/a> 50000 re\u00eenc\u0103rcabile de unic\u0103 folosin\u021b\u0103 vapes en-gros, v\u0103 ve\u021bi bucura de pre\u021buri reduse, suport de r\u0103spuns rapid \u0219i servicii de livrare rapide \u0219i fiabile. Contacta\u021bi-ne pentru a achizi\u021biona produse pe care clien\u021bii dvs. le iubesc cu adev\u0103rat.<\/p>\n<p>&nbsp;<\/p>","protected":false},"excerpt":{"rendered":"<p>IQTE 50000 ofer\u0103 p\u00e2n\u0103 la 50.000 de pufuri pentru o longevitate maxim\u0103. Acest dispozitiv de unic\u0103 folosin\u021b\u0103 re\u00eenc\u0103rcabil v\u0103 asigur\u0103 c\u0103 v\u0103 bucura\u021bi de fiecare pic\u0103tur\u0103 de e-lichid cu arom\u0103 consistent\u0103 \u0219i curat\u0103. Dispune de \u00eenc\u0103rcare simpl\u0103 Type-C \u0219i este disponibil \u00een 2% sau 5% nicotin\u0103. Vape-ul t\u0103u de \u00eencredere, f\u0103r\u0103 probleme, este aici.<\/p>","protected":false},"featured_media":18608,"comment_status":"open","ping_status":"closed","template":"","meta":[],"product_brand":[198],"product_cat":[124,185,189,1641,174,175,125,191,180,190],"product_tag":[],"class_list":{"0":"post-10852","1":"product","2":"type-product","3":"status-publish","4":"has-post-thumbnail","6":"product_brand-iqte","7":"product_cat-vape-by-brand","8":"product_cat-10000-puffs-high-capacity","9":"product_cat-20mg-standard-nicotine-vapes","10":"product_cat-50000-puffs","11":"product_cat-fruit-flavors","12":"product_cat-icy-mint","13":"product_cat-iqte","14":"product_cat-rechargeable-disposables","15":"product_cat-vape-by-puff-count","16":"product_cat-vape-by-feature-or-type","18":"first","19":"onbackorder","20":"shipping-taxable","21":"purchasable","22":"product-type-variable","23":"has-default-attributes"},"tiered_pricing_type":"percentage","tiered_pricing_fixed_rules":[],"tiered_pricing_product_settings":{"layout":"default","base_unit_name":{"singular":null,"plural":null},"default_variation":null},"tiered_pricing_minimum_quantity":10,"tiered_pricing_roles_data":[],"tiered_pricing_percentage_rules":{"30":"29","50":"35","100":"40","200":"44","500":"47","1000":"49"},"tiered_pricing_maximum_quantity":null,"tiered_pricing_quantity_step":"10","_links":{"self":[{"href":"https:\/\/agoravape.com\/ro\/wp-json\/wp\/v2\/product\/10852","targetHints":{"allow":["GET"]}}],"collection":[{"href":"https:\/\/agoravape.com\/ro\/wp-json\/wp\/v2\/product"}],"about":[{"href":"https:\/\/agoravape.com\/ro\/wp-json\/wp\/v2\/types\/product"}],"replies":[{"embeddable":true,"href":"https:\/\/agoravape.com\/ro\/wp-json\/wp\/v2\/comments?post=10852"}],"version-history":[{"count":5,"href":"https:\/\/agoravape.com\/ro\/wp-json\/wp\/v2\/product\/10852\/revisions"}],"predecessor-version":[{"id":29829,"href":"https:\/\/agoravape.com\/ro\/wp-json\/wp\/v2\/product\/10852\/revisions\/29829"}],"wp:featuredmedia":[{"embeddable":true,"href":"https:\/\/agoravape.com\/ro\/wp-json\/wp\/v2\/media\/18608"}],"wp:attachment":[{"href":"https:\/\/agoravape.com\/ro\/wp-json\/wp\/v2\/media?parent=10852"}],"wp:term":[{"taxonomy":"product_brand","embeddable":true,"href":"https:\/\/agoravape.com\/ro\/wp-json\/wp\/v2\/product_brand?post=10852"},{"taxonomy":"product_cat","embeddable":true,"href":"https:\/\/agoravape.com\/ro\/wp-json\/wp\/v2\/product_cat?post=10852"},{"taxonomy":"product_tag","embeddable":true,"href":"https:\/\/agoravape.com\/ro\/wp-json\/wp\/v2\/product_tag?post=10852"}],"curies":[{"name":"wp","href":"https:\/\/api.w.org\/{rel}","templated":true}]}}