{"id":10982,"date":"2025-10-04T10:26:12","date_gmt":"2025-10-04T02:26:12","guid":{"rendered":"https:\/\/green-grasshopper-921422.hostingersite.com\/?post_type=product&#038;p=10982"},"modified":"2026-01-13T01:06:44","modified_gmt":"2026-01-12T17:06:44","slug":"iqte-45000-puffs-vape-de-unica-folosinta","status":"publish","type":"product","link":"https:\/\/agoravape.com\/ro\/product\/iqte-45000-puffs-disposable-vape\/","title":{"rendered":"Vape-uri de unic\u0103 folosin\u021b\u0103 IQTE 45000 de lung\u0103 durat\u0103 | Calibru mare, u\u0219or de \u00eenc\u0103rcat"},"content":{"rendered":"<h2 data-v-md-heading=\"what-are-the-advantages-of-iqte-45000-long-lasting-disposable-electronic-cigarettes\" data-v-md-line=\"3\">Care sunt avantajele \u021big\u0103rilor electronice de unic\u0103 folosin\u021b\u0103 IQTE 45000 cu durat\u0103 lung\u0103 de via\u021b\u0103?<\/h2>\n<p data-v-md-line=\"4\">Dac\u0103 te-ai s\u0103turat s\u0103-\u021bi schimbi \u021bigara electronic\u0103 la fiecare c\u00e2teva zile, acest produs \u00ee\u021bi va u\u0219ura via\u021ba. Cele 45000 de \u021big\u0103ri electronice de unic\u0103 folosin\u021b\u0103 de la IQTE sunt concepute pentru cei care doresc o durat\u0103 lung\u0103 de via\u021b\u0103 a bateriei \u0219i o senza\u021bie direct\u0103 a gustului, f\u0103r\u0103 a fi nevoie de set\u0103ri complicate.<\/p>\n<p data-v-md-line=\"6\">Echipat cu o baterie re\u00eenc\u0103rcabil\u0103, po\u021bi folosi cu u\u0219urin\u021b\u0103 e-lichidul achizi\u021bionat cu o \u021bigar\u0103 electronic\u0103 de calibru mare. Dac\u0103 urm\u0103re\u0219ti performan\u021be fiabile zi de zi, acest produs este cea mai bun\u0103 alegere. S-ar putea s\u0103 crezi c\u0103 \u021big\u0103rile electronice de unic\u0103 folosin\u021b\u0103 de calibru mare ar fi complicate, dar acest produs face totul simplu \u0219i u\u0219or de utilizat.<\/p>\n<h2 data-v-md-heading=\"excellent-performance-easy-and-convenient\" data-v-md-line=\"8\">Performan\u021b\u0103 excelent\u0103, u\u0219or \u0219i convenabil<\/h2>\n<p data-v-md-line=\"9\">IQTE a proiectat cu aten\u021bie acest dispozitiv pentru a v\u0103 oferi un gust consistent de la prima la ultima mu\u0219c\u0103tur\u0103. Bobina sa asigur\u0103 o aspira\u021bie stabil\u0103 \u0219i nu se va descompune chiar \u0219i dup\u0103 c\u00e2teva zile. Atunci c\u00e2nd bateria este desc\u0103rcat\u0103, o pute\u021bi \u00eenc\u0103rca prin interfa\u021ba Type-C. Acesta poate fi acela\u0219i cablu utilizat pe telefon, \u00eenc\u0103rcarea este convenabil\u0103 \u0219i rapid\u0103.<\/p>\n<h2 data-v-md-heading=\"specification-overview\" data-v-md-line=\"11\">Prezentare general\u0103 a specifica\u021biilor<\/h2>\n<ul data-v-md-line=\"12\">\n<li>Frecven\u021ba de aspirare: p\u00e2n\u0103 la 45000 de ori<\/li>\n<li>Con\u021binut de nicotin\u0103: 2% sau 5% (\u00een zonele permise)<\/li>\n<li>Principiu de func\u021bionare: Activat prin inhalare<\/li>\n<li>\u00cenc\u0103rcare: Interfa\u021b\u0103 USB standard de tip C<\/li>\n<li>Stare: Gata de utilizare dup\u0103 despachetare<\/li>\n<\/ul>\n<p data-v-md-line=\"18\">Notificare pentru cump\u0103r\u0103torii din UE \u0219i Regatul Unit: Acest dispozitiv are o capacitate de 28 de mililitri \u0219i o frecven\u021b\u0103 de aspira\u021bie foarte mare. Aceast\u0103 capacitate dep\u0103\u0219e\u0219te limita TPD \u0219i, prin urmare, nu respect\u0103 reglement\u0103rile pie\u021bei de reglementare TPD. \u00cenainte de achizi\u021bionare sau depozitare, v\u0103 rug\u0103m s\u0103 consulta\u021bi legile \u0219i reglement\u0103rile locale.<\/p>\n<h2 data-v-md-heading=\"full-range-of-flavors\" data-v-md-line=\"20\">Gam\u0103 complet\u0103 de arome<\/h2>\n<ul data-v-md-line=\"21\">\n<li>Strawberry and Mango Flavor<\/li>\n<li>Smoothie de piersici<\/li>\n<li>Iube\u0219te 66 de arome<\/li>\n<li>Arom\u0103 dubl\u0103 de m\u0103r<\/li>\n<li>Arom\u0103 de afine \u0219i cire\u0219e<\/li>\n<li>Arom\u0103 de mure, zmeur\u0103 ro\u0219ie<\/li>\n<li>Smoothie cu pepene verde<\/li>\n<li>Cherry Coke Flavor<\/li>\n<li>Arom\u0103 de zah\u0103r curcubeu<\/li>\n<li>Arom\u0103 de pepene verde cu zmeur\u0103<\/li>\n<\/ul>\n<h2 data-v-md-heading=\"for-you-and-for-your-business-as-well\" data-v-md-line=\"32\">Pentru tine, dar \u0219i pentru afacerea ta<\/h2>\n<p data-v-md-line=\"33\">Po\u021bi achizi\u021biona unul pentru uz personal sau po\u021bi face stocuri pentru magazinul t\u0103u. Cutia en-gros con\u021bine 200 de unit\u0103\u021bi, a\u0219a c\u0103 po\u021bi reaproviziona rapid. Oferim servicii de livrare DDP fiabile prin UPS, DPD \u0219i DHL, ceea ce \u00eenseamn\u0103 c\u0103 produsul poate fi livrat dup\u0103 plata taxelor, f\u0103r\u0103 incidente nea\u0219teptate la vam\u0103.<\/p>\n<p data-v-md-line=\"35\">V\u00e2nzarea \u00een Europa \u00eenseamn\u0103 c\u0103 regulile sunt cruciale. Echipa noastr\u0103 poate oferi consultan\u021b\u0103 privind conformitatea \u0219i canalele legale de aprovizionare pentru pie\u021be specifice, pentru a asigura respectarea reglement\u0103rilor locale.<\/p>\n<h2 data-v-md-heading=\"why-do-you-like-it\" data-v-md-line=\"37\">De ce \u00ee\u021bi place?<\/h2>\n<ul data-v-md-line=\"38\">\n<li>Capacitate mare de aspirare: timp de aspirare mai lung, deci nu este nevoie s\u0103 cump\u0103ra\u021bi frecvent altele noi.<\/li>\n<li>Selec\u021bia nicotinei: Alege\u021bi un con\u021binut de nicotin\u0103 de 2% sau 5% \u00een func\u021bie de preferin\u021bele dumneavoastr\u0103 \u0219i de cererea pie\u021bei.<\/li>\n<li>Re\u00eenc\u0103rcabil\u0103: \u00cenc\u0103rcarea de tip C \u00eenseamn\u0103 c\u0103 po\u021bi folosi fiecare pic\u0103tur\u0103 de lichid electronic.<\/li>\n<li>Utilizare continu\u0103: men\u021bine un gust stabil de la \u00eenceput p\u00e2n\u0103 la sf\u00e2r\u0219it.<\/li>\n<\/ul>\n<h2 data-v-md-heading=\"why-choose-agoravape\" data-v-md-line=\"43\">De ce s\u0103 alegi AgoraVape?<\/h2>\n<p data-v-md-line=\"44\">Cump\u0103r\u0103m doar produse 100% originale <a class=\"wpil_keyword_link\" title=\"IQTE\" href=\"https:\/\/agoravape.com\/ro\/vape-de-brand\/iqte\/\" data-wpil-keyword-link=\"linked\" data-wpil-monitor-id=\"131\">IQTE<\/a> echipamente \u0219i ofer\u0103 o trasabilitate complet\u0103. Cu \u021big\u0103rile electronice de unic\u0103 folosin\u021b\u0103 IQTE 45000, v\u0103 pute\u021bi bucura de pre\u021buri reduse en-gros, asisten\u021b\u0103 tehnic\u0103 rapid\u0103 \u0219i servicii rapide de livrare DDP \u00een Europa. Folosim metode de plat\u0103 sigure \u0219i oferim un proces clar pentru returnarea produselor defecte. De asemenea, efectu\u0103m verific\u0103ri stricte ale v\u00e2rstei pentru a asigura v\u00e2nz\u0103ri responsabile. V\u0103 rug\u0103m s\u0103 ne contacta\u021bi pentru a afla despre informa\u021biile despre inventarul IQTE 45000 \u0219i pentru a oferi clien\u021bilor dvs. experien\u021ba de lung\u0103 durat\u0103 \u0219i convenabil\u0103 pe care o a\u0219teapt\u0103.<\/p>","protected":false},"excerpt":{"rendered":"<p>Bucura\u021bi-v\u0103 de p\u00e2n\u0103 la 45.000 de pufuri cu arom\u0103 constant\u0103 \u0219i de lung\u0103 durat\u0103 cu IQTE 45000. Acest dispozitiv de unic\u0103 folosin\u021b\u0103 simplu, activat prin inhalare, este re\u00eenc\u0103rcabil prin Type-C, asigur\u00e2ndu-v\u0103 c\u0103 utiliza\u021bi fiecare pic\u0103tur\u0103. Alege\u021bi \u00eentre 2% sau 5% nicotin\u0103 pentru o experien\u021b\u0103 de vape fiabil\u0103 care nu se opre\u0219te.<\/p>","protected":false},"featured_media":10984,"comment_status":"open","ping_status":"closed","template":"","meta":[],"product_brand":[198],"product_cat":[124,187,185,188,189,1640,177,174,175,125,191,173,186,180,190],"product_tag":[],"class_list":{"0":"post-10982","1":"product","2":"type-product","3":"status-publish","4":"has-post-thumbnail","6":"product_brand-iqte","7":"product_cat-vape-by-brand","8":"product_cat-0mg-nicotine-free-vapes","9":"product_cat-10000-puffs-high-capacity","10":"product_cat-10mg-low-nicotine-vapes","11":"product_cat-20mg-standard-nicotine-vapes","12":"product_cat-45000-puffs","13":"product_cat-dessert-sweets","14":"product_cat-fruit-flavors","15":"product_cat-icy-mint","16":"product_cat-iqte","17":"product_cat-rechargeable-disposables","18":"product_cat-vape-by-flavor-profile","19":"product_cat-vape-by-nicotine-strength","20":"product_cat-vape-by-puff-count","21":"product_cat-vape-by-feature-or-type","23":"first","24":"instock","25":"shipping-taxable","26":"purchasable","27":"product-type-variable","28":"has-default-attributes"},"tiered_pricing_type":"percentage","tiered_pricing_fixed_rules":[],"tiered_pricing_product_settings":{"layout":"default","base_unit_name":{"singular":null,"plural":null},"default_variation":null},"tiered_pricing_minimum_quantity":10,"tiered_pricing_roles_data":[],"tiered_pricing_percentage_rules":{"30":"29","50":"35","100":"40","200":"44","500":"47","1000":"49"},"tiered_pricing_maximum_quantity":null,"tiered_pricing_quantity_step":"10","_links":{"self":[{"href":"https:\/\/agoravape.com\/ro\/wp-json\/wp\/v2\/product\/10982","targetHints":{"allow":["GET"]}}],"collection":[{"href":"https:\/\/agoravape.com\/ro\/wp-json\/wp\/v2\/product"}],"about":[{"href":"https:\/\/agoravape.com\/ro\/wp-json\/wp\/v2\/types\/product"}],"replies":[{"embeddable":true,"href":"https:\/\/agoravape.com\/ro\/wp-json\/wp\/v2\/comments?post=10982"}],"version-history":[{"count":1,"href":"https:\/\/agoravape.com\/ro\/wp-json\/wp\/v2\/product\/10982\/revisions"}],"predecessor-version":[{"id":29764,"href":"https:\/\/agoravape.com\/ro\/wp-json\/wp\/v2\/product\/10982\/revisions\/29764"}],"wp:featuredmedia":[{"embeddable":true,"href":"https:\/\/agoravape.com\/ro\/wp-json\/wp\/v2\/media\/10984"}],"wp:attachment":[{"href":"https:\/\/agoravape.com\/ro\/wp-json\/wp\/v2\/media?parent=10982"}],"wp:term":[{"taxonomy":"product_brand","embeddable":true,"href":"https:\/\/agoravape.com\/ro\/wp-json\/wp\/v2\/product_brand?post=10982"},{"taxonomy":"product_cat","embeddable":true,"href":"https:\/\/agoravape.com\/ro\/wp-json\/wp\/v2\/product_cat?post=10982"},{"taxonomy":"product_tag","embeddable":true,"href":"https:\/\/agoravape.com\/ro\/wp-json\/wp\/v2\/product_tag?post=10982"}],"curies":[{"name":"wp","href":"https:\/\/api.w.org\/{rel}","templated":true}]}}