{"id":11109,"date":"2025-10-04T21:27:48","date_gmt":"2025-10-04T13:27:48","guid":{"rendered":"https:\/\/green-grasshopper-921422.hostingersite.com\/?post_type=product&#038;p=11109"},"modified":"2026-01-19T22:09:19","modified_gmt":"2026-01-19T14:09:19","slug":"cristal-mary-groove-50k-touch-screen-vape","status":"publish","type":"product","link":"https:\/\/agoravape.com\/ro\/product\/crystal-mary-groove-50k-touch-screen-vape\/","title":{"rendered":"Vape cu ecran tactil inteligent Crystal Mary Groove 50K | Creeaz\u0103 cu u\u0219urin\u021b\u0103 un gust de lung\u0103 durat\u0103"},"content":{"rendered":"<h2 data-v-md-heading=\"what-are-the-advantages-of-crystal-mary-groove-50k-suction-smart-touchscreen-electronic-cigarette\" data-v-md-line=\"3\">Care sunt avantajele vapei cu ecran tactil inteligent cu aspira\u021bie Crystal Mary Groove 50K?<\/h2>\n<p data-v-md-line=\"4\">Dac\u0103 v-a\u021bi s\u0103turat s\u0103 \u00eenlocui\u021bi vapoarele de unic\u0103 folosin\u021b\u0103 la fiecare c\u00e2teva zile, atunci acest produs v\u0103 va face via\u021ba mai u\u0219oar\u0103. Crystal Mary Groove are o capacitate de aspira\u021bie de p\u00e2n\u0103 la 50000 \u0219i este echipat cu un ecran tactil inteligent, care v\u0103 permite s\u0103 regla\u021bi experien\u021ba de vape dup\u0103 cum dori\u021bi.<\/p>\n<p data-v-md-line=\"6\">Este potrivit pentru oricine care dore\u0219te durabilitate f\u0103r\u0103 a depune efort. Poate aduce un gust clar, un fum stabil \u0219i un control simplu al dispozitivului. A\u021bi putea crede c\u0103 vapoarele cu o capacitate de aspira\u021bie at\u00e2t de mare ar fi greoaie, dar sunt simple \u0219i u\u0219or de utilizat, r\u0103coritoare.<\/p>\n<h2 data-v-md-heading=\"excellent-performance-easy-and-convenient\" data-v-md-line=\"8\">Performan\u021b\u0103 excelent\u0103, u\u0219or \u0219i convenabil<\/h2>\n<p data-v-md-line=\"9\">Bobina cu plas\u0103 dubl\u0103 \u00ee\u0219i asum\u0103 sarcina principal\u0103. Acestea sunt \u00eenc\u0103lzite uniform, astfel \u00eenc\u00e2t fiecare mu\u0219c\u0103tur\u0103 este la fel de delicioas\u0103 ca prima mu\u0219c\u0103tur\u0103. C\u00e2nd bateria este desc\u0103rcat\u0103, o pute\u021bi \u00eenc\u0103rca prin Type-C. Este posibil s\u0103 aib\u0103 acela\u0219i cablu ca cel pe care \u00eel folosi\u021bi pe telefon, a\u0219a c\u0103 nu trebuie s\u0103 v\u0103 face\u021bi griji s\u0103 g\u0103si\u021bi ceva special.<\/p>\n<h2 data-v-md-heading=\"specification-overview\" data-v-md-line=\"11\">Prezentare general\u0103 a specifica\u021biilor<\/h2>\n<ul data-v-md-line=\"12\">\n<li>Frecven\u021ba de aspirare: p\u00e2n\u0103 la 50000 de ori<\/li>\n<li>Con\u021binut de nicotin\u0103: 50 miligrame pe mililitru<\/li>\n<li>Principiu de func\u021bionare: ecranul tactil regleaz\u0103 nivelurile de nicotin\u0103 \u0219i ghea\u021b\u0103. Pur \u0219i simplu inhala\u021bi pentru a activa vape-ul<\/li>\n<li>\u00cenc\u0103rcare: Interfa\u021b\u0103 USB standard de tip C<\/li>\n<li>Stare: Gata de utilizare dup\u0103 despachetare<\/li>\n<\/ul>\n<h2 data-v-md-heading=\"full-range-of-flavors\" data-v-md-line=\"18\">Gam\u0103 complet\u0103 de arome<\/h2>\n<ul data-v-md-line=\"19\">\n<li>Blueberry smoothie<\/li>\n<li>Monet\u0103ria din Miami<\/li>\n<li>Smoothie cu pepene verde<\/li>\n<li>Popcorn cu c\u0103p\u0219uni<\/li>\n<li>Smoothie cu mere acri\u0219oare<\/li>\n<li>Mango acru cu ananas<\/li>\n<li>Zah\u0103r de l\u0103m\u00e2ie<\/li>\n<li>Smoothie cu banane \u0219i caramel<\/li>\n<li>Zah\u0103r exploziv acru<\/li>\n<li>C\u0103p\u0219uni kiwi r\u0103coritoare<\/li>\n<\/ul>\n<h2 data-v-md-heading=\"for-you-and-your-business\" data-v-md-line=\"30\">Pentru tine \u0219i afacerea ta<\/h2>\n<p data-v-md-line=\"31\">Cump\u0103rarea pentru sine este foarte simpl\u0103. Trebuie doar s\u0103 v\u0103 alege\u021bi gustul. Dac\u0103 v\u0103 face\u021bi provizii pentru magazin, putem, de asemenea, s\u0103 v\u0103 satisfacem nevoile. Cartu\u0219ele Crystal Mary Groove 50K sunt disponibile \u00een pachete cu o singur\u0103 arom\u0103 de 5 sau pachete mixte de 10 arome.<\/p>\n<p data-v-md-line=\"33\">Oferim servicii de livrare DDP fiabile prin UPS, DPD \u0219i DHL, care pot fi expediate \u00een \u00eentreaga Europ\u0103. Tarifele pot fi procesate \u00een avans pentru a evita accidentele vamale. Situa\u021bia aprovizion\u0103rii \u0219i concentra\u021bia de nicotin\u0103 pot varia \u00een diferite \u021b\u0103ri\/regiuni. V\u0103 rug\u0103m s\u0103 consulta\u021bi reglement\u0103rile locale sau s\u0103 consulta\u021bi echipa noastr\u0103.<\/p>\n<h2 data-v-md-heading=\"why-do-you-like-it\" data-v-md-line=\"35\">De ce \u00ee\u021bi place?<\/h2>\n<ul data-v-md-line=\"36\">\n<li>Aspira\u021bie masiv\u0103: capacitatea de p\u00e2n\u0103 la 50K \u00eenseamn\u0103 mai pu\u021bine comenzi repetate \u0219i complica\u021bii<\/li>\n<li>Selectarea nicotinei: Dispozitivul are o func\u021bie de reglare \u00eencorporat\u0103 care v\u0103 permite s\u0103 regla\u021bi concentra\u021bia dup\u0103 cum este necesar<\/li>\n<li>Re\u00eenc\u0103rcabil\u0103: \u00cenc\u0103rcarea de tip C v\u0103 ajut\u0103 s\u0103 consuma\u021bi fiecare pic\u0103tur\u0103 de lichid electronic<\/li>\n<li>Bobin\u0103 Mesh: Bobina de plas\u0103 cu dou\u0103 straturi aduce un gust consistent \u0219i un fum neted<\/li>\n<\/ul>\n<h2 data-v-md-heading=\"why-collaborate-with-agoravape\" data-v-md-line=\"41\">De ce s\u0103 colaborezi cu AgoraVape?<\/h2>\n<p data-v-md-line=\"42\">Noi vindem numai produse originale 100% \u0219i suntem responsabili pentru produsele pe care le vindem. Cump\u0103r\u0103torii corporativi care achizi\u021bioneaz\u0103 Crystal Mary Groove 50K smart touchscreen vapes se pot bucura de pre\u021buri en-gros reduse, o echip\u0103 de asisten\u021b\u0103 receptiv\u0103 \u0219i servicii de livrare rapide \u0219i fiabile. Dori\u021bi s\u0103 cump\u0103ra\u021bi un dispozitiv care va avea o rat\u0103 ridicat\u0103 de returnare a clien\u021bilor? Contacta\u021bi-ne \u0219i vom fi bucuro\u0219i s\u0103 v\u0103 servim.<\/p>\n<p data-v-md-line=\"42\"><img loading=\"lazy\" decoding=\"async\" class=\"aligncenter size-full wp-image-11122\" src=\"https:\/\/agoravape.com\/wp-content\/uploads\/2025\/10\/CRYSTAL-MARY-CM-Groove-50000.webp\" alt=\"\" width=\"1400\" height=\"935\" srcset=\"https:\/\/agoravape.com\/wp-content\/uploads\/2025\/10\/CRYSTAL-MARY-CM-Groove-50000.webp 1400w, https:\/\/agoravape.com\/wp-content\/uploads\/2025\/10\/CRYSTAL-MARY-CM-Groove-50000-1200x801.webp 1200w, https:\/\/agoravape.com\/wp-content\/uploads\/2025\/10\/CRYSTAL-MARY-CM-Groove-50000-300x200.webp 300w, https:\/\/agoravape.com\/wp-content\/uploads\/2025\/10\/CRYSTAL-MARY-CM-Groove-50000-1024x684.webp 1024w, https:\/\/agoravape.com\/wp-content\/uploads\/2025\/10\/CRYSTAL-MARY-CM-Groove-50000-768x513.webp 768w\" sizes=\"auto, (max-width: 1400px) 100vw, 1400px\" \/><\/p>","protected":false},"excerpt":{"rendered":"<p>Face\u021bi cuno\u0219tin\u021b\u0103 cu Crystal Mary Groove 50K. Ob\u021bine\u021bi p\u00e2n\u0103 la 50.000 de pufuri cu acest vape inteligent. Utiliza\u021bi ecranul tactil intuitiv pentru a personaliza nivelurile de nicotin\u0103 \u0219i ghea\u021b\u0103 pentru lovitura dvs. perfect\u0103. Bobinele cu plas\u0103 dubl\u0103 ofer\u0103 o arom\u0103 bogat\u0103 \u0219i consistent\u0103. Re\u00eenc\u0103rcabil\u0103 prin Type-C pentru o experien\u021b\u0103 de lung\u0103 durat\u0103, simplificat\u0103.<\/p>","protected":false},"featured_media":11121,"comment_status":"open","ping_status":"closed","template":"","meta":[],"product_brand":[199],"product_cat":[124,185,1641,126,177,174,175,193,191,173,180,190,192],"product_tag":[],"class_list":{"0":"post-11109","1":"product","2":"type-product","3":"status-publish","4":"has-post-thumbnail","6":"product_brand-crystal-mary","7":"product_cat-vape-by-brand","8":"product_cat-10000-puffs-high-capacity","9":"product_cat-50000-puffs","10":"product_cat-crystal-mary","11":"product_cat-dessert-sweets","12":"product_cat-fruit-flavors","13":"product_cat-icy-mint","14":"product_cat-mesh-coil","15":"product_cat-rechargeable-disposables","16":"product_cat-vape-by-flavor-profile","17":"product_cat-vape-by-puff-count","18":"product_cat-vape-by-feature-or-type","19":"product_cat-vapes-with-screens","21":"first","22":"onbackorder","23":"shipping-taxable","24":"purchasable","25":"product-type-variable","26":"has-default-attributes"},"tiered_pricing_type":"percentage","tiered_pricing_fixed_rules":[],"tiered_pricing_product_settings":{"layout":"default","base_unit_name":{"singular":null,"plural":null},"default_variation":null},"tiered_pricing_minimum_quantity":10,"tiered_pricing_roles_data":[],"tiered_pricing_percentage_rules":{"30":"29","50":"35","100":"40","200":"44","500":"47","1000":"49"},"tiered_pricing_maximum_quantity":null,"tiered_pricing_quantity_step":"10","_links":{"self":[{"href":"https:\/\/agoravape.com\/ro\/wp-json\/wp\/v2\/product\/11109","targetHints":{"allow":["GET"]}}],"collection":[{"href":"https:\/\/agoravape.com\/ro\/wp-json\/wp\/v2\/product"}],"about":[{"href":"https:\/\/agoravape.com\/ro\/wp-json\/wp\/v2\/types\/product"}],"replies":[{"embeddable":true,"href":"https:\/\/agoravape.com\/ro\/wp-json\/wp\/v2\/comments?post=11109"}],"version-history":[{"count":0,"href":"https:\/\/agoravape.com\/ro\/wp-json\/wp\/v2\/product\/11109\/revisions"}],"wp:featuredmedia":[{"embeddable":true,"href":"https:\/\/agoravape.com\/ro\/wp-json\/wp\/v2\/media\/11121"}],"wp:attachment":[{"href":"https:\/\/agoravape.com\/ro\/wp-json\/wp\/v2\/media?parent=11109"}],"wp:term":[{"taxonomy":"product_brand","embeddable":true,"href":"https:\/\/agoravape.com\/ro\/wp-json\/wp\/v2\/product_brand?post=11109"},{"taxonomy":"product_cat","embeddable":true,"href":"https:\/\/agoravape.com\/ro\/wp-json\/wp\/v2\/product_cat?post=11109"},{"taxonomy":"product_tag","embeddable":true,"href":"https:\/\/agoravape.com\/ro\/wp-json\/wp\/v2\/product_tag?post=11109"}],"curies":[{"name":"wp","href":"https:\/\/api.w.org\/{rel}","templated":true}]}}