{"id":11146,"date":"2025-10-05T10:23:12","date_gmt":"2025-10-05T02:23:12","guid":{"rendered":"https:\/\/green-grasshopper-921422.hostingersite.com\/?post_type=product&#038;p=11146"},"modified":"2026-01-19T22:09:13","modified_gmt":"2026-01-19T14:09:13","slug":"cristal-mary-pulsex-20mg-20000-puffs-vape","status":"publish","type":"product","link":"https:\/\/agoravape.com\/ro\/product\/crystal-mary-pulsex-20mg-20000-puffs-vape\/","title":{"rendered":"Vape Crystal Mary PulsEX 20000 puf 20mg nicotin\u0103 | Capacitate mare, gust consistent"},"content":{"rendered":"<h2 data-v-md-heading=\"what-is-the-charm-of-crystal-mary-pulsex-20000-pack-20mg-nicotine-e-cigarette\" data-v-md-line=\"3\">Care este farmecul lui Crystal Mary Pulsex 20000 pachet 20mg nicotin\u0103 vape?<\/h2>\n<p data-v-md-line=\"4\">Dac\u0103 v-a\u021bi s\u0103turat de vape de unic\u0103 folosin\u021b\u0103 care se epuizeaz\u0103 la \u00eenceputul utiliz\u0103rii, atunci acest produs va schimba totul. Crystal Mary PulsEX are o capacitate de p\u00e2n\u0103 la 20000 puffs \u0219i un con\u021binut de nicotin\u0103 de 20 miligrame pentru o experien\u021b\u0103 pl\u0103cut\u0103. Este u\u0219or de utilizat \u0219i nu necesit\u0103 efort.<\/p>\n<p data-v-md-line=\"6\">Dac\u0103 dori\u021bi o vape de lung\u0103 durat\u0103 \u0219i moale, nu trebuie s\u0103 v\u0103 face\u021bi griji cu privire la bobine sau set\u0103ri, acest produs este alegerea dvs. ideal\u0103. Cu at\u00e2t de multe mu\u0219c\u0103turi, gustul este inevitabil sl\u0103bit, dar bobina cu plas\u0103 dubl\u0103 poate men\u021bine stabilitatea de la prima la ultima mu\u0219c\u0103tur\u0103.<\/p>\n<h2 data-v-md-heading=\"excellent-performance-easy-and-convenient\" data-v-md-line=\"8\">Performan\u021b\u0103 excelent\u0103, u\u0219or \u0219i convenabil<\/h2>\n<p data-v-md-line=\"9\">\u00cen interior, bobinele cu ochiuri duble sunt utilizate pentru o \u00eenc\u0103lzire rapid\u0103 \u0219i uniform\u0103, asigur\u00e2nd c\u0103 fiecare mu\u0219c\u0103tur\u0103 este la fel de pur\u0103 ca primul gust. C\u00e2nd bateria este desc\u0103rcat\u0103, nu este nevoie s\u0103 o arunca\u021bi. Trebuie doar s\u0103 conecta\u021bi sursa de alimentare. Portul Type-C utilizeaz\u0103 acela\u0219i cablu ca majoritatea telefoanelor mobile, ceea ce \u00eel face mai convenabil de utilizat.<\/p>\n<h2 data-v-md-heading=\"specification-introduction\" data-v-md-line=\"11\">Introducere \u00een specifica\u021bii<\/h2>\n<ul data-v-md-line=\"12\">\n<li>Frecven\u021ba de aspirare: p\u00e2n\u0103 la 20000 de ori<\/li>\n<li>Nicotin\u0103: 20mg (sare de nicotin\u0103)<\/li>\n<li>E-liquid capacity: 18 milliliters<\/li>\n<li>Miez de atomizare: plas\u0103 dubl\u0103<\/li>\n<li>Baterie: 820mAh baterie re\u00eenc\u0103rcabil\u0103<\/li>\n<li>Principiu de func\u021bionare: Se activeaz\u0103 cu o singur\u0103 pufnire<\/li>\n<li>\u00cenc\u0103rcare: Interfa\u021b\u0103 USB standard de tip C<\/li>\n<li>Stare: Gata de utilizare dup\u0103 despachetare<\/li>\n<\/ul>\n<h2 data-v-md-heading=\"full-range-of-flavors\" data-v-md-line=\"21\">Gam\u0103 complet\u0103 de arome<\/h2>\n<ul data-v-md-line=\"22\">\n<li>Arom\u0103 de afine \u0219i zmeur\u0103 acr\u0103<\/li>\n<li>Strawberry Strange Fruit Flavor<\/li>\n<li>Arom\u0103 de smoothie cu ananas<\/li>\n<li>Afine, zmeur\u0103, arom\u0103 de l\u0103m\u00e2ie<\/li>\n<li>Watermelon smoothie flavor<\/li>\n<li>Arom\u0103 de kiwi, fructul pasiunii, guava<\/li>\n<li>Arom\u0103 de smoothie de piersici<\/li>\n<li>Blueberry smoothie flavor<\/li>\n<li>Arom\u0103 de zah\u0103r curcubeu<\/li>\n<li>Smoothie de banane<\/li>\n<\/ul>\n<h2 data-v-md-heading=\"to-create-for-you-and-your-business\" data-v-md-line=\"33\">Pentru a crea pentru tine \u0219i afacerea ta<\/h2>\n<p data-v-md-line=\"34\">Pute\u021bi achizi\u021biona unul pentru uz zilnic sau v\u0103 pute\u021bi umple rafturile cu cele mai bine v\u00e2ndute produse. Oferim cutii en-gros de 5 buc\u0103\u021bi pentru fiecare arom\u0103, permi\u021b\u00e2ndu-v\u0103 s\u0103 crea\u021bi cu u\u0219urin\u021b\u0103 o colec\u021bie echilibrat\u0103 f\u0103r\u0103 a investi prea mult.<\/p>\n<p data-v-md-line=\"36\">Lucr\u0103m cu parteneri de \u00eencredere precum UPS, DPD \u0219i DHL pentru a oferi servicii de livrare DDP, scutindu-v\u0103 de problemele procedurilor vamale \u0219i evit\u00e2nd accidentele la sosire. Datorit\u0103 reglement\u0103rilor locale, situa\u021bia livr\u0103rii poate varia \u00een diferite \u021b\u0103ri\/regiuni, a\u0219a c\u0103 v\u0103 rug\u0103m s\u0103 verifica\u021bi reglement\u0103rile locale \u00eenainte de a plasa o comand\u0103.<\/p>\n<h2 data-v-md-heading=\"why-do-you-like-it\" data-v-md-line=\"38\">De ce \u00ee\u021bi place?<\/h2>\n<ul data-v-md-line=\"39\">\n<li>Capacitate mare de aspirare: durabil \u0219i de lung\u0103 durat\u0103, nu este nevoie de \u00eenlocuire frecvent\u0103.<\/li>\n<li>20mg nicotin\u0103: Concentra\u021bia \u00eentregii game de e-lichide este uniform\u0103.<\/li>\n<li>Re\u00eenc\u0103rcabil\u0103: Trebuie s\u0103 pl\u0103ti\u021bi o singur\u0103 dat\u0103 pentru a utiliza toate e-lichidele.<\/li>\n<li>Spir\u0103 de plas\u0103: Poate aduce un gust stabil \u0219i bogat de fiecare dat\u0103.<\/li>\n<li>\u00cenc\u0103rcare de tip C: Utiliza\u021bi un cablu obi\u0219nuit pentru re\u00eenc\u0103rcare rapid\u0103.<\/li>\n<\/ul>\n<h2 data-v-md-heading=\"why-choose-to-collaborate-with-agoravape\" data-v-md-line=\"45\">De ce s\u0103 alegi s\u0103 colaborezi cu AgoraVape?<\/h2>\n<p data-v-md-line=\"46\">Vindem numai produse autentice 100% \u0219i nu avem nicio \u00eendoial\u0103 cu privire la aceasta. Ca unul dintre distribuitorii de \u00eencredere de vape din Europa, v\u0103 pute\u021bi bucura de pre\u021buri cu ridicata reduse, asisten\u021b\u0103 receptiv\u0103 \u0219i servicii rapide de livrare DDP pentru Crystal Mary PulsEX 20000 puffs de 20mg nicotin\u0103 vapes. Bine a\u021bi venit s\u0103 ne contacta\u021bi pentru a afla cum s\u0103 stoca\u021bi un dispozitiv care merit\u0103 s\u0103 se \u00eentoarc\u0103 pentru clien\u021bii dvs.<\/p>\n<p><img loading=\"lazy\" decoding=\"async\" class=\"aligncenter size-full wp-image-11170\" src=\"https:\/\/agoravape.com\/wp-content\/uploads\/2025\/10\/crystal-mary-vape.webp\" alt=\"\" width=\"1400\" height=\"650\" srcset=\"https:\/\/agoravape.com\/wp-content\/uploads\/2025\/10\/crystal-mary-vape.webp 1400w, https:\/\/agoravape.com\/wp-content\/uploads\/2025\/10\/crystal-mary-vape-1200x557.webp 1200w, https:\/\/agoravape.com\/wp-content\/uploads\/2025\/10\/crystal-mary-vape-300x139.webp 300w, https:\/\/agoravape.com\/wp-content\/uploads\/2025\/10\/crystal-mary-vape-1024x475.webp 1024w, https:\/\/agoravape.com\/wp-content\/uploads\/2025\/10\/crystal-mary-vape-768x357.webp 768w\" sizes=\"auto, (max-width: 1400px) 100vw, 1400px\" \/><\/p>","protected":false},"excerpt":{"rendered":"<p>Enjoy up to 20,000 puffs with the Crystal Mary PulseX. This high-capacity vape delivers a consistent 20mg nicotine hit and rich flavour from start to finish, thanks to a dual mesh coil. It\u2019s simple, rechargeable via Type-C, and built to last. No fuss, just long-lasting flavour.<\/p>","protected":false},"featured_media":11171,"comment_status":"open","ping_status":"closed","template":"","meta":[],"product_brand":[199],"product_cat":[124,185,1636,189,126,174,175,193,191,173,180,190],"product_tag":[],"class_list":{"0":"post-11146","1":"product","2":"type-product","3":"status-publish","4":"has-post-thumbnail","6":"product_brand-crystal-mary","7":"product_cat-vape-by-brand","8":"product_cat-10000-puffs-high-capacity","9":"product_cat-20000-puffs","10":"product_cat-20mg-standard-nicotine-vapes","11":"product_cat-crystal-mary","12":"product_cat-fruit-flavors","13":"product_cat-icy-mint","14":"product_cat-mesh-coil","15":"product_cat-rechargeable-disposables","16":"product_cat-vape-by-flavor-profile","17":"product_cat-vape-by-puff-count","18":"product_cat-vape-by-feature-or-type","20":"first","21":"onbackorder","22":"shipping-taxable","23":"purchasable","24":"product-type-variable","25":"has-default-attributes"},"tiered_pricing_type":"percentage","tiered_pricing_fixed_rules":[],"tiered_pricing_product_settings":{"layout":"default","base_unit_name":{"singular":null,"plural":null},"default_variation":null},"tiered_pricing_minimum_quantity":10,"tiered_pricing_roles_data":[],"tiered_pricing_percentage_rules":{"30":"29","50":"35","100":"40","200":"44","500":"47","1000":"49"},"tiered_pricing_maximum_quantity":null,"tiered_pricing_quantity_step":"10","_links":{"self":[{"href":"https:\/\/agoravape.com\/ro\/wp-json\/wp\/v2\/product\/11146","targetHints":{"allow":["GET"]}}],"collection":[{"href":"https:\/\/agoravape.com\/ro\/wp-json\/wp\/v2\/product"}],"about":[{"href":"https:\/\/agoravape.com\/ro\/wp-json\/wp\/v2\/types\/product"}],"replies":[{"embeddable":true,"href":"https:\/\/agoravape.com\/ro\/wp-json\/wp\/v2\/comments?post=11146"}],"version-history":[{"count":0,"href":"https:\/\/agoravape.com\/ro\/wp-json\/wp\/v2\/product\/11146\/revisions"}],"wp:featuredmedia":[{"embeddable":true,"href":"https:\/\/agoravape.com\/ro\/wp-json\/wp\/v2\/media\/11171"}],"wp:attachment":[{"href":"https:\/\/agoravape.com\/ro\/wp-json\/wp\/v2\/media?parent=11146"}],"wp:term":[{"taxonomy":"product_brand","embeddable":true,"href":"https:\/\/agoravape.com\/ro\/wp-json\/wp\/v2\/product_brand?post=11146"},{"taxonomy":"product_cat","embeddable":true,"href":"https:\/\/agoravape.com\/ro\/wp-json\/wp\/v2\/product_cat?post=11146"},{"taxonomy":"product_tag","embeddable":true,"href":"https:\/\/agoravape.com\/ro\/wp-json\/wp\/v2\/product_tag?post=11146"}],"curies":[{"name":"wp","href":"https:\/\/api.w.org\/{rel}","templated":true}]}}