{"id":11238,"date":"2025-10-05T15:16:19","date_gmt":"2025-10-05T07:16:19","guid":{"rendered":"https:\/\/green-grasshopper-921422.hostingersite.com\/?post_type=product&#038;p=11238"},"modified":"2026-01-19T22:09:01","modified_gmt":"2026-01-19T14:09:01","slug":"bood-infinity-30000-puffs-vape","status":"publish","type":"product","link":"https:\/\/agoravape.com\/ro\/product\/bood-infinity-30000-puffs-vape\/","title":{"rendered":"Vape de unic\u0103 folosin\u021b\u0103 Bood Infinity 30000 cu re\u021bea dual\u0103 | Gust de lung\u0103 durat\u0103, nu trebuie s\u0103 v\u0103 face\u021bi griji"},"content":{"rendered":"<h2 data-v-md-heading=\"so-what-is-the-special-feature-of-bood-infinity-s-30000-port-dual-network-disposable-vape\" data-v-md-line=\"3\">Care este caracteristica special\u0103 a \u021big\u0103rii electronice de unic\u0103 folosin\u021b\u0103 cu 30000 de porturi \u0219i re\u021bea dual\u0103 de la Bood Infinity?<\/h2>\n<p data-v-md-line=\"4\">Dac\u0103 te-ai s\u0103turat s\u0103 \u00eenlocuie\u0219ti \u021big\u0103rile electronice de unic\u0103 folosin\u021b\u0103 la fiecare c\u00e2teva zile, acest produs \u00ee\u021bi va u\u0219ura via\u021ba. Bood Infinity este conceput pentru utilizare pe termen lung \u0219i poate rezista la p\u00e2n\u0103 la 30000 de pufuri, permi\u021b\u00e2ndu-\u021bi s\u0103 men\u021bii un gust stabil timp de s\u0103pt\u0103m\u00e2ni \u00eentregi, f\u0103r\u0103 a fi nevoie s\u0103 \u00eenlocuie\u0219ti frecvent \u021big\u0103rile electronice.<\/p>\n<p data-v-md-line=\"6\">Este potrivit pentru oricine \u00ee\u0219i dore\u0219te o \u021bigar\u0103 electronic\u0103 fiabil\u0103 \u0219i durabil\u0103. Nu este nevoie de meniuri, nu este nevoie de butoane greoaie. Alege aroma \u0219i concentra\u021bia, apoi inhaleaz\u0103. Simplu \u0219i u\u0219or de implementat.<\/p>\n<h2 data-v-md-heading=\"excellent-performance-no-need-for-complex-operations\" data-v-md-line=\"8\">Excellent performance, no need for complex operations<\/h2>\n<p data-v-md-line=\"9\">Spirala cu plas\u0103 dubl\u0103 preia sarcina principal\u0103. Sunt \u00eenc\u0103lzite uniform, astfel \u00eenc\u00e2t fiecare \u00eembuc\u0103tur\u0103 este la fel de delicioas\u0103 ca prima \u0219i r\u0103m\u00e2ne \u00eentotdeauna consistent\u0103. Bateria de 650mAh este conceput\u0103 pentru utilizare continu\u0103, asigur\u00e2nd o utilizare lin\u0103 \u0219i f\u0103r\u0103 obstacole de fiecare dat\u0103.<\/p>\n<h2 data-v-md-heading=\"specification-overview\" data-v-md-line=\"11\">Prezentare general\u0103 a specifica\u021biilor<\/h2>\n<ul data-v-md-line=\"12\">\n<li>Frecven\u021ba de aspirare: p\u00e2n\u0103 la 30000 de ori<\/li>\n<li>Con\u021binut de nicotin\u0103: 0%, 2% \u0219i 5%<\/li>\n<li>Principiu de func\u021bionare: Activat prin inhalare<\/li>\n<li>Metod\u0103 de \u00eenc\u0103rcare: nespecificat\u0103 de produc\u0103tor<\/li>\n<li>Stare: Gata de utilizare dup\u0103 despachetare<\/li>\n<\/ul>\n<h2 data-v-md-heading=\"complete-flavor-series\" data-v-md-line=\"18\">Serie complet\u0103 de arome<\/h2>\n<ul data-v-md-line=\"19\">\n<li>Strawberry and watermelon flavor<\/li>\n<li>Piersic\u0103, Mango, Ananas<\/li>\n<li>Arom\u0103 de pepene verde cu ment\u0103<\/li>\n<li>Fructele de p\u0103dure au o arom\u0103 puternic\u0103 \u0219i exploziv\u0103<\/li>\n<li>Strawberry Strange Fruit Flavor<\/li>\n<li>Arom\u0103 hawaian\u0103<\/li>\n<li>Blueberry smoothie flavor<\/li>\n<li>Arom\u0103 de ap\u0103 cu afine \u0219i l\u0103m\u00e2ie<\/li>\n<li>Arom\u0103 de ghea\u021b\u0103 neagr\u0103<\/li>\n<li>Arom\u0103 Tiffany<\/li>\n<\/ul>\n<h2 data-v-md-heading=\"to-create-for-you-and-your-business\" data-v-md-line=\"30\">Pentru a crea pentru tine \u0219i afacerea ta<\/h2>\n<p data-v-md-line=\"31\">Dac\u0103 dori\u021bi doar s\u0103 cump\u0103ra\u021bi <a class=\"wpil_keyword_link\" title=\"MESAJ\" href=\"https:\/\/agoravape.com\/ro\/marca\/bob\/\" data-wpil-keyword-link=\"linked\" data-wpil-monitor-id=\"104\">Mesaj<\/a> Vape-uri de unic\u0103 folosin\u021b\u0103 Infinity 30000 cu re\u021bea dual\u0103, le po\u021bi cump\u0103ra separat. Dac\u0103 de\u021bii un magazin fizic sau online, po\u021bi vinde en-gros 200 de cutii de carton, ceea ce te poate asigura c\u0103 rafturile sunt complet \u00eenc\u0103rcate \u0219i c\u0103 clien\u021bii sunt mul\u021bumi\u021bi.<\/p>\n<p data-v-md-line=\"33\">Colabor\u0103m cu parteneri de \u00eencredere precum UPS, DPD \u0219i DHL pentru a oferi servicii de livrare DDP \u00een toat\u0103 Europa, astfel \u00eenc\u00e2t procedurile vamale s\u0103 poat\u0103 fi procesate \u00een avans \u0219i s\u0103 nu existe livr\u0103ri nea\u0219teptate de colete.<\/p>\n<h2 data-v-md-heading=\"why-do-you-like-it\" data-v-md-line=\"35\">De ce \u00ee\u021bi place?<\/h2>\n<ul data-v-md-line=\"36\">\n<li>Pufuri multiple: Durabile \u0219i de lung\u0103 durat\u0103, nu este nevoie s\u0103 cump\u0103ra\u021bi frecvent \u021big\u0103ri noi<\/li>\n<li>Selec\u021bia nicotinei: Alege\u021bi concentra\u021bia de nicotin\u0103 care se potrive\u0219te obiceiurilor dumneavoastr\u0103 zilnice<\/li>\n<li>Activare prin inhalare: Nu este nevoie de butoane, u\u0219or de utilizat<\/li>\n<li>Spire cu plas\u0103 dubl\u0103: Gust consistent, aspira\u021bie lin\u0103 de fiecare dat\u0103<\/li>\n<\/ul>\n<h2 data-v-md-heading=\"why-choose-agoravape\" data-v-md-line=\"41\">De ce s\u0103 alegi AgoraVape?<\/h2>\n<p data-v-md-line=\"42\">Fiind unul dintre distribuitorii de \u00eencredere de \u021big\u0103ri electronice din Europa, oferim doar produse 100% originale. Dac\u0103 sunte\u021bi o firm\u0103, ve\u021bi beneficia de pre\u021buri en-gros reduse, asisten\u021b\u0103 fiabil\u0103 \u0219i servicii de livrare rapide \u0219i fiabile pentru \u021big\u0103rile electronice de unic\u0103 folosin\u021b\u0103 Bood Infinity 30000 cu plas\u0103 dubl\u0103. V\u0103 rug\u0103m s\u0103 ne contacta\u021bi pentru a rezerva echipamente pe care clien\u021bii dvs. le vor achizi\u021biona din nou.<\/p>","protected":false},"excerpt":{"rendered":"<p>Bucura\u021bi-v\u0103 de s\u0103pt\u0103m\u00e2ni \u00eentregi de arom\u0103 constant\u0103 cu vape-ul Bood Infinity. Bobina sa dubl\u0103 cu plas\u0103 ofer\u0103 p\u00e2n\u0103 la 30.000 de pufuri cu gust constant. Cu activare simpl\u0103 prin inhalare \u0219i op\u021biuni de nicotin\u0103 de 0%, 2% \u0219i 5%, este cel mai bun produs de unic\u0103 folosin\u021b\u0103, cu durat\u0103 lung\u0103 de via\u021b\u0103 \u0219i f\u0103r\u0103 b\u0103t\u0103i de cap.<\/p>","protected":false},"featured_media":11262,"comment_status":"open","ping_status":"closed","template":"","meta":[],"product_brand":[200],"product_cat":[124,187,185,189,1637,127,174,175,193,191,173,186,180,190],"product_tag":[],"class_list":{"0":"post-11238","1":"product","2":"type-product","3":"status-publish","4":"has-post-thumbnail","6":"product_brand-bood","7":"product_cat-vape-by-brand","8":"product_cat-0mg-nicotine-free-vapes","9":"product_cat-10000-puffs-high-capacity","10":"product_cat-20mg-standard-nicotine-vapes","11":"product_cat-30000-puffs","12":"product_cat-bood","13":"product_cat-fruit-flavors","14":"product_cat-icy-mint","15":"product_cat-mesh-coil","16":"product_cat-rechargeable-disposables","17":"product_cat-vape-by-flavor-profile","18":"product_cat-vape-by-nicotine-strength","19":"product_cat-vape-by-puff-count","20":"product_cat-vape-by-feature-or-type","22":"first","23":"onbackorder","24":"shipping-taxable","25":"purchasable","26":"product-type-variable","27":"has-default-attributes"},"tiered_pricing_type":"percentage","tiered_pricing_fixed_rules":[],"tiered_pricing_product_settings":{"layout":"default","base_unit_name":{"singular":null,"plural":null},"default_variation":null},"tiered_pricing_minimum_quantity":10,"tiered_pricing_roles_data":[],"tiered_pricing_percentage_rules":{"100":"40","200":"44","500":"47","1000":"49"},"tiered_pricing_maximum_quantity":null,"tiered_pricing_quantity_step":"10","_links":{"self":[{"href":"https:\/\/agoravape.com\/ro\/wp-json\/wp\/v2\/product\/11238","targetHints":{"allow":["GET"]}}],"collection":[{"href":"https:\/\/agoravape.com\/ro\/wp-json\/wp\/v2\/product"}],"about":[{"href":"https:\/\/agoravape.com\/ro\/wp-json\/wp\/v2\/types\/product"}],"replies":[{"embeddable":true,"href":"https:\/\/agoravape.com\/ro\/wp-json\/wp\/v2\/comments?post=11238"}],"version-history":[{"count":0,"href":"https:\/\/agoravape.com\/ro\/wp-json\/wp\/v2\/product\/11238\/revisions"}],"wp:featuredmedia":[{"embeddable":true,"href":"https:\/\/agoravape.com\/ro\/wp-json\/wp\/v2\/media\/11262"}],"wp:attachment":[{"href":"https:\/\/agoravape.com\/ro\/wp-json\/wp\/v2\/media?parent=11238"}],"wp:term":[{"taxonomy":"product_brand","embeddable":true,"href":"https:\/\/agoravape.com\/ro\/wp-json\/wp\/v2\/product_brand?post=11238"},{"taxonomy":"product_cat","embeddable":true,"href":"https:\/\/agoravape.com\/ro\/wp-json\/wp\/v2\/product_cat?post=11238"},{"taxonomy":"product_tag","embeddable":true,"href":"https:\/\/agoravape.com\/ro\/wp-json\/wp\/v2\/product_tag?post=11238"}],"curies":[{"name":"wp","href":"https:\/\/api.w.org\/{rel}","templated":true}]}}