{"id":11274,"date":"2025-10-05T16:49:05","date_gmt":"2025-10-05T08:49:05","guid":{"rendered":"https:\/\/green-grasshopper-921422.hostingersite.com\/?post_type=product&#038;p=11274"},"modified":"2026-01-19T22:08:55","modified_gmt":"2026-01-19T14:08:55","slug":"bood-pulse-pro-50000-puffs-vape","status":"publish","type":"product","link":"https:\/\/agoravape.com\/ro\/product\/bood-pulse-pro-50000-puffs-vape\/","title":{"rendered":"Port Bood Pulse Pro 50000 | Capacitate mare \u0219i convenabil, echipat cu bobin\u0103 de tip plas\u0103 \u0219i interfa\u021b\u0103 de \u00eenc\u0103rcare Type-C"},"content":{"rendered":"<h2 data-v-md-heading=\"what-are-the-advantages-of-the-bood-pulse-pro-50000-puff-high-capacity-vape\" data-v-md-line=\"3\">Care sunt avantajele vapei de mare capacitate Bood Pulse Pro 50000 puff?<\/h2>\n<p data-v-md-line=\"4\">Dac\u0103 v-a\u021bi s\u0103turat s\u0103 schimba\u021bi e-lichidul de unic\u0103 folosin\u021b\u0103 la fiecare c\u00e2teva zile, poate dori\u021bi s\u0103 arunca\u021bi o privire la acest produs. Bood Pulse Pro este echipat cu un rezervor de stocare a uleiului de capacitate mare \u0219i o baterie re\u00eenc\u0103rcabil\u0103, ceea ce v\u0103 permite s\u0103 \u00eel utiliza\u021bi pentru o perioad\u0103 lung\u0103 de timp, f\u0103r\u0103 a fi nevoie s\u0103 \u00eenlocui\u021bi frecvent bateria.<\/p>\n<p data-v-md-line=\"6\">Dac\u0103 dori\u021bi o vape de aspira\u021bie simpl\u0103 \u0219i u\u0219or de utilizat, care poate men\u021bine un gust consistent, atunci acest produs este alegerea ideal\u0103. O capacitate de 50000 poate p\u0103rea \u00eendr\u0103znea\u021b\u0103, dar cei 38 de mililitri de capacitate de e-lichid \u0219i bobinele mesh sunt tocmai motivul pentru care poate dura at\u00e2t de mult. Durata de via\u021b\u0103 real\u0103 a bateriei va varia \u00een func\u021bie de modul \u00een care o utiliza\u021bi, deci durata sa de via\u021b\u0103 nu este nelimitat\u0103.<\/p>\n<h2 data-v-md-heading=\"excellent-performance-no-need-for-complex-operations\" data-v-md-line=\"8\">Excellent performance, no need for complex operations<\/h2>\n<p data-v-md-line=\"9\">Miezul Pulse Pro adopt\u0103 un miez de atomizare cu plas\u0103 pentru a asigura un fum neted \u0219i un gust clar. Nu este nevoie de butoane, nu este nevoie de meniuri, doar o aspira\u021bie u\u0219oar\u0103. C\u00e2nd bateria este desc\u0103rcat\u0103, pute\u021bi utiliza un cablu de date Type-C (care poate fi acela\u0219i cu cablul de \u00eenc\u0103rcare a telefonului) pentru \u00eenc\u0103rcare. Este simplu.<\/p>\n<h2 data-v-md-heading=\"specification-introduction\" data-v-md-line=\"11\">Introducere \u00een specifica\u021bii<\/h2>\n<ul data-v-md-line=\"12\">\n<li>Frecven\u021ba de aspirare: p\u00e2n\u0103 la 50000 de ori<\/li>\n<li>Capacitate E-Lichid: 38 mililitri<\/li>\n<li>Con\u021binut de nicotin\u0103: 0%, 2% sau 5% (oferta specific\u0103 poate varia \u00een func\u021bie de pia\u021b\u0103)<\/li>\n<li>Bobin\u0103: Bobin\u0103 de plas\u0103<\/li>\n<li>Baterie: 850mAh<\/li>\n<li>Principiu de func\u021bionare: Activat prin inhalare<\/li>\n<li>\u00cenc\u0103rcare: Interfa\u021b\u0103 USB standard de tip C<\/li>\n<li>Stare: Gata de utilizare dup\u0103 despachetare<\/li>\n<\/ul>\n<h2 data-v-md-heading=\"full-range-of-flavors\" data-v-md-line=\"21\">Gam\u0103 complet\u0103 de arome<\/h2>\n<ul data-v-md-line=\"22\">\n<li>Melon, ananas, arom\u0103 de portocale<\/li>\n<li>Arom\u0103 de afine \u0219i zmeur\u0103 acr\u0103<\/li>\n<li>Pepene galben arom\u0103 ciudat\u0103 de fructe<\/li>\n<li>Blueberry and watermelon flavor<\/li>\n<li>Mure arom\u0103 de ghea\u021b\u0103<\/li>\n<li>Arom\u0103 tripl\u0103 de pepene galben<\/li>\n<li>Arom\u0103 de ghea\u021b\u0103 de c\u0103p\u0219uni<\/li>\n<li>C\u0103p\u0219uni pepene galben arom\u0103 de ghea\u021b\u0103<\/li>\n<li>Arom\u0103 de ap\u0103 cu l\u0103m\u00e2ie dubl\u0103<\/li>\n<li>Strugure, afine, afine, arom\u0103 de zmeur\u0103<\/li>\n<\/ul>\n<h2 data-v-md-heading=\"to-create-for-you-and-your-business\" data-v-md-line=\"33\">Pentru a crea pentru tine \u0219i afacerea ta<\/h2>\n<p data-v-md-line=\"34\">Pute\u021bi achizi\u021biona o singur\u0103 unitate pentru uz personal sau s\u0103 v\u0103 face\u021bi stocuri pentru v\u00e2nzarea cu am\u0103nuntul. Cutia de carton en-gros con\u021bine 180 de buc\u0103\u021bi, cu dimensiuni de 54 \u00d7 38,5 \u00d7 27 centimetri \u0219i o greutate brut\u0103 de 22,5 kilograme. Acest lucru ajut\u0103 la planificarea spa\u021biului de raft \u0219i a costurilor de expediere.<\/p>\n<p data-v-md-line=\"36\">\u00cen\u021belege\u021bi rapid reglement\u0103rile. Datorit\u0103 capacit\u0103\u021bii mari de e-lichid \u0219i a con\u021binutului op\u021bional de nicotin\u0103 5%, acest dispozitiv dep\u0103\u0219e\u0219te limita UE TPD pentru vapoarele de unic\u0103 folosin\u021b\u0103. V\u0103 rug\u0103m s\u0103 verifica\u021bi legile locale \u00eenainte de listare sau cump\u0103rare. Livr\u0103m c\u0103tre pie\u021bele care permit aceste specifica\u021bii. Pentru destina\u021biile permise, oferim expediere DDP cu parteneri precum UPS, DPD \u0219i DHL, astfel \u00eenc\u00e2t s\u0103 nu existe surprize nepl\u0103cute la vam\u0103.<\/p>\n<h2 data-v-md-heading=\"why-do-you-like-it\" data-v-md-line=\"38\">De ce \u00ee\u021bi place?<\/h2>\n<ul data-v-md-line=\"39\">\n<li>Aspira\u021bie masiv\u0103: timp de utilizare mai lung, deci nu este nevoie s\u0103 cump\u0103ra\u021bi frecvent altele noi.<\/li>\n<li>Selectarea con\u021binutului de nicotin\u0103: Alege\u021bi 0%, 2% sau 5% \u00een func\u021bie de obiceiurile dvs. de vape.<\/li>\n<li>Re\u00eenc\u0103rcabil\u0103: Pute\u021bi utiliza to\u021bi cei 38 de mililitri de e-lichid \u00een loc s\u0103 arunca\u021bi echipamentul par\u021bial utilizat.<\/li>\n<li>Miezul atomizorului Mesh: Fum \u0219i gust constant.<\/li>\n<li>U\u0219or de utilizat: Pur \u0219i simplu inhala\u021bi \u0219i utiliza\u021bi f\u0103r\u0103 a regla butoanele sau set\u0103rile.<\/li>\n<\/ul>\n<h2 data-v-md-heading=\"why-collaborate-with-agoravape\" data-v-md-line=\"45\">De ce s\u0103 colaborezi cu AgoraVape?<\/h2>\n<p data-v-md-line=\"46\">Suntem unul dintre cei mai de \u00eencredere distribuitori de produse pentru vaping din Europa, astfel \u00eenc\u00e2t comercializ\u0103m numai produse originale 100%. Clien\u021bii corporativi care achizi\u021bioneaz\u0103 <a class=\"wpil_keyword_link\" title=\"MESAJ\" href=\"https:\/\/agoravape.com\/ro\/marca\/bob\/\" data-wpil-keyword-link=\"linked\" data-wpil-monitor-id=\"103\">Mesaj<\/a> Vaporizatoarele Pulse Pro 50000 de mare capacitate beneficiaz\u0103 de pre\u021buri en-gros reduse, asisten\u021b\u0103 fiabil\u0103 \u0219i servicii de livrare rapide \u0219i fiabile. Dac\u0103 dori\u021bi s\u0103 achizi\u021biona\u021bi un vaporizator de mare capacitate \u0219i durabil, care va fi cu siguran\u021b\u0103 pe placul clien\u021bilor dvs., v\u0103 rug\u0103m s\u0103 ne contacta\u021bi.<\/p>\n<p data-v-md-line=\"46\"><img loading=\"lazy\" decoding=\"async\" class=\"aligncenter size-full wp-image-11289\" src=\"https:\/\/agoravape.com\/wp-content\/uploads\/2025\/10\/Boodpro_final.webp\" alt=\"\" width=\"1280\" height=\"892\" srcset=\"https:\/\/agoravape.com\/wp-content\/uploads\/2025\/10\/Boodpro_final.webp 1280w, https:\/\/agoravape.com\/wp-content\/uploads\/2025\/10\/Boodpro_final-1200x836.webp 1200w, https:\/\/agoravape.com\/wp-content\/uploads\/2025\/10\/Boodpro_final-300x209.webp 300w, https:\/\/agoravape.com\/wp-content\/uploads\/2025\/10\/Boodpro_final-1024x714.webp 1024w, https:\/\/agoravape.com\/wp-content\/uploads\/2025\/10\/Boodpro_final-768x535.webp 768w\" sizes=\"auto, (max-width: 1280px) 100vw, 1280px\" \/><\/p>","protected":false},"excerpt":{"rendered":"<p>Experimenta\u021bi confortul de durat\u0103 cu Bood Pulse Pro. Ob\u021bine\u021bi p\u00e2n\u0103 la 50.000 de pufuri de la o capacitate uria\u0219\u0103 de 38 ml \u0219i o baterie re\u00eenc\u0103rcabil\u0103 Type-C. Bobina sa cu ochiuri asigur\u0103 o arom\u0103 neted\u0103 \u0219i consistent\u0103 \u00eentr-un design simplu, activat prin tragere. Vaporizarea de lung\u0103 durat\u0103 \u0219i de \u00eenalt\u0103 performan\u021b\u0103 a devenit u\u0219oar\u0103.<\/p>","protected":false},"featured_media":11286,"comment_status":"open","ping_status":"closed","template":"","meta":[],"product_brand":[200],"product_cat":[124,187,185,189,1641,127,174,175,193,191,173,186,180,190],"product_tag":[],"class_list":{"0":"post-11274","1":"product","2":"type-product","3":"status-publish","4":"has-post-thumbnail","6":"product_brand-bood","7":"product_cat-vape-by-brand","8":"product_cat-0mg-nicotine-free-vapes","9":"product_cat-10000-puffs-high-capacity","10":"product_cat-20mg-standard-nicotine-vapes","11":"product_cat-50000-puffs","12":"product_cat-bood","13":"product_cat-fruit-flavors","14":"product_cat-icy-mint","15":"product_cat-mesh-coil","16":"product_cat-rechargeable-disposables","17":"product_cat-vape-by-flavor-profile","18":"product_cat-vape-by-nicotine-strength","19":"product_cat-vape-by-puff-count","20":"product_cat-vape-by-feature-or-type","22":"first","23":"onbackorder","24":"shipping-taxable","25":"purchasable","26":"product-type-variable","27":"has-default-attributes"},"tiered_pricing_type":"percentage","tiered_pricing_fixed_rules":[],"tiered_pricing_product_settings":{"layout":"default","base_unit_name":{"singular":null,"plural":null},"default_variation":null},"tiered_pricing_minimum_quantity":10,"tiered_pricing_roles_data":[],"tiered_pricing_percentage_rules":{"100":"40","200":"44","500":"47","1000":"49"},"tiered_pricing_maximum_quantity":null,"tiered_pricing_quantity_step":"10","_links":{"self":[{"href":"https:\/\/agoravape.com\/ro\/wp-json\/wp\/v2\/product\/11274","targetHints":{"allow":["GET"]}}],"collection":[{"href":"https:\/\/agoravape.com\/ro\/wp-json\/wp\/v2\/product"}],"about":[{"href":"https:\/\/agoravape.com\/ro\/wp-json\/wp\/v2\/types\/product"}],"replies":[{"embeddable":true,"href":"https:\/\/agoravape.com\/ro\/wp-json\/wp\/v2\/comments?post=11274"}],"version-history":[{"count":0,"href":"https:\/\/agoravape.com\/ro\/wp-json\/wp\/v2\/product\/11274\/revisions"}],"wp:featuredmedia":[{"embeddable":true,"href":"https:\/\/agoravape.com\/ro\/wp-json\/wp\/v2\/media\/11286"}],"wp:attachment":[{"href":"https:\/\/agoravape.com\/ro\/wp-json\/wp\/v2\/media?parent=11274"}],"wp:term":[{"taxonomy":"product_brand","embeddable":true,"href":"https:\/\/agoravape.com\/ro\/wp-json\/wp\/v2\/product_brand?post=11274"},{"taxonomy":"product_cat","embeddable":true,"href":"https:\/\/agoravape.com\/ro\/wp-json\/wp\/v2\/product_cat?post=11274"},{"taxonomy":"product_tag","embeddable":true,"href":"https:\/\/agoravape.com\/ro\/wp-json\/wp\/v2\/product_tag?post=11274"}],"curies":[{"name":"wp","href":"https:\/\/api.w.org\/{rel}","templated":true}]}}