{"id":11988,"date":"2025-10-08T21:20:18","date_gmt":"2025-10-08T13:20:18","guid":{"rendered":"https:\/\/green-grasshopper-921422.hostingersite.com\/?post_type=product&#038;p=11988"},"modified":"2026-03-26T13:22:37","modified_gmt":"2026-03-26T12:22:37","slug":"mrvi-vine-10000-puffs-display-vape","status":"publish","type":"product","link":"https:\/\/agoravape.com\/ro\/product\/mrvi-coming-10000-puffs-display-vape\/","title":{"rendered":"MRVI Coming digital vape cu 10000 de guri | Ecran dublu inteligent, capacitate mare"},"content":{"rendered":"<h2 data-v-md-heading=\"what-are-the-highlights-of-mrvi-coming-10000-digital-vape\" data-v-md-line=\"3\">Care sunt principalele caracteristici ale \u021big\u0103rii electronice digitale MRVI Coming 10000?<\/h2>\n<p data-v-md-line=\"4\">Dac\u0103 te-ai s\u0103turat de vaporizatoarele de unic\u0103 folosin\u021b\u0103 care consum\u0103 mult\u0103 energie sau au o durat\u0103 de via\u021b\u0103 imprevizibil\u0103 a bateriei, acest vaporizator poate rezolva ambele probleme. MRVI Coming poate suporta p\u00e2n\u0103 la 10000 de porturi \u0219i poate afi\u0219a clar nivelurile r\u0103mase ale bateriei \u0219i ale e-lichidului, permi\u021b\u00e2ndu-\u021bi s\u0103 urm\u0103re\u0219ti energia r\u0103mas\u0103 \u00een orice moment. Nu exist\u0103 accidente \u0219i nu va exista nicio situa\u021bie de ardere uscat\u0103.<\/p>\n<p data-v-md-line=\"6\">Este potrivit pentru oricine \u00ee\u0219i dore\u0219te durabilitate, gust excelent \u0219i f\u0103r\u0103 griji. Ceea ce \u00ee\u021bi dore\u0219ti este un dispozitiv u\u0219or de \u00eenc\u0103rcat, cu o textur\u0103 bogat\u0103 \u0219i care poate fi transportat cu tine. \u0218i exact asta \u00ee\u0219i propune.<\/p>\n<h2 data-v-md-heading=\"excellent-performance-worry-free\" data-v-md-line=\"8\">Excellent performance, worry free<\/h2>\n<p data-v-md-line=\"9\">Rezisten\u021ba de 0,9 \u03a9 v\u0103 permite s\u0103 men\u021bine\u021bi un gust r\u0103coritor \u0219i consistent de la prima p\u00e2n\u0103 la ultima \u00eembuc\u0103tur\u0103. Bateria de 650 mAh poate fi \u00eenc\u0103rcat\u0103 prin interfa\u021ba Type-C, permi\u021b\u00e2ndu-v\u0103 s\u0103 utiliza\u021bi la maximum 19 ml de e-lichid din bel\u0219ug. C\u00e2nd bateria este desc\u0103rcat\u0103, pute\u021bi utiliza un cablu de \u00eenc\u0103rcare pentru telefon pentru a o re\u00eenc\u0103rca. Este simplu.<\/p>\n<h2 data-v-md-heading=\"specification-overview\" data-v-md-line=\"11\">Prezentare general\u0103 a specifica\u021biilor<\/h2>\n<ul data-v-md-line=\"12\">\n<li>Suction frequency: up to 10000 times<\/li>\n<li>Con\u021binut de nicotin\u0103: 2%, 3%, 5%<\/li>\n<li>Principiu de func\u021bionare: Activat prin inhalare<\/li>\n<li>\u00cenc\u0103rcare: Interfa\u021b\u0103 USB standard de tip C<\/li>\n<li>Stare: Gata de utilizare dup\u0103 despachetare<\/li>\n<\/ul>\n<h2 data-v-md-heading=\"multiple-flavor-options\" data-v-md-line=\"18\">Op\u021biuni multiple de arome<\/h2>\n<ul data-v-md-line=\"19\">\n<li>Arom\u0103 de piersic\u0103 \u0219i pepene verde<\/li>\n<li>Arom\u0103 de ghea\u021b\u0103 Dragon Negru<\/li>\n<li>Arom\u0103 de fructe de p\u0103dure mixte cu bule<\/li>\n<li>Arom\u0103 de mam\u0103 Bahama<\/li>\n<li>Arom\u0103 de \u00eenghe\u021bat\u0103 de pepene verde<\/li>\n<li>Parfum Liulan<\/li>\n<li>Arom\u0103 de ghea\u021b\u0103 de c\u0103p\u0219uni<\/li>\n<li>Arom\u0103 de ghea\u021b\u0103 de afine<\/li>\n<li>Arom\u0103 de aloe \u0219i mango<\/li>\n<li>Arom\u0103 de struguri<\/li>\n<\/ul>\n<h2 data-v-md-heading=\"for-you-for-your-career\" data-v-md-line=\"30\">Pentru tine, pentru cariera ta<\/h2>\n<p data-v-md-line=\"31\">Vrei s\u0103 fumezi singur(\u0103) \u021big\u0103ri electronice? Selecteaz\u0103 aroma preferat\u0103 \u0219i concentra\u021bia de nicotin\u0103 pentru a o activa. S-ar putea s\u0103 crezi c\u0103 aceast\u0103 \u021bigar\u0103 electronic\u0103 cu at\u00e2tea pufuri ar p\u0103rea voluminoas\u0103, dar c\u00e2nt\u0103re\u0219te doar aproximativ 100 de grame \u0219i este foarte u\u0219or de transportat. Designul cu dou\u0103 afi\u0219aje \u00eel face u\u0219or de utilizat \u00een via\u021ba de zi cu zi.<\/p>\n<p data-v-md-line=\"33\">Dac\u0103 v\u0103 aproviziona\u021bi \u00eentr-un magazin fizic sau online, oferim op\u021biuni rezonabile de v\u00e2nzare en-gros: 10 buc\u0103\u021bi per cutie \u0219i 200 de buc\u0103\u021bi per cutie. Fiecare cutie c\u00e2nt\u0103re\u0219te aproximativ 20 de kilograme \u0219i m\u0103soar\u0103 aproximativ 60 x 32 x 23 de centimetri, cu o eficien\u021b\u0103 ridicat\u0103 a transportului. Oferim servicii de livrare DDP \u00een Europa cu parteneri de \u00eencredere precum UPS, DPD \u0219i DHL pentru a asigura o livrare rapid\u0103 \u0219i a evita accidentele vamale. V\u0103 rug\u0103m s\u0103 verifica\u021bi reglement\u0103rile privind \u021big\u0103rile electronice de unic\u0103 folosin\u021b\u0103 cu fum puternic din \u021bara\/regiunea dvs.<\/p>\n<h2 data-v-md-heading=\"why-do-you-like-it\" data-v-md-line=\"35\">De ce \u00ee\u021bi place?<\/h2>\n<ul data-v-md-line=\"36\">\n<li>Aspira\u021bie masiv\u0103: p\u00e2n\u0103 la 10.000 de unit\u0103\u021bi \u00eenseamn\u0103 mai pu\u021bine \u00eenlocuiri \u0219i o valoare mai mare per dispozitiv.<\/li>\n<li>Selec\u021bia con\u021binutului de nicotin\u0103: Alege\u021bi 2%, 3% sau 5% \u00een func\u021bie de preferin\u021be.<\/li>\n<li>Re\u00eenc\u0103rcabil\u0103: \u00cenc\u0103rcarea de tip C v\u0103 poate ajuta s\u0103 utiliza\u021bi to\u021bi cei 19 mililitri de e-lichid.<\/li>\n<li>Spir\u0103 de plas\u0103: Fiecare mu\u0219c\u0103tur\u0103 are o textur\u0103 neted\u0103 \u0219i consistent\u0103.<\/li>\n<li>Afi\u0219aj inteligent cu dou\u0103 ecrane: nivelul bateriei \u0219i nivelul e-lichidului sunt clare dintr-o privire.<\/li>\n<\/ul>\n<h2 data-v-md-heading=\"why-collaborate-with-agoravape\" data-v-md-line=\"42\">De ce s\u0103 colaborezi cu AgoraVape?<\/h2>\n<p data-v-md-line=\"43\">Vindem doar produse 100% originale \u0219i oferim garan\u021bia calit\u0103\u021bii acestora. Pentru cump\u0103r\u0103torii corporativi, aceasta \u00eenseamn\u0103 c\u0103 lansarea viitoare de 10.000 de \u021big\u0103ri electronice de la MRVI va oferi pre\u021buri reduse en-gros, asisten\u021b\u0103 fiabil\u0103 \u0219i logistic\u0103 rapid\u0103 care acoper\u0103 Europa. V\u0103 invit\u0103m s\u0103 ne contacta\u021bi pentru a afla despre un dispozitiv care \u00eei face pe clien\u021bii dumneavoastr\u0103 ferici\u021bi s\u0103 revin\u0103 \u0219i s\u0103 cumpere.<\/p>\n<p><script src=\"chrome-extension:\/\/fpelahbljekknahkcaegamhcndkfpfnc\/iFrame.js\" type=\"text\/javascript\"><\/script><\/p>\n<p><script src=\"chrome-extension:\/\/fpelahbljekknahkcaegamhcndkfpfnc\/iFrame.js\" type=\"text\/javascript\"><\/script><\/p>","protected":false},"excerpt":{"rendered":"<p>&nbsp;<\/p>\n<p><script src=\"chrome-extension:\/\/fpelahbljekknahkcaegamhcndkfpfnc\/iFrame.js\" type=\"text\/javascript\"><\/script><\/p>","protected":false},"featured_media":12000,"comment_status":"open","ping_status":"closed","template":"","meta":[],"product_brand":[202],"product_cat":[124,185,189,174,175,193,129,191,173,186,180,190,192],"product_tag":[],"class_list":{"0":"post-11988","1":"product","2":"type-product","3":"status-publish","4":"has-post-thumbnail","6":"product_brand-mrvi","7":"product_cat-vape-by-brand","8":"product_cat-10000-puffs-high-capacity","9":"product_cat-20mg-standard-nicotine-vapes","10":"product_cat-fruit-flavors","11":"product_cat-icy-mint","12":"product_cat-mesh-coil","13":"product_cat-mrvi","14":"product_cat-rechargeable-disposables","15":"product_cat-vape-by-flavor-profile","16":"product_cat-vape-by-nicotine-strength","17":"product_cat-vape-by-puff-count","18":"product_cat-vape-by-feature-or-type","19":"product_cat-vapes-with-screens","21":"first","22":"instock","23":"shipping-taxable","24":"purchasable","25":"product-type-variable","26":"has-default-attributes"},"tiered_pricing_type":"percentage","tiered_pricing_fixed_rules":[],"tiered_pricing_product_settings":{"layout":"default","base_unit_name":{"singular":null,"plural":null},"default_variation":null},"tiered_pricing_minimum_quantity":10,"tiered_pricing_roles_data":[],"tiered_pricing_percentage_rules":{"30":"29","50":"35","100":"40","200":"44","500":"47","1000":"49"},"tiered_pricing_maximum_quantity":null,"tiered_pricing_quantity_step":"10","_links":{"self":[{"href":"https:\/\/agoravape.com\/ro\/wp-json\/wp\/v2\/product\/11988","targetHints":{"allow":["GET"]}}],"collection":[{"href":"https:\/\/agoravape.com\/ro\/wp-json\/wp\/v2\/product"}],"about":[{"href":"https:\/\/agoravape.com\/ro\/wp-json\/wp\/v2\/types\/product"}],"replies":[{"embeddable":true,"href":"https:\/\/agoravape.com\/ro\/wp-json\/wp\/v2\/comments?post=11988"}],"version-history":[{"count":0,"href":"https:\/\/agoravape.com\/ro\/wp-json\/wp\/v2\/product\/11988\/revisions"}],"wp:featuredmedia":[{"embeddable":true,"href":"https:\/\/agoravape.com\/ro\/wp-json\/wp\/v2\/media\/12000"}],"wp:attachment":[{"href":"https:\/\/agoravape.com\/ro\/wp-json\/wp\/v2\/media?parent=11988"}],"wp:term":[{"taxonomy":"product_brand","embeddable":true,"href":"https:\/\/agoravape.com\/ro\/wp-json\/wp\/v2\/product_brand?post=11988"},{"taxonomy":"product_cat","embeddable":true,"href":"https:\/\/agoravape.com\/ro\/wp-json\/wp\/v2\/product_cat?post=11988"},{"taxonomy":"product_tag","embeddable":true,"href":"https:\/\/agoravape.com\/ro\/wp-json\/wp\/v2\/product_tag?post=11988"}],"curies":[{"name":"wp","href":"https:\/\/api.w.org\/{rel}","templated":true}]}}