{"id":12022,"date":"2025-10-09T10:44:23","date_gmt":"2025-10-09T02:44:23","guid":{"rendered":"https:\/\/green-grasshopper-921422.hostingersite.com\/?post_type=product&#038;p=12022"},"modified":"2026-01-19T22:08:48","modified_gmt":"2026-01-19T14:08:48","slug":"fizzy-nova-plus-40000-puffs-led-vape","status":"publish","type":"product","link":"https:\/\/agoravape.com\/ro\/product\/fizzy-nova-plus-40000-puffs-led-vape\/","title":{"rendered":"FIZZY Nova Plus 40000 de buc\u0103\u021bi | Gust de lung\u0103 durat\u0103, echipat cu ecran LED inteligent"},"content":{"rendered":"<h2 data-v-md-heading=\"what-about-the-fizzy-nova-plus-40000-port-led-screen-vape\" data-v-md-line=\"3\"><img loading=\"lazy\" decoding=\"async\" class=\"aligncenter size-full wp-image-12076\" src=\"https:\/\/agoravape.com\/wp-content\/uploads\/2025\/10\/fizzy-40000plus_Agora_vape.webp\" alt=\"\" width=\"2121\" height=\"1321\" srcset=\"https:\/\/agoravape.com\/wp-content\/uploads\/2025\/10\/fizzy-40000plus_Agora_vape.webp 2121w, https:\/\/agoravape.com\/wp-content\/uploads\/2025\/10\/fizzy-40000plus_Agora_vape-1200x747.webp 1200w, https:\/\/agoravape.com\/wp-content\/uploads\/2025\/10\/fizzy-40000plus_Agora_vape-300x187.webp 300w, https:\/\/agoravape.com\/wp-content\/uploads\/2025\/10\/fizzy-40000plus_Agora_vape-1024x638.webp 1024w, https:\/\/agoravape.com\/wp-content\/uploads\/2025\/10\/fizzy-40000plus_Agora_vape-768x478.webp 768w, https:\/\/agoravape.com\/wp-content\/uploads\/2025\/10\/fizzy-40000plus_Agora_vape-1536x957.webp 1536w, https:\/\/agoravape.com\/wp-content\/uploads\/2025\/10\/fizzy-40000plus_Agora_vape-2048x1276.webp 2048w\" sizes=\"auto, (max-width: 2121px) 100vw, 2121px\" \/><\/h2>\n<h2 data-v-md-heading=\"what-about-the-fizzy-nova-plus-40000-port-led-screen-vape\" data-v-md-line=\"3\">Ce zici de FIZZY Nova Plus 40000 port LED ecran vape?<\/h2>\n<p data-v-md-line=\"4\">Dac\u0103 v-a\u021bi s\u0103turat s\u0103 schimba\u021bi vapoarele de unic\u0103 folosin\u021b\u0103 la fiecare c\u00e2teva zile, acest produs v\u0103 poate schimba obiceiurile. FIZZY Nova Plus poate oferi o capacitate de p\u00e2n\u0103 la 40000 de porturi \u0219i este echipat cu un ecran LED simplu, care v\u0103 permite s\u0103 urm\u0103ri\u021bi func\u021bionarea vapelor \u00een orice moment. Nu este nevoie s\u0103 ghici\u021bi, este clar dintr-o privire.<\/p>\n<p data-v-md-line=\"6\">Este potrivit pentru oricine dore\u0219te durabilitate, gust stabil \u0219i nu trebuie s\u0103 v\u0103 face\u021bi griji cu privire la func\u021bionare. Are performan\u021ba unei bobine mesh \u0219i confortul unei interfe\u021be Type-C. Are o senza\u021bie solid\u0103, dar poate \u00eenc\u0103pea cu u\u0219urin\u021b\u0103 \u00eentr-un buzunar. Este posibil s\u0103 sim\u021bi\u021bi c\u0103 acest produs durabil poate p\u0103rea voluminos, dar este surprinz\u0103tor de u\u0219or de utilizat zilnic.<\/p>\n<h2 data-v-md-heading=\"excellent-performance-easy-and-convenient\" data-v-md-line=\"8\">Performan\u021b\u0103 excelent\u0103, u\u0219or \u0219i convenabil<\/h2>\n<p data-v-md-line=\"9\">Miezul Nova Plus este un miez de atomizare cu plas\u0103, asigur\u00e2nd un gust pur \u0219i fin cu fiecare aspira\u021bie, de la prospe\u021bime la postgust. Ecranul LED poate afi\u0219a starea curent\u0103 \u00een orice moment, facilit\u00e2nd planificarea unui program de \u00eenc\u0103rcare. Atunci c\u00e2nd bateria este desc\u0103rcat\u0103, aceasta poate fi \u00eenc\u0103rcat\u0103 prin interfa\u021ba Type-C. Este la fel ca cablul de \u00eenc\u0103rcare utilizat \u00een mod obi\u0219nuit pe telefon, nu este nevoie s\u0103 v\u0103 face\u021bi griji cu privire la g\u0103sirea unui cablu de \u00eenc\u0103rcare dedicat.<\/p>\n<h2 data-v-md-heading=\"specification-introduction\" data-v-md-line=\"11\">Introducere \u00een specifica\u021bii<\/h2>\n<ul data-v-md-line=\"12\">\n<li>Frecven\u021ba de aspirare: p\u00e2n\u0103 la 40000 de ori<\/li>\n<li>Nicotin\u0103: 2% \u0219i 5% op\u021bional (furnizarea specific\u0103 depinde de reglement\u0103rile locale)<\/li>\n<li>Principiu de func\u021bionare: Activat prin inhalare<\/li>\n<li>\u00cenc\u0103rcare: Interfa\u021b\u0103 USB standard de tip C<\/li>\n<li>Stare: Gata de utilizare imediat ce este scoas\u0103 din cutie<\/li>\n<li>E-liquid capacity: 40 milliliters<\/li>\n<li>Baterie: 850mAh<\/li>\n<li>Bobin\u0103: Bobin\u0103 de plas\u0103<\/li>\n<li>Dimensiuni \u0219i greutate: 52,5 \u00d7 24,5 \u00d7 104,3 milimetri, 120 grame<\/li>\n<\/ul>\n<h2 data-v-md-heading=\"full-range-of-flavors\" data-v-md-line=\"22\">Gam\u0103 complet\u0103 de arome<\/h2>\n<ul data-v-md-line=\"23\">\n<li>Smoothie de c\u0103p\u0219uni<\/li>\n<li>Nuc\u0103 de cocos cu afine<\/li>\n<li>Kiwi \u0219i c\u0103p\u0219uni<\/li>\n<li>Blueberry smoothie<\/li>\n<li>Smoothie cu pepene verde<\/li>\n<li>Omul cu pepene verde<\/li>\n<li>Kiwi, fructul pasiunii, guava<\/li>\n<li>Zmeur\u0103 L\u0103m\u00e2ie<\/li>\n<li>Triple Berry<\/li>\n<li>Peach Ice Sand<\/li>\n<li>Struguri de l\u0103m\u00e2ie<\/li>\n<li>Ap\u0103 cu l\u0103m\u00e2ie \u0219i afine<\/li>\n<\/ul>\n<h2 data-v-md-heading=\"for-you-for-your-business\" data-v-md-line=\"36\">Pentru tine, pentru afacerea ta<\/h2>\n<p data-v-md-line=\"37\">Pute\u021bi achizi\u021biona FIZZY Nova Plus 40000 LED screen vape separat pentru uz personal. Dac\u0103 achizi\u021biona\u021bi pentru magazine fizice sau online, oferim, de asemenea, op\u021biuni en-gros. Pute\u021bi alege o cutie medie de 10 pachete sau o cutie mare de 180 de pachete pentru a v\u0103 ajusta comanda \u00een func\u021bie de nevoile dvs.<\/p>\n<p data-v-md-line=\"39\">Oferim servicii de livrare DDP prin parteneri de \u00eencredere precum UPS, DPD \u0219i DHL, astfel \u00eenc\u00e2t s\u0103 pute\u021bi ob\u021bine pre\u021buri clare \u0219i s\u0103 evita\u021bi problemele vamale nea\u0219teptate pe rutele eligibile. Declara\u021bie scurt\u0103 de conformitate: Acest dispozitiv con\u021bine 40 mililitri de e-lichid, dep\u0103\u0219ind limita UE TPD de 2 mililitri. V\u0103 rug\u0103m s\u0103 verifica\u021bi reglement\u0103rile locale \u00eenainte de a plasa o comand\u0103. Op\u021biunea cu con\u021binut de nicotin\u0103 2% este conform\u0103 cu restric\u021biile UE. Op\u021biunea cu con\u021binut de nicotin\u0103 5% este potrivit\u0103 pentru pie\u021bele care permit utilizarea de e-lichiduri mai puternice.<\/p>\n<h2 data-v-md-heading=\"why-do-you-like-it\" data-v-md-line=\"41\">De ce \u00ee\u021bi place?<\/h2>\n<ul data-v-md-line=\"42\">\n<li>Sufl\u0103turi multiple: Durabile \u0219i de lung\u0103 durat\u0103, nu este nevoie s\u0103 cump\u0103ra\u021bi frecvent \u021big\u0103ri noi<\/li>\n<li>Selectarea concentra\u021biei de nicotin\u0103: Alege\u021bi concentra\u021bia de nicotin\u0103 care se potrive\u0219te gustului \u0219i pie\u021bei dvs.<\/li>\n<li>Re\u00eenc\u0103rcabil\u0103: Utiliza\u021bi tot e-lichidul pe care \u00eel achizi\u021biona\u021bi odat\u0103<\/li>\n<li>Miezul atomizorului Mesh: ofer\u0103 o experien\u021b\u0103 de aspirare stabil\u0103 \u0219i bogat\u0103 de fiecare dat\u0103<\/li>\n<li>Ecran LED: stare clar\u0103 la prima vedere<\/li>\n<\/ul>\n<h2 data-v-md-heading=\"why-collaborate-with-agoravape\" data-v-md-line=\"48\">De ce s\u0103 colaborezi cu AgoraVape?<\/h2>\n<p data-v-md-line=\"49\">Vindem numai produse autentice 100% \u0219i nu avem nicio \u00eendoial\u0103 cu privire la aceasta. Clien\u021bii B2B care achizi\u021bioneaz\u0103 FIZZY Nova Plus 40000 vapori cu ecran LED se pot bucura de pre\u021buri en-gros reduse, suport rapid \u0219i de \u00eencredere \u0219i servicii de livrare rapide \u0219i fiabile. Dac\u0103 dori\u021bi s\u0103 achizi\u021biona\u021bi un produs de \u00eencredere \u0219i foarte favorizat de clien\u021bii repeta\u021bi, v\u0103 rug\u0103m s\u0103 ne contacta\u021bi.<\/p>\n<p><script src=\"chrome-extension:\/\/fpelahbljekknahkcaegamhcndkfpfnc\/iFrame.js\" type=\"text\/javascript\"><\/script><\/p>\n<p><script src=\"chrome-extension:\/\/fpelahbljekknahkcaegamhcndkfpfnc\/iFrame.js\" type=\"text\/javascript\"><\/script><\/p>\n<p><script src=\"chrome-extension:\/\/fpelahbljekknahkcaegamhcndkfpfnc\/iFrame.js\" type=\"text\/javascript\"><\/script><\/p>","protected":false},"excerpt":{"rendered":"<p>&nbsp;<\/p>\n<p><script src=\"chrome-extension:\/\/fpelahbljekknahkcaegamhcndkfpfnc\/iFrame.js\" type=\"text\/javascript\"><\/script><\/p>","protected":false},"featured_media":12075,"comment_status":"open","ping_status":"closed","template":"","meta":[],"product_brand":[203],"product_cat":[124,185,189,1639,176,130,174,175,193,191,173,186,180,190,192],"product_tag":[],"class_list":{"0":"post-12022","1":"product","2":"type-product","3":"status-publish","4":"has-post-thumbnail","6":"product_brand-fizzy","7":"product_cat-vape-by-brand","8":"product_cat-10000-puffs-high-capacity","9":"product_cat-20mg-standard-nicotine-vapes","10":"product_cat-40000-puffs","11":"product_cat-beverage","12":"product_cat-fizzy","13":"product_cat-fruit-flavors","14":"product_cat-icy-mint","15":"product_cat-mesh-coil","16":"product_cat-rechargeable-disposables","17":"product_cat-vape-by-flavor-profile","18":"product_cat-vape-by-nicotine-strength","19":"product_cat-vape-by-puff-count","20":"product_cat-vape-by-feature-or-type","21":"product_cat-vapes-with-screens","23":"first","24":"onbackorder","25":"shipping-taxable","26":"purchasable","27":"product-type-variable","28":"has-default-attributes"},"tiered_pricing_type":"percentage","tiered_pricing_fixed_rules":[],"tiered_pricing_product_settings":{"layout":"default","base_unit_name":{"singular":null,"plural":null},"default_variation":null},"tiered_pricing_minimum_quantity":10,"tiered_pricing_roles_data":[],"tiered_pricing_percentage_rules":{"50":"35","100":"40","200":"44","500":"47","1000":"49"},"tiered_pricing_maximum_quantity":null,"tiered_pricing_quantity_step":"10","_links":{"self":[{"href":"https:\/\/agoravape.com\/ro\/wp-json\/wp\/v2\/product\/12022","targetHints":{"allow":["GET"]}}],"collection":[{"href":"https:\/\/agoravape.com\/ro\/wp-json\/wp\/v2\/product"}],"about":[{"href":"https:\/\/agoravape.com\/ro\/wp-json\/wp\/v2\/types\/product"}],"replies":[{"embeddable":true,"href":"https:\/\/agoravape.com\/ro\/wp-json\/wp\/v2\/comments?post=12022"}],"version-history":[{"count":0,"href":"https:\/\/agoravape.com\/ro\/wp-json\/wp\/v2\/product\/12022\/revisions"}],"wp:featuredmedia":[{"embeddable":true,"href":"https:\/\/agoravape.com\/ro\/wp-json\/wp\/v2\/media\/12075"}],"wp:attachment":[{"href":"https:\/\/agoravape.com\/ro\/wp-json\/wp\/v2\/media?parent=12022"}],"wp:term":[{"taxonomy":"product_brand","embeddable":true,"href":"https:\/\/agoravape.com\/ro\/wp-json\/wp\/v2\/product_brand?post=12022"},{"taxonomy":"product_cat","embeddable":true,"href":"https:\/\/agoravape.com\/ro\/wp-json\/wp\/v2\/product_cat?post=12022"},{"taxonomy":"product_tag","embeddable":true,"href":"https:\/\/agoravape.com\/ro\/wp-json\/wp\/v2\/product_tag?post=12022"}],"curies":[{"name":"wp","href":"https:\/\/api.w.org\/{rel}","templated":true}]}}