{"id":12105,"date":"2025-10-09T14:03:05","date_gmt":"2025-10-09T06:03:05","guid":{"rendered":"https:\/\/green-grasshopper-921422.hostingersite.com\/?post_type=product&#038;p=12105"},"modified":"2026-01-13T01:09:17","modified_gmt":"2026-01-12T17:09:17","slug":"fizzy-twins-50000-puffs-dual-flavour-vape","status":"publish","type":"product","link":"https:\/\/agoravape.com\/ro\/product\/fizzy-twins-50000-puffs-dual-flavor-vape\/","title":{"rendered":"FIZZY Twins 50000, \u021bigar\u0103 electronic\u0103 cu arom\u0103 dubl\u0103, dou\u0103 \u00eentr-unul | Dou\u0103 arome, un singur dispozitiv, durabil \u0219i de lung\u0103 durat\u0103"},"content":{"rendered":"<h2 data-v-md-heading=\"what-are-the-special-features-of-fizzy-twins-50000-two-in-one-dual-flavor-vapes\" data-v-md-line=\"3\">Care sunt caracteristicile speciale ale \u021big\u0103rilor electronice FIZZY Twins 50000 dou\u0103 \u00een unu cu arom\u0103 dubl\u0103?<\/h2>\n<p data-v-md-line=\"4\">Dac\u0103 te-ai s\u0103turat de \u021big\u0103rile electronice de unic\u0103 folosin\u021b\u0103 care consum\u0103 prea mult\u0103 energie, acest produs te va revigora cu siguran\u021b\u0103. FIZZY Twins integreaz\u0103 dou\u0103 arome \u00eentr-un dispozitiv re\u00eenc\u0103rcabil, permi\u021b\u00e2ndu-\u021bi s\u0103 schimbi cu u\u0219urin\u021b\u0103 f\u0103r\u0103 a-\u021bi schimba \u021big\u0103rile electronice.<\/p>\n<p data-v-md-line=\"6\">Este potrivit pentru orice utilizator care \u00ee\u0219i dore\u0219te o autonomie lung\u0103 a bateriei \u0219i o utilizare simpl\u0103. Nu trebuie s\u0103 v\u0103 face\u021bi griji, alege\u021bi doar combina\u021bia de arome preferat\u0103 \u0219i \u00eencepe\u021bi s\u0103 \u00eel utiliza\u021bi. S-ar putea s\u0103 crede\u021bi c\u0103 un dispozitiv cu o autonomie at\u00e2t de lung\u0103 a bateriei ar fi voluminos, dar pre\u021bul s\u0103u este foarte accesibil \u0219i cu siguran\u021b\u0103 v\u0103 va surprinde.<\/p>\n<h2 data-v-md-heading=\"excellent-performance-easy-and-convenient\" data-v-md-line=\"8\">Performan\u021b\u0103 excelent\u0103, u\u0219or \u0219i convenabil<\/h2>\n<p data-v-md-line=\"9\">Spirele duble cu plas\u0103 asigur\u0103 un flux lin de fum \u0219i un gust pur, f\u0103c\u00e2nd prima \u00eembuc\u0103tur\u0103 la fel de delicioas\u0103 ca a suta. Este echipat cu o interfa\u021b\u0103 de \u00eenc\u0103rcare convenabil\u0103 de tip C, facilit\u00e2nd \u00eenc\u0103rcarea telefonului folosind un cablu de \u00eenc\u0103rcare. Ecranul LED afi\u0219eaz\u0103 informa\u021bii dintr-o privire, a\u0219a c\u0103 nu trebuie s\u0103 v\u0103 face\u021bi griji c\u0103 ghici\u021bi c\u00e2nd trebuie s\u0103 \u00eenc\u0103rca\u021bi.<\/p>\n<h2 data-v-md-heading=\"specification-introduction\" data-v-md-line=\"11\">Introducere \u00een specifica\u021bii<\/h2>\n<ul data-v-md-line=\"12\">\n<li>Frecven\u021ba de aspirare: p\u00e2n\u0103 la 50000 de ori<\/li>\n<li>Con\u021binut de nicotin\u0103: Situa\u021bia aprovizion\u0103rii variaz\u0103 \u00een func\u021bie de pia\u021b\u0103 \u0219i de cerin\u021bele de conformitate. V\u0103 rug\u0103m s\u0103 ne contacta\u021bi pentru a afla despre con\u021binutul actual de nicotin\u0103 din \u021bara\/regiunea dumneavoastr\u0103.<\/li>\n<li>Principiu de func\u021bionare: activare prin aspirare. F\u0103r\u0103 butoane.<\/li>\n<li>\u00cenc\u0103rcare: Interfa\u021b\u0103 USB de tip C<\/li>\n<li>Stare: Gata de utilizare imediat ce este scoas\u0103 din cutie<\/li>\n<li>Capacitate e-lichid: compartimente duble de depozitare, \u00een total 50 mililitri (un singur compartiment de depozitare 25 mililitri)<\/li>\n<li>Miez de atomizare: plas\u0103 dubl\u0103<\/li>\n<li>Baterie: baterie re\u00eenc\u0103rcabil\u0103 de 850 mAh<\/li>\n<li>Ecran de afi\u0219are: ecran LED<\/li>\n<li>Dimensiuni \u0219i greutate: 65 \u00d7 30 \u00d7 135 milimetri, aproximativ 150 grame<\/li>\n<\/ul>\n<h2 data-v-md-heading=\"full-range-of-flavors\" data-v-md-line=\"23\">Gam\u0103 complet\u0103 de arome<\/h2>\n<ul data-v-md-line=\"24\">\n<li>Pepene verde \u00eenghe\u021bat\/C\u0103p\u0219uni \u0219i kiwi<\/li>\n<li>C\u0103p\u0219uni, kiwi, rodie\/Red Bull<\/li>\n<li>Ghea\u021b\u0103 de afine, cocos \u0219i struguri<\/li>\n<li>Suc de afine, ap\u0103 cu l\u0103m\u00e2ie\/pepene triplu<\/li>\n<li>\u00cenghe\u021bat\u0103 de pepene verde cu c\u0103p\u0219uni\/afine<\/li>\n<li>Piersic\u0103, Mango, Pepene Verde\/C\u0103p\u0219uni, Banan\u0103<\/li>\n<li>pepene verde zmeur\u0103\/kiwi fructul pasiunii guava<\/li>\n<li>Ananas, piersic\u0103, fructul pasiunii\/afine, zmeur\u0103<\/li>\n<li>Pepene verde \u00eenghe\u021bat\/L\u0103m\u00e2ie verde<\/li>\n<li>\u00cenghe\u021bat\u0103 cu fructe de p\u0103dure\/piersici<\/li>\n<li>Ghea\u021b\u0103 de c\u0103p\u0219uni\/Sod\u0103 de cire\u0219e<\/li>\n<li>Ap\u0103 de l\u0103m\u00e2ie cu zmeur\u0103\/Ghea\u021b\u0103 de c\u0103p\u0219uni<\/li>\n<\/ul>\n<h2 data-v-md-heading=\"for-you-and-for-your-business-as-well\" data-v-md-line=\"37\">Pentru tine, dar \u0219i pentru afacerea ta<\/h2>\n<p data-v-md-line=\"38\">Pute\u021bi alege FIZZY Twins pentru uz personal sau le pute\u021bi ad\u0103uga \u00een magazinul dvs. Oferim servicii en-gros pentru 10 cutii medii \u0219i 120 de cutii mari. Colabor\u0103m cu parteneri de \u00eencredere precum UPS, DPD \u0219i DHL pentru a expedia folosind sistemul Delivered Duty Paid (DDP), astfel \u00eenc\u00e2t tarifele pot fi procesate \u00een avans pentru a evita situa\u021biile neprev\u0103zute la vam\u0103.<\/p>\n<p data-v-md-line=\"40\">Notificare de conformitate: Acest dispozitiv con\u021bine 50 de mililitri de lichid pentru \u021big\u0103ri electronice, dep\u0103\u0219ind limita de 2 mililitri stabilit\u0103 de Directiva UE privind produsele de tutun \u0219i de reglement\u0103rile similare din Regatul Unit. Reglement\u0103rile privind v\u00e2nzarea cu am\u0103nuntul \u0219i importul variaz\u0103 \u00een func\u021bie de \u021bar\u0103\/regiune, a\u0219a c\u0103 v\u0103 rug\u0103m s\u0103 verifica\u021bi reglement\u0103rile locale \u00eenainte de a plasa o comand\u0103.<\/p>\n<h2 data-v-md-heading=\"why-do-you-like-it\" data-v-md-line=\"42\">De ce \u00ee\u021bi place?<\/h2>\n<ul data-v-md-line=\"43\">\n<li>Fumatul masiv: reducerea timpului necesar pentru achizi\u021bionarea cartu\u0219elor de schimb<\/li>\n<li>Dou\u0103 arome combinate: nu este nevoie s\u0103 schimba\u021bi dispozitivele, pute\u021bi schimba aromele oric\u00e2nd<\/li>\n<li>Re\u00eenc\u0103rcabil: Folose\u0219te lichidul electronic pe care l-ai cump\u0103rat<\/li>\n<li>Miez de atomizare tip plas\u0103: fum continuu \u0219i stabil cu gust clar<\/li>\n<li>Interfa\u021b\u0103 Type-C, convenabil\u0103 \u0219i u\u0219oar\u0103: re\u00eenc\u0103rcabil\u0103 u\u0219or cu cabluri obi\u0219nuite<\/li>\n<li>Ecran LED: Starea este clar\u0103 dintr-o privire, nu este nevoie s\u0103 ghici\u021bi<\/li>\n<\/ul>\n<h2 data-v-md-heading=\"to-be-honest-about-the-number-of-suctions\" data-v-md-line=\"50\">Ca s\u0103 fiu sincer \u00een leg\u0103tur\u0103 cu num\u0103rul de aspira\u021bii<\/h2>\n<p data-v-md-line=\"51\">\u201eP\u00e2n\u0103 la 50000 de ori\u201d este estimarea produc\u0103torului. Efectul real depinde de durata \u0219i nivelul de putere al fiec\u0103rei aspira\u021bii. Cu c\u00e2t timpii de aspira\u021bie sunt mai scur\u021bi, cu at\u00e2t timpii de aspira\u021bie sunt mai mari. Fumatul pe termen lung va consuma mai mult lichid electronic \u0219i baterie.<\/p>\n<h2 data-v-md-heading=\"why-collaborate-with-agoravape\" data-v-md-line=\"53\">De ce s\u0103 colaborezi cu AgoraVape?<\/h2>\n<p data-v-md-line=\"54\">Vindem doar echipamente 100% originale \u0219i verific\u0103m riguros lan\u021bul nostru de aprovizionare pentru a ne asigura c\u0103 achizi\u021biona\u021bi produse originale. Clien\u021bii comerciali se pot bucura de pre\u021buri reduse en-gros, asisten\u021b\u0103 rapid\u0103 \u0219i servicii de livrare DDP rapide pentru \u021big\u0103rile electronice FIZZY Twins 50000 two in one cu arom\u0103 dubl\u0103. Dac\u0103 dori\u021bi o \u021bigar\u0103 electronic\u0103 de unic\u0103 folosin\u021b\u0103, cu arom\u0103 dubl\u0103, durabil\u0103 \u0219i care merit\u0103 returnat\u0103, v\u0103 rug\u0103m s\u0103 ne contacta\u021bi.<\/p>\n<p><script src=\"chrome-extension:\/\/fpelahbljekknahkcaegamhcndkfpfnc\/iFrame.js\" type=\"text\/javascript\"><\/script><\/p>","protected":false},"excerpt":{"rendered":"<p>What are the special features of FIZZY Twins 50000 two in one dual flavor vapes? If you are tired of<\/p>","protected":false},"featured_media":12133,"comment_status":"open","ping_status":"closed","template":"","meta":[],"product_brand":[203],"product_cat":[124,185,189,1641,176,195,130,174,175,193,191,173,186,180,190,192],"product_tag":[],"class_list":{"0":"post-12105","1":"product","2":"type-product","3":"status-publish","4":"has-post-thumbnail","6":"product_brand-fizzy","7":"product_cat-vape-by-brand","8":"product_cat-10000-puffs-high-capacity","9":"product_cat-20mg-standard-nicotine-vapes","10":"product_cat-50000-puffs","11":"product_cat-beverage","12":"product_cat-dual-flavor-switch","13":"product_cat-fizzy","14":"product_cat-fruit-flavors","15":"product_cat-icy-mint","16":"product_cat-mesh-coil","17":"product_cat-rechargeable-disposables","18":"product_cat-vape-by-flavor-profile","19":"product_cat-vape-by-nicotine-strength","20":"product_cat-vape-by-puff-count","21":"product_cat-vape-by-feature-or-type","22":"product_cat-vapes-with-screens","24":"first","25":"instock","26":"shipping-taxable","27":"purchasable","28":"product-type-variable","29":"has-default-attributes"},"tiered_pricing_type":"percentage","tiered_pricing_fixed_rules":[],"tiered_pricing_product_settings":{"layout":"default","base_unit_name":{"singular":null,"plural":null},"default_variation":null},"tiered_pricing_minimum_quantity":10,"tiered_pricing_roles_data":[],"tiered_pricing_percentage_rules":{"50":"35","100":"40","200":"44","500":"47","1000":"49"},"tiered_pricing_maximum_quantity":null,"tiered_pricing_quantity_step":"10","_links":{"self":[{"href":"https:\/\/agoravape.com\/ro\/wp-json\/wp\/v2\/product\/12105","targetHints":{"allow":["GET"]}}],"collection":[{"href":"https:\/\/agoravape.com\/ro\/wp-json\/wp\/v2\/product"}],"about":[{"href":"https:\/\/agoravape.com\/ro\/wp-json\/wp\/v2\/types\/product"}],"replies":[{"embeddable":true,"href":"https:\/\/agoravape.com\/ro\/wp-json\/wp\/v2\/comments?post=12105"}],"version-history":[{"count":0,"href":"https:\/\/agoravape.com\/ro\/wp-json\/wp\/v2\/product\/12105\/revisions"}],"wp:featuredmedia":[{"embeddable":true,"href":"https:\/\/agoravape.com\/ro\/wp-json\/wp\/v2\/media\/12133"}],"wp:attachment":[{"href":"https:\/\/agoravape.com\/ro\/wp-json\/wp\/v2\/media?parent=12105"}],"wp:term":[{"taxonomy":"product_brand","embeddable":true,"href":"https:\/\/agoravape.com\/ro\/wp-json\/wp\/v2\/product_brand?post=12105"},{"taxonomy":"product_cat","embeddable":true,"href":"https:\/\/agoravape.com\/ro\/wp-json\/wp\/v2\/product_cat?post=12105"},{"taxonomy":"product_tag","embeddable":true,"href":"https:\/\/agoravape.com\/ro\/wp-json\/wp\/v2\/product_tag?post=12105"}],"curies":[{"name":"wp","href":"https:\/\/api.w.org\/{rel}","templated":true}]}}