{"id":12217,"date":"2025-10-09T14:49:49","date_gmt":"2025-10-09T06:49:49","guid":{"rendered":"https:\/\/green-grasshopper-921422.hostingersite.com\/?post_type=product&#038;p=12217"},"modified":"2026-01-19T22:08:43","modified_gmt":"2026-01-19T14:08:43","slug":"fizzy-boom-13000-pufuri-lcd-vape","status":"publish","type":"product","link":"https:\/\/agoravape.com\/ro\/product\/fizzy-boom-13000-puffs-lcd-vape\/","title":{"rendered":"Atomizor metalic Fizzy Boom 13000 cu ecran LCD | Gust de lung\u0103 durat\u0103, u\u0219or de utilizat"},"content":{"rendered":"<h2 data-v-md-heading=\"what-is-the-charm-of-fizzy-boom-13000-lcd-screen-metal-atomizer\" data-v-md-line=\"3\"><img loading=\"lazy\" decoding=\"async\" class=\"aligncenter size-full wp-image-12244\" src=\"https:\/\/agoravape.com\/wp-content\/uploads\/2025\/10\/Fizzy-Boom-13000-Puffs-LCD-Screen-Metallic-Vape_Agora_vape-16-scaled.webp\" alt=\"\" width=\"1810\" height=\"2560\" srcset=\"https:\/\/agoravape.com\/wp-content\/uploads\/2025\/10\/Fizzy-Boom-13000-Puffs-LCD-Screen-Metallic-Vape_Agora_vape-16-scaled.webp 1810w, https:\/\/agoravape.com\/wp-content\/uploads\/2025\/10\/Fizzy-Boom-13000-Puffs-LCD-Screen-Metallic-Vape_Agora_vape-16-scaled-1200x1697.webp 1200w, https:\/\/agoravape.com\/wp-content\/uploads\/2025\/10\/Fizzy-Boom-13000-Puffs-LCD-Screen-Metallic-Vape_Agora_vape-16-212x300.webp 212w, https:\/\/agoravape.com\/wp-content\/uploads\/2025\/10\/Fizzy-Boom-13000-Puffs-LCD-Screen-Metallic-Vape_Agora_vape-16-724x1024.webp 724w, https:\/\/agoravape.com\/wp-content\/uploads\/2025\/10\/Fizzy-Boom-13000-Puffs-LCD-Screen-Metallic-Vape_Agora_vape-16-768x1086.webp 768w, https:\/\/agoravape.com\/wp-content\/uploads\/2025\/10\/Fizzy-Boom-13000-Puffs-LCD-Screen-Metallic-Vape_Agora_vape-16-1086x1536.webp 1086w, https:\/\/agoravape.com\/wp-content\/uploads\/2025\/10\/Fizzy-Boom-13000-Puffs-LCD-Screen-Metallic-Vape_Agora_vape-16-1448x2048.webp 1448w\" sizes=\"auto, (max-width: 1810px) 100vw, 1810px\" \/><\/h2>\n<h2 data-v-md-heading=\"what-is-the-charm-of-fizzy-boom-13000-lcd-screen-metal-atomizer\" data-v-md-line=\"3\">Care este farmecul atomizorului metalic cu ecran LCD Fizzy Boom 13000?<\/h2>\n<p data-v-md-line=\"4\">Dac\u0103 te-ai s\u0103turat de \u021big\u0103rile electronice de unic\u0103 folosin\u021b\u0103 \u0219i r\u0103m\u00e2i repede f\u0103r\u0103 baterie, atunci acest produs este cea mai bun\u0103 alegere. Fizzy Boom are o capacitate de p\u00e2n\u0103 la 13000 de unit\u0103\u021bi \u0219i este echipat cu un ecran LCD care afi\u0219eaz\u0103 nivelul lichidului \u0219i al bateriei, permi\u021b\u00e2ndu-\u021bi s\u0103 urm\u0103re\u0219ti starea \u021big\u0103rii electronice \u00een orice moment.<\/p>\n<p data-v-md-line=\"6\">Dac\u0103 \u00ee\u021bi dore\u0219ti un vape fiabil, delicios \u0219i u\u0219or de utilizat, atunci acest produs este alegerea ideal\u0103. Textura metalic\u0103 are o atingere fin\u0103, chiar \u0219i atunci c\u00e2nd este pus \u00een buzunar, nu se va sim\u021bi greu. S-ar putea s\u0103 crezi c\u0103 vape-urile cu o capacitate at\u00e2t de mare sunt voluminoase, dar designul lor u\u0219or te va surprinde cu siguran\u021b\u0103.<\/p>\n<h2 data-v-md-heading=\"excellent-performance-easy-and-convenient\" data-v-md-line=\"8\">Performan\u021b\u0103 excelent\u0103, u\u0219or \u0219i convenabil<\/h2>\n<p data-v-md-line=\"9\">Spirala tip plas\u0103 este amplasat\u0103 \u00een centrul dispozitivului, asigur\u00e2nd un gust consistent de la prima p\u00e2n\u0103 la ultima \u00eembuc\u0103tur\u0103. C\u00e2nd bateria este desc\u0103rcat\u0103, o pute\u021bi \u00eenc\u0103rca prin interfa\u021ba Type-C folosind cablul de date pe care \u00eel folosesc acum multe telefoane. Simplu \u0219i convenabil. Ecranul LCD v\u0103 permite s\u0103 verifica\u021bi cu u\u0219urin\u021b\u0103 nivelul bateriei dintr-o privire, f\u0103r\u0103 a v\u0103 face griji c\u0103 \u00eenc\u0103rcarea este insuficient\u0103 la pr\u00e2nz.<\/p>\n<h2 data-v-md-heading=\"specification-overview\" data-v-md-line=\"11\">Prezentare general\u0103 a specifica\u021biilor<\/h2>\n<ul data-v-md-line=\"12\">\n<li>Frecven\u021ba de aspirare: p\u00e2n\u0103 la 13000 de ori<\/li>\n<li>Nicotin\u0103: 2% (20 mg\/ml) sau 5% (50 mg\/ml) op\u021bional<\/li>\n<li>Principiu de func\u021bionare: Activat prin inhalare<\/li>\n<li>\u00cenc\u0103rcare: Interfa\u021b\u0103 USB standard de tip C<\/li>\n<li>Baterie: baterie re\u00eenc\u0103rcabil\u0103 de 650 mAh<\/li>\n<li>Capacitate lichid electronic: 21 mililitri<\/li>\n<li>Ecran: Ecran LCD, capabil s\u0103 afi\u0219eze nivelul bateriei \u0219i cantitatea de e-lichid<\/li>\n<li>Tratament de suprafa\u021b\u0103: Vopsea metalizat\u0103<\/li>\n<li>Stare: Gata de utilizare dup\u0103 despachetare<\/li>\n<\/ul>\n<h2 data-v-md-heading=\"full-range-of-flavors\" data-v-md-line=\"22\">Gam\u0103 complet\u0103 de arome<\/h2>\n<ul data-v-md-line=\"23\">\n<li>Arom\u0103 de piersic\u0103<\/li>\n<li>Arom\u0103 de ghea\u021b\u0103 de struguri<\/li>\n<li>Arom\u0103 de c\u0103p\u0219uni<\/li>\n<li>Arom\u0103 de \u00eenghe\u021bat\u0103 de pepene verde<\/li>\n<li>Arom\u0103 de m\u0103r acru<\/li>\n<li>Arom\u0103 de pepene verde \u0219i cire\u0219e<\/li>\n<li>Arom\u0103 de afine \u0219i pepene<\/li>\n<li>Arom\u0103 de c\u0103p\u0219uni, pepene verde, rodie<\/li>\n<li>Afine, zmeur\u0103, arom\u0103 de l\u0103m\u00e2ie<\/li>\n<\/ul>\n<h2 data-v-md-heading=\"for-you-and-your-business\" data-v-md-line=\"33\">Pentru tine \u0219i afacerea ta<\/h2>\n<p data-v-md-line=\"34\">Vei g\u0103si diverse arome atunci c\u00e2nd alegi pentru tine, iar ecranul este clar \u0219i u\u0219or de citit, f\u0103r\u0103 a fi nevoie s\u0103 ghice\u0219ti cantitatea de e-lichid. Oferim cutii en-gros de c\u00e2te 10 cutii per cutie pentru achizi\u021bionarea din magazinul t\u0103u, ceea ce face convenabil\u0103 reaprovizionarea.<\/p>\n<p data-v-md-line=\"36\">AgoraVape livreaz\u0103 prin intermediul unor companii de curierat de \u00eencredere, precum UPS, DPD \u0219i DHL, \u00een Europa prin DDP, permi\u021b\u00e2nd procesarea rapid\u0103 a tarifelor \u0219i evit\u00e2nd accidentele vamale. Concentra\u021bia de nicotin\u0103 poate varia \u00een func\u021bie de \u021bar\u0103\/regiune, a\u0219a c\u0103 v\u0103 rug\u0103m s\u0103 alege\u021bi concentra\u021bia de nicotin\u0103 corespunz\u0103toare \u00een conformitate cu reglement\u0103rile locale.<\/p>\n<h2 data-v-md-heading=\"why-do-you-like-it\" data-v-md-line=\"38\">De ce \u00ee\u021bi place?<\/h2>\n<ul data-v-md-line=\"39\">\n<li>Aspira\u021bie masiv\u0103: Durabil\u0103 \u0219i de lung\u0103 durat\u0103, nu este nevoie de achizi\u021bii frecvente.<\/li>\n<li>Selec\u021bia nicotinei: Alege\u021bi concentra\u021bia potrivit\u0103 pentru utilizarea zilnic\u0103.<\/li>\n<li>Re\u00eenc\u0103rcabil\u0103: Folose\u0219te toate lichidele electronice pe care le cumperi.<\/li>\n<li>Spir\u0103 de plas\u0103: men\u021bine un gust fin \u0219i consistent.<\/li>\n<li>Ecran LCD: Vizualiza\u021bi cu u\u0219urin\u021b\u0103 nivelurile r\u0103mase ale bateriei \u0219i ale e-lichidului dintr-o privire.<\/li>\n<li>Design portabil: Capacitate mare, dar nu voluminos.<\/li>\n<\/ul>\n<h2 data-v-md-heading=\"why-choose-to-collaborate-with-agoravape\" data-v-md-line=\"46\">De ce s\u0103 alegi s\u0103 colaborezi cu AgoraVape?<\/h2>\n<p data-v-md-line=\"47\">Vindem doar produse 100% originale pentru a asigura satisfac\u021bia clien\u021bilor \u0219i a reduce ratele de returnare. Cu atomizorul metalic Fizzy Boom 13000 cu ecran LCD, v\u0103 ve\u021bi bucura de pre\u021buri en-gros extrem de competitive, asisten\u021b\u0103 rapid\u0103 \u0219i livrare rapid\u0103 a pl\u0103\u021bii taxelor. V\u0103 invit\u0103m s\u0103 ne contacta\u021bi pentru a afla cum s\u0103 crea\u021bi un produs fidel pentru clien\u021bii dumneavoastr\u0103.<\/p>\n<p><script src=\"chrome-extension:\/\/fpelahbljekknahkcaegamhcndkfpfnc\/iFrame.js\" type=\"text\/javascript\"><\/script><\/p>","protected":false},"excerpt":{"rendered":"<p>What is the charm of Fizzy Boom 13000 LCD screen metal atomizer? If you are tired of disposable vapes and<\/p>","protected":false},"featured_media":12243,"comment_status":"open","ping_status":"closed","template":"","meta":[],"product_brand":[203],"product_cat":[124,185,189,130,174,175,193,191,173,186,180,190,192],"product_tag":[],"class_list":{"0":"post-12217","1":"product","2":"type-product","3":"status-publish","4":"has-post-thumbnail","6":"product_brand-fizzy","7":"product_cat-vape-by-brand","8":"product_cat-10000-puffs-high-capacity","9":"product_cat-20mg-standard-nicotine-vapes","10":"product_cat-fizzy","11":"product_cat-fruit-flavors","12":"product_cat-icy-mint","13":"product_cat-mesh-coil","14":"product_cat-rechargeable-disposables","15":"product_cat-vape-by-flavor-profile","16":"product_cat-vape-by-nicotine-strength","17":"product_cat-vape-by-puff-count","18":"product_cat-vape-by-feature-or-type","19":"product_cat-vapes-with-screens","21":"first","22":"onbackorder","23":"shipping-taxable","24":"purchasable","25":"product-type-variable","26":"has-default-attributes"},"tiered_pricing_type":"percentage","tiered_pricing_fixed_rules":[],"tiered_pricing_product_settings":{"layout":"default","base_unit_name":{"singular":null,"plural":null},"default_variation":null},"tiered_pricing_minimum_quantity":10,"tiered_pricing_roles_data":[],"tiered_pricing_percentage_rules":{"50":"35","100":"40","200":"44","500":"47","1000":"49"},"tiered_pricing_maximum_quantity":null,"tiered_pricing_quantity_step":"10","_links":{"self":[{"href":"https:\/\/agoravape.com\/ro\/wp-json\/wp\/v2\/product\/12217","targetHints":{"allow":["GET"]}}],"collection":[{"href":"https:\/\/agoravape.com\/ro\/wp-json\/wp\/v2\/product"}],"about":[{"href":"https:\/\/agoravape.com\/ro\/wp-json\/wp\/v2\/types\/product"}],"replies":[{"embeddable":true,"href":"https:\/\/agoravape.com\/ro\/wp-json\/wp\/v2\/comments?post=12217"}],"version-history":[{"count":0,"href":"https:\/\/agoravape.com\/ro\/wp-json\/wp\/v2\/product\/12217\/revisions"}],"wp:featuredmedia":[{"embeddable":true,"href":"https:\/\/agoravape.com\/ro\/wp-json\/wp\/v2\/media\/12243"}],"wp:attachment":[{"href":"https:\/\/agoravape.com\/ro\/wp-json\/wp\/v2\/media?parent=12217"}],"wp:term":[{"taxonomy":"product_brand","embeddable":true,"href":"https:\/\/agoravape.com\/ro\/wp-json\/wp\/v2\/product_brand?post=12217"},{"taxonomy":"product_cat","embeddable":true,"href":"https:\/\/agoravape.com\/ro\/wp-json\/wp\/v2\/product_cat?post=12217"},{"taxonomy":"product_tag","embeddable":true,"href":"https:\/\/agoravape.com\/ro\/wp-json\/wp\/v2\/product_tag?post=12217"}],"curies":[{"name":"wp","href":"https:\/\/api.w.org\/{rel}","templated":true}]}}