{"id":12329,"date":"2025-10-09T20:50:27","date_gmt":"2025-10-09T12:50:27","guid":{"rendered":"https:\/\/green-grasshopper-921422.hostingersite.com\/?post_type=product&#038;p=12329"},"modified":"2026-01-19T22:08:38","modified_gmt":"2026-01-19T14:08:38","slug":"vapme-shisha-30000-puffs-dtl-narghilea-vape","status":"publish","type":"product","link":"https:\/\/agoravape.com\/ro\/product\/vapme-shisha-30000-puffs-dtl-hookah-vape\/","title":{"rendered":"Vape de unic\u0103 folosin\u021b\u0103 Vapme Shisha 30000 port DTL | Durabil \u0219i de lung\u0103 durat\u0103, echipat cu rezisten\u021be din plas\u0103"},"content":{"rendered":"<h2 data-v-md-heading=\"what-exactly-is-the-vapme-shisha-30000-dtl-disposable-vape\" data-v-md-line=\"3\">Ce este mai exact \u021bigara electronic\u0103 de unic\u0103 folosin\u021b\u0103 Vapme Shisha 30000 DTL?<\/h2>\n<p data-v-md-line=\"4\">Dac\u0103 te-ai s\u0103turat s\u0103-\u021bi schimbi vaporizatorul la fiecare c\u00e2teva zile, atunci merit\u0103 cu siguran\u021b\u0103 s\u0103 ai acest vaporizator. Vapme Shisha 30000 este un vaporizator DTL de unic\u0103 folosin\u021b\u0103 cu o rezerv\u0103 imens\u0103 de e-lichid \u0219i o baterie re\u00eenc\u0103rcabil\u0103, permi\u021b\u00e2ndu-\u021bi s\u0103 folose\u0219ti fiecare pic\u0103tur\u0103 dup\u0103 pofta inimii.<\/p>\n<p data-v-md-line=\"6\">Este potrivit pentru oricine \u00ee\u0219i dore\u0219te un dispozitiv simplu de utilizat \u0219i u\u0219or de experimentat, precum o narghilea. Spirele din plas\u0103 ofer\u0103 o aspira\u021bie ampl\u0103 \u0219i o textur\u0103 consistent\u0103. Cu toate acestea, nu am men\u021bionat niciun cuv\u00e2nt despre num\u0103rul de aspira\u021bii. P\u00e2n\u0103 la 30.000 de pufuri provin din testele produc\u0103torului, a\u0219a c\u0103 num\u0103rul real de pufuri va depinde de metoda de inhalare \u0219i de durata fiec\u0103rei pufuri.<\/p>\n<h2 data-v-md-heading=\"excellent-performance-without-any-complex-configurations\" data-v-md-line=\"8\">Performan\u021b\u0103 excelent\u0103 f\u0103r\u0103 configura\u021bii complexe<\/h2>\n<p data-v-md-line=\"9\">Nucleul acestui dispozitiv este o rezistan\u021b\u0103 cu ochiuri de 0,6 \u03a9, asigur\u00e2nd un gust stabil \u0219i pur la fiecare \u00eembuc\u0103tur\u0103. Dup\u0103 o s\u0103pt\u0103m\u00e2n\u0103 de utilizare, nu va mai exista miros de ars. C\u00e2nd bateria este desc\u0103rcat\u0103, pur \u0219i simplu conecta\u021bi cablul de date Type-C pentru a continua s\u0103 \u00eel utiliza\u021bi. Poate fi acela\u0219i \u00eenc\u0103rc\u0103tor ca telefonul dvs., deci nu ave\u021bi nevoie de nicio configura\u021bie special\u0103.<\/p>\n<h2 data-v-md-heading=\"specification-overview\" data-v-md-line=\"11\">Prezentare general\u0103 a specifica\u021biilor<\/h2>\n<p data-v-md-line=\"12\"><strong>Num\u0103r de aspira\u021bii<\/strong>p\u00e2n\u0103 la 30000 de aspira\u021bii<br \/>\n<strong>Con\u021binutul de nicotin\u0103<\/strong>2% (20 mg\/ml)<br \/>\n<strong>Principiul de func\u021bionare<\/strong>Aspira\u021bie narghilea DTL<br \/>\n<strong>\u00cenc\u0103rcare<\/strong>Interfa\u021b\u0103 USB standard de tip C<br \/>\n<strong>Stare<\/strong>Gata de utilizare dup\u0103 despachetare<br \/>\n<strong>capacitate e-lichid<\/strong>36 mililitri<br \/>\n<strong>Battery<\/strong>Baterie re\u00eenc\u0103rcabil\u0103 de 800 mAh<br \/>\n<strong>Miez de atomizare<\/strong>Miez de atomizare cu ochiuri de 0,6 \u03a9<br \/>\n<strong>Ambalaje en-gros<\/strong>100 buc\u0103\u021bi per cutie (greutate brut\u0103 aproximativ 13 kilograme)<\/p>\n<h2 data-v-md-heading=\"full-range-of-flavors\" data-v-md-line=\"22\">Gam\u0103 complet\u0103 de arome<\/h2>\n<ul data-v-md-line=\"23\">\n<li>Dragoste 66<\/li>\n<li>Pepene verde cu c\u0103p\u0219uni<\/li>\n<li>Kiwi \u0219i c\u0103p\u0219uni<\/li>\n<li>Smoothie de c\u0103p\u0219uni<\/li>\n<li>Favorit al femeilor<\/li>\n<li>Gum\u0103 de mestecat cu afine<\/li>\n<li>Kiwi, fructul pasiunii, guava<\/li>\n<li>Red Bull cu pepene verde<\/li>\n<li>Fructe de p\u0103dure mixte<\/li>\n<li>Piersic\u0103, Mango, Ananas<\/li>\n<\/ul>\n<h2 data-v-md-heading=\"for-you-and-for-your-business-as-well\" data-v-md-line=\"34\">Pentru tine, dar \u0219i pentru afacerea ta<\/h2>\n<p data-v-md-line=\"35\">Po\u021bi alege Vapme Shisha 30000 individual sau o po\u021bi ad\u0103uga \u00een magazinul t\u0103u. Cutia en-gros con\u021bine 100 de unit\u0103\u021bi, ceea ce \u00ee\u021bi permite s\u0103 te aprovizionezi cu diverse arome \u00een orice moment.<\/p>\n<p data-v-md-line=\"37\">Livr\u0103m \u00een diverse p\u0103r\u021bi ale Europei prin intermediul unor parteneri de \u00eencredere, cum ar fi UPS, DPD \u0219i DHL, cu principiul \u201eLivrare cu taxe vamale pl\u0103tite\u201d (DDP), asigur\u00e2ndu-ne c\u0103 nu \u00eent\u00e2mpina\u021bi accidente la vam\u0103. Cu toate acestea, v\u0103 rug\u0103m s\u0103 verifica\u021bi reglement\u0103rile locale \u00eenainte de a plasa o comand\u0103. \u00cen unele \u021b\u0103ri\/regiuni ale UE, lichidele de unic\u0103 folosin\u021b\u0103 cu nicotin\u0103 de mare capacitate pot s\u0103 nu fie permise pentru v\u00e2nzare cu am\u0103nuntul \u00een conformitate cu reglement\u0103ri precum TPD.<\/p>\n<h2 data-v-md-heading=\"the-reason-why-you-will-like-it\" data-v-md-line=\"39\">Motivul pentru care \u00ee\u021bi va pl\u0103cea<\/h2>\n<p data-v-md-line=\"40\"><strong>Massive suction:<\/strong>\u00a0Durat\u0103 mai lung\u0103, deci nu este nevoie s\u0103 achizi\u021biona\u021bi frecvent echipamente noi.<br \/>\n<strong>Nicotine selection<\/strong>Seta\u021bi la 2% pentru a ob\u021bine o experien\u021b\u0103 familiar\u0103 de unic\u0103 folosin\u021b\u0103.<br \/>\n<strong>Rechargeable<\/strong>Cu o capacitate de 36 de mililitri, poate fi utilizat f\u0103r\u0103 a arunca dispozitivul folosit pe jum\u0103tate.<br \/>\n<strong>Miez de atomizare cu plas\u0103<\/strong>De la prima p\u00e2n\u0103 la ultima \u00eembuc\u0103tur\u0103, gustul este fin, iar fumul este stabil.<br \/>\n<strong>Aspira\u021bie fin\u0103<\/strong>Admisie de aer tip jet de ap\u0103, aduc\u00e2nd o experien\u021b\u0103 revigorant\u0103 \u0219i \u00eenc\u00e2nt\u0103toare.<\/p>\n<h2 data-v-md-heading=\"why-collaborate-with-agoravape\" data-v-md-line=\"46\">De ce s\u0103 colaborezi cu AgoraVape?<\/h2>\n<p data-v-md-line=\"47\">Cump\u0103r\u0103m doar produse 100% originale \u0219i garant\u0103m calitatea produselor. Clien\u021bii comerciali se pot bucura de pre\u021buri reduse en-gros, asisten\u021b\u0103 fiabil\u0103 \u0219i servicii rapide de livrare DDP pentru \u021big\u0103rile electronice de unic\u0103 folosin\u021b\u0103 cu pip\u0103 de ap\u0103 cu aspira\u021bie fin\u0103 Vapme Shisha 30000. V\u0103 rug\u0103m s\u0103 ne contacta\u021bi pentru a afla cum s\u0103 crea\u021bi un dispozitiv care merit\u0103 s\u0103 fie returnat pentru clien\u021bii dumneavoastr\u0103.<\/p>","protected":false},"excerpt":{"rendered":"<p>Ce este mai exact vapa de unic\u0103 folosin\u021b\u0103 Vapme Shisha 30000 DTL? Dac\u0103 v-a\u021bi s\u0103turat s\u0103 v\u0103 schimba\u021bi vapa la fiecare c\u00e2teva zile,<\/p>","protected":false},"featured_media":12383,"comment_status":"open","ping_status":"closed","template":"","meta":[],"product_brand":[204],"product_cat":[124,185,189,1637,176,174,175,193,191,179,173,186,180,190,131],"product_tag":[],"class_list":{"0":"post-12329","1":"product","2":"type-product","3":"status-publish","4":"has-post-thumbnail","6":"product_brand-vapme","7":"product_cat-vape-by-brand","8":"product_cat-10000-puffs-high-capacity","9":"product_cat-20mg-standard-nicotine-vapes","10":"product_cat-30000-puffs","11":"product_cat-beverage","12":"product_cat-fruit-flavors","13":"product_cat-icy-mint","14":"product_cat-mesh-coil","15":"product_cat-rechargeable-disposables","16":"product_cat-unique-blends","17":"product_cat-vape-by-flavor-profile","18":"product_cat-vape-by-nicotine-strength","19":"product_cat-vape-by-puff-count","20":"product_cat-vape-by-feature-or-type","21":"product_cat-vapme","23":"first","24":"onbackorder","25":"shipping-taxable","26":"purchasable","27":"product-type-variable","28":"has-default-attributes"},"tiered_pricing_type":"percentage","tiered_pricing_fixed_rules":[],"tiered_pricing_product_settings":{"layout":"default","base_unit_name":{"singular":null,"plural":null},"default_variation":null},"tiered_pricing_minimum_quantity":10,"tiered_pricing_roles_data":[],"tiered_pricing_percentage_rules":{"50":"35","100":"40","200":"44","500":"47","1000":"49"},"tiered_pricing_maximum_quantity":null,"tiered_pricing_quantity_step":"10","_links":{"self":[{"href":"https:\/\/agoravape.com\/ro\/wp-json\/wp\/v2\/product\/12329","targetHints":{"allow":["GET"]}}],"collection":[{"href":"https:\/\/agoravape.com\/ro\/wp-json\/wp\/v2\/product"}],"about":[{"href":"https:\/\/agoravape.com\/ro\/wp-json\/wp\/v2\/types\/product"}],"replies":[{"embeddable":true,"href":"https:\/\/agoravape.com\/ro\/wp-json\/wp\/v2\/comments?post=12329"}],"version-history":[{"count":0,"href":"https:\/\/agoravape.com\/ro\/wp-json\/wp\/v2\/product\/12329\/revisions"}],"wp:featuredmedia":[{"embeddable":true,"href":"https:\/\/agoravape.com\/ro\/wp-json\/wp\/v2\/media\/12383"}],"wp:attachment":[{"href":"https:\/\/agoravape.com\/ro\/wp-json\/wp\/v2\/media?parent=12329"}],"wp:term":[{"taxonomy":"product_brand","embeddable":true,"href":"https:\/\/agoravape.com\/ro\/wp-json\/wp\/v2\/product_brand?post=12329"},{"taxonomy":"product_cat","embeddable":true,"href":"https:\/\/agoravape.com\/ro\/wp-json\/wp\/v2\/product_cat?post=12329"},{"taxonomy":"product_tag","embeddable":true,"href":"https:\/\/agoravape.com\/ro\/wp-json\/wp\/v2\/product_tag?post=12329"}],"curies":[{"name":"wp","href":"https:\/\/api.w.org\/{rel}","templated":true}]}}