{"id":12415,"date":"2025-10-09T21:14:25","date_gmt":"2025-10-09T13:14:25","guid":{"rendered":"https:\/\/green-grasshopper-921422.hostingersite.com\/?post_type=product&#038;p=12415"},"modified":"2026-02-14T17:23:59","modified_gmt":"2026-02-14T16:23:59","slug":"vapme-cristal-30000-puffs-tripla-aroma-vape","status":"publish","type":"product","link":"https:\/\/agoravape.com\/ro\/product\/vapme-crystal-30000-puffs-triple-flavor-vape\/","title":{"rendered":"Vapme Crystal 30000, \u021bigar\u0103 electronic\u0103 cu arom\u0103 tripl\u0103, trei \u00een unu | Trei arome, de lung\u0103 durat\u0103 \u0219i u\u0219or de utilizat"},"content":{"rendered":"<h2 data-v-md-heading=\"what-are-the-advantages-of-vaping-the-vapme-crystal-30000-triple-flavored-vape\" data-v-md-line=\"3\">Care sunt avantajele vap\u0103rii \u021big\u0103rii electronice Vapme Crystal 30000 cu arom\u0103 tripl\u0103?<\/h2>\n<p data-v-md-line=\"4\">Dac\u0103 te-ai s\u0103turat s\u0103 schimbi dispozitivele la jum\u0103tatea s\u0103pt\u0103m\u00e2nii, atunci acest produs este alegerea ideal\u0103. Vapme Crystal 30000 integreaz\u0103 trei arome diferite \u00eentr-un singur dispozitiv, permi\u021b\u00e2ndu-\u021bi s\u0103 schimbi cu u\u0219urin\u021b\u0103 f\u0103r\u0103 a avea un al doilea dispozitiv de vapat.<\/p>\n<p data-v-md-line=\"6\">Este potrivit pentru oricine dore\u0219te s\u0103 experimenteze o experien\u021b\u0103 de vaping simpl\u0103, u\u0219or de utilizat, delicioas\u0103 \u0219i durabil\u0103. Nu trebuie s\u0103 v\u0103 face\u021bi griji, nu este nevoie s\u0103 re\u00eenc\u0103rca\u021bi frecvent \u021bigara. Are nevoie doar de un gust fin \u0219i de o \u00eenc\u0103rcare u\u0219oar\u0103 atunci c\u00e2nd este nevoie.<\/p>\n<h2 data-v-md-heading=\"excellent-performance-easy-and-convenient\" data-v-md-line=\"8\">Performan\u021b\u0103 excelent\u0103, u\u0219or \u0219i convenabil<\/h2>\n<p data-v-md-line=\"9\">Rezisten\u021ba cu ochiuri de 0,6 \u03a9 asigur\u0103 un flux lin de fum \u0219i un gust consistent, f\u0103c\u00e2nd fiecare \u00eembuc\u0103tur\u0103 la fel de delicioas\u0103 ca prima. Sistemul triplu de stocare a uleiului poate g\u0103zdui trei arome diferite, men\u021bin\u00e2nd fiecare arom\u0103 clar\u0103 \u0219i unic\u0103, evit\u00e2nd confuzia. C\u00e2nd bateria este desc\u0103rcat\u0103, pute\u021bi utiliza cablul de date Type-C existent pentru \u00eenc\u0103rcare. Bateria de 650 mAh este re\u00eenc\u0103rcabil\u0103, a\u0219a c\u0103 pute\u021bi utiliza e-lichidul achizi\u021bionat.<\/p>\n<h2 data-v-md-heading=\"specification-introduction\" data-v-md-line=\"11\">Introducere \u00een specifica\u021bii<\/h2>\n<ul data-v-md-line=\"12\">\n<li>Frecven\u021ba de aspirare: p\u00e2n\u0103 la 30000 de ori<\/li>\n<li>Con\u021binut de nicotin\u0103: 0%, 2%, 3% \u0219i 5%<\/li>\n<li>Principiu de func\u021bionare: Se activeaz\u0103 cu o singur\u0103 pufnire<\/li>\n<li>\u00cenc\u0103rcare: Interfa\u021b\u0103 USB standard de tip C<\/li>\n<li>Stare: Gata de utilizare imediat ce este scoas\u0103 din cutie<\/li>\n<\/ul>\n<h2 data-v-md-heading=\"full-flavor-series\" data-v-md-line=\"18\">Serie cu arom\u0103 complet\u0103<\/h2>\n<ul data-v-md-line=\"19\">\n<li>Arom\u0103 de afine \u0219i zmeur\u0103 + \u00eenghe\u021bat\u0103 de pepene verde + limonad\u0103 de c\u0103p\u0219uni<\/li>\n<li>Arom\u0103 de pepene verde cu c\u0103p\u0219uni + \u00eenghe\u021bat\u0103 de pepene galben cu fructul pasiunii + arom\u0103 de zmeur\u0103 cu afine<\/li>\n<li>Ghea\u021b\u0103 de cire\u0219e + suc de afine, ap\u0103 cu l\u0103m\u00e2ie + ghea\u021b\u0103 de pepene galben cu fructul pasiunii<\/li>\n<li>\u00cenghe\u021bat\u0103 de struguri + arom\u0103 de kiwi \u0219i c\u0103p\u0219uni + piersic\u0103 \u0219i ananas<\/li>\n<li>Arom\u0103 de c\u0103p\u0219uni \u0219i banane + arom\u0103 dubl\u0103 de m\u0103r + \u00eenghe\u021bat\u0103 de pepene verde<\/li>\n<li>Arom\u0103 de ghea\u021b\u0103 cu fructe de p\u0103dure mixte, piersici, ananas \u0219i pepene verde cu zmeur\u0103<\/li>\n<li>\u00cenghe\u021bat\u0103 de c\u0103p\u0219uni + \u00eenghe\u021bat\u0103 de kiwi \u0219i pepene verde + \u00eenghe\u021bat\u0103 de cire\u0219e<\/li>\n<li>Red Bull+Cherry Cola+Arom\u0103 de piersici<\/li>\n<li>Smoothie cu c\u0103p\u0219uni, zmeur\u0103, zah\u0103r \u0219i piersici, kiwi \u0219i fructul pasiunii, guava<\/li>\n<li>Smoothie cu c\u0103p\u0219uni, mango, kiwi, fructul pasiunii, guava, pepene verde<\/li>\n<li>Bingzhi cu fructe tropicale + c\u0103p\u0219uni \u0219i struguri + ap\u0103 cu l\u0103m\u00e2ie \u0219i afine<\/li>\n<li>Gum\u0103 de mestecat cu c\u0103p\u0219uni \u0219i pepene verde + fructe de p\u0103dure cu cire\u0219e + smoothie Red Bull<\/li>\n<li>Domnul Albastru + Doamn\u0103 Uciga\u0219\u0103 + Dragoste 66<\/li>\n<li>Smoothie cu pepene verde \u0219i kiwi + Smoothie cu c\u0103p\u0219uni<\/li>\n<li>Smoothie cu c\u0103p\u0219uni \u0219i fructul dragonului + pepene verde cu l\u0103m\u00e2ie + smoothie cu fructe tropicale<\/li>\n<li>Smoothie triplu cu pepene galben + smoothie cu afine, zmeur\u0103, piersici + c\u0103p\u0219uni<\/li>\n<li>Smoothie cu c\u0103p\u0219uni \u0219i meri\u0219oare + smoothie cu banane + smoothie cu fructe de p\u0103dure mixte<\/li>\n<li>Bomboane curcubeu de pepene verde + bomboane pui de c\u0103p\u0219uni + bomboane de afine \u0219i zmeur\u0103<\/li>\n<li>Suc de cire\u0219e + l\u0103m\u00e2ie verde + smoothie cu afine<\/li>\n<li>\u00cenghe\u021bat\u0103 Red Bull cu c\u0103p\u0219uni + Black Dragon + Cire\u0219e cu fructe de p\u0103dure<\/li>\n<\/ul>\n<h2 data-v-md-heading=\"dedicated-to-you-and-your-company\" data-v-md-line=\"40\">Dedicat \u021bie \u0219i companiei tale<\/h2>\n<p data-v-md-line=\"41\">Pute\u021bi achizi\u021biona Vapme Crystal 30000 pentru o singur\u0103 persoan\u0103 sau pute\u021bi face stocuri pentru magazinul dvs. Cutia de carton en-gros con\u021bine 160 de unit\u0103\u021bi, ceea ce v\u0103 permite s\u0103 planifica\u021bi inventarul cu u\u0219urin\u021b\u0103. Oferim servicii de livrare DDP cu taxe pl\u0103tite, prin intermediul unor parteneri de \u00eencredere precum UPS, DPD \u0219i DHL, pentru a v\u0103 asigura c\u0103 sunte\u021bi protejat de tarife neprev\u0103zute.<\/p>\n<p data-v-md-line=\"43\">Dac\u0103 achizi\u021biona\u021bi pentru rev\u00e2nzare, v\u0103 rug\u0103m s\u0103 verifica\u021bi reglement\u0103rile locale \u00eenainte de publicare. Produsele de unic\u0103 folosin\u021b\u0103 cu capacitate mare pot fi supuse unor reglement\u0103ri na\u021bionale\/regionale specifice.<\/p>\n<h2 data-v-md-heading=\"why-do-you-like-it\" data-v-md-line=\"45\">De ce \u00ee\u021bi place?<\/h2>\n<ul data-v-md-line=\"46\">\n<li>Aspira\u021bie masiv\u0103: durabil\u0103 \u0219i de lung\u0103 durat\u0103, nu este nevoie s\u0103 cump\u0103ra\u021bi constant cartu\u0219e noi<\/li>\n<li>Selec\u021bia nicotinei: alege\u021bi concentra\u021bia care se potrive\u0219te metodei dvs. de fumat<\/li>\n<li>Re\u00eenc\u0103rcabil: Pute\u021bi folosi toate lichidele electronice achizi\u021bionate<\/li>\n<li>Spir\u0103 de plas\u0103: ofer\u0103 un gust consistent \u0219i bogat de fiecare dat\u0103<\/li>\n<li>Arome triple: Pute\u021bi schimba aromele oric\u00e2nd f\u0103r\u0103 a avea un al doilea dispozitiv la dumneavoastr\u0103<\/li>\n<\/ul>\n<h2 data-v-md-heading=\"why-collaborate-with-agoravape\" data-v-md-line=\"52\">De ce s\u0103 colaborezi cu AgoraVape?<\/h2>\n<p data-v-md-line=\"53\">Vindem doar produse 100% originale \u0219i garant\u0103m calitatea livr\u0103rilor noastre. Clien\u021bii comerciali se pot bucura de pre\u021buri reduse en-gros, asisten\u021b\u0103 fiabil\u0103 \u0219i livrare rapid\u0103 \u0219i sigur\u0103 a \u021big\u0103rilor electronice Vapme Crystal 30000 trei \u00een unu cu arom\u0103 tripl\u0103. Contacta\u021bi-ne \u0219i le vom stoca pentru clien\u021bii dumneavoastr\u0103, pentru a v\u0103 asigura satisfac\u021bia.<\/p>","protected":false},"excerpt":{"rendered":"<p>Care sunt avantajele de a vaporiza Vapme Crystal 30000 vape triplu aromatizat? Dac\u0103 v-a\u021bi s\u0103turat s\u0103 schimba\u021bi dispozitivele la jum\u0103tatea drumului<\/p>","protected":false},"featured_media":12487,"comment_status":"open","ping_status":"closed","template":"","meta":[],"product_brand":[204],"product_cat":[124,187,185,189,1637,176,177,195,1674,174,175,193,191,173,186,180,190,131],"product_tag":[],"class_list":{"0":"post-12415","1":"product","2":"type-product","3":"status-publish","4":"has-post-thumbnail","6":"product_brand-vapme","7":"product_cat-vape-by-brand","8":"product_cat-0mg-nicotine-free-vapes","9":"product_cat-10000-puffs-high-capacity","10":"product_cat-20mg-standard-nicotine-vapes","11":"product_cat-30000-puffs","12":"product_cat-beverage","13":"product_cat-dessert-sweets","14":"product_cat-dual-flavor-switch","15":"product_cat-eu-warehouse","16":"product_cat-fruit-flavors","17":"product_cat-icy-mint","18":"product_cat-mesh-coil","19":"product_cat-rechargeable-disposables","20":"product_cat-vape-by-flavor-profile","21":"product_cat-vape-by-nicotine-strength","22":"product_cat-vape-by-puff-count","23":"product_cat-vape-by-feature-or-type","24":"product_cat-vapme","26":"first","27":"instock","28":"shipping-taxable","29":"purchasable","30":"product-type-variable","31":"has-default-attributes"},"tiered_pricing_type":"percentage","tiered_pricing_fixed_rules":[],"tiered_pricing_product_settings":{"layout":"default","base_unit_name":{"singular":null,"plural":null},"default_variation":null},"tiered_pricing_minimum_quantity":10,"tiered_pricing_roles_data":[],"tiered_pricing_percentage_rules":{"50":"35","100":"40","200":"44","500":"47","1000":"49"},"tiered_pricing_maximum_quantity":null,"tiered_pricing_quantity_step":"10","_links":{"self":[{"href":"https:\/\/agoravape.com\/ro\/wp-json\/wp\/v2\/product\/12415","targetHints":{"allow":["GET"]}}],"collection":[{"href":"https:\/\/agoravape.com\/ro\/wp-json\/wp\/v2\/product"}],"about":[{"href":"https:\/\/agoravape.com\/ro\/wp-json\/wp\/v2\/types\/product"}],"replies":[{"embeddable":true,"href":"https:\/\/agoravape.com\/ro\/wp-json\/wp\/v2\/comments?post=12415"}],"version-history":[{"count":0,"href":"https:\/\/agoravape.com\/ro\/wp-json\/wp\/v2\/product\/12415\/revisions"}],"wp:featuredmedia":[{"embeddable":true,"href":"https:\/\/agoravape.com\/ro\/wp-json\/wp\/v2\/media\/12487"}],"wp:attachment":[{"href":"https:\/\/agoravape.com\/ro\/wp-json\/wp\/v2\/media?parent=12415"}],"wp:term":[{"taxonomy":"product_brand","embeddable":true,"href":"https:\/\/agoravape.com\/ro\/wp-json\/wp\/v2\/product_brand?post=12415"},{"taxonomy":"product_cat","embeddable":true,"href":"https:\/\/agoravape.com\/ro\/wp-json\/wp\/v2\/product_cat?post=12415"},{"taxonomy":"product_tag","embeddable":true,"href":"https:\/\/agoravape.com\/ro\/wp-json\/wp\/v2\/product_tag?post=12415"}],"curies":[{"name":"wp","href":"https:\/\/api.w.org\/{rel}","templated":true}]}}