{"id":12538,"date":"2025-10-10T09:29:18","date_gmt":"2025-10-10T01:29:18","guid":{"rendered":"https:\/\/green-grasshopper-921422.hostingersite.com\/?post_type=product&#038;p=12538"},"modified":"2026-03-26T13:22:25","modified_gmt":"2026-03-26T12:22:25","slug":"vapme-cristal-20000-puffs-dual-aroma-vape","status":"publish","type":"product","link":"https:\/\/agoravape.com\/ro\/product\/vapme-crystal-20000-puffs-dual-flavor-vape\/","title":{"rendered":"Vapme Crystal 20000 Puffs 2 \u00een 1, \u021bigar\u0103 electronic\u0103 cu arom\u0103 dubl\u0103 | Dou\u0103 arome, un dispozitiv de lung\u0103 durat\u0103"},"content":{"rendered":"<h2 data-v-md-heading=\"what-are-the-advantages-of-vapme-crystal-20000-in-one-dual-flavor-vape\" data-v-md-line=\"3\">Care sunt avantajele Vapme Crystal 20000 \u00eentr-un singur vaporizator cu arom\u0103 dubl\u0103?<\/h2>\n<p data-v-md-line=\"4\">Dac\u0103 te-ai s\u0103turat s\u0103 schimbi frecvent dispozitivele din cauza gustului fad sau a bateriei desc\u0103rcate, acest produs \u00ee\u021bi va oferi o respira\u021bie proasp\u0103t\u0103. Vapme Crystal 20000 poate oferi p\u00e2n\u0103 la 20000 de pufuri \u0219i dou\u0103 arome \u00eentr-un singur dispozitiv, permi\u021b\u00e2ndu-\u021bi s\u0103 te distrezi f\u0103r\u0103 a avea un vaper de rezerv\u0103.<\/p>\n<p data-v-md-line=\"6\">Dac\u0103 \u00ee\u021bi dore\u0219ti un vape de unic\u0103 folosin\u021b\u0103 fiabil, delicios, re\u00eenc\u0103rcabil \u0219i u\u0219or de savurat, atunci acest produs este alegerea ideal\u0103. Nu este nevoie de opera\u021biuni sau meniuri plictisitoare. Pur \u0219i simplu ia-l \u00een m\u00e2n\u0103 \u0219i bucur\u0103-te de gustul consistent de la prima p\u00e2n\u0103 la ultima \u00eembuc\u0103tur\u0103.<\/p>\n<h2 data-v-md-heading=\"excellent-performance-easy-and-convenient\" data-v-md-line=\"8\">Performan\u021b\u0103 excelent\u0103, u\u0219or \u0219i convenabil<\/h2>\n<p data-v-md-line=\"9\">Rezisten\u021ba de 1.0 \u03a9 ofer\u0103 o putere mare. Se \u00eenc\u0103lze\u0219te uniform, iar fiecare \u00eembuc\u0103tur\u0103 este la fel de delicioas\u0103 ca prima. C\u00e2nd bateria este desc\u0103rcat\u0103, pur \u0219i simplu conecta\u021bi cablul de date Type-C, care poate fi acela\u0219i cu cablul folosit pentru telefoanele mobile. Simplu \u0219i convenabil. S-ar putea s\u0103 crede\u021bi c\u0103 dispozitivele de calibru mare ar fi dificile, dar acest dispozitiv este u\u0219or de manevrat.<\/p>\n<h2 data-v-md-heading=\"specification-introduction\" data-v-md-line=\"11\">Introducere \u00een specifica\u021bii<\/h2>\n<ul data-v-md-line=\"12\">\n<li>Frecven\u021ba de aspirare: p\u00e2n\u0103 la 20000 de ori<\/li>\n<li>Con\u021binut de nicotin\u0103: 2% (20 mg\/ml)<\/li>\n<li>Principiu de func\u021bionare: Activat prin inhalare<\/li>\n<li>\u00cenc\u0103rcare: Interfa\u021b\u0103 USB de tip C<\/li>\n<li>Capacitate lichid electronic: 20 mililitri<\/li>\n<li>Atomizing core: 1.0 \u03a9 mesh<\/li>\n<li>Baterie: baterie re\u00eenc\u0103rcabil\u0103 de 700 mAh<\/li>\n<li>Stare: Gata de utilizare dup\u0103 despachetare<\/li>\n<\/ul>\n<h2 data-v-md-heading=\"full-range-of-flavors\" data-v-md-line=\"21\">Gam\u0103 complet\u0103 de arome<\/h2>\n<p data-v-md-line=\"22\">Urm\u0103toarele sunt combina\u021bii de arome duble confirmate:<\/p>\n<ul data-v-md-line=\"23\">\n<li>Afine, zmeur\u0103 \u0219i \u00eenghe\u021bat\u0103 de pepene verde<\/li>\n<li>\u00cenghe\u021bat\u0103 de pepene verde cu c\u0103p\u0219uni \u0219i fructul pasiunii<\/li>\n<li>Ghea\u021b\u0103 de cire\u0219e + Ap\u0103 cu l\u0103m\u00e2ie \u0219i afine<\/li>\n<li>\u00cenghe\u021bat\u0103 de struguri + c\u0103p\u0219uni \u0219i kiwi<\/li>\n<li>C\u0103p\u0219uni Banan\u0103 + Mere Duble<\/li>\n<li>\u00cenghe\u021bat\u0103 cu fructe de p\u0103dure mixte + piersici \u0219i ananas<\/li>\n<li>\u00cenghe\u021bat\u0103 de c\u0103p\u0219uni + \u00eenghe\u021bat\u0103 de kiwi \u0219i pepene verde<\/li>\n<li>B\u0103utur\u0103 energizant\u0103 + cola cu cire\u0219e<\/li>\n<li>Zah\u0103r de c\u0103p\u0219uni \u0219i zmeur\u0103 + \u00eenghe\u021bat\u0103 de piersici<\/li>\n<li>C\u0103p\u0219uni, mango + kiwi + guava cu fructul pasiunii<\/li>\n<\/ul>\n<p data-v-md-line=\"34\">Aici g\u0103si\u021bi b\u0103uturi mixte cu fructe viu colorate, cuburi de ghea\u021b\u0103 reci \u0219i o selec\u021bie de deserturi nostalgice. Apa cu l\u0103m\u00e2ie \u0219i afine aduce un gust dulce-acri\u0219or, \u00een timp ce cola cu cire\u0219e ofer\u0103 o experien\u021b\u0103 spumoas\u0103 de amestec de cola \u0219i cire\u0219e.<\/p>\n<h2 data-v-md-heading=\"for-you-and-for-your-business-as-well\" data-v-md-line=\"36\">Pentru tine, dar \u0219i pentru afacerea ta<\/h2>\n<p data-v-md-line=\"37\">Po\u021bi alege o cup\u0103 pentru tine sau po\u021bi cump\u0103ra articole pentru raft. Oferim \u021big\u0103ri electronice Vapme Crystal 20000 dou\u0103 \u00een unu cu arom\u0103 dubl\u0103 pentru achizi\u021bie personal\u0103 \u0219i en-gros. Cump\u0103r\u0103torii comerciali pot plasa comenzi en-gros, cu 160 de unit\u0103\u021bi per cutie.<\/p>\n<p data-v-md-line=\"39\">Oferim servicii de transport maritim european cu taxe DDP pl\u0103tite prin intermediul unor parteneri de \u00eencredere precum UPS, DPD \u0219i DHL, ceea ce v\u0103 permite s\u0103 evita\u021bi accidentele \u00een timpul inspec\u021biilor vamale cu u\u0219urin\u021b\u0103 \u0219i comoditate.<\/p>\n<h2 data-v-md-heading=\"why-do-you-like-it\" data-v-md-line=\"41\">De ce \u00ee\u021bi place?<\/h2>\n<ul data-v-md-line=\"42\">\n<li>Aspira\u021bie masiv\u0103: p\u00e2n\u0103 la 20000 de puf\u0103ri, ceea ce \u00eenseamn\u0103 mai pu\u021bine comenzi repetate \u0219i mai mult timp de savurat.<\/li>\n<li>Selec\u021bie de nicotin\u0103: nicotina 2% este potrivit\u0103 pentru cei care prefer\u0103 experien\u021be mai puternice \u0219i mai satisf\u0103c\u0103toare.<\/li>\n<li>Re\u00eenc\u0103rcabil: Folose\u0219te tot lichidul electronic pe care \u00eel cumperi f\u0103r\u0103 a irosi nicio pic\u0103tur\u0103.<\/li>\n<li>Spir\u0103 de plas\u0103: De la prima p\u00e2n\u0103 la ultima \u00eembuc\u0103tur\u0103, gustul r\u0103m\u00e2ne consistent \u0219i m\u0103t\u0103sos.<\/li>\n<\/ul>\n<h2 data-v-md-heading=\"why-choose-to-collaborate-with-agoravape\" data-v-md-line=\"47\">De ce s\u0103 alegi s\u0103 colaborezi cu AgoraVape?<\/h2>\n<p data-v-md-line=\"48\">Vindem doar produse 100% originale, cu specifica\u021bii clare \u0219i o trasabilitate puternic\u0103. Clien\u021bii no\u0219tri B2B se pot bucura de pre\u021buri en-gros reduse, asisten\u021b\u0103 rapid\u0103 \u0219i serviciu de livrare rapid\u0103 la domiciliu (DDP) \u00een cadrul Uniunii Europene atunci c\u00e2nd achizi\u021bioneaz\u0103 \u021big\u0103ri electronice Vapme Crystal 20000 dou\u0103 \u00een unu cu arom\u0103 dubl\u0103 (DDP). Dori\u021bi un dispozitiv de \u00eencredere care s\u0103 v\u0103 fac\u0103 clien\u021bii s\u0103 revin\u0103? V\u0103 invit\u0103m s\u0103 ne contacta\u021bi.<\/p>","protected":false},"excerpt":{"rendered":"<p>&nbsp;<\/p>\n<p><script src=\"chrome-extension:\/\/fpelahbljekknahkcaegamhcndkfpfnc\/iFrame.js\" type=\"text\/javascript\"><\/script><\/p>","protected":false},"featured_media":12571,"comment_status":"open","ping_status":"closed","template":"","meta":[],"product_brand":[204],"product_cat":[124,185,1636,189,176,177,195,1674,174,175,193,191,173,186,180,190,131],"product_tag":[],"class_list":{"0":"post-12538","1":"product","2":"type-product","3":"status-publish","4":"has-post-thumbnail","6":"product_brand-vapme","7":"product_cat-vape-by-brand","8":"product_cat-10000-puffs-high-capacity","9":"product_cat-20000-puffs","10":"product_cat-20mg-standard-nicotine-vapes","11":"product_cat-beverage","12":"product_cat-dessert-sweets","13":"product_cat-dual-flavor-switch","14":"product_cat-eu-warehouse","15":"product_cat-fruit-flavors","16":"product_cat-icy-mint","17":"product_cat-mesh-coil","18":"product_cat-rechargeable-disposables","19":"product_cat-vape-by-flavor-profile","20":"product_cat-vape-by-nicotine-strength","21":"product_cat-vape-by-puff-count","22":"product_cat-vape-by-feature-or-type","23":"product_cat-vapme","25":"first","26":"instock","27":"shipping-taxable","28":"purchasable","29":"product-type-variable","30":"has-default-attributes"},"tiered_pricing_type":"percentage","tiered_pricing_fixed_rules":[],"tiered_pricing_product_settings":{"layout":"default","base_unit_name":{"singular":null,"plural":null},"default_variation":null},"tiered_pricing_minimum_quantity":10,"tiered_pricing_roles_data":[],"tiered_pricing_percentage_rules":{"50":"35","100":"40","200":"44","500":"47","1000":"49"},"tiered_pricing_maximum_quantity":null,"tiered_pricing_quantity_step":"10","_links":{"self":[{"href":"https:\/\/agoravape.com\/ro\/wp-json\/wp\/v2\/product\/12538","targetHints":{"allow":["GET"]}}],"collection":[{"href":"https:\/\/agoravape.com\/ro\/wp-json\/wp\/v2\/product"}],"about":[{"href":"https:\/\/agoravape.com\/ro\/wp-json\/wp\/v2\/types\/product"}],"replies":[{"embeddable":true,"href":"https:\/\/agoravape.com\/ro\/wp-json\/wp\/v2\/comments?post=12538"}],"version-history":[{"count":0,"href":"https:\/\/agoravape.com\/ro\/wp-json\/wp\/v2\/product\/12538\/revisions"}],"wp:featuredmedia":[{"embeddable":true,"href":"https:\/\/agoravape.com\/ro\/wp-json\/wp\/v2\/media\/12571"}],"wp:attachment":[{"href":"https:\/\/agoravape.com\/ro\/wp-json\/wp\/v2\/media?parent=12538"}],"wp:term":[{"taxonomy":"product_brand","embeddable":true,"href":"https:\/\/agoravape.com\/ro\/wp-json\/wp\/v2\/product_brand?post=12538"},{"taxonomy":"product_cat","embeddable":true,"href":"https:\/\/agoravape.com\/ro\/wp-json\/wp\/v2\/product_cat?post=12538"},{"taxonomy":"product_tag","embeddable":true,"href":"https:\/\/agoravape.com\/ro\/wp-json\/wp\/v2\/product_tag?post=12538"}],"curies":[{"name":"wp","href":"https:\/\/api.w.org\/{rel}","templated":true}]}}