{"id":12594,"date":"2025-10-10T10:01:20","date_gmt":"2025-10-10T02:01:20","guid":{"rendered":"https:\/\/green-grasshopper-921422.hostingersite.com\/?post_type=product&#038;p=12594"},"modified":"2026-01-15T19:41:29","modified_gmt":"2026-01-15T11:41:29","slug":"vapme-shisha-narghilea-15000-pufuri-dtl-vape","status":"publish","type":"product","link":"https:\/\/agoravape.com\/ro\/product\/vapme-shisha-hookah-15000-puffs-dtl-vape\/","title":{"rendered":"Vapme Shisha Hookah 15000 Puffs DTL Vape | Vapat DTL de mare capacitate, u\u0219or de utilizat"},"content":{"rendered":"<h2 data-v-md-heading=\"what-are-the-advantages-of-vapme-shisha-hookah-15000-dtl-vapes\" data-v-md-line=\"3\"><img loading=\"lazy\" decoding=\"async\" class=\"aligncenter size-full wp-image-12616\" src=\"https:\/\/agoravape.com\/wp-content\/uploads\/2025\/10\/Vapme-Shisha-Hookah-15000-Puffs-DTL-Vape_Agora_vape-1-scaled.webp\" alt=\"\" width=\"2560\" height=\"1707\" srcset=\"https:\/\/agoravape.com\/wp-content\/uploads\/2025\/10\/Vapme-Shisha-Hookah-15000-Puffs-DTL-Vape_Agora_vape-1-scaled.webp 2560w, https:\/\/agoravape.com\/wp-content\/uploads\/2025\/10\/Vapme-Shisha-Hookah-15000-Puffs-DTL-Vape_Agora_vape-1-scaled-1200x800.webp 1200w\" sizes=\"auto, (max-width: 2560px) 100vw, 2560px\" \/><\/h2>\n<h2 data-v-md-heading=\"what-are-the-advantages-of-vapme-shisha-hookah-15000-dtl-vapes\" data-v-md-line=\"3\">Care sunt avantajele \u021big\u0103rii electronice Vapme Shisha Hookah 15000 DTL?<\/h2>\n<p data-v-md-line=\"4\">Dac\u0103 te-ai s\u0103turat s\u0103 schimbi lichidul de unic\u0103 folosin\u021b\u0103 pentru \u021big\u0103ri electronice la fiecare c\u00e2teva zile, acest produs \u00ee\u021bi va u\u0219ura via\u021ba. Vapme Shisha Hookah 15000 este un lichid de unic\u0103 folosin\u021b\u0103 DTL de mare capacitate, conceput pentru utilizare pe termen lung, cu un gust stabil \u0219i f\u0103r\u0103 probleme.<\/p>\n<p data-v-md-line=\"6\">Este potrivit pentru oricine dore\u0219te s\u0103 experimenteze fumul de narghilea, s\u0103 inhaleze u\u0219or \u0219i s\u0103 men\u021bin\u0103 un gust stabil de la prima p\u00e2n\u0103 la ultima \u00eembuc\u0103tur\u0103. S-ar putea s\u0103 crede\u021bi c\u0103 aceast\u0103 capacitate de vaporizare va avea un gust mai u\u0219or dup\u0103 o s\u0103pt\u0103m\u00e2n\u0103 de utilizare, dar rezisten\u021ba tip plas\u0103 \u00ee\u0219i poate men\u021bine gustul pur \u0219i puternic.<\/p>\n<h2 data-v-md-heading=\"excellent-performance-worry-free\" data-v-md-line=\"8\">Excellent performance, worry free<\/h2>\n<p data-v-md-line=\"9\">Vapme este echipat cu o rezisten\u021b\u0103 de 0,6 \u03a9 \u0219i 25 ml de lichid preinstalat, ceea ce face ca fiecare puf s\u0103 fie fin \u0219i plin. Bateria de 850 mAh poate fi \u00eenc\u0103rcat\u0103 prin Type-C, astfel \u00eenc\u00e2t s\u0103 po\u021bi folosi cu adev\u0103rat energia achizi\u021bionat\u0103 f\u0103r\u0103 a irosi jum\u0103tate de cutie de baterie. C\u00e2nd bateria este desc\u0103rcat\u0103, po\u021bi utiliza acela\u0219i cablu de date ca telefonul pentru a-l \u00eenc\u0103rca. Este simplu.<\/p>\n<h2 data-v-md-heading=\"specification-introduction\" data-v-md-line=\"11\">Introducere \u00een specifica\u021bii<\/h2>\n<ul data-v-md-line=\"12\">\n<li>Frecven\u021ba de aspirare: p\u00e2n\u0103 la 15000 de ori<\/li>\n<li>Con\u021binut de nicotin\u0103: 0% \u0219i 2%<\/li>\n<li>Metoda de fumat: aspira\u021bie pulmonar\u0103 (DTL)<\/li>\n<li>Miez de atomizare: plas\u0103 de 0,6 \u03a9<\/li>\n<li>Capacitate lichid electronic: 25 mililitri<\/li>\n<li>Baterie: baterie re\u00eenc\u0103rcabil\u0103 de 850 mAh<\/li>\n<li>\u00cenc\u0103rcare: Interfa\u021b\u0103 USB standard de tip C<\/li>\n<li>Stare: Gata de utilizare dup\u0103 despachetare<\/li>\n<\/ul>\n<h2 data-v-md-heading=\"full-range-of-flavors\" data-v-md-line=\"21\">Gam\u0103 complet\u0103 de arome<\/h2>\n<ul data-v-md-line=\"22\">\n<li>Afine glazurate<\/li>\n<li>Kiwi, fructul pasiunii, guava<\/li>\n<li>Ap\u0103 cu l\u0103m\u00e2ie \u0219i afine<\/li>\n<li>Kiwi \u0219i c\u0103p\u0219uni<\/li>\n<li>Fructe de p\u0103dure mixte<\/li>\n<li>Pepene verde cu c\u0103p\u0219uni<\/li>\n<li>Ghea\u021b\u0103 de struguri<\/li>\n<li>Ghea\u021b\u0103 de pepene verde<\/li>\n<li>Piersic\u0103 Mang Ananas<\/li>\n<li>Ghea\u021b\u0103 de c\u0103p\u0219uni<\/li>\n<li>Ghea\u021b\u0103 de piersic\u0103<\/li>\n<li>Mango \u0219i banan\u0103<\/li>\n<li>Cire\u0219e<\/li>\n<li>Afine \u0219i zmeur\u0103<\/li>\n<li>Dragoste 66<\/li>\n<li>Vaca cu pepene verde<\/li>\n<li>Struguri de c\u0103p\u0219uni<\/li>\n<li>Bomboane de c\u0103p\u0219uni \u0219i zmeur\u0103<\/li>\n<li>Mamba<\/li>\n<li>Cire\u0219e de pepene verde<\/li>\n<li>Mere congelate<\/li>\n<li>L\u0103m\u00e2ie ca<\/li>\n<li>Ghea\u021b\u0103 de coac\u0103ze negre<\/li>\n<li>Milkshake cu ananas<\/li>\n<\/ul>\n<h2 data-v-md-heading=\"for-you-and-for-your-business-as-well\" data-v-md-line=\"47\">Pentru tine, dar \u0219i pentru afacerea ta<\/h2>\n<p data-v-md-line=\"48\">Dac\u0103 dori\u021bi o narghilea DTL de unic\u0103 folosin\u021b\u0103, rezistent\u0103, cu o arom\u0103 familiar\u0103 de narghilea, pute\u021bi achizi\u021biona Vapme Shisha Hookah 15000 pentru uz personal. Dac\u0103 sunte\u021bi comerciant cu am\u0103nuntul sau cump\u0103r\u0103tor, pute\u021bi achizi\u021biona cutii en-gros de c\u00e2te 200 de buc\u0103\u021bi per cutie.<\/p>\n<p data-v-md-line=\"50\">Folosim parteneri de \u00eencredere precum UPS, DPD \u0219i DHL pentru a expedia produse \u00een Europa prin DDP, astfel \u00eenc\u00e2t tarifele pot fi procesate \u00een avans pentru a evita situa\u021biile nea\u0219teptate la vam\u0103. Dac\u0103 trebuie s\u0103 specifica\u021bi o rut\u0103 sau s\u0103 expedia\u021bi \u00een loturi pentru diferite magazine, putem, de asemenea, s\u0103 aranj\u0103m acest lucru pentru dvs.<\/p>\n<p data-v-md-line=\"52\">Declara\u021bie de conformitate: Capacitatea acestui dispozitiv este de 25 de mililitri, dep\u0103\u0219ind limita TPD de 2 mililitri pentru \u021big\u0103rile electronice preambalate. \u00cen majoritatea \u021b\u0103rilor\/regiunilor UE, de obicei nu respect\u0103 reglement\u0103rile de v\u00e2nzare cu am\u0103nuntul TPD. \u00cenainte de import sau v\u00e2nzare, v\u0103 rug\u0103m s\u0103 verifica\u021bi reglement\u0103rile locale.<\/p>\n<h2 data-v-md-heading=\"why-do-you-like-it\" data-v-md-line=\"54\">De ce \u00ee\u021bi place?<\/h2>\n<ul data-v-md-line=\"55\">\n<li>Capacitate ultra-mare: p\u00e2n\u0103 la 15000 de porturi, ceea ce \u00eenseamn\u0103 mai pu\u021bine achizi\u021bii repetate \u0219i mai pu\u021bine b\u0103t\u0103i de cap<\/li>\n<li>Selec\u021bia con\u021binutului de nicotin\u0103: Alege\u021bi 0% sau 2% \u00een func\u021bie de preferin\u021be<\/li>\n<li>Re\u00eenc\u0103rcabil\u0103: \u00cenc\u0103rcare de tip C, care v\u0103 ajut\u0103 s\u0103 completa\u021bi cu u\u0219urin\u021b\u0103 lichidul electronic<\/li>\n<li>Spir\u0103 de plas\u0103: Experien\u021b\u0103 de aspirare DTL lin\u0103, gust consistent<\/li>\n<\/ul>\n<h2 data-v-md-heading=\"why-choose-to-collaborate-with-agoravape\" data-v-md-line=\"60\">De ce s\u0103 alegi s\u0103 colaborezi cu AgoraVape?<\/h2>\n<p data-v-md-line=\"61\">Furniz\u0103m doar produse 100% originale, provenite din canale verificate, pentru a v\u0103 asigura c\u0103 pute\u021bi cump\u0103ra produse autentice de fiecare dat\u0103. Clien\u021bii no\u0219tri B2B se pot bucura de pre\u021buri en-gros extrem de competitive, servicii de livrare DDP fiabile \u00een Europa \u0219i asisten\u021b\u0103 rapid\u0103 din partea unor profesioni\u0219ti care \u00een\u021beleg cu adev\u0103rat produsul. Dac\u0103 dori\u021bi s\u0103 ad\u0103uga\u021bi produse de vaping Vapme Shisha Hookah 15000 DTL la linia dvs. de produse, v\u0103 rug\u0103m s\u0103 ne contacta\u021bi imediat \u0219i v\u0103 vom ajuta s\u0103 alege\u021bi cea mai bine v\u00e2ndut\u0103 combina\u021bie de arome.<\/p>\n<p data-v-md-line=\"63\">Produsul are o limit\u0103 de v\u00e2rst\u0103. Doar pentru persoanele cu v\u00e2rsta de 18 ani \u0219i peste.<\/p>","protected":false},"excerpt":{"rendered":"<p>Care sunt avantajele Vapme Shisha Hookah 15000 DTL Vapes? Dac\u0103 v-a\u021bi s\u0103turat s\u0103 schimba\u021bi e-lichidul de unic\u0103 folosin\u021b\u0103 la fiecare c\u00e2teva<\/p>","protected":false},"featured_media":12627,"comment_status":"open","ping_status":"closed","template":"","meta":[],"product_brand":[204],"product_cat":[124,187,185,1635,189,176,177,174,175,193,191,179,173,186,180,190,131],"product_tag":[],"class_list":{"0":"post-12594","1":"product","2":"type-product","3":"status-publish","4":"has-post-thumbnail","6":"product_brand-vapme","7":"product_cat-vape-by-brand","8":"product_cat-0mg-nicotine-free-vapes","9":"product_cat-10000-puffs-high-capacity","10":"product_cat-15000-puffs","11":"product_cat-20mg-standard-nicotine-vapes","12":"product_cat-beverage","13":"product_cat-dessert-sweets","14":"product_cat-fruit-flavors","15":"product_cat-icy-mint","16":"product_cat-mesh-coil","17":"product_cat-rechargeable-disposables","18":"product_cat-unique-blends","19":"product_cat-vape-by-flavor-profile","20":"product_cat-vape-by-nicotine-strength","21":"product_cat-vape-by-puff-count","22":"product_cat-vape-by-feature-or-type","23":"product_cat-vapme","25":"first","26":"instock","27":"shipping-taxable","28":"purchasable","29":"product-type-variable","30":"has-default-attributes"},"tiered_pricing_type":"percentage","tiered_pricing_fixed_rules":[],"tiered_pricing_product_settings":{"layout":"default","base_unit_name":{"singular":null,"plural":null},"default_variation":null},"tiered_pricing_minimum_quantity":10,"tiered_pricing_roles_data":[],"tiered_pricing_percentage_rules":{"50":"35","100":"40","200":"44","500":"47","1000":"49"},"tiered_pricing_maximum_quantity":null,"tiered_pricing_quantity_step":"10","_links":{"self":[{"href":"https:\/\/agoravape.com\/ro\/wp-json\/wp\/v2\/product\/12594","targetHints":{"allow":["GET"]}}],"collection":[{"href":"https:\/\/agoravape.com\/ro\/wp-json\/wp\/v2\/product"}],"about":[{"href":"https:\/\/agoravape.com\/ro\/wp-json\/wp\/v2\/types\/product"}],"replies":[{"embeddable":true,"href":"https:\/\/agoravape.com\/ro\/wp-json\/wp\/v2\/comments?post=12594"}],"version-history":[{"count":0,"href":"https:\/\/agoravape.com\/ro\/wp-json\/wp\/v2\/product\/12594\/revisions"}],"wp:featuredmedia":[{"embeddable":true,"href":"https:\/\/agoravape.com\/ro\/wp-json\/wp\/v2\/media\/12627"}],"wp:attachment":[{"href":"https:\/\/agoravape.com\/ro\/wp-json\/wp\/v2\/media?parent=12594"}],"wp:term":[{"taxonomy":"product_brand","embeddable":true,"href":"https:\/\/agoravape.com\/ro\/wp-json\/wp\/v2\/product_brand?post=12594"},{"taxonomy":"product_cat","embeddable":true,"href":"https:\/\/agoravape.com\/ro\/wp-json\/wp\/v2\/product_cat?post=12594"},{"taxonomy":"product_tag","embeddable":true,"href":"https:\/\/agoravape.com\/ro\/wp-json\/wp\/v2\/product_tag?post=12594"}],"curies":[{"name":"wp","href":"https:\/\/api.w.org\/{rel}","templated":true}]}}