{"id":12712,"date":"2025-10-10T11:23:40","date_gmt":"2025-10-10T03:23:40","guid":{"rendered":"https:\/\/green-grasshopper-921422.hostingersite.com\/?post_type=product&#038;p=12712"},"modified":"2026-03-26T13:22:25","modified_gmt":"2026-03-26T12:22:25","slug":"vapme-monster-16000-puffs-vape","status":"publish","type":"product","link":"https:\/\/agoravape.com\/ro\/product\/vapme-monster-16000-puffs-vape\/","title":{"rendered":"Vapme Monster 16000 Puffs Mesh Coil Disposable Vape | Big Puffs, Clean Flavour, Zero Fuss"},"content":{"rendered":"<h2 data-v-md-heading=\"what-about-the-vapme-monster-16000-mesh-coil-disposable-vape\" data-v-md-line=\"3\"><img loading=\"lazy\" decoding=\"async\" class=\"aligncenter size-full wp-image-12734\" src=\"https:\/\/agoravape.com\/wp-content\/uploads\/2025\/10\/Vapme-Monster-16000-Puffs-Mesh-Coil-Disposable-Vape_Agora_vape-1-scaled.webp\" alt=\"\" width=\"2560\" height=\"1937\" srcset=\"https:\/\/agoravape.com\/wp-content\/uploads\/2025\/10\/Vapme-Monster-16000-Puffs-Mesh-Coil-Disposable-Vape_Agora_vape-1-scaled.webp 2560w, https:\/\/agoravape.com\/wp-content\/uploads\/2025\/10\/Vapme-Monster-16000-Puffs-Mesh-Coil-Disposable-Vape_Agora_vape-1-scaled-1200x908.webp 1200w, https:\/\/agoravape.com\/wp-content\/uploads\/2025\/10\/Vapme-Monster-16000-Puffs-Mesh-Coil-Disposable-Vape_Agora_vape-1-300x227.webp 300w, https:\/\/agoravape.com\/wp-content\/uploads\/2025\/10\/Vapme-Monster-16000-Puffs-Mesh-Coil-Disposable-Vape_Agora_vape-1-1024x775.webp 1024w, https:\/\/agoravape.com\/wp-content\/uploads\/2025\/10\/Vapme-Monster-16000-Puffs-Mesh-Coil-Disposable-Vape_Agora_vape-1-768x581.webp 768w, https:\/\/agoravape.com\/wp-content\/uploads\/2025\/10\/Vapme-Monster-16000-Puffs-Mesh-Coil-Disposable-Vape_Agora_vape-1-1536x1162.webp 1536w, https:\/\/agoravape.com\/wp-content\/uploads\/2025\/10\/Vapme-Monster-16000-Puffs-Mesh-Coil-Disposable-Vape_Agora_vape-1-2048x1550.webp 2048w\" sizes=\"auto, (max-width: 2560px) 100vw, 2560px\" \/><\/h2>\n<h2 data-v-md-heading=\"what-about-the-vapme-monster-16000-mesh-coil-disposable-vape\" data-v-md-line=\"3\">Dar ce zici de \u021bigara electronic\u0103 de unic\u0103 folosin\u021b\u0103 Vapme Monster cu rezisten\u021b\u0103 de 16000 mesh?<\/h2>\n<p data-v-md-line=\"4\">Dac\u0103 te-ai s\u0103turat s\u0103-\u021bi schimbi \u021bigara electronic\u0103 la fiecare c\u00e2teva zile, atunci aceast\u0103 \u021bigar\u0103 electronic\u0103 te va face cu siguran\u021b\u0103 s\u0103 te sim\u021bi revigorat. Vapme Monster are o durat\u0103 lung\u0103 de via\u021b\u0103 a bateriei \u0219i o textur\u0103 fin\u0103 care nu va disp\u0103rea pe jum\u0103tate.<\/p>\n<p data-v-md-line=\"6\">Este potrivit pentru oricine \u00ee\u0219i dore\u0219te o \u021bigar\u0103 electronic\u0103 de unic\u0103 folosin\u021b\u0103 fiabil\u0103 \u0219i delicioas\u0103, f\u0103r\u0103 a-\u0219i face griji cu privire la ajustarea set\u0103rilor. Trebuie doar s\u0103 alegi gustul \u0219i con\u021binutul de nicotin\u0103, iar apoi po\u021bi \u00eencepe s\u0103 te bucuri de o zi minunat\u0103. S-ar putea s\u0103 crezi c\u0103 a avea at\u00e2t de multe pufuri de \u021bigar\u0103 electronic\u0103 ar fi voluminos, dar poate fi u\u0219or transportat\u0103 \u00eentr-un buzunar.<\/p>\n<h2 data-v-md-heading=\"excellent-performance-easy-and-convenient\" data-v-md-line=\"8\">Performan\u021b\u0103 excelent\u0103, u\u0219or \u0219i convenabil<\/h2>\n<p data-v-md-line=\"9\">Rezisten\u021ba cu ochiuri de 0,8 \u03a9 poart\u0103 o mare responsabilitate. Poate \u00eenc\u0103lzi uniform lichidul pentru \u021bigara electronic\u0103, f\u0103c\u00e2nd fiecare \u00eembuc\u0103tur\u0103 la fel de delicioas\u0103 ca prima. C\u00e2nd bateria este desc\u0103rcat\u0103, nu trebuie s\u0103 o arunca\u021bi. O pute\u021bi \u00eenc\u0103rca prin portul Type-C \u0219i pute\u021bi continua s\u0103 utiliza\u021bi acela\u0219i cablu de date pe care \u00eel pute\u021bi folosi pe telefon. Simplu \u0219i u\u0219or de implementat.<\/p>\n<h2 data-v-md-heading=\"specification-introduction\" data-v-md-line=\"11\">Introducere \u00een specifica\u021bii<\/h2>\n<ul data-v-md-line=\"12\">\n<li>Frecven\u021ba de aspirare: p\u00e2n\u0103 la 16000 de ori<\/li>\n<li>Con\u021binut de nicotin\u0103: 0%\/2%\/3%\/5%<\/li>\n<li>Principiu de func\u021bionare: Activat prin inhalare<\/li>\n<li>\u00cenc\u0103rcare: Interfa\u021b\u0103 USB standard de tip C<\/li>\n<li>Capacitate lichid electronic: 26 mililitri<\/li>\n<li>Miez de atomizare: plas\u0103 de 0,8 \u03a9<\/li>\n<li>Baterie: baterie re\u00eenc\u0103rcabil\u0103 de 850 mAh<\/li>\n<li>Stare: Gata de utilizare dup\u0103 despachetare<\/li>\n<\/ul>\n<h2 data-v-md-heading=\"full-range-of-flavors\" data-v-md-line=\"21\">Gam\u0103 complet\u0103 de arome<\/h2>\n<ul data-v-md-line=\"22\">\n<li>Ap\u0103 cu ghea\u021b\u0103 \u0219i l\u0103m\u00e2ie cu afine<\/li>\n<li>Ghea\u021b\u0103 de piersic\u0103<\/li>\n<li>Ghea\u021b\u0103 de pepene verde<\/li>\n<li>Afine \u0219i zmeur\u0103<\/li>\n<li>Ghea\u021b\u0103 de cire\u0219e<\/li>\n<li>Ghea\u021b\u0103 de c\u0103p\u0219uni<\/li>\n<li>Pepene verde cu c\u0103p\u0219uni<\/li>\n<li>Fructe de p\u0103dure mixte<\/li>\n<li>Kiwi \u0219i c\u0103p\u0219uni<\/li>\n<li>Kiwi, fructul pasiunii, guava<\/li>\n<li>Red Bull cu afine<\/li>\n<li>Piersic\u0103, Mango, Ananas<\/li>\n<\/ul>\n<h2 data-v-md-heading=\"for-you-and-your-business\" data-v-md-line=\"35\">Pentru tine \u0219i afacerea ta<\/h2>\n<p data-v-md-line=\"36\">Cump\u0103r\u0103-l singur, u\u0219or \u0219i convenabil. Alege aroma \u0219i concentra\u021bia preferat\u0103 pentru a te bucura de o experien\u021b\u0103 de vaporizare de lung\u0103 durat\u0103, f\u0103r\u0103 probleme. Bateriile re\u00eenc\u0103rcabile \u00ee\u021bi permit s\u0103 te bucuri pe deplin de 26 de mililitri de e-lichid f\u0103r\u0103 a-l irosi.<\/p>\n<p data-v-md-line=\"38\">De\u021bine\u021bi un magazin fizic sau un magazin online? Oferim cutii en-gros de 200 de unit\u0103\u021bi pentru o stocare eficient\u0103. Colabor\u0103m cu parteneri de \u00eencredere precum UPS, DPD \u0219i DHL pentru a utiliza livrarea DDP, astfel \u00eenc\u00e2t tarifele \u0219i taxele pot fi procesate \u00een avans. Nu trebuie s\u0103 v\u0103 face\u021bi griji cu privire la accidentele vamale, transportul \u00een Europa poate fi urm\u0103rit complet. V\u0103 rug\u0103m s\u0103 verifica\u021bi reglement\u0103rile locale \u00eenainte de a revinde.<\/p>\n<h2 data-v-md-heading=\"why-do-you-like-it\" data-v-md-line=\"40\">De ce \u00ee\u021bi place?<\/h2>\n<ul data-v-md-line=\"41\">\n<li>Cicluri multiple de aspirare: Durabil \u0219i de lung\u0103 durat\u0103, nu este nevoie de \u00eenlocuire frecvent\u0103.<\/li>\n<li>Selectarea con\u021binutului de nicotin\u0103: Alege\u021bi o concentra\u021bie de nicotin\u0103 de 0%, 2%, 3% sau 5% \u00een func\u021bie de obiceiurile dvs. de vaping.<\/li>\n<li>Re\u00eenc\u0103rcabil\u0103: Pute\u021bi folosi toate lichidele electronice achizi\u021bionate simultan, f\u0103r\u0103 a arunca dispozitivele pe jum\u0103tate folosite.<\/li>\n<li>Spir\u0103 de plas\u0103: De la prima p\u00e2n\u0103 la ultima \u00eembuc\u0103tur\u0103, gustul r\u0103m\u00e2ne consistent \u0219i fin.<\/li>\n<li>Interfa\u021ba Type-C este convenabil\u0103: pute\u021bi re\u00eenc\u0103rca rapid folosind cablul de date existent.<\/li>\n<\/ul>\n<h2 data-v-md-heading=\"why-collaborate-with-agoravape\" data-v-md-line=\"47\">De ce s\u0103 colaborezi cu AgoraVape?<\/h2>\n<p data-v-md-line=\"48\">Vindem doar produse 100% originale \u0219i garant\u0103m livrare \u00een siguran\u021b\u0103. Clien\u021bii B2B care achizi\u021bioneaz\u0103 \u021big\u0103ri electronice de unic\u0103 folosin\u021b\u0103 Vapme Monster cu bobin\u0103 de 16000 mesh se pot bucura de pre\u021buri reduse en-gros, asisten\u021b\u0103 clien\u021bi fiabil\u0103 \u0219i logistic\u0103 rapid\u0103, respectuoas\u0103 cu normele UE. Dori\u021bi s\u0103 rezerva\u021bi o \u021bigar\u0103 electronic\u0103 de unic\u0103 folosin\u021b\u0103 pentru ca clien\u021bii dvs. s\u0103 o achizi\u021bioneze ca \u0219i clien\u021bi fideli? V\u0103 rug\u0103m s\u0103 ne contacta\u021bi \u0219i vom aranja pentru dvs.<\/p>\n<p data-v-md-line=\"50\">Not\u0103: Num\u0103rul de pufuri per sesiune poate varia \u00een func\u021bie de metoda de fumat \u0219i de condi\u021biile de mediu. V\u0103 rug\u0103m s\u0103 respecta\u021bi legile locale \u0219i restric\u021biile de v\u00e2rst\u0103.<\/p>","protected":false},"excerpt":{"rendered":"<p>Ce spune\u021bi despre vape-ul de unic\u0103 folosin\u021b\u0103 Vapme Monster 16000 mesh coil? Dac\u0103 v-a\u021bi s\u0103turat s\u0103 v\u0103 schimba\u021bi vapa la fiecare c\u00e2teva<\/p>","protected":false},"featured_media":12745,"comment_status":"open","ping_status":"closed","template":"","meta":[],"product_brand":[204],"product_cat":[124,187,185,189,176,174,175,193,191,173,186,180,190,131],"product_tag":[],"class_list":{"0":"post-12712","1":"product","2":"type-product","3":"status-publish","4":"has-post-thumbnail","6":"product_brand-vapme","7":"product_cat-vape-by-brand","8":"product_cat-0mg-nicotine-free-vapes","9":"product_cat-10000-puffs-high-capacity","10":"product_cat-20mg-standard-nicotine-vapes","11":"product_cat-beverage","12":"product_cat-fruit-flavors","13":"product_cat-icy-mint","14":"product_cat-mesh-coil","15":"product_cat-rechargeable-disposables","16":"product_cat-vape-by-flavor-profile","17":"product_cat-vape-by-nicotine-strength","18":"product_cat-vape-by-puff-count","19":"product_cat-vape-by-feature-or-type","20":"product_cat-vapme","22":"first","23":"instock","24":"shipping-taxable","25":"purchasable","26":"product-type-variable","27":"has-default-attributes"},"tiered_pricing_type":"percentage","tiered_pricing_fixed_rules":[],"tiered_pricing_product_settings":{"layout":"default","base_unit_name":{"singular":null,"plural":null},"default_variation":null},"tiered_pricing_minimum_quantity":10,"tiered_pricing_roles_data":[],"tiered_pricing_percentage_rules":{"50":"35","100":"40","200":"44","500":"47","1000":"49"},"tiered_pricing_maximum_quantity":null,"tiered_pricing_quantity_step":"10","_links":{"self":[{"href":"https:\/\/agoravape.com\/ro\/wp-json\/wp\/v2\/product\/12712","targetHints":{"allow":["GET"]}}],"collection":[{"href":"https:\/\/agoravape.com\/ro\/wp-json\/wp\/v2\/product"}],"about":[{"href":"https:\/\/agoravape.com\/ro\/wp-json\/wp\/v2\/types\/product"}],"replies":[{"embeddable":true,"href":"https:\/\/agoravape.com\/ro\/wp-json\/wp\/v2\/comments?post=12712"}],"version-history":[{"count":0,"href":"https:\/\/agoravape.com\/ro\/wp-json\/wp\/v2\/product\/12712\/revisions"}],"wp:featuredmedia":[{"embeddable":true,"href":"https:\/\/agoravape.com\/ro\/wp-json\/wp\/v2\/media\/12745"}],"wp:attachment":[{"href":"https:\/\/agoravape.com\/ro\/wp-json\/wp\/v2\/media?parent=12712"}],"wp:term":[{"taxonomy":"product_brand","embeddable":true,"href":"https:\/\/agoravape.com\/ro\/wp-json\/wp\/v2\/product_brand?post=12712"},{"taxonomy":"product_cat","embeddable":true,"href":"https:\/\/agoravape.com\/ro\/wp-json\/wp\/v2\/product_cat?post=12712"},{"taxonomy":"product_tag","embeddable":true,"href":"https:\/\/agoravape.com\/ro\/wp-json\/wp\/v2\/product_tag?post=12712"}],"curies":[{"name":"wp","href":"https:\/\/api.w.org\/{rel}","templated":true}]}}