{"id":12760,"date":"2025-10-10T12:11:45","date_gmt":"2025-10-10T04:11:45","guid":{"rendered":"https:\/\/green-grasshopper-921422.hostingersite.com\/?post_type=product&#038;p=12760"},"modified":"2026-01-13T00:39:22","modified_gmt":"2026-01-12T16:39:22","slug":"atvs-warship-12000-puffs-vape","status":"publish","type":"product","link":"https:\/\/agoravape.com\/ro\/product\/atvs-warship-12000-puffs-vape\/","title":{"rendered":"Vape de unic\u0103 folosin\u021b\u0103 cu bobin\u0103 de plas\u0103 ATVS Warship 12000 Puffs | Arom\u0103 puternic\u0103, kilometraj mai mare"},"content":{"rendered":"<h2 data-v-md-heading=\"what-are-the-highlights-of-the-atvs-warship-12000-port-mesh-coil-disposable-vape\" data-v-md-line=\"3\"><img loading=\"lazy\" decoding=\"async\" class=\"alignright wp-image-12776 size-full\" src=\"https:\/\/agoravape.com\/wp-content\/uploads\/2025\/10\/ATVS-Warship-12000-Puffs-Mesh-Coil-Disposable-Vape_Agora_vape-3.webp\" alt=\"\" width=\"1000\" height=\"644\" srcset=\"https:\/\/agoravape.com\/wp-content\/uploads\/2025\/10\/ATVS-Warship-12000-Puffs-Mesh-Coil-Disposable-Vape_Agora_vape-3.webp 1000w, https:\/\/agoravape.com\/wp-content\/uploads\/2025\/10\/ATVS-Warship-12000-Puffs-Mesh-Coil-Disposable-Vape_Agora_vape-3-300x193.webp 300w, https:\/\/agoravape.com\/wp-content\/uploads\/2025\/10\/ATVS-Warship-12000-Puffs-Mesh-Coil-Disposable-Vape_Agora_vape-3-768x495.webp 768w\" sizes=\"auto, (max-width: 1000px) 100vw, 1000px\" \/><\/h2>\n<h2 data-v-md-heading=\"what-are-the-highlights-of-the-atvs-warship-12000-port-mesh-coil-disposable-vape\" data-v-md-line=\"3\">Care sunt caracteristicile principale ale \u021big\u0103rii electronice de unic\u0103 folosin\u021b\u0103 ATVS Warship cu rezisten\u021b\u0103 tip plas\u0103 de 12000 porturi?<\/h2>\n<p data-v-md-line=\"4\">Dac\u0103 te-ai s\u0103turat de \u021big\u0103rile electronice de unic\u0103 folosin\u021b\u0103 care \u00ee\u0219i pierd aroma la \u00eenceput, atunci merit\u0103 s\u0103 arunci o privire la ATVS Warship 12000. Este conceput pentru utilizare pe termen lung \u0219i pretinde c\u0103 poate folosi 12000 de \u00eenghi\u021bituri \u00een mod continuu. Rezistenta de tip plas\u0103 asigur\u0103 un gust pur \u0219i consistent la fiecare aspirare.<\/p>\n<p data-v-md-line=\"6\">Aceast\u0103 \u021bigar\u0103 electronic\u0103 este potrivit\u0103 pentru orice utilizator care dore\u0219te s\u0103 experimenteze vapatul u\u0219or \u0219i convenabil, cu o operare simpl\u0103 \u0219i un gust fiabil. Nu trebuie s\u0103 v\u0103 face\u021bi griji. Trebuie doar s\u0103 alege\u021bi aroma, s\u0103 o scoate\u021bi din cutie \u0219i pute\u021bi \u00eencepe s\u0103 o utiliza\u021bi.<\/p>\n<h2 data-v-md-heading=\"excellent-performance-no-need-for-complex-operations\" data-v-md-line=\"8\">Excellent performance, no need for complex operations<\/h2>\n<p data-v-md-line=\"9\">Secretul acestei \u021big\u0103ri electronice const\u0103 \u00een rezisten\u021ba tip plas\u0103. Aceasta poate \u00eenc\u0103lzi rapid \u0219i uniform lichidul, f\u0103c\u00e2nd prima \u00eenghi\u021bitur\u0103 la fel de fin\u0103 ca a suta. Mirosul unei duze de unic\u0103 folosin\u021b\u0103 de mare capacitate poate deveni inevitabil mai u\u0219or, dar designul tip plas\u0103 \u00eel men\u021bine stabil. Capacitatea de stocare de 15 mililitri ofer\u0103, de asemenea, suport, iar carcasa robust\u0103 din policarbonat se simte solid\u0103 \u0219i nu este greoaie atunci c\u00e2nd este \u021binut\u0103 \u00een m\u00e2n\u0103.<\/p>\n<h2 data-v-md-heading=\"specification-overview\" data-v-md-line=\"11\">Prezentare general\u0103 a specifica\u021biilor<\/h2>\n<ul data-v-md-line=\"12\">\n<li>Frecven\u021ba de aspirare: p\u00e2n\u0103 la 12000 de ori<\/li>\n<li>Con\u021binut de nicotin\u0103: nespecificat de produc\u0103tor (v\u0103 rug\u0103m s\u0103 ne consulta\u021bi pentru a confirma situa\u021bia aprovizion\u0103rii \u00een regiunea dumneavoastr\u0103)<\/li>\n<li>Principiu de func\u021bionare: Produc\u0103torul nu este specificat<\/li>\n<li>Metod\u0103 de \u00eenc\u0103rcare: nespecificat\u0103 de produc\u0103tor<\/li>\n<li>Capacitate lichid electronic: 15 mililitri<\/li>\n<li>Miez de atomizare: plas\u0103, 0,9 \u03a9<\/li>\n<li>Baterie: 650mAh (13450 celule)<\/li>\n<li>Material: PC (policarbonat)<\/li>\n<li>Stare: Gata de utilizare dup\u0103 despachetare<\/li>\n<\/ul>\n<h2 data-v-md-heading=\"full-range-of-flavors\" data-v-md-line=\"22\">Gam\u0103 complet\u0103 de arome<\/h2>\n<ul data-v-md-line=\"23\">\n<li>Mango Ice<\/li>\n<li>Patinoar albastru<\/li>\n<li>\u00cenghe\u021bat\u0103 de pepene verde cu c\u0103p\u0219uni<\/li>\n<li>Ghea\u021b\u0103 de mentol<\/li>\n<li>Ghea\u021b\u0103 de pepene verde<\/li>\n<li>Ghea\u021b\u0103 de fructe mixte<\/li>\n<li>Ghea\u021b\u0103 de c\u0103p\u0219uni<\/li>\n<li>Taro Ice<\/li>\n<li>Ghea\u021b\u0103 de rodie<\/li>\n<li>Ghea\u021b\u0103 de mere<\/li>\n<li>Ghea\u021b\u0103 de banan\u0103<\/li>\n<li>Suc acidulat cu arom\u0103 de portocale<\/li>\n<\/ul>\n<h2 data-v-md-heading=\"for-you-and-for-your-business-as-well\" data-v-md-line=\"36\">Pentru tine, dar \u0219i pentru afacerea ta<\/h2>\n<p data-v-md-line=\"37\">Cump\u0103r\u0103 simplitate pentru tine. Alege aroma perfect\u0103. Dac\u0103 livrezi c\u0103tre un magazin sau un lan\u021b de magazine, este \u0219i mai simplu. Oferim \u021big\u0103ri ATVS Warship 12000 \u00een cutii en-gros, cu c\u00e2te 10 \u021big\u0103ri per cutie, \u0219i oferim cutii de ambalare mai mari pentru cump\u0103r\u0103torii \u00een vrac.<\/p>\n<p data-v-md-line=\"39\">Oferim servicii de livrare DDP \u00een toat\u0103 Europa prin intermediul unor parteneri de \u00eencredere precum UPS, DPD \u0219i DHL, astfel \u00eenc\u00e2t tarifele au fost pre-procesate \u0219i nu ve\u021bi \u00eent\u00e2mpina accidente la vam\u0103.<\/p>\n<h2 data-v-md-heading=\"why-do-you-like-it\" data-v-md-line=\"41\">De ce \u00ee\u021bi place?<\/h2>\n<ul data-v-md-line=\"42\">\n<li>Capacitate mare: P\u00e2n\u0103 la 12000 de porturi per dispozitiv, ceea ce \u00eenseamn\u0103 mai pu\u021bine re\u00eenc\u0103rc\u0103ri temporare \u0219i comenzi repetate<\/li>\n<li>Consisten\u021ba spiralei de plas\u0103: de la prima p\u00e2n\u0103 la ultima \u00eembuc\u0103tur\u0103, gustul este fin \u0219i sigur<\/li>\n<li>Compartiment de depozitare a uleiului de mare capacitate, convenabil de utilizat: capacitate de 15 mililitri de e-lichid, permi\u021b\u00e2ndu-v\u0103 s\u0103 \u00eel utiliza\u021bi pentru o perioad\u0103 mai lung\u0103 de timp \u00eentre schimb\u0103rile de echipament<\/li>\n<li>Aspira\u021bie echilibrat\u0103: bobina de 0,9 \u03a9 ofer\u0103 un fum stabil \u0219i satisf\u0103c\u0103tor<\/li>\n<\/ul>\n<h2 data-v-md-heading=\"why-choose-to-collaborate-with-agoravape\" data-v-md-line=\"47\">De ce s\u0103 alegi s\u0103 colaborezi cu AgoraVape?<\/h2>\n<p data-v-md-line=\"48\">Cump\u0103r\u0103m doar produse 100% originale de la m\u0103rci pe care le recunoa\u0219te\u021bi. Cu \u021big\u0103rile electronice de unic\u0103 folosin\u021b\u0103 ATVS Warship 12000 cu rezisten\u021be tip plas\u0103, v\u0103 ve\u021bi bucura de pre\u021buri en-gros extrem de competitive, asisten\u021b\u0103 rapid\u0103 \u0219i servicii de livrare DDP rapide \u0219i fiabile. Dori\u021bi s\u0103 le de\u021bine\u021bi \u00een stoc sau ave\u021bi nevoie de un amestec popular de arome \u00een regiunea dvs.? V\u0103 rug\u0103m s\u0103 ne contacta\u021bi \u0219i v\u0103 vom ajuta s\u0103 plasa\u021bi comanda rapid.<\/p>\n<p data-v-md-line=\"48\"><img loading=\"lazy\" decoding=\"async\" class=\"aligncenter size-full wp-image-12775\" src=\"https:\/\/agoravape.com\/wp-content\/uploads\/2025\/10\/ATVS-Warship-12000-Puffs-Mesh-Coil-Disposable-Vape_Agora_vape-2.webp\" alt=\"\" width=\"1000\" height=\"646\" srcset=\"https:\/\/agoravape.com\/wp-content\/uploads\/2025\/10\/ATVS-Warship-12000-Puffs-Mesh-Coil-Disposable-Vape_Agora_vape-2.webp 1000w, https:\/\/agoravape.com\/wp-content\/uploads\/2025\/10\/ATVS-Warship-12000-Puffs-Mesh-Coil-Disposable-Vape_Agora_vape-2-300x194.webp 300w, https:\/\/agoravape.com\/wp-content\/uploads\/2025\/10\/ATVS-Warship-12000-Puffs-Mesh-Coil-Disposable-Vape_Agora_vape-2-768x496.webp 768w\" sizes=\"auto, (max-width: 1000px) 100vw, 1000px\" \/><\/p>\n<p data-v-md-line=\"48\"><img loading=\"lazy\" decoding=\"async\" class=\"aligncenter size-full wp-image-12774\" src=\"https:\/\/agoravape.com\/wp-content\/uploads\/2025\/10\/ATVS-Warship-12000-Puffs-Mesh-Coil-Disposable-Vape_Agora_vape-1.webp\" alt=\"\" width=\"1000\" height=\"550\" srcset=\"https:\/\/agoravape.com\/wp-content\/uploads\/2025\/10\/ATVS-Warship-12000-Puffs-Mesh-Coil-Disposable-Vape_Agora_vape-1.webp 1000w, https:\/\/agoravape.com\/wp-content\/uploads\/2025\/10\/ATVS-Warship-12000-Puffs-Mesh-Coil-Disposable-Vape_Agora_vape-1-300x165.webp 300w, https:\/\/agoravape.com\/wp-content\/uploads\/2025\/10\/ATVS-Warship-12000-Puffs-Mesh-Coil-Disposable-Vape_Agora_vape-1-768x422.webp 768w\" sizes=\"auto, (max-width: 1000px) 100vw, 1000px\" \/><\/p>","protected":false},"excerpt":{"rendered":"<p>What are the highlights of the ATVS Warship 12000 port mesh coil disposable vape? If you\u2019re tired of disposable vapes<\/p>","protected":false},"featured_media":12796,"comment_status":"open","ping_status":"closed","template":"","meta":[],"product_brand":[205],"product_cat":[124,185,1634,132,176,174,175,193,191,173,186,180,190],"product_tag":[],"class_list":{"0":"post-12760","1":"product","2":"type-product","3":"status-publish","4":"has-post-thumbnail","6":"product_brand-atvs","7":"product_cat-vape-by-brand","8":"product_cat-10000-puffs-high-capacity","9":"product_cat-12000-puffs","10":"product_cat-atvs","11":"product_cat-beverage","12":"product_cat-fruit-flavors","13":"product_cat-icy-mint","14":"product_cat-mesh-coil","15":"product_cat-rechargeable-disposables","16":"product_cat-vape-by-flavor-profile","17":"product_cat-vape-by-nicotine-strength","18":"product_cat-vape-by-puff-count","19":"product_cat-vape-by-feature-or-type","21":"first","22":"instock","23":"shipping-taxable","24":"purchasable","25":"product-type-variable","26":"has-default-attributes"},"tiered_pricing_type":"percentage","tiered_pricing_fixed_rules":[],"tiered_pricing_product_settings":{"layout":"default","base_unit_name":{"singular":null,"plural":null},"default_variation":null},"tiered_pricing_minimum_quantity":10,"tiered_pricing_roles_data":[],"tiered_pricing_percentage_rules":{"30":"29","50":"35","100":"40","200":"44","500":"47","1000":"49"},"tiered_pricing_maximum_quantity":null,"tiered_pricing_quantity_step":"10","_links":{"self":[{"href":"https:\/\/agoravape.com\/ro\/wp-json\/wp\/v2\/product\/12760","targetHints":{"allow":["GET"]}}],"collection":[{"href":"https:\/\/agoravape.com\/ro\/wp-json\/wp\/v2\/product"}],"about":[{"href":"https:\/\/agoravape.com\/ro\/wp-json\/wp\/v2\/types\/product"}],"replies":[{"embeddable":true,"href":"https:\/\/agoravape.com\/ro\/wp-json\/wp\/v2\/comments?post=12760"}],"version-history":[{"count":0,"href":"https:\/\/agoravape.com\/ro\/wp-json\/wp\/v2\/product\/12760\/revisions"}],"wp:featuredmedia":[{"embeddable":true,"href":"https:\/\/agoravape.com\/ro\/wp-json\/wp\/v2\/media\/12796"}],"wp:attachment":[{"href":"https:\/\/agoravape.com\/ro\/wp-json\/wp\/v2\/media?parent=12760"}],"wp:term":[{"taxonomy":"product_brand","embeddable":true,"href":"https:\/\/agoravape.com\/ro\/wp-json\/wp\/v2\/product_brand?post=12760"},{"taxonomy":"product_cat","embeddable":true,"href":"https:\/\/agoravape.com\/ro\/wp-json\/wp\/v2\/product_cat?post=12760"},{"taxonomy":"product_tag","embeddable":true,"href":"https:\/\/agoravape.com\/ro\/wp-json\/wp\/v2\/product_tag?post=12760"}],"curies":[{"name":"wp","href":"https:\/\/api.w.org\/{rel}","templated":true}]}}