{"id":12828,"date":"2025-10-10T15:20:00","date_gmt":"2025-10-10T07:20:00","guid":{"rendered":"https:\/\/green-grasshopper-921422.hostingersite.com\/?post_type=product&#038;p=12828"},"modified":"2025-12-15T21:31:14","modified_gmt":"2025-12-15T13:31:14","slug":"atvs-13000-puffs-reincarcabila-vape","status":"publish","type":"product","link":"https:\/\/agoravape.com\/ro\/product\/atvs-13000-puffs-rechargeable-vape\/","title":{"rendered":"ATVS 13000 Puffs Vape cu bobin\u0103 re\u00eenc\u0103rcabil\u0103 cu plas\u0103 | Arom\u0103 de lung\u0103 durat\u0103 cu \u00eenc\u0103rcare u\u0219oar\u0103 de tip C"},"content":{"rendered":"<h2 data-v-md-heading=\"what-about-the-atvs-13000-rechargeable-mesh-coil-vape\" data-v-md-line=\"3\">Dar ce zici de \u021bigara electronic\u0103 cu rezisten\u021b\u0103 re\u00eenc\u0103rcabil\u0103 ATVS 13000?<\/h2>\n<p data-v-md-line=\"4\">Dac\u0103 te-ai s\u0103turat de \u021big\u0103rile electronice de unic\u0103 folosin\u021b\u0103 care se descarc\u0103 f\u0103r\u0103 baterie \u00een c\u00e2teva zile, atunci aceast\u0103 \u021bigar\u0103 electronic\u0103 este cu siguran\u021b\u0103 cea mai bun\u0103 alegere. ATVS 13000 este echipat cu o baterie re\u00eenc\u0103rcabil\u0103 de 600 mAh \u0219i o rezisten\u021b\u0103 tip plas\u0103, permi\u021b\u00e2ndu-\u021bi s\u0103 men\u021bii un gust stabil de la prima p\u00e2n\u0103 la ultima \u00eembuc\u0103tur\u0103. Pentru utilizatorii care \u00ee\u0219i doresc o \u021bigar\u0103 electronic\u0103 fiabil\u0103 \u0219i care nu necesit\u0103 \u00eenlocuire, aceasta este alegerea ideal\u0103.<\/p>\n<p data-v-md-line=\"6\">Poate crezi c\u0103 acest vaporizator cu at\u00e2tea pufuri este voluminos, dar portabilitatea sa te surprinde. Este foarte confortabil de \u021binut \u00een m\u00e2n\u0103 \u0219i u\u0219or de utilizat \u00een via\u021ba de zi cu zi.<\/p>\n<h2 data-v-md-heading=\"excellent-performance-and-easy-operation\" data-v-md-line=\"8\">Performan\u021b\u0103 excelent\u0103 \u0219i utilizare u\u0219oar\u0103<\/h2>\n<p data-v-md-line=\"9\">Spirala tip plas\u0103 se \u00eenc\u0103lze\u0219te uniform, permi\u021b\u00e2ndu-v\u0103 s\u0103 v\u0103 bucura\u021bi de un gust fin, ca la prima \u00eenghi\u021bitur\u0103, la fiecare \u00eembuc\u0103tur\u0103. Nu este nevoie de configurare plictisitoare. F\u0103r\u0103 butoane, func\u021bioneaz\u0103 prin plug and play. C\u00e2nd bateria este desc\u0103rcat\u0103, poate fi \u00eenc\u0103rcat\u0103 prin cablul Type-C, care este acela\u0219i cu cablul de date utilizat \u00een majoritatea telefoanelor mobile, ceea ce face \u00eenc\u0103rcarea convenabil\u0103.<\/p>\n<h2 data-v-md-heading=\"specification-overview\" data-v-md-line=\"11\">Prezentare general\u0103 a specifica\u021biilor<\/h2>\n<p data-v-md-line=\"12\"><strong>Num\u0103r de aspira\u021bii<\/strong>p\u00e2n\u0103 la 13000 de aspira\u021bii<br \/>\n<strong>capacitate e-lichid<\/strong>12 mililitri<br \/>\n<strong>Miez de atomizare<\/strong>Miez de atomizare cu plas\u0103, 0,9 \u03a9<br \/>\n<strong>Battery<\/strong>18250 celule, 600mAh<br \/>\n<strong>Principiul de func\u021bionare<\/strong>Activat prin inhalare<br \/>\n<strong>\u00cenc\u0103rcare<\/strong>Interfa\u021b\u0103 USB standard de tip C<br \/>\n<strong>Dimensiune<\/strong>41 \u00d7 33 \u00d7 140 milimetri<br \/>\n<strong>Stare<\/strong>: Ready to use out of the box<br \/>\n<strong>Nicotine<\/strong>Op\u021biunile depind de pia\u021ba dvs. Contacta\u021bi-ne pentru a confirma concentra\u021bia actual\u0103 de nicotin\u0103, inclusiv op\u021biunile f\u0103r\u0103 nicotin\u0103 \u0219i cele cu s\u0103ruri de nicotin\u0103 (p\u00e2n\u0103 la 20 de miligrame, \u00een func\u021bie de situa\u021bia specific\u0103).<\/p>\n<h2 data-v-md-heading=\"full-flavor-series\" data-v-md-line=\"22\">Serie cu arom\u0103 complet\u0103<\/h2>\n<ul data-v-md-line=\"23\">\n<li>Mango Ice<\/li>\n<li>Patinoar albastru<\/li>\n<li>\u00cenghe\u021bat\u0103 de pepene verde cu c\u0103p\u0219uni<\/li>\n<li>Ghea\u021b\u0103 de mentol<\/li>\n<li>Ghea\u021b\u0103 de pepene verde<\/li>\n<li>Ghea\u021b\u0103 de fructe mixte<\/li>\n<li>Ghea\u021b\u0103 de c\u0103p\u0219uni<\/li>\n<li>Ghea\u021b\u0103 de struguri<\/li>\n<li>Ghea\u021b\u0103 de rodie<\/li>\n<li>Ghea\u021b\u0103 de piersic\u0103<\/li>\n<li>Coca-Cola Ice<\/li>\n<\/ul>\n<h2 data-v-md-heading=\"for-you-for-your-business\" data-v-md-line=\"35\">Pentru tine, pentru afacerea ta<\/h2>\n<p data-v-md-line=\"36\">Pute\u021bi alege ATV 13000 pentru uz personal, dar este potrivit \u0219i pentru magazinele de produse de unic\u0103 folosin\u021b\u0103 \u0219i v\u00e2nz\u0103torii online care \u00ee\u0219i doresc durabilitate \u0219i o fidelizare ridicat\u0103 a clien\u021bilor. Fiecare cutie en-gros con\u021bine 10 buc\u0103\u021bi, iar cutia mare poate g\u0103zdui 200 de buc\u0103\u021bi, astfel \u00eenc\u00e2t s\u0103 v\u0103 pute\u021bi extinde cu u\u0219urin\u021b\u0103 inventarul.<\/p>\n<p data-v-md-line=\"38\">Expediem produsele noastre c\u0103tre majoritatea destina\u021biilor europene prin UPS, DPD \u0219i DHL prin DDP, astfel \u00eenc\u00e2t tarifele pot fi pl\u0103tite \u00een avans \u0219i nu vor exista situa\u021bii nea\u0219teptate cu vama. Comanda este trasabil\u0103, iar echipa noastr\u0103 de asisten\u021b\u0103 este \u00eentotdeauna gata s\u0103 v\u0103 asiste.<\/p>\n<p data-v-md-line=\"40\">O scurt\u0103 explica\u021bie a conformit\u0103\u021bii. Acest dispozitiv are o capacitate de 12 mililitri \u0219i o frecven\u021b\u0103 mare de aspira\u021bie, dep\u0103\u0219ind limita de v\u00e2nzare cu am\u0103nuntul a standardelor TPD \u00een multe \u021b\u0103ri\/regiuni ale UE. V\u0103 rug\u0103m s\u0103 verifica\u021bi reglement\u0103rile locale \u00eenainte de listare, iar noi v\u0103 vom \u00eendruma pentru a \u00een\u021belege domeniul de aplicare al licen\u021bierii pe pia\u021ba dvs.<\/p>\n<h2 data-v-md-heading=\"why-do-you-like-it\" data-v-md-line=\"42\">De ce \u00ee\u021bi place?<\/h2>\n<p data-v-md-line=\"43\"><strong>Mai mul\u021bi timpi de aspirare:<\/strong>\u00a0Timpi de aspirare mai lungi, nu este nevoie s\u0103 achizi\u021biona\u021bi frecvent aspiratoare noi<br \/>\n<strong>Re\u00eenc\u0103rcabil\u0103:<\/strong>\u00a0Po\u021bi folosi toate lichidele electronice cump\u0103rate<br \/>\n<strong>Mesh coil<\/strong>Gust consistent \u0219i aspira\u021bie lin\u0103<br \/>\n<strong>Type-C charging:<\/strong>\u00a0La fel ca cablul de \u00eenc\u0103rcare folosit la majoritatea telefoanelor mobile<br \/>\n<strong>Activare convenabil\u0103 a aspira\u021biei:<\/strong>\u00a0Nu e nevoie de butoane, doar inspir\u0103<\/p>\n<h2 data-v-md-heading=\"why-collaborate-with-agoravape\" data-v-md-line=\"49\">De ce s\u0103 colaborezi cu AgoraVape?<\/h2>\n<p data-v-md-line=\"50\">Oferim doar produse 100% originale \u0219i garant\u0103m acest lucru prin termeni clari, metode de plat\u0103 sigure \u0219i asisten\u021b\u0103 rapid\u0103. Clien\u021bii companii care achizi\u021bioneaz\u0103 vaporizatoare ATVS 13000 pufuri cu rezisten\u021be re\u00eenc\u0103rcabile mesh pot beneficia de pre\u021buri en-gros reduse, livrare rapid\u0103 \u0219i servicii de livrare DDP fiabile. Dori\u021bi pre\u021b de v\u00e2nzare cu am\u0103nuntul sau pre\u021b en-gros? V\u0103 rug\u0103m s\u0103 ne contacta\u021bi, vom organiza rapid informa\u021bii detaliate.<\/p>\n<p data-v-md-line=\"52\">\u00cen\u021belege\u021bi rapid num\u0103rul de cicluri de aspira\u021bie. Valoarea maxim\u0103 testat\u0103 \u00een laborator este de 13000 de ori, iar valoarea real\u0103 va varia \u00een func\u021bie de puterea de aspira\u021bie sau de aroma aleas\u0103. Acesta este doar un punct de referin\u021b\u0103 fiabil pentru durabilitatea e-lichidului, nu o garan\u021bie pentru fiecare utilizator.<\/p>","protected":false},"excerpt":{"rendered":"<p>&nbsp;<\/p>\n<p><script src=\"chrome-extension:\/\/fpelahbljekknahkcaegamhcndkfpfnc\/iFrame.js\" type=\"text\/javascript\"><\/script><\/p>","protected":false},"featured_media":12827,"comment_status":"open","ping_status":"closed","template":"","meta":[],"product_brand":[205],"product_cat":[124,185,132,176,174,175,193,191,173,186,180,190],"product_tag":[],"class_list":{"0":"post-12828","1":"product","2":"type-product","3":"status-publish","4":"has-post-thumbnail","6":"product_brand-atvs","7":"product_cat-vape-by-brand","8":"product_cat-10000-puffs-high-capacity","9":"product_cat-atvs","10":"product_cat-beverage","11":"product_cat-fruit-flavors","12":"product_cat-icy-mint","13":"product_cat-mesh-coil","14":"product_cat-rechargeable-disposables","15":"product_cat-vape-by-flavor-profile","16":"product_cat-vape-by-nicotine-strength","17":"product_cat-vape-by-puff-count","18":"product_cat-vape-by-feature-or-type","20":"first","21":"instock","22":"shipping-taxable","23":"purchasable","24":"product-type-variable","25":"has-default-attributes"},"tiered_pricing_type":"percentage","tiered_pricing_fixed_rules":[],"tiered_pricing_product_settings":{"layout":"default","base_unit_name":{"singular":null,"plural":null},"default_variation":null},"tiered_pricing_minimum_quantity":10,"tiered_pricing_roles_data":[],"tiered_pricing_percentage_rules":{"30":"29","50":"35","100":"40","200":"44","500":"47","1000":"49"},"tiered_pricing_maximum_quantity":null,"tiered_pricing_quantity_step":"10","_links":{"self":[{"href":"https:\/\/agoravape.com\/ro\/wp-json\/wp\/v2\/product\/12828","targetHints":{"allow":["GET"]}}],"collection":[{"href":"https:\/\/agoravape.com\/ro\/wp-json\/wp\/v2\/product"}],"about":[{"href":"https:\/\/agoravape.com\/ro\/wp-json\/wp\/v2\/types\/product"}],"replies":[{"embeddable":true,"href":"https:\/\/agoravape.com\/ro\/wp-json\/wp\/v2\/comments?post=12828"}],"version-history":[{"count":0,"href":"https:\/\/agoravape.com\/ro\/wp-json\/wp\/v2\/product\/12828\/revisions"}],"wp:featuredmedia":[{"embeddable":true,"href":"https:\/\/agoravape.com\/ro\/wp-json\/wp\/v2\/media\/12827"}],"wp:attachment":[{"href":"https:\/\/agoravape.com\/ro\/wp-json\/wp\/v2\/media?parent=12828"}],"wp:term":[{"taxonomy":"product_brand","embeddable":true,"href":"https:\/\/agoravape.com\/ro\/wp-json\/wp\/v2\/product_brand?post=12828"},{"taxonomy":"product_cat","embeddable":true,"href":"https:\/\/agoravape.com\/ro\/wp-json\/wp\/v2\/product_cat?post=12828"},{"taxonomy":"product_tag","embeddable":true,"href":"https:\/\/agoravape.com\/ro\/wp-json\/wp\/v2\/product_tag?post=12828"}],"curies":[{"name":"wp","href":"https:\/\/api.w.org\/{rel}","templated":true}]}}