{"id":12858,"date":"2025-10-10T15:33:58","date_gmt":"2025-10-10T07:33:58","guid":{"rendered":"https:\/\/green-grasshopper-921422.hostingersite.com\/?post_type=product&#038;p=12858"},"modified":"2026-01-13T00:44:51","modified_gmt":"2026-01-12T16:44:51","slug":"atvs-15000-pufuri-de-unica-folosinta-vape","status":"publish","type":"product","link":"https:\/\/agoravape.com\/ro\/product\/atvs-15000-puffs-disposable-vape\/","title":{"rendered":"ATVS 15000 Puffs Mesh Coil Vape de unic\u0103 folosin\u021b\u0103 | Num\u0103r mare de pufuri, arom\u0103 fin\u0103"},"content":{"rendered":"<h2 data-v-md-heading=\"what-are-the-special-features-of-atvs-15000-mesh-coil-disposable-vapes\" data-v-md-line=\"3\"><img loading=\"lazy\" decoding=\"async\" class=\"aligncenter size-full wp-image-12855\" src=\"https:\/\/agoravape.com\/wp-content\/uploads\/2025\/10\/ATVS-15000-Puffs-Mesh-Coil-Disposable-Vape_Agora_vape-1.webp\" alt=\"\" width=\"1000\" height=\"477\" srcset=\"https:\/\/agoravape.com\/wp-content\/uploads\/2025\/10\/ATVS-15000-Puffs-Mesh-Coil-Disposable-Vape_Agora_vape-1.webp 1000w, https:\/\/agoravape.com\/wp-content\/uploads\/2025\/10\/ATVS-15000-Puffs-Mesh-Coil-Disposable-Vape_Agora_vape-1-300x143.webp 300w, https:\/\/agoravape.com\/wp-content\/uploads\/2025\/10\/ATVS-15000-Puffs-Mesh-Coil-Disposable-Vape_Agora_vape-1-768x366.webp 768w\" sizes=\"auto, (max-width: 1000px) 100vw, 1000px\" \/><\/h2>\n<h2 data-v-md-heading=\"what-are-the-special-features-of-atvs-15000-mesh-coil-disposable-vapes\" data-v-md-line=\"3\">Care sunt caracteristicile speciale ale \u021big\u0103rilor electronice de unic\u0103 folosin\u021b\u0103 cu rezisten\u021b\u0103 ATVS 15000 mesh?<\/h2>\n<p data-v-md-line=\"4\">Dac\u0103 te-ai s\u0103turat s\u0103 folose\u0219ti \u021big\u0103ri electronice de unic\u0103 folosin\u021b\u0103 atunci c\u00e2nd \u00eencerci arome pentru prima dat\u0103, atunci acest produs va schimba totul. ATVS este echipat cu rezisten\u021be cu plas\u0103 fin\u0103 care pot g\u0103zdui p\u00e2n\u0103 la 15000 de \u00eembuc\u0103turi, permi\u021b\u00e2ndu-\u021bi s\u0103 men\u021bii un gust curat \u0219i stabil de la prima p\u00e2n\u0103 la ultima \u00eembuc\u0103tur\u0103.<\/p>\n<p data-v-md-line=\"6\">Este potrivit pentru oricine \u00ee\u0219i dore\u0219te durabilitate \u0219i nu trebuie s\u0103-\u0219i fac\u0103 griji cu privire la func\u021bionare. Nu necesit\u0103 meniu, nu sunt necesare butoane. Este o \u021bigar\u0103 electronic\u0103 robust\u0103 \u0219i durabil\u0103, cu un gust excelent, u\u0219or de transportat. S-ar putea s\u0103 crede\u021bi c\u0103 o \u021bigar\u0103 electronic\u0103 cu un num\u0103r at\u00e2t de mare de guri este voluminoas\u0103, dar aceast\u0103 \u021bigar\u0103 electronic\u0103 compact\u0103 poate \u00eenc\u0103pea cu u\u0219urin\u021b\u0103 \u00eentr-un buzunar.<\/p>\n<h2 data-v-md-heading=\"excellent-performance-worry-free\" data-v-md-line=\"8\">Excellent performance, worry free<\/h2>\n<p data-v-md-line=\"9\">Spirala tip plas\u0103 este punctul forte al acestui produs. Se \u00eenc\u0103lze\u0219te uniform, p\u0103str\u00e2nd gustul distinct \u0219i consistent. Bucura\u021bi-v\u0103 de o \u00eenghi\u021bitur\u0103 satisf\u0103c\u0103toare f\u0103r\u0103 s\u0103 v\u0103 pierde\u021bi respira\u021bia la jum\u0103tatea timpului. Design cu baterie \u00eencorporat\u0103, durabil \u0219i u\u0219or de \u00eenc\u0103rcat, chiar dac\u0103 bateria este desc\u0103rcat\u0103. Un singur dispozitiv, un singur cablu de conectare, u\u0219or de manevrat.<\/p>\n<h2 data-v-md-heading=\"specification-introduction\" data-v-md-line=\"11\">Introducere \u00een specifica\u021bii<\/h2>\n<ul data-v-md-line=\"12\">\n<li>Frecven\u021ba de aspirare: p\u00e2n\u0103 la 15000 de ori<\/li>\n<li>Con\u021binut de nicotin\u0103: nespecificat de produc\u0103tor. V\u0103 rug\u0103m s\u0103 ne contacta\u021bi pentru a afla despre concentra\u021biile de nicotin\u0103 disponibile \u00een prezent pe pia\u021ba dumneavoastr\u0103.<\/li>\n<li>Principiu de func\u021bionare: Design u\u0219or de utilizat, de unic\u0103 folosin\u021b\u0103, f\u0103r\u0103 buton<\/li>\n<li>\u00cenc\u0103rcare: Poate fi \u00eenc\u0103rcat\u0103 prin portul USB \u00eencorporat. Tipul de interfa\u021b\u0103 poate varia \u00een func\u021bie de lot.<\/li>\n<li>Capacitate lichid electronic: 15 mililitri<\/li>\n<li>Bobin\u0103: Plas\u0103, 0,9 \u03a9<\/li>\n<li>Baterie: 650 mAh (model baterie 13450)<\/li>\n<li>Material: Carcas\u0103 PC<\/li>\n<li>Dimensiune: 48 \u00d7 24,5 \u00d7 90 milimetri<\/li>\n<li>Greutate net\u0103: 95,5 grame<\/li>\n<li>Stare: Gata de utilizare dup\u0103 despachetare<\/li>\n<\/ul>\n<h2 data-v-md-heading=\"full-range-of-flavors\" data-v-md-line=\"24\">Gam\u0103 complet\u0103 de arome<\/h2>\n<ul data-v-md-line=\"25\">\n<li>Mango Ice<\/li>\n<li>Patinoar albastru<\/li>\n<li>\u00cenghe\u021bat\u0103 de pepene verde cu c\u0103p\u0219uni<\/li>\n<li>Ghea\u021b\u0103 de mentol<\/li>\n<li>Ghea\u021b\u0103 de pepene verde<\/li>\n<li>Ghea\u021b\u0103 de fructe mixte<\/li>\n<li>Ghea\u021b\u0103 de c\u0103p\u0219uni<\/li>\n<li>Ghea\u021b\u0103 de struguri<\/li>\n<li>Ghea\u021b\u0103 de rodie<\/li>\n<li>Ghea\u021b\u0103 de piersic\u0103<\/li>\n<li>Coca-Cola Ice<\/li>\n<\/ul>\n<h2 data-v-md-heading=\"for-you-and-for-your-business-as-well\" data-v-md-line=\"37\">Pentru tine, dar \u0219i pentru afacerea ta<\/h2>\n<p data-v-md-line=\"38\">A cump\u0103ra pentru tine este foarte simplu. Alege aroma ta preferat\u0103 \u0219i \u00eencepe s\u0103 te bucuri de ea. Dac\u0103 ai un magazin fizic sau online, po\u021bi achizi\u021biona cutii en-gros de c\u00e2te 10 cutii pentru a men\u021bine stocul curat \u0219i previzibil.<\/p>\n<p data-v-md-line=\"40\">Oferim servicii DDP fiabile, pl\u0103tite cu taxele, prin intermediul unor parteneri precum UPS, DPD \u0219i DHL, pentru a transporta produse \u00een diverse p\u0103r\u021bi ale Europei. Aceasta \u00eenseamn\u0103 c\u0103 pute\u021bi urm\u0103ri m\u0103rfurile \u0219i evita accidentele vamale. Ambalajul este etan\u0219, iar echipa noastr\u0103 v\u0103 va ajuta \u00een gestionarea procedurilor relevante, dup\u0103 cum este necesar.<\/p>\n<h2 data-v-md-heading=\"why-do-you-like-it\" data-v-md-line=\"42\">De ce \u00ee\u021bi place?<\/h2>\n<ul data-v-md-line=\"43\">\n<li>Capacitate mare de aspirare: p\u00e2n\u0103 la 15000 de orificii, ceea ce \u00eenseamn\u0103 mai pu\u021bine \u00eenlocuiri \u0219i o rentabilitate mai mare<\/li>\n<li>Miez de atomizare tip plas\u0103: gust continuu \u0219i bogat, f\u0103r\u0103 e-lichid insuficient<\/li>\n<li>Re\u00eenc\u0103rcabil: Odat\u0103 \u00eenc\u0103rcat complet, fiecare pic\u0103tur\u0103 de lichid electronic poate fi utilizat\u0103<\/li>\n<li>Portabil: compact \u0219i robust, cu capacitate mare<\/li>\n<li>U\u0219or de utilizat: F\u0103r\u0103 butoane, f\u0103r\u0103 set\u0103ri necesare, u\u0219or de operat<\/li>\n<\/ul>\n<h2 data-v-md-heading=\"why-choose-to-collaborate-with-agoravape\" data-v-md-line=\"49\">De ce s\u0103 alegi s\u0103 colaborezi cu AgoraVape?<\/h2>\n<p data-v-md-line=\"50\">Achizi\u021bion\u0103m doar produse 100% originale ATVS pentru a v\u0103 proteja reputa\u021bia \u0219i clien\u021bii. Fiind unul dintre distribuitorii de \u00eencredere de \u021big\u0103ri electronice din Europa, oferim pre\u021buri en-gros reduse, asisten\u021b\u0103 prompt\u0103 \u0219i servicii de livrare DDP rapide \u0219i fiabile. Respect\u0103m reglement\u0103rile locale \u0219i standardele de verificare a v\u00e2rstei (dac\u0103 este necesar). Sunte\u021bi gata s\u0103 achizi\u021biona\u021bi \u021bigara electronic\u0103 de unic\u0103 folosin\u021b\u0103 ATVS cu bobin\u0103 de 15000 mesh? V\u0103 rug\u0103m s\u0103 ne contacta\u021bi \u0219i vom aranja pre\u021bul, selec\u021bia de gusturi \u0219i urm\u0103toarea dat\u0103 de livrare pentru dvs.<\/p>","protected":false},"excerpt":{"rendered":"<p>&nbsp;<\/p>\n<p><script src=\"chrome-extension:\/\/fpelahbljekknahkcaegamhcndkfpfnc\/iFrame.js\" type=\"text\/javascript\"><\/script><\/p>","protected":false},"featured_media":12856,"comment_status":"open","ping_status":"closed","template":"","meta":[],"product_brand":[205],"product_cat":[124,185,1635,132,176,177,174,175,193,191,173,186,180,190],"product_tag":[],"class_list":{"0":"post-12858","1":"product","2":"type-product","3":"status-publish","4":"has-post-thumbnail","6":"product_brand-atvs","7":"product_cat-vape-by-brand","8":"product_cat-10000-puffs-high-capacity","9":"product_cat-15000-puffs","10":"product_cat-atvs","11":"product_cat-beverage","12":"product_cat-dessert-sweets","13":"product_cat-fruit-flavors","14":"product_cat-icy-mint","15":"product_cat-mesh-coil","16":"product_cat-rechargeable-disposables","17":"product_cat-vape-by-flavor-profile","18":"product_cat-vape-by-nicotine-strength","19":"product_cat-vape-by-puff-count","20":"product_cat-vape-by-feature-or-type","22":"first","23":"instock","24":"shipping-taxable","25":"purchasable","26":"product-type-variable","27":"has-default-attributes"},"tiered_pricing_type":"percentage","tiered_pricing_fixed_rules":[],"tiered_pricing_product_settings":{"layout":"default","base_unit_name":{"singular":null,"plural":null},"default_variation":null},"tiered_pricing_minimum_quantity":10,"tiered_pricing_roles_data":[],"tiered_pricing_percentage_rules":{"30":"29","50":"35","100":"40","200":"44","500":"47","1000":"49"},"tiered_pricing_maximum_quantity":null,"tiered_pricing_quantity_step":"10","_links":{"self":[{"href":"https:\/\/agoravape.com\/ro\/wp-json\/wp\/v2\/product\/12858","targetHints":{"allow":["GET"]}}],"collection":[{"href":"https:\/\/agoravape.com\/ro\/wp-json\/wp\/v2\/product"}],"about":[{"href":"https:\/\/agoravape.com\/ro\/wp-json\/wp\/v2\/types\/product"}],"replies":[{"embeddable":true,"href":"https:\/\/agoravape.com\/ro\/wp-json\/wp\/v2\/comments?post=12858"}],"version-history":[{"count":0,"href":"https:\/\/agoravape.com\/ro\/wp-json\/wp\/v2\/product\/12858\/revisions"}],"wp:featuredmedia":[{"embeddable":true,"href":"https:\/\/agoravape.com\/ro\/wp-json\/wp\/v2\/media\/12856"}],"wp:attachment":[{"href":"https:\/\/agoravape.com\/ro\/wp-json\/wp\/v2\/media?parent=12858"}],"wp:term":[{"taxonomy":"product_brand","embeddable":true,"href":"https:\/\/agoravape.com\/ro\/wp-json\/wp\/v2\/product_brand?post=12858"},{"taxonomy":"product_cat","embeddable":true,"href":"https:\/\/agoravape.com\/ro\/wp-json\/wp\/v2\/product_cat?post=12858"},{"taxonomy":"product_tag","embeddable":true,"href":"https:\/\/agoravape.com\/ro\/wp-json\/wp\/v2\/product_tag?post=12858"}],"curies":[{"name":"wp","href":"https:\/\/api.w.org\/{rel}","templated":true}]}}