{"id":12945,"date":"2025-10-10T16:21:10","date_gmt":"2025-10-10T08:21:10","guid":{"rendered":"https:\/\/green-grasshopper-921422.hostingersite.com\/?post_type=product&#038;p=12945"},"modified":"2026-03-26T13:22:23","modified_gmt":"2026-03-26T12:22:23","slug":"waspe-4-in-1-100k-puffs-quad-flavour-vape","status":"publish","type":"product","link":"https:\/\/agoravape.com\/ro\/product\/waspe-4-in-1-100k-puffs-quad-flavor-vape\/","title":{"rendered":"Waspe 4 \u00een 1 100K Puffs Quad Flavour Switch Vape | Patru arome \u00eentr-unul cu o putere de rezisten\u021b\u0103 serioas\u0103"},"content":{"rendered":"<h2 data-v-md-heading=\"what-about-the-wasp-four-in-one-100000-mouth-four-flavor-switching-vape\" data-v-md-line=\"3\"><img loading=\"lazy\" decoding=\"async\" class=\"aligncenter size-full wp-image-12962\" src=\"https:\/\/agoravape.com\/wp-content\/uploads\/2025\/10\/Waspe-4-in-1-100K-Puffs-Quad-Flavor-Switch-Vape_Agora_vape-1.webp\" alt=\"\" width=\"2000\" height=\"1000\" srcset=\"https:\/\/agoravape.com\/wp-content\/uploads\/2025\/10\/Waspe-4-in-1-100K-Puffs-Quad-Flavor-Switch-Vape_Agora_vape-1.webp 2000w, https:\/\/agoravape.com\/wp-content\/uploads\/2025\/10\/Waspe-4-in-1-100K-Puffs-Quad-Flavor-Switch-Vape_Agora_vape-1-1200x600.webp 1200w, https:\/\/agoravape.com\/wp-content\/uploads\/2025\/10\/Waspe-4-in-1-100K-Puffs-Quad-Flavor-Switch-Vape_Agora_vape-1-300x150.webp 300w, https:\/\/agoravape.com\/wp-content\/uploads\/2025\/10\/Waspe-4-in-1-100K-Puffs-Quad-Flavor-Switch-Vape_Agora_vape-1-1024x512.webp 1024w, https:\/\/agoravape.com\/wp-content\/uploads\/2025\/10\/Waspe-4-in-1-100K-Puffs-Quad-Flavor-Switch-Vape_Agora_vape-1-768x384.webp 768w, https:\/\/agoravape.com\/wp-content\/uploads\/2025\/10\/Waspe-4-in-1-100K-Puffs-Quad-Flavor-Switch-Vape_Agora_vape-1-1536x768.webp 1536w\" sizes=\"auto, (max-width: 2000px) 100vw, 2000px\" \/><\/h2>\n<h2 data-v-md-heading=\"what-about-the-wasp-four-in-one-100000-mouth-four-flavor-switching-vape\" data-v-md-line=\"3\">Dar ce zici de \u021bigara electronic\u0103 Wasp patru \u00een unu cu 100.000 de guri \u0219i patru arome care schimb\u0103?<\/h2>\n<p data-v-md-line=\"4\">Dac\u0103 te-ai s\u0103turat s\u0103 fumezi \u021big\u0103ri \u00een timpul s\u0103pt\u0103m\u00e2nii, acest produs \u00ee\u021bi va u\u0219ura via\u021ba. Vape-ul Wasp patru \u00een unu are o capacitate de p\u00e2n\u0103 la 100.000 de pufuri, permi\u021b\u00e2ndu-\u021bi s\u0103 schimbi \u00eentre patru arome \u00eentr-un singur dispozitiv. U\u0219or \u0219i convenabil, nu te vei s\u0103tura niciodat\u0103.<\/p>\n<p data-v-md-line=\"6\">Dac\u0103 \u00ee\u021bi dore\u0219ti o \u021bigar\u0103 electronic\u0103 de lung\u0103 durat\u0103 \u0219i distractiv\u0103, aceasta este alegerea ideal\u0103. Po\u021bi alege concentra\u021bia de nicotin\u0103 \u00een func\u021bie de gustul t\u0103u \u0219i o po\u021bi ajusta dup\u0103 cum dore\u0219ti.<\/p>\n<h2 data-v-md-heading=\"excellent-performance-easy-and-convenient\" data-v-md-line=\"8\">Performan\u021b\u0103 excelent\u0103, u\u0219or \u0219i convenabil<\/h2>\n<p data-v-md-line=\"9\">Designul cu patru arome permite schimbarea acestora \u00een doar c\u00e2teva secunde. Fiecare \u00eenc\u0103rc\u0103tor de tutun este atent reglat pentru a oferi o experien\u021b\u0103 de fumat lin\u0103, permi\u021b\u00e2ndu-v\u0103 s\u0103 men\u021bine\u021bi un gust consistent de la \u00eenceput p\u00e2n\u0103 la sf\u00e2r\u0219it. Capacitatea mare \u00eenseamn\u0103 mai pu\u021bini timpi de \u00eenlocuire, oferindu-v\u0103 mai mult timp pentru a v\u0103 bucura de distrac\u021bia vaporiz\u0103rii.<\/p>\n<h2 data-v-md-heading=\"specification-introduction\" data-v-md-line=\"11\">Introducere \u00een specifica\u021bii<\/h2>\n<ul data-v-md-line=\"12\">\n<li>Frecven\u021ba de aspirare: p\u00e2n\u0103 la 100.000 de ori<\/li>\n<li>Con\u021binut de nicotin\u0103: 0%, 2% \u0219i 5%<\/li>\n<li>Principiu de func\u021bionare: Design cu patru arome de comutare<\/li>\n<li>Metod\u0103 de \u00eenc\u0103rcare: nespecificat\u0103<\/li>\n<li>Stare: Gata de utilizare dup\u0103 despachetare<\/li>\n<li>Dimensiune: 47 \u00d7 47 \u00d7 118 milimetri<\/li>\n<li>Greutate: 142 grame per unitate<\/li>\n<\/ul>\n<h2 data-v-md-heading=\"full-flavor-series\" data-v-md-line=\"20\">Serie cu arom\u0103 complet\u0103<\/h2>\n<p data-v-md-line=\"21\">Fiecare dispozitiv con\u021bine patru arome. Iat\u0103 dou\u0103sprezece combina\u021bii de arome:<\/p>\n<ul data-v-md-line=\"22\">\n<li>\u00cenghe\u021bat\u0103 de pepene verde, kiwi cu c\u0103p\u0219uni, pepene verde cu zmeur\u0103, lime cu l\u0103m\u00e2ie<\/li>\n<li>Pepene verde cu c\u0103p\u0219uni, MR. blue, \u00eenghe\u021bat\u0103 de struguri, bomboane curcubeu<\/li>\n<li>Red Bull Ice, Banan\u0103 Ice, Ananas \u0219i Nuc\u0103 de Cocos Ice, Triple Mango Ice<\/li>\n<li>C\u0103p\u0219uni, zmeur\u0103, cire\u0219e, \u00eenghe\u021bat\u0103 de cire\u0219e nebune, \u00eenghe\u021bat\u0103 de cire\u0219e albastre, \u00eenghe\u021bat\u0103 de cola<\/li>\n<li>C\u0103p\u0219uni \u0219i banane, C\u0103p\u0219uni Red Bull, C\u0103p\u0219uni \u0219i mango, Ap\u0103 cu l\u0103m\u00e2ie roz<\/li>\n<li>Ghea\u021b\u0103 de afine, Cavaler Negru, Ghea\u021b\u0103 de c\u0103p\u0219uni, Pepene verde cu c\u0103p\u0219uni<\/li>\n<li>Ghea\u021b\u0103 de Coca-Cola cu Cire\u0219e, Ghea\u021b\u0103 de Coca-Cola cu C\u0103p\u0219uni ... Gum\u0103 de mestecat cu pepene verde \u0219i c\u0103p\u0219uni<\/li>\n<li>\u00cenghe\u021bat\u0103 suculent\u0103 de piersic\u0103, fructe tropicale, explozie de fructe, fructe de piersic\u0103<\/li>\n<li>\u00cenghe\u021bat\u0103 de struguri, kiwi \u0219i c\u0103p\u0219uni, cire\u0219e cu zmeur\u0103 \u0219i c\u0103p\u0219uni, Black Knight<\/li>\n<li>Fructe de p\u0103dure mixte, \u00cenghe\u021bat\u0103 dubl\u0103 cu mere, Zmeur\u0103 cu afine, Miere cu afine<\/li>\n<li>Red Bull cu c\u0103p\u0219uni, gum\u0103 de mestecat cu c\u0103p\u0219uni \u0219i pepene verde, ghea\u021b\u0103 Red Bull, ghea\u021b\u0103 Cherry Cola<\/li>\n<li>Afine, zmeur\u0103, limonad\u0103 cu afine, fructe de p\u0103dure mixte, \u00eenghe\u021bat\u0103 cu miere de struguri<\/li>\n<\/ul>\n<h2 data-v-md-heading=\"for-you-for-your-business\" data-v-md-line=\"35\">Pentru tine, pentru afacerea ta<\/h2>\n<p data-v-md-line=\"36\">Pute\u021bi cump\u0103ra o unitate pentru uz personal sau o pute\u021bi folosi pentru rafturi de containere en-gros. Fiecare cutie en-gros con\u021bine 10 unit\u0103\u021bi \u0219i 160 de unit\u0103\u021bi. Oferim servicii DDP (Delivered Duty Paid) \u00een toat\u0103 Europa prin intermediul unor parteneri de \u00eencredere precum UPS, DPD \u0219i DHL, asigur\u00e2ndu-v\u0103 c\u0103 primi\u021bi bunurile f\u0103r\u0103 probleme, f\u0103r\u0103 a pl\u0103ti taxe vamale sau a \u00eent\u00e2mpina situa\u021bii neprev\u0103zute la vam\u0103.<\/p>\n<h2 data-v-md-heading=\"why-do-you-like-it\" data-v-md-line=\"38\">De ce \u00ee\u021bi place?<\/h2>\n<ul data-v-md-line=\"39\">\n<li>Capacitate mare de fumat: durabil\u0103 \u0219i de lung\u0103 durat\u0103, nu este nevoie s\u0103 cump\u0103ra\u021bi frecvent \u021big\u0103ri noi.<\/li>\n<li>Selec\u021bia con\u021binutului de nicotin\u0103: Alege\u021bi 0%, 2% sau 5% \u00een func\u021bie de preferin\u021be.<\/li>\n<li>Patru arome din care po\u021bi alege: schimb\u0103 aromele oric\u00e2nd \u0219i nu te vei mai s\u0103tura niciodat\u0103.<\/li>\n<li>Durabil \u0219i robust: Dimensiunea este de 47 \u00d7 47 \u00d7 118 milimetri, fiind u\u0219or de transportat \u0219i practic.<\/li>\n<\/ul>\n<h2 data-v-md-heading=\"why-choose-to-collaborate-with-agoravape\" data-v-md-line=\"44\">De ce s\u0103 alegi s\u0103 colaborezi cu AgoraVape?<\/h2>\n<p data-v-md-line=\"45\">Oferim doar produse 100% originale \u0219i credem cu t\u0103rie \u00een acest lucru. Dac\u0103 e\u0219ti o persoan\u0103 de afaceri, achizi\u021bion\u00e2nd un Waspe 4 in 1 cu 100.000 de pufuri din patru arome, te po\u021bi bucura de pre\u021buri reduse en-gros, asisten\u021b\u0103 atent\u0103 pentru clien\u021bi \u0219i servicii rapide de livrare DDP. Contacteaz\u0103-ne pentru a crea un produs care este profund \u00eendr\u0103git de public \u0219i atrage clien\u021bi fideli pentru clien\u021bii t\u0103i.<\/p>","protected":false},"excerpt":{"rendered":"<p>&nbsp;<\/p>\n<p><script src=\"chrome-extension:\/\/fpelahbljekknahkcaegamhcndkfpfnc\/iFrame.js\" type=\"text\/javascript\"><\/script><\/p>","protected":false},"featured_media":12974,"comment_status":"open","ping_status":"closed","template":"","meta":[],"product_brand":[206],"product_cat":[124,187,185,189,176,177,195,174,175,191,173,186,180,190,133],"product_tag":[],"class_list":{"0":"post-12945","1":"product","2":"type-product","3":"status-publish","4":"has-post-thumbnail","6":"product_brand-waspe","7":"product_cat-vape-by-brand","8":"product_cat-0mg-nicotine-free-vapes","9":"product_cat-10000-puffs-high-capacity","10":"product_cat-20mg-standard-nicotine-vapes","11":"product_cat-beverage","12":"product_cat-dessert-sweets","13":"product_cat-dual-flavor-switch","14":"product_cat-fruit-flavors","15":"product_cat-icy-mint","16":"product_cat-rechargeable-disposables","17":"product_cat-vape-by-flavor-profile","18":"product_cat-vape-by-nicotine-strength","19":"product_cat-vape-by-puff-count","20":"product_cat-vape-by-feature-or-type","21":"product_cat-waspe","23":"first","24":"instock","25":"shipping-taxable","26":"purchasable","27":"product-type-variable","28":"has-default-attributes"},"tiered_pricing_type":"percentage","tiered_pricing_fixed_rules":[],"tiered_pricing_product_settings":{"layout":"default","base_unit_name":{"singular":null,"plural":null},"default_variation":null},"tiered_pricing_minimum_quantity":10,"tiered_pricing_roles_data":[],"tiered_pricing_percentage_rules":{"50":"35","100":"40","200":"44","500":"47","1000":"49"},"tiered_pricing_maximum_quantity":null,"tiered_pricing_quantity_step":"10","_links":{"self":[{"href":"https:\/\/agoravape.com\/ro\/wp-json\/wp\/v2\/product\/12945","targetHints":{"allow":["GET"]}}],"collection":[{"href":"https:\/\/agoravape.com\/ro\/wp-json\/wp\/v2\/product"}],"about":[{"href":"https:\/\/agoravape.com\/ro\/wp-json\/wp\/v2\/types\/product"}],"replies":[{"embeddable":true,"href":"https:\/\/agoravape.com\/ro\/wp-json\/wp\/v2\/comments?post=12945"}],"version-history":[{"count":0,"href":"https:\/\/agoravape.com\/ro\/wp-json\/wp\/v2\/product\/12945\/revisions"}],"wp:featuredmedia":[{"embeddable":true,"href":"https:\/\/agoravape.com\/ro\/wp-json\/wp\/v2\/media\/12974"}],"wp:attachment":[{"href":"https:\/\/agoravape.com\/ro\/wp-json\/wp\/v2\/media?parent=12945"}],"wp:term":[{"taxonomy":"product_brand","embeddable":true,"href":"https:\/\/agoravape.com\/ro\/wp-json\/wp\/v2\/product_brand?post=12945"},{"taxonomy":"product_cat","embeddable":true,"href":"https:\/\/agoravape.com\/ro\/wp-json\/wp\/v2\/product_cat?post=12945"},{"taxonomy":"product_tag","embeddable":true,"href":"https:\/\/agoravape.com\/ro\/wp-json\/wp\/v2\/product_tag?post=12945"}],"curies":[{"name":"wp","href":"https:\/\/api.w.org\/{rel}","templated":true}]}}