{"id":13017,"date":"2025-10-10T17:10:24","date_gmt":"2025-10-10T09:10:24","guid":{"rendered":"https:\/\/green-grasshopper-921422.hostingersite.com\/?post_type=product&#038;p=13017"},"modified":"2026-03-14T16:22:43","modified_gmt":"2026-03-14T15:22:43","slug":"waspe-aroma-dubla-40000-puffs-vape","status":"publish","type":"product","link":"https:\/\/agoravape.com\/ro\/product\/waspe-double-flavor-40000-puffs-vape\/","title":{"rendered":"Vape LED 2 \u00een 1 Waspe Double Flavor 40000 Puffs | Dou\u0103 arome \u00eentr-unul. Construit pentru a rezista"},"content":{"rendered":"<h2 data-v-md-heading=\"what-about-the-wasp-double-flavor-40000-mouth-2-in-1-led-vape\" data-v-md-line=\"3\"><img loading=\"lazy\" decoding=\"async\" class=\"aligncenter size-full wp-image-13045\" src=\"https:\/\/agoravape.com\/wp-content\/uploads\/2025\/10\/Waspe-Double-Flavor-40000-Puffs-2-in-1-LED-Vape_Agora_vape-16.webp\" alt=\"\" width=\"1920\" height=\"1080\" srcset=\"https:\/\/agoravape.com\/wp-content\/uploads\/2025\/10\/Waspe-Double-Flavor-40000-Puffs-2-in-1-LED-Vape_Agora_vape-16.webp 1920w, https:\/\/agoravape.com\/wp-content\/uploads\/2025\/10\/Waspe-Double-Flavor-40000-Puffs-2-in-1-LED-Vape_Agora_vape-16-1200x675.webp 1200w, https:\/\/agoravape.com\/wp-content\/uploads\/2025\/10\/Waspe-Double-Flavor-40000-Puffs-2-in-1-LED-Vape_Agora_vape-16-300x169.webp 300w, https:\/\/agoravape.com\/wp-content\/uploads\/2025\/10\/Waspe-Double-Flavor-40000-Puffs-2-in-1-LED-Vape_Agora_vape-16-1024x576.webp 1024w, https:\/\/agoravape.com\/wp-content\/uploads\/2025\/10\/Waspe-Double-Flavor-40000-Puffs-2-in-1-LED-Vape_Agora_vape-16-768x432.webp 768w, https:\/\/agoravape.com\/wp-content\/uploads\/2025\/10\/Waspe-Double-Flavor-40000-Puffs-2-in-1-LED-Vape_Agora_vape-16-1536x864.webp 1536w\" sizes=\"auto, (max-width: 1920px) 100vw, 1920px\" \/><\/h2>\n<h2 data-v-md-heading=\"what-about-the-wasp-double-flavor-40000-mouth-2-in-1-led-vape\" data-v-md-line=\"3\">Dar ce zici de \u021bigara electronic\u0103 Wasp Double Flavor 40000 Mouth 2-\u00een-1 LED?<\/h2>\n<p data-v-md-line=\"4\">Dac\u0103 te-ai s\u0103turat s\u0103-\u021bi schimbi vaporizatorul la mijlocul s\u0103pt\u0103m\u00e2nii, acest produs este alegerea ideal\u0103. Func\u021bia de arom\u0103 dubl\u0103 a Wasp combin\u0103 dou\u0103 arome \u00eentr-una singur\u0103, permi\u021b\u00e2ndu-\u021bi s\u0103 schimbi cu u\u0219urin\u021b\u0103 f\u0103r\u0103 a avea un al doilea vaporizator. Aceast\u0103 idee simpl\u0103 face experien\u021ba zilnic\u0103 de vaping mai u\u0219oar\u0103.<\/p>\n<p data-v-md-line=\"6\">S-ar putea s\u0103 crezi c\u0103 a fuma at\u00e2t de multe \u021big\u0103ri electronice ar fi voluminos, dar acest produs este surprinz\u0103tor de u\u0219or. C\u00e2nt\u0103re\u0219te aproximativ 120 de grame \u0219i poate \u00eenc\u0103pea cu u\u0219urin\u021b\u0103 \u00een buzunarul unei jachete. Dac\u0103 \u00ee\u021bi dore\u0219ti o \u021bigar\u0103 electronic\u0103 fiabil\u0103, cu un gust excelent \u0219i care nu necesit\u0103 o \u00eengrijire atent\u0103, atunci este alegerea ideal\u0103.<\/p>\n<h2 data-v-md-heading=\"excellent-performance-easy-and-convenient\" data-v-md-line=\"8\">Performan\u021b\u0103 excelent\u0103, u\u0219or \u0219i convenabil<\/h2>\n<p data-v-md-line=\"9\">Miezurile de atomizare cu plas\u0103 dubl\u0103 de 0,9 \u03a9 \u00eencorporate asigur\u0103 un gust consistent de la prima p\u00e2n\u0103 la ultima \u00eembuc\u0103tur\u0103. Miezul de atomizare cu plas\u0103 este \u00eenc\u0103lzit uniform, oferind un gust fin \u0219i clar. C\u00e2nd bateria este desc\u0103rcat\u0103, aceasta poate fi \u00eenc\u0103rcat\u0103 folosind interfa\u021ba Type-C. Acesta poate fi acela\u0219i cablu de date folosit pe telefon. Ecranul LED v\u0103 permite s\u0103 \u00een\u021belege\u021bi cu u\u0219urin\u021b\u0103 starea aparatului f\u0103r\u0103 a ghici.<\/p>\n<h2 data-v-md-heading=\"specification-introduction\" data-v-md-line=\"11\">Introducere \u00een specifica\u021bii<\/h2>\n<ul data-v-md-line=\"12\">\n<li>Frecven\u021ba de aspirare: p\u00e2n\u0103 la 40000 de ori<\/li>\n<li>Con\u021binut de nicotin\u0103: 0%, 2% \u0219i 5%<\/li>\n<li>Principiu de func\u021bionare: Se activeaz\u0103 cu o singur\u0103 pufnire<\/li>\n<li>\u00cenc\u0103rcare: Interfa\u021b\u0103 USB standard de tip C<\/li>\n<li>Stare: Gata de utilizare dup\u0103 despachetare<\/li>\n<\/ul>\n<h2 data-v-md-heading=\"full-range-of-flavors\" data-v-md-line=\"18\">Gam\u0103 complet\u0103 de arome<\/h2>\n<ul data-v-md-line=\"19\">\n<li>\u00cenghe\u021bat\u0103 de pepene verde \u0219i limet\u0103<\/li>\n<li>Ghea\u021b\u0103 cu sifon de cire\u0219e \u0219i bezele cu afine<\/li>\n<li>Pepene verde cu c\u0103p\u0219uni \u0219i zmeur\u0103 cu afine<\/li>\n<li>Red Bull Ice \u0219i C\u0103p\u0219uni Mango<\/li>\n<li>Ghea\u021b\u0103 de piersic\u0103 \u0219i ananas, mango \u0219i piersic\u0103<\/li>\n<li>\u00cenghe\u021bat\u0103 de struguri \u0219i kiwi cu c\u0103p\u0219uni<\/li>\n<li>Amestec de fructe de p\u0103dure \u0219i \u00eenghe\u021bat\u0103 dubl\u0103 de mere<\/li>\n<li>Gum\u0103 de mestecat cu limonad\u0103 cu afine \u0219i pepene verde<\/li>\n<li>C\u0103p\u0219uni, zmeur\u0103, cire\u0219e \u0219i dragoste 666<\/li>\n<li>C\u0103p\u0219uni, banan\u0103, ananas, \u00eenghe\u021bat\u0103 de cocos<\/li>\n<li>C\u0103p\u0219uni, pepene verde, gum\u0103 de mestecat \u0219i fructe mixte<\/li>\n<li>Ghea\u021b\u0103 de Coca-Cola cu Cire\u0219e \u0219i Bomboane de Zmeur\u0103 cu C\u0103p\u0219uni<\/li>\n<li>Arom\u0103 de m\u0103r acru, zmeur\u0103, c\u0103p\u0219uni<\/li>\n<li>Arom\u0103 de piersic\u0103, fructe de p\u0103dure \u0219i pepene verde cu mango<\/li>\n<li>Smoothie cu afine \u0219i smoothie cu Dragonul Negru<\/li>\n<li>Arom\u0103 de c\u0103p\u0219uni, cire\u0219e, kiwi, fructul pasiunii<\/li>\n<\/ul>\n<h2 data-v-md-heading=\"for-you-and-for-your-business-as-well\" data-v-md-line=\"36\">Pentru tine, dar \u0219i pentru afacerea ta<\/h2>\n<p data-v-md-line=\"37\">Po\u021bi cump\u0103ra unul pentru uz personal sau po\u021bi face stocuri pentru magazinul t\u0103u. Arom\u0103 dubl\u0103 Waspe, 10 buc\u0103\u021bi per cutie, 160 de buc\u0103\u021bi per cutie. Acest lucru face ca gestionarea comenzilor \u0219i a stocurilor s\u0103 fie mai convenabil\u0103.<\/p>\n<p data-v-md-line=\"39\">Livr\u0103m prin intermediul unor parteneri de \u00eencredere, precum UPS, DPD \u0219i DHL, cu principiul \u201eDelivered Duty Paid\u201d (DDP), astfel \u00eenc\u00e2t s\u0103 pute\u021bi beneficia de timpi de livrare previzibili \u0219i s\u0103 evita\u021bi situa\u021biile nea\u0219teptate la vam\u0103. Din cauza reglement\u0103rilor locale, situa\u021bia aprovizion\u0103rii \u0219i concentra\u021bia de nicotin\u0103 pot varia \u00een diferite \u021b\u0103ri\/regiuni.<\/p>\n<h2 data-v-md-heading=\"why-do-you-like-it\" data-v-md-line=\"41\">De ce \u00ee\u021bi place?<\/h2>\n<ul data-v-md-line=\"42\">\n<li>Capacitate mare de aspirare: durat\u0103 mai lung\u0103, deci nu este nevoie s\u0103 cump\u0103ra\u021bi frecvent altele noi.<\/li>\n<li>Selectarea concentra\u021biei de nicotin\u0103: Alege\u021bi concentra\u021bia care vi se potrive\u0219te.<\/li>\n<li>Re\u00eenc\u0103rcabil\u0103: Folose\u0219ti toate lichidele electronice achizi\u021bionate.<\/li>\n<li>Spir\u0103 de tip plas\u0103: Gust consistent, oferind o experien\u021b\u0103 fin\u0103 de fiecare dat\u0103.<\/li>\n<\/ul>\n<h2 data-v-md-heading=\"why-collaborate-with-agoravape\" data-v-md-line=\"47\">De ce s\u0103 colaborezi cu AgoraVape?<\/h2>\n<p data-v-md-line=\"48\">Vindem numai produse originale 100% de la m\u0103rci de \u00eencredere. Pentru cump\u0103r\u0103torii comerciali, acest lucru \u00eenseamn\u0103 pre\u021buri corecte cu ridicata, suport de \u00eencredere \u0219i livrare rapid\u0103 \u0219i de \u00eencredere pentru Waspe dual flavor 40000 mouth 2-in-1 LED vapes. Dac\u0103 dori\u021bi s\u0103 achizi\u021biona\u021bi dispozitive pe care clien\u021bii repeta\u021bi le iubesc, v\u0103 rug\u0103m s\u0103 ne contacta\u021bi.<\/p>","protected":false},"excerpt":{"rendered":"<p>Ce zici de Wasp Double Flavor 40000 Mouth 2-in-1 LED vape? Dac\u0103 v-a\u021bi s\u0103turat s\u0103 v\u0103 schimba\u021bi vapele la mijlocul s\u0103pt\u0103m\u00e2nii,<\/p>","protected":false},"featured_media":13047,"comment_status":"open","ping_status":"closed","template":"","meta":[],"product_brand":[206],"product_cat":[124,187,185,189,1639,176,177,195,174,175,193,191,173,186,180,190,192,133],"product_tag":[],"class_list":{"0":"post-13017","1":"product","2":"type-product","3":"status-publish","4":"has-post-thumbnail","6":"product_brand-waspe","7":"product_cat-vape-by-brand","8":"product_cat-0mg-nicotine-free-vapes","9":"product_cat-10000-puffs-high-capacity","10":"product_cat-20mg-standard-nicotine-vapes","11":"product_cat-40000-puffs","12":"product_cat-beverage","13":"product_cat-dessert-sweets","14":"product_cat-dual-flavor-switch","15":"product_cat-fruit-flavors","16":"product_cat-icy-mint","17":"product_cat-mesh-coil","18":"product_cat-rechargeable-disposables","19":"product_cat-vape-by-flavor-profile","20":"product_cat-vape-by-nicotine-strength","21":"product_cat-vape-by-puff-count","22":"product_cat-vape-by-feature-or-type","23":"product_cat-vapes-with-screens","24":"product_cat-waspe","26":"first","27":"instock","28":"shipping-taxable","29":"purchasable","30":"product-type-variable","31":"has-default-attributes"},"tiered_pricing_type":"percentage","tiered_pricing_fixed_rules":[],"tiered_pricing_product_settings":{"layout":"default","base_unit_name":{"singular":null,"plural":null},"default_variation":null},"tiered_pricing_minimum_quantity":10,"tiered_pricing_roles_data":[],"tiered_pricing_percentage_rules":{"50":"35","100":"40","200":"44","500":"47","1000":"49"},"tiered_pricing_maximum_quantity":null,"tiered_pricing_quantity_step":"10","_links":{"self":[{"href":"https:\/\/agoravape.com\/ro\/wp-json\/wp\/v2\/product\/13017","targetHints":{"allow":["GET"]}}],"collection":[{"href":"https:\/\/agoravape.com\/ro\/wp-json\/wp\/v2\/product"}],"about":[{"href":"https:\/\/agoravape.com\/ro\/wp-json\/wp\/v2\/types\/product"}],"replies":[{"embeddable":true,"href":"https:\/\/agoravape.com\/ro\/wp-json\/wp\/v2\/comments?post=13017"}],"version-history":[{"count":0,"href":"https:\/\/agoravape.com\/ro\/wp-json\/wp\/v2\/product\/13017\/revisions"}],"wp:featuredmedia":[{"embeddable":true,"href":"https:\/\/agoravape.com\/ro\/wp-json\/wp\/v2\/media\/13047"}],"wp:attachment":[{"href":"https:\/\/agoravape.com\/ro\/wp-json\/wp\/v2\/media?parent=13017"}],"wp:term":[{"taxonomy":"product_brand","embeddable":true,"href":"https:\/\/agoravape.com\/ro\/wp-json\/wp\/v2\/product_brand?post=13017"},{"taxonomy":"product_cat","embeddable":true,"href":"https:\/\/agoravape.com\/ro\/wp-json\/wp\/v2\/product_cat?post=13017"},{"taxonomy":"product_tag","embeddable":true,"href":"https:\/\/agoravape.com\/ro\/wp-json\/wp\/v2\/product_tag?post=13017"}],"curies":[{"name":"wp","href":"https:\/\/api.w.org\/{rel}","templated":true}]}}