{"id":13053,"date":"2025-10-10T20:12:02","date_gmt":"2025-10-10T12:12:02","guid":{"rendered":"https:\/\/green-grasshopper-921422.hostingersite.com\/?post_type=product&#038;p=13053"},"modified":"2026-03-26T13:22:23","modified_gmt":"2026-03-26T12:22:23","slug":"waspe-cristal-40000-puffs-dual-aroma-vape","status":"publish","type":"product","link":"https:\/\/agoravape.com\/ro\/product\/waspe-crystal-40000-puffs-dual-flavor-vape\/","title":{"rendered":"Vape Waspe Crystal 40000 Puffs cu arom\u0103 dubl\u0103 | Capacitate imens\u0103 cu dou\u0103 arome \u00eentr-una singur\u0103"},"content":{"rendered":"<h2 data-v-md-heading=\"what-are-the-highlights-of-the-waspe-crystal-40000-dual-flavored-vape\" data-v-md-line=\"3\"><\/h2>\n<p><img loading=\"lazy\" decoding=\"async\" class=\"aligncenter size-full wp-image-13071\" src=\"https:\/\/agoravape.com\/wp-content\/uploads\/2025\/10\/Waspe-Crystal-40000-Puffs-Dual-Flavor-Vape_Agora_vape-1.webp\" alt=\"\" width=\"2000\" height=\"1125\" srcset=\"https:\/\/agoravape.com\/wp-content\/uploads\/2025\/10\/Waspe-Crystal-40000-Puffs-Dual-Flavor-Vape_Agora_vape-1.webp 2000w, https:\/\/agoravape.com\/wp-content\/uploads\/2025\/10\/Waspe-Crystal-40000-Puffs-Dual-Flavor-Vape_Agora_vape-1-1200x675.webp 1200w, https:\/\/agoravape.com\/wp-content\/uploads\/2025\/10\/Waspe-Crystal-40000-Puffs-Dual-Flavor-Vape_Agora_vape-1-300x169.webp 300w, https:\/\/agoravape.com\/wp-content\/uploads\/2025\/10\/Waspe-Crystal-40000-Puffs-Dual-Flavor-Vape_Agora_vape-1-1024x576.webp 1024w, https:\/\/agoravape.com\/wp-content\/uploads\/2025\/10\/Waspe-Crystal-40000-Puffs-Dual-Flavor-Vape_Agora_vape-1-768x432.webp 768w, https:\/\/agoravape.com\/wp-content\/uploads\/2025\/10\/Waspe-Crystal-40000-Puffs-Dual-Flavor-Vape_Agora_vape-1-1536x864.webp 1536w\" sizes=\"auto, (max-width: 2000px) 100vw, 2000px\" \/><\/p>\n<h2 data-v-md-heading=\"what-are-the-highlights-of-the-waspe-crystal-40000-dual-flavored-vape\" data-v-md-line=\"3\">Care sunt punctele forte ale \u021big\u0103rii electronice cu arom\u0103 dubl\u0103 Waspe Crystal 40000?<\/h2>\n<p data-v-md-line=\"4\">Dac\u0103 nu v\u0103 place s\u0103 folosi\u021bi vaporizatorul \u00een timpul s\u0103pt\u0103m\u00e2nii, atunci acest produs v\u0103 va atrage cu siguran\u021b\u0103 aten\u021bia. Waspe Crystal pretinde c\u0103 are o capacitate de p\u00e2n\u0103 la 40000 de \u00eenghi\u021bituri pe un singur aparat \u0219i vine cu dou\u0103 arome. V\u0103 pute\u021bi bucura de o durat\u0103 de via\u021b\u0103 ultra-lung\u0103 a bateriei \u0219i pute\u021bi alege diferite arome f\u0103r\u0103 a v\u0103 schimba vaporizatorul.<\/p>\n<p data-v-md-line=\"6\">Este potrivit pentru orice utilizator care urm\u0103re\u0219te simplitatea, u\u0219urin\u021ba \u00een utilizare \u0219i capacitatea mare. Pur \u0219i simplu inhaleaz\u0103 pentru a aprinde o \u021bigar\u0103 \u0219i se \u00eencarc\u0103 prin interfa\u021ba Type-C. F\u0103r\u0103 butoane, operare convenabil\u0103. \u00cen ciuda num\u0103rului uimitor de dispozitive pe care le folose\u0219te, c\u00e2nt\u0103re\u0219te doar 105 grame \u0219i m\u0103soar\u0103 61 \u00d7 31 \u00d7 115 milimetri, fiind surprinz\u0103tor de u\u0219or \u0219i portabil.<\/p>\n<h2 data-v-md-heading=\"excellent-performance-easy-and-convenient\" data-v-md-line=\"8\">Performan\u021b\u0103 excelent\u0103, u\u0219or \u0219i convenabil<\/h2>\n<p data-v-md-line=\"9\">Rezistenta dubla de 0,9 \u03a9, men\u021bin\u00e2nd \u00eentotdeauna un gust r\u0103coritor. Rezistenta este \u00eenc\u0103lzit\u0103 uniform pentru a asigura un gust consistent la fiecare \u00eembuc\u0103tur\u0103. C\u00e2nd bateria este desc\u0103rcat\u0103, pute\u021bi utiliza cablul de date Type-C existent pentru \u00eenc\u0103rcare. Ecranul LED v\u0103 permite s\u0103 \u00een\u021belege\u021bi cu u\u0219urin\u021b\u0103 starea bateriei \u0219i s\u0103 controla\u021bi totul dintr-o privire.<\/p>\n<h2 data-v-md-heading=\"specification-introduction\" data-v-md-line=\"11\">Introducere \u00een specifica\u021bii<\/h2>\n<ul data-v-md-line=\"12\">\n<li>Frecven\u021ba de aspirare: p\u00e2n\u0103 la 40000 de ori<\/li>\n<li>Con\u021binut de nicotin\u0103: 0%, 2% (20 mg), 5%<\/li>\n<li>Principiu de func\u021bionare: Activat prin inhalare<\/li>\n<li>\u00cenc\u0103rcare: Interfa\u021b\u0103 USB standard de tip C<\/li>\n<li>Baterie: 850mAh<\/li>\n<li>Capacitate lichid electronic: 32 mililitri<\/li>\n<li>Miez de atomizare: plas\u0103 dubl\u0103 0,9 \u03a9 \u00d7 2<\/li>\n<li>Ecran de afi\u0219are: LED<\/li>\n<li>Dimensiuni \u0219i greutate: 61 \u00d7 31 \u00d7 115 milimetri, 105 grame<\/li>\n<li>Stare: Gata de utilizare dup\u0103 despachetare<\/li>\n<\/ul>\n<h2 data-v-md-heading=\"multiple-flavor-options\" data-v-md-line=\"23\">Op\u021biuni multiple de arome<\/h2>\n<ul data-v-md-line=\"24\">\n<li>Pepene verde r\u0103coritor, arom\u0103 de l\u0103m\u00e2ie \u0219i lime<\/li>\n<li>Aroma r\u0103coritoare de c\u0103p\u0219uni \u0219i mango de la Red Bull<\/li>\n<li>C\u0103p\u0219uni, Red Bull, Afine, Arom\u0103 de Cire\u0219e<\/li>\n<li>Bomboane de afine cu arom\u0103 de c\u0103p\u0219uni \u0219i pepene verde<\/li>\n<li>C\u0103p\u0219uni kiwi, arom\u0103 de c\u0103p\u0219uni \u0219i cire\u0219e<\/li>\n<li>Afine, zmeur\u0103, piersici, gust r\u0103coritor<\/li>\n<li>C\u0103p\u0219uni, zmeur\u0103, inim\u0103 de cire\u0219e, 666 de arome<\/li>\n<li>Cuburi de ghea\u021b\u0103 cu arom\u0103 de piersic\u0103, combinate cu pepene verde, mango \u0219i piersic\u0103<\/li>\n<li>C\u0103p\u0219uni, banan\u0103, ananas, nuc\u0103 de cocos, cuburi de ghea\u021b\u0103<\/li>\n<li>Cuburi de ghea\u021b\u0103 de struguri asociate cu cuburi de ghea\u021b\u0103 Black Dragon<\/li>\n<li>Ap\u0103 cu l\u0103m\u00e2ie \u0219i zmeur\u0103, fructe de p\u0103dure mixte<\/li>\n<li>Cuburi de ghea\u021b\u0103 cu afine asociate cu cuburi de ghea\u021b\u0103 cu cola de cire\u0219e<\/li>\n<\/ul>\n<h2 data-v-md-heading=\"for-you-for-your-business\" data-v-md-line=\"37\">Pentru tine, pentru afacerea ta<\/h2>\n<p data-v-md-line=\"38\">Pute\u021bi alege perechile de cuburi de ghea\u021b\u0103 Waspe Crystal 40000 pentru uz personal sau le pute\u021bi achizi\u021biona pentru magazinul dvs. Ambalaj en-gros: 10 buc\u0103\u021bi per cutie, 200 de buc\u0103\u021bi per cutie. Colabor\u0103m cu parteneri precum UPS, DPD \u0219i DHL pentru a oferi servicii de livrare DDP pentru gestionarea procedurilor vamale \u0219i asigurarea unei livr\u0103ri f\u0103r\u0103 probleme \u00een toat\u0103 Europa.<\/p>\n<p data-v-md-line=\"40\">Dac\u0103 sunte\u021bi un cump\u0103r\u0103tor angro, v\u0103 rug\u0103m s\u0103 ne comunica\u021bi cererea dvs. de pe pia\u021b\u0103. V\u0103 vom ajuta s\u0103 planifica\u021bi combina\u021bii de produse \u0219i arome pentru o livrare rapid\u0103.<\/p>\n<h2 data-v-md-heading=\"why-do-you-like-it\" data-v-md-line=\"42\">De ce \u00ee\u021bi place?<\/h2>\n<ul data-v-md-line=\"43\">\n<li>Aspira\u021bie masiv\u0103: Pur \u0219i simplu reumple\u021bi \u00eenc\u0103rc\u0103torul f\u0103r\u0103 a v\u0103 face griji cu privire la problemele de stoc<\/li>\n<li>Selec\u021bia con\u021binutului de nicotin\u0103: Alege\u021bi zero nicotin\u0103, 20 mg sau 50 mg \u00een func\u021bie de preferin\u021be<\/li>\n<li>Re\u00eenc\u0103rcabil: Fiecare pic\u0103tur\u0103 de lichid electronic pe care o achizi\u021biona\u021bi poate fi folosit\u0103<\/li>\n<li>Spir\u0103 de plas\u0103: de la prima p\u00e2n\u0103 la ultima \u00eembuc\u0103tur\u0103, gustul este consistent, fin \u0219i nestingherit<\/li>\n<li>Arome duble: Nu este nevoie s\u0103 transporta\u021bi dou\u0103 dispozitive pentru a schimba aromele<\/li>\n<li>Ecran LED: Cite\u0219te rapid starea, astfel \u00eenc\u00e2t s\u0103 nu fie nevoie s\u0103 ghice\u0219ti<\/li>\n<\/ul>\n<h2 data-v-md-heading=\"important-explanation-on-compliance-and-transparency\" data-v-md-line=\"50\">Explica\u021bii importante privind conformitatea \u0219i transparen\u021ba<\/h2>\n<ul data-v-md-line=\"51\">\n<li>Capacitatea nominal\u0103 de aspirare de 40000 de ori provine din testul de aspirare pe distan\u021b\u0103 scurt\u0103 realizat de produc\u0103tor, iar valoarea real\u0103 poate varia \u00een func\u021bie de metoda de utilizare.<\/li>\n<li>Acest dispozitiv are o capacitate de 32 de mililitri \u0219i ofer\u0103 o op\u021biune cu un con\u021binut de nicotin\u0103 de 5%. Aceasta nu respect\u0103 restric\u021biile de v\u00e2nzare cu am\u0103nuntul ale Directivei UE privind produsele de tutun, care prev\u0103d o capacitate de 2 mililitri pentru lichidul de unic\u0103 folosin\u021b\u0103 \u0219i un con\u021binut de nicotin\u0103 de 20 de miligrame.<\/li>\n<li>Op\u021biunea de 2% respect\u0103 limita de con\u021binut de nicotin\u0103 TPD, dar capacitatea de 32 ml nu o respect\u0103. Situa\u021bia aprovizion\u0103rii depinde de reglement\u0103rile locale. V\u0103 rug\u0103m s\u0103 verifica\u021bi reglement\u0103rile relevante din \u021bara\/regiunea dvs. \u00eenainte de a face o achizi\u021bie.<\/li>\n<li>Pe pia\u021ba reglementat\u0103 a UE, cump\u0103r\u0103torii comerciali ar trebui s\u0103 ne contacteze pentru solu\u021bii alternative conforme \u0219i \u00eendrum\u0103ri.<\/li>\n<\/ul>\n<h2 data-v-md-heading=\"why-collaborate-with-agoravape\" data-v-md-line=\"56\">De ce s\u0103 colaborezi cu AgoraVape?<\/h2>\n<p data-v-md-line=\"57\">Cump\u0103r\u0103m echipamente originale doar de pe canale verificate \u0219i oferim specifica\u021bii clare \u0219i r\u0103spunsuri directe. Fiind unul dintre distribuitorii de \u00eencredere de \u021big\u0103ri electronice din Europa, oferim pre\u021buri en-gros corecte, asisten\u021b\u0103 rapid\u0103 pentru clien\u021bi \u0219i livrare rapid\u0103 DDP. V\u0103 rug\u0103m s\u0103 ne contacta\u021bi pentru a comanda \u021big\u0103ri electronice Waspe Crystal 40000 cu arom\u0103 dubl\u0103 sau pentru a g\u0103si seria compatibil\u0103 pe care clien\u021bii dvs. o iubesc cu adev\u0103rat.<\/p>","protected":false},"excerpt":{"rendered":"<p>Care sunt punctele forte ale vapei Waspe Crystal 40000 cu arom\u0103 dubl\u0103? Dac\u0103 nu v\u0103 place s\u0103 utiliza\u021bi vapori \u00een timpul s\u0103pt\u0103m\u00e2nii, atunci<\/p>","protected":false},"featured_media":13083,"comment_status":"open","ping_status":"closed","template":"","meta":[],"product_brand":[206],"product_cat":[124,187,185,189,1639,176,195,174,175,193,191,179,173,186,180,190,192,133],"product_tag":[],"class_list":{"0":"post-13053","1":"product","2":"type-product","3":"status-publish","4":"has-post-thumbnail","6":"product_brand-waspe","7":"product_cat-vape-by-brand","8":"product_cat-0mg-nicotine-free-vapes","9":"product_cat-10000-puffs-high-capacity","10":"product_cat-20mg-standard-nicotine-vapes","11":"product_cat-40000-puffs","12":"product_cat-beverage","13":"product_cat-dual-flavor-switch","14":"product_cat-fruit-flavors","15":"product_cat-icy-mint","16":"product_cat-mesh-coil","17":"product_cat-rechargeable-disposables","18":"product_cat-unique-blends","19":"product_cat-vape-by-flavor-profile","20":"product_cat-vape-by-nicotine-strength","21":"product_cat-vape-by-puff-count","22":"product_cat-vape-by-feature-or-type","23":"product_cat-vapes-with-screens","24":"product_cat-waspe","26":"first","27":"onbackorder","28":"shipping-taxable","29":"purchasable","30":"product-type-variable","31":"has-default-attributes"},"tiered_pricing_type":"percentage","tiered_pricing_fixed_rules":[],"tiered_pricing_product_settings":{"layout":"default","base_unit_name":{"singular":null,"plural":null},"default_variation":null},"tiered_pricing_minimum_quantity":10,"tiered_pricing_roles_data":[],"tiered_pricing_percentage_rules":{"50":"35","100":"40","200":"44","500":"47","1000":"49"},"tiered_pricing_maximum_quantity":null,"tiered_pricing_quantity_step":"10","_links":{"self":[{"href":"https:\/\/agoravape.com\/ro\/wp-json\/wp\/v2\/product\/13053","targetHints":{"allow":["GET"]}}],"collection":[{"href":"https:\/\/agoravape.com\/ro\/wp-json\/wp\/v2\/product"}],"about":[{"href":"https:\/\/agoravape.com\/ro\/wp-json\/wp\/v2\/types\/product"}],"replies":[{"embeddable":true,"href":"https:\/\/agoravape.com\/ro\/wp-json\/wp\/v2\/comments?post=13053"}],"version-history":[{"count":0,"href":"https:\/\/agoravape.com\/ro\/wp-json\/wp\/v2\/product\/13053\/revisions"}],"wp:featuredmedia":[{"embeddable":true,"href":"https:\/\/agoravape.com\/ro\/wp-json\/wp\/v2\/media\/13083"}],"wp:attachment":[{"href":"https:\/\/agoravape.com\/ro\/wp-json\/wp\/v2\/media?parent=13053"}],"wp:term":[{"taxonomy":"product_brand","embeddable":true,"href":"https:\/\/agoravape.com\/ro\/wp-json\/wp\/v2\/product_brand?post=13053"},{"taxonomy":"product_cat","embeddable":true,"href":"https:\/\/agoravape.com\/ro\/wp-json\/wp\/v2\/product_cat?post=13053"},{"taxonomy":"product_tag","embeddable":true,"href":"https:\/\/agoravape.com\/ro\/wp-json\/wp\/v2\/product_tag?post=13053"}],"curies":[{"name":"wp","href":"https:\/\/api.w.org\/{rel}","templated":true}]}}