{"id":13100,"date":"2025-10-10T20:32:14","date_gmt":"2025-10-10T12:32:14","guid":{"rendered":"https:\/\/green-grasshopper-921422.hostingersite.com\/?post_type=product&#038;p=13100"},"modified":"2026-03-26T13:22:23","modified_gmt":"2026-03-26T12:22:23","slug":"waspe-cutie-digitala-12000-pufuri-lcd-vape","status":"publish","type":"product","link":"https:\/\/agoravape.com\/ro\/product\/waspe-digital-box-12000-puffs-lcd-vape\/","title":{"rendered":"Waspe Digital Box 12000 Puffs cu ecran LCD, Vape | Arom\u0103 de lung\u0103 durat\u0103, u\u0219or de utilizat"},"content":{"rendered":"<h2 data-v-md-heading=\"what-are-the-advantages-of-waspe-digital-box-12000-lcd-screen-vapes\" data-v-md-line=\"3\">Care sunt avantajele \u021big\u0103rilor electronice cu ecran LCD Waspe Digital Box 12000?<\/h2>\n<p data-v-md-line=\"4\">Dac\u0103 te-ai s\u0103turat de \u021big\u0103rile electronice de unic\u0103 folosin\u021b\u0103 care se epuizeaz\u0103 la \u00eenceputul utiliz\u0103rii, atunci acest produs \u00ee\u021bi va face s\u0103pt\u0103m\u00e2na mult mai u\u0219oar\u0103. Waspe Digital Box este echipat\u0103 cu o baterie re\u00eenc\u0103rcabil\u0103 care poate stoca p\u00e2n\u0103 la 12000 de pufuri, a\u0219a c\u0103 po\u021bi folosi efectiv 20 de mililitri de e-lichid.<\/p>\n<p data-v-md-line=\"6\">Este conceput pentru cei care vor s\u0103 se bucure de vapori fiabili, delicio\u0219i \u0219i f\u0103r\u0103 efort. Trebuie doar s\u0103 tragi un fum pentru a-l activa. Ecranul LCD \u00ee\u021bi permite s\u0103 ai o imagine clar\u0103 a situa\u021biei dintr-o privire, f\u0103r\u0103 a fi nevoie s\u0103-\u021bi faci griji cu privire la \u00eenc\u0103rcare.<\/p>\n<h2 data-v-md-heading=\"excellent-performance-easy-and-convenient\" data-v-md-line=\"8\">Performan\u021b\u0103 excelent\u0103, u\u0219or \u0219i convenabil<\/h2>\n<p data-v-md-line=\"9\">Spirala tip plas\u0103 este nucleul acestui dispozitiv. De aceea, fiecare \u00eembuc\u0103tur\u0103 este la fel de delicioas\u0103 ca prima gustare. C\u00e2nd bateria este desc\u0103rcat\u0103, pute\u021bi utiliza cablul de date Type-C care poate fi deja disponibil pe telefon pentru a conecta dispozitivul. Ecranul va afi\u0219a rapid actualiz\u0103ri de stare, permi\u021b\u00e2ndu-v\u0103 s\u0103 controla\u021bi totul f\u0103r\u0103 s\u0103 v\u0103 face\u021bi griji cu privire la set\u0103ri.<\/p>\n<h2 data-v-md-heading=\"specification-introduction\" data-v-md-line=\"11\">Introducere \u00een specifica\u021bii<\/h2>\n<ul data-v-md-line=\"12\">\n<li>Frecven\u021ba de aspirare: p\u00e2n\u0103 la 12000 de ori<\/li>\n<li>Con\u021binut de nicotin\u0103: 0%, 2%, 3%, 5%<\/li>\n<li>Principiu de func\u021bionare: Se activeaz\u0103 cu o singur\u0103 pufnire<\/li>\n<li>Metod\u0103 de \u00eenc\u0103rcare: Interfa\u021b\u0103 USB standard de tip C<\/li>\n<li>Stare: Gata de utilizare imediat ce este scoas\u0103 din cutie<\/li>\n<li>Capacitate lichid electronic: 20 mililitri<\/li>\n<li>Baterie: baterie re\u00eenc\u0103rcabil\u0103 de 650 mAh<\/li>\n<li>Miez de atomizare: plas\u0103, 0,8 \u03a9<\/li>\n<li>Ecran de afi\u0219are: ecran LCD<\/li>\n<\/ul>\n<h2 data-v-md-heading=\"full-range-of-flavors\" data-v-md-line=\"22\">Gam\u0103 complet\u0103 de arome<\/h2>\n<ul data-v-md-line=\"23\">\n<li>Ghea\u021b\u0103 de pepene verde<\/li>\n<li>Patinoar albastru<\/li>\n<li>Ghea\u021b\u0103 de struguri<\/li>\n<li>Pepene verde cu c\u0103p\u0219uni<\/li>\n<li>Fructe de p\u0103dure mixte<\/li>\n<li>Gogo\u0219i cu c\u0103p\u0219uni<\/li>\n<li>Afine \u0219i zmeur\u0103<\/li>\n<li>C\u0103p\u0219uni, zmeur\u0103, cire\u0219e<\/li>\n<li>Pepene verde, Mango, Piersic\u0103<\/li>\n<li>Suc de pere cu vin ro\u0219u<\/li>\n<\/ul>\n<h2 data-v-md-heading=\"to-create-for-you-and-your-business\" data-v-md-line=\"34\">Pentru a crea pentru tine \u0219i afacerea ta<\/h2>\n<p data-v-md-line=\"35\">Permite\u021bi-mi s\u0103 aleg unul pentru dvs. ast\u0103zi! Dac\u0103 de\u021bine\u021bi un magazin, pute\u021bi stoca cutii en-gros de 10 unit\u0103\u021bi \u0219i cutii exterioare de 200 de unit\u0103\u021bi. Fiecare cutie are o greutate brut\u0103 de 18,5 kilograme \u0219i dimensiuni de 690 \u00d7 313 \u00d7 220 milimetri.<\/p>\n<p data-v-md-line=\"37\">Colabor\u0103m cu parteneri de \u00eencredere precum UPS, DPD \u0219i DHL pentru a oferi servicii complete de transport DDP \u00een Europa, asigur\u00e2ndu-ne c\u0103 nu ve\u021bi \u00eent\u00e2mpina accidente la vam\u0103. Documentul este clar. Livrare rapid\u0103. De la finalizarea comenzii p\u00e2n\u0103 la livrarea la domiciliu, toate opera\u021biunile sunt clare dintr-o privire.<\/p>\n<h2 data-v-md-heading=\"why-do-you-like-it\" data-v-md-line=\"39\">De ce \u00ee\u021bi place?<\/h2>\n<ul data-v-md-line=\"40\">\n<li>Pufuri multiple: Durabile \u0219i de lung\u0103 durat\u0103, nu este nevoie s\u0103 cump\u0103ra\u021bi frecvent \u021big\u0103ri noi.<\/li>\n<li>Selectarea concentra\u021biei de nicotin\u0103: Alege\u021bi concentra\u021bia potrivit\u0103 pentru ziua dumneavoastr\u0103.<\/li>\n<li>Re\u00eenc\u0103rcabil\u0103: Vei r\u0103m\u00e2ne f\u0103r\u0103 lichid pentru \u021bigara electronic\u0103 de fiecare dat\u0103 c\u00e2nd \u00eel cumperi.<\/li>\n<li>Miez de atomizor din plas\u0103: De la prima p\u00e2n\u0103 la ultima \u00eembuc\u0103tur\u0103, gustul r\u0103m\u00e2ne consistent.<\/li>\n<li>Ecran LCD: Starea este clar\u0103 dintr-o privire, totul este sub control.<\/li>\n<\/ul>\n<h2 data-v-md-heading=\"why-choose-to-collaborate-with-agoravape\" data-v-md-line=\"46\">De ce s\u0103 alegi s\u0103 colaborezi cu AgoraVape?<\/h2>\n<p data-v-md-line=\"47\">Vindem doar produse 100% originale \u0219i nu avem nicio \u00eendoial\u0103 \u00een privin\u021ba asta. Clien\u021bii companii care achizi\u021bioneaz\u0103 \u021big\u0103ri electronice cu ecran LCD Waspe Digital Box 12000 se pot bucura de pre\u021buri reduse en-gros, asisten\u021b\u0103 prietenoas\u0103 \u0219i servicii de livrare rapide \u0219i fiabile. Dori\u021bi s\u0103 verifica\u021bi autenticitatea sau s\u0103 plasa\u021bi comenzi \u00een vrac? V\u0103 rug\u0103m s\u0103 ne contacta\u021bi \u0219i vom aranja stocul pentru dvs. pentru a asigura o rat\u0103 ridicat\u0103 de returnare a clien\u021bilor.<\/p>","protected":false},"excerpt":{"rendered":"<p>Care sunt avantajele vaporilor Waspe Digital Box 12000 cu ecran LCD? Dac\u0103 v-a\u021bi s\u0103turat de vapoarele de unic\u0103 folosin\u021b\u0103 care<\/p>","protected":false},"featured_media":13116,"comment_status":"open","ping_status":"closed","template":"","meta":[],"product_brand":[206],"product_cat":[124,187,185,1634,189,174,175,193,191,179,173,186,180,190,192,133],"product_tag":[],"class_list":{"0":"post-13100","1":"product","2":"type-product","3":"status-publish","4":"has-post-thumbnail","6":"product_brand-waspe","7":"product_cat-vape-by-brand","8":"product_cat-0mg-nicotine-free-vapes","9":"product_cat-10000-puffs-high-capacity","10":"product_cat-12000-puffs","11":"product_cat-20mg-standard-nicotine-vapes","12":"product_cat-fruit-flavors","13":"product_cat-icy-mint","14":"product_cat-mesh-coil","15":"product_cat-rechargeable-disposables","16":"product_cat-unique-blends","17":"product_cat-vape-by-flavor-profile","18":"product_cat-vape-by-nicotine-strength","19":"product_cat-vape-by-puff-count","20":"product_cat-vape-by-feature-or-type","21":"product_cat-vapes-with-screens","22":"product_cat-waspe","24":"first","25":"onbackorder","26":"shipping-taxable","27":"purchasable","28":"product-type-variable","29":"has-default-attributes"},"tiered_pricing_type":"percentage","tiered_pricing_fixed_rules":[],"tiered_pricing_product_settings":{"layout":"default","base_unit_name":{"singular":null,"plural":null},"default_variation":null},"tiered_pricing_minimum_quantity":10,"tiered_pricing_roles_data":[],"tiered_pricing_percentage_rules":{"50":"35","100":"40","200":"44","500":"47","1000":"49"},"tiered_pricing_maximum_quantity":null,"tiered_pricing_quantity_step":"10","_links":{"self":[{"href":"https:\/\/agoravape.com\/ro\/wp-json\/wp\/v2\/product\/13100","targetHints":{"allow":["GET"]}}],"collection":[{"href":"https:\/\/agoravape.com\/ro\/wp-json\/wp\/v2\/product"}],"about":[{"href":"https:\/\/agoravape.com\/ro\/wp-json\/wp\/v2\/types\/product"}],"replies":[{"embeddable":true,"href":"https:\/\/agoravape.com\/ro\/wp-json\/wp\/v2\/comments?post=13100"}],"version-history":[{"count":0,"href":"https:\/\/agoravape.com\/ro\/wp-json\/wp\/v2\/product\/13100\/revisions"}],"wp:featuredmedia":[{"embeddable":true,"href":"https:\/\/agoravape.com\/ro\/wp-json\/wp\/v2\/media\/13116"}],"wp:attachment":[{"href":"https:\/\/agoravape.com\/ro\/wp-json\/wp\/v2\/media?parent=13100"}],"wp:term":[{"taxonomy":"product_brand","embeddable":true,"href":"https:\/\/agoravape.com\/ro\/wp-json\/wp\/v2\/product_brand?post=13100"},{"taxonomy":"product_cat","embeddable":true,"href":"https:\/\/agoravape.com\/ro\/wp-json\/wp\/v2\/product_cat?post=13100"},{"taxonomy":"product_tag","embeddable":true,"href":"https:\/\/agoravape.com\/ro\/wp-json\/wp\/v2\/product_tag?post=13100"}],"curies":[{"name":"wp","href":"https:\/\/api.w.org\/{rel}","templated":true}]}}