{"id":13132,"date":"2025-10-10T21:13:29","date_gmt":"2025-10-10T13:13:29","guid":{"rendered":"https:\/\/green-grasshopper-921422.hostingersite.com\/?post_type=product&#038;p=13132"},"modified":"2026-02-14T17:16:39","modified_gmt":"2026-02-14T16:16:39","slug":"uzy-triple-arome-60k-3in1-vape","status":"publish","type":"product","link":"https:\/\/agoravape.com\/ro\/product\/uzy-triple-flavors-60k-3in1-vape\/","title":{"rendered":"UZY Triple Flavors 60K Puffs 3-\u00een-1 cu ecran LED | Trei arome \u00eentr-unul, construit pentru a rezista"},"content":{"rendered":"<h2 data-v-md-heading=\"what-about-the-uzy-three-in-one-led-screen-vape\" data-v-md-line=\"3\">Dar ce zici de \u021bigara electronic\u0103 UZY cu ecran LED trei \u00een unu?<\/h2>\n<p data-v-md-line=\"4\">Dac\u0103 te-ai s\u0103turat de cartu\u0219ele de \u021bigar\u0103 de unic\u0103 folosin\u021b\u0103 care se termin\u0103 \u00een c\u00e2teva zile, poate vrei s\u0103 arunci o privire la acest produs. \u021aigara electronic\u0103 UZY cu ecran LED trei \u00een unu combin\u0103 trei arome diferite de cartu\u0219e, permi\u021b\u00e2ndu-\u021bi s\u0103 schimbi cu u\u0219urin\u021b\u0103 aromele f\u0103r\u0103 a schimba dispozitivul.<\/p>\n<p data-v-md-line=\"6\">Este potrivit pentru oricine dore\u0219te s\u0103 \u00eel foloseasc\u0103 pentru o perioad\u0103 lung\u0103 de timp, cu u\u0219urin\u021b\u0103 \u0219i comoditate. Trebuie doar s\u0103 trage\u021bi un fum u\u0219or pentru a-l utiliza. Ecranul LED clar afi\u0219eaz\u0103 nivelul bateriei \u0219i al lichidului electronic. Pur \u0219i simplu \u00eenc\u0103rca\u021bi prin interfa\u021ba Type-C pentru a continua utilizarea. U\u0219or de utilizat.<\/p>\n<h2 data-v-md-heading=\"excellent-performance-easy-and-convenient\" data-v-md-line=\"8\">Performan\u021b\u0103 excelent\u0103, u\u0219or \u0219i convenabil<\/h2>\n<p data-v-md-line=\"9\">Intern, se folosesc spire duble pentru a asigura un gust consistent de la prima p\u00e2n\u0103 la ultima \u00eembuc\u0103tur\u0103. Ecranul LED v\u0103 permite s\u0103 verifica\u021bi cu u\u0219urin\u021b\u0103 nivelul \u0219i starea bateriei dintr-o privire, elimin\u00e2nd nevoia de a ghici. C\u00e2nd este necesar\u0103 \u00eenc\u0103rcarea, utiliza\u021bi pur \u0219i simplu acela\u0219i cablu de date Type-C ca \u0219i telefonul. Nu este nevoie de \u00eenc\u0103rc\u0103toare speciale, u\u0219or \u0219i convenabil.<\/p>\n<h2 data-v-md-heading=\"specification-overview\" data-v-md-line=\"11\">Prezentare general\u0103 a specifica\u021biilor<\/h2>\n<ul data-v-md-line=\"12\">\n<li>Frecven\u021ba de aspirare: p\u00e2n\u0103 la 60000 de ori<\/li>\n<li>Concentra\u021bia de nicotin\u0103: furnizat\u0103 \u00een func\u021bie de inventar \u0219i destina\u021bie<\/li>\n<li>Principiu de func\u021bionare: Se activeaz\u0103 cu o singur\u0103 pufnire<\/li>\n<li>\u00cenc\u0103rcare: Port USB standard de tip C<\/li>\n<li>Ecran de afi\u0219are: ecran LED inteligent, care afi\u0219eaz\u0103 starea bateriei \u0219i a e-lichidului<\/li>\n<li>Bobin\u0103: Bobin\u0103 cu plas\u0103 dubl\u0103<\/li>\n<li>Capacitate e-lichid: Capacitate total\u0103 54 mililitri (18 mililitri per compartiment e-lichid)<\/li>\n<li>Baterie: baterie re\u00eenc\u0103rcabil\u0103 de 850 mAh<\/li>\n<li>Greutate: Aproximativ 120 de grame per unitate<\/li>\n<li>Ambalaj: 10 buc\u0103\u021bi per cutie. 200 buc\u0103\u021bi per cutie<\/li>\n<li>Stare: Gata de utilizare dup\u0103 despachetare<\/li>\n<li>SKU: UZY-Tpriple-Flavors-60000-3IN1<\/li>\n<\/ul>\n<h2 data-v-md-heading=\"full-flavor-series\" data-v-md-line=\"25\">Serie cu arom\u0103 complet\u0103<\/h2>\n<ul data-v-md-line=\"26\">\n<li>Afine, zmeur\u0103, c\u0103p\u0219uni, kiwi, l\u0103m\u00e2i \u0219i lime<\/li>\n<li>Kiwi, fructul pasiunii, guava\/afine, \u00eenghe\u021bat\u0103\/piersic\u0103, mango<\/li>\n<li>Pepene verde cu c\u0103p\u0219uni\/Ghea\u021b\u0103 de Coca-Cola\/Coca-Cola cu cire\u0219e<\/li>\n<li>\u00cenghe\u021bat\u0103 de piersici\/\u00cenge\u021bat\u0103 de c\u0103p\u0219uni \u0219i zmeur\u0103 \u0219i cire\u0219e\/\u00cenge\u021bat\u0103 dubl\u0103 de m\u0103r<\/li>\n<li>Grape Ice\/Love 666 (pepene galben cu fructul pasiunii)\/Red Bull cu c\u0103p\u0219uni<\/li>\n<li>Domnul Albastru\/Bombonuri Ursule\u021b de Plu\u0219\/Ghea\u021b\u0103 Red Bull<\/li>\n<li>Piersic\u0103, Mango, Ananas\/Ghea\u021b\u0103 de Afine\/Pepene Verde cu Zmeur\u0103<\/li>\n<li>Ghea\u021b\u0103 de pepene verde\/Ghea\u021b\u0103 de pepene triplu\/Banan\u0103 cu c\u0103p\u0219uni<\/li>\n<li>\u00cenghe\u021bat\u0103 de piersici de var\u0103\/\u00cenge\u021bat\u0103 de c\u0103p\u0219uni\/\u00cenge\u021bat\u0103 de afine<\/li>\n<li>Ghea\u021b\u0103 de cire\u0219e\/Amestec de fructe de p\u0103dure\/Ghea\u021b\u0103 de dragon negru<\/li>\n<\/ul>\n<h2 data-v-md-heading=\"for-you-and-your-company\" data-v-md-line=\"37\">Pentru tine \u0219i compania ta<\/h2>\n<p data-v-md-line=\"38\">Pute\u021bi achizi\u021biona UZY Triple Flavor 60K pentru uz personal sau \u00eel pute\u021bi folosi \u00een magazinul dvs. Cutiile de ambalare en-gros sunt de 10 unit\u0103\u021bi, cu 200 de buc\u0103\u021bi per cutie, asigur\u00e2nd o planificare ordonat\u0103 a stocurilor.<\/p>\n<p data-v-md-line=\"40\">Oferim servicii de livrare DDP cu taxe pl\u0103tite prin intermediul unor parteneri de \u00eencredere precum UPS, DPD \u0219i DHL, astfel \u00eenc\u00e2t s\u0103 nu \u00eent\u00e2mpina\u021bi accidente la vam\u0103 \u00een destina\u021biile eligibile. Din cauza reglement\u0103rilor locale, situa\u021bia aprovizion\u0103rii \u0219i concentra\u021bia de nicotin\u0103 pot varia \u00een diferite \u021b\u0103ri\/regiuni. Dac\u0103 nu sunte\u021bi sigur, v\u0103 rug\u0103m s\u0103 ne consulta\u021bi \u0219i v\u0103 vom oferi \u00eendrum\u0103ri.<\/p>\n<h2 data-v-md-heading=\"why-do-you-like-it\" data-v-md-line=\"42\">De ce \u00ee\u021bi place?<\/h2>\n<ul data-v-md-line=\"43\">\n<li>Capacitate mare de fumat: durat\u0103 mai lung\u0103 de via\u021b\u0103 a bateriei, nu este nevoie s\u0103 \u00eenlocui\u021bi frecvent vaporizatoarele<\/li>\n<li>Selectarea concentra\u021biei de nicotin\u0103: Alege\u021bi concentra\u021bia de nicotin\u0103 care se potrive\u0219te gustului \u0219i pie\u021bei dvs.<\/li>\n<li>Re\u00eenc\u0103rcabil: Pute\u021bi folosi toate lichidele electronice achizi\u021bionate<\/li>\n<li>Miezul atomizorului din plas\u0103: men\u021bine un gust constant, satisf\u0103c\u0103tor<\/li>\n<li>Ecran LED inteligent: nivel de baterie \u0219i lichid r\u0103mas u\u0219or de vizualizat dintr-o privire<\/li>\n<li>Trei arome: Nu este nevoie s\u0103 schimba\u021bi dispozitivele, schimba\u021bi aromele \u00een c\u00e2teva secunde<\/li>\n<\/ul>\n<h2 data-v-md-heading=\"why-choose-agoravape\" data-v-md-line=\"50\">De ce s\u0103 alegi AgoraVape?<\/h2>\n<p data-v-md-line=\"51\">Vindem doar produse 100% originale de la furnizori certifica\u021bi. Clien\u021bii no\u0219tri comerciali se pot bucura de pre\u021buri en-gros extrem de competitive, facturi clare, asisten\u021b\u0103 fiabil\u0103 \u0219i livrare rapid\u0103 pentru \u021big\u0103rile electronice cu ecran LED UZY trei \u00een unu. Dac\u0103 dori\u021bi un produs de unic\u0103 folosin\u021b\u0103, durabil \u0219i bogat \u00een func\u021bii \u0219i spera\u021bi c\u0103 clien\u021bii dumneavoastr\u0103 ne vor vizita din nou, v\u0103 rug\u0103m s\u0103 ne contacta\u021bi.<\/p>","protected":false},"excerpt":{"rendered":"<p>&nbsp;<\/p>\n<p><script src=\"chrome-extension:\/\/fpelahbljekknahkcaegamhcndkfpfnc\/iFrame.js\" type=\"text\/javascript\"><\/script><\/p>\n<p><script src=\"chrome-extension:\/\/fpelahbljekknahkcaegamhcndkfpfnc\/iFrame.js\" type=\"text\/javascript\"><\/script><\/p>","protected":false},"featured_media":13153,"comment_status":"open","ping_status":"closed","template":"","meta":[],"product_brand":[207],"product_cat":[124,187,185,189,1642,176,195,1674,174,175,193,191,134,173,186,180,190,192],"product_tag":[],"class_list":{"0":"post-13132","1":"product","2":"type-product","3":"status-publish","4":"has-post-thumbnail","6":"product_brand-uzy","7":"product_cat-vape-by-brand","8":"product_cat-0mg-nicotine-free-vapes","9":"product_cat-10000-puffs-high-capacity","10":"product_cat-20mg-standard-nicotine-vapes","11":"product_cat-60000-puffs","12":"product_cat-beverage","13":"product_cat-dual-flavor-switch","14":"product_cat-eu-warehouse","15":"product_cat-fruit-flavors","16":"product_cat-icy-mint","17":"product_cat-mesh-coil","18":"product_cat-rechargeable-disposables","19":"product_cat-uzy","20":"product_cat-vape-by-flavor-profile","21":"product_cat-vape-by-nicotine-strength","22":"product_cat-vape-by-puff-count","23":"product_cat-vape-by-feature-or-type","24":"product_cat-vapes-with-screens","26":"first","27":"instock","28":"shipping-taxable","29":"purchasable","30":"product-type-variable","31":"has-default-attributes"},"tiered_pricing_type":"percentage","tiered_pricing_fixed_rules":[],"tiered_pricing_product_settings":{"layout":"default","base_unit_name":{"singular":null,"plural":null},"default_variation":null},"tiered_pricing_minimum_quantity":10,"tiered_pricing_roles_data":[],"tiered_pricing_percentage_rules":{"30":"29","50":"35","100":"40","200":"44","500":"47","1000":"49"},"tiered_pricing_maximum_quantity":null,"tiered_pricing_quantity_step":"10","_links":{"self":[{"href":"https:\/\/agoravape.com\/ro\/wp-json\/wp\/v2\/product\/13132","targetHints":{"allow":["GET"]}}],"collection":[{"href":"https:\/\/agoravape.com\/ro\/wp-json\/wp\/v2\/product"}],"about":[{"href":"https:\/\/agoravape.com\/ro\/wp-json\/wp\/v2\/types\/product"}],"replies":[{"embeddable":true,"href":"https:\/\/agoravape.com\/ro\/wp-json\/wp\/v2\/comments?post=13132"}],"version-history":[{"count":0,"href":"https:\/\/agoravape.com\/ro\/wp-json\/wp\/v2\/product\/13132\/revisions"}],"wp:featuredmedia":[{"embeddable":true,"href":"https:\/\/agoravape.com\/ro\/wp-json\/wp\/v2\/media\/13153"}],"wp:attachment":[{"href":"https:\/\/agoravape.com\/ro\/wp-json\/wp\/v2\/media?parent=13132"}],"wp:term":[{"taxonomy":"product_brand","embeddable":true,"href":"https:\/\/agoravape.com\/ro\/wp-json\/wp\/v2\/product_brand?post=13132"},{"taxonomy":"product_cat","embeddable":true,"href":"https:\/\/agoravape.com\/ro\/wp-json\/wp\/v2\/product_cat?post=13132"},{"taxonomy":"product_tag","embeddable":true,"href":"https:\/\/agoravape.com\/ro\/wp-json\/wp\/v2\/product_tag?post=13132"}],"curies":[{"name":"wp","href":"https:\/\/api.w.org\/{rel}","templated":true}]}}