{"id":13155,"date":"2025-10-11T08:30:57","date_gmt":"2025-10-11T00:30:57","guid":{"rendered":"https:\/\/green-grasshopper-921422.hostingersite.com\/?post_type=product&#038;p=13155"},"modified":"2026-02-22T15:16:10","modified_gmt":"2026-02-22T14:16:10","slug":"uzy-crystal-twin-50k-vape-cu-aroma-dubla","status":"publish","type":"product","link":"https:\/\/agoravape.com\/ro\/product\/uzy-crystal-twin-50k-dual-flavor-vape\/","title":{"rendered":"UZY Crystal Twin 50K Puffs, \u021bigar\u0103 electronic\u0103 cu arom\u0103 dubl\u0103 LED | Dou\u0103 arome la doz\u0103, cu o putere de rezisten\u021b\u0103 serioas\u0103"},"content":{"rendered":"<h2 data-v-md-heading=\"what-exactly-is-the-uzy-crystal-twin-50k-dual-flavor-led-vape\" data-v-md-line=\"3\">Ce este mai exact \u021bigara electronic\u0103 UZY Crystal Twin 50K cu LED \u0219i arom\u0103 dubl\u0103?<\/h2>\n<p data-v-md-line=\"4\">Dac\u0103 te-ai s\u0103turat de \u021big\u0103rile electronice de unic\u0103 folosin\u021b\u0103 consumate la mijlocul s\u0103pt\u0103m\u00e2nii, poate vrei s\u0103 arunci o privire la acest produs. UZY Crystal Twin are o capacitate de p\u00e2n\u0103 la 50000 de pufuri, iar un singur dispozitiv poate oferi dou\u0103 arome, permi\u021b\u00e2ndu-\u021bi s\u0103 schimbi cu u\u0219urin\u021b\u0103 aromele f\u0103r\u0103 a schimba \u021big\u0103rile electronice. Are o senza\u021bie solid\u0103, c\u00e2nt\u0103re\u0219te aproximativ 105 grame \u0219i m\u0103soar\u0103 aproximativ 61 \u00d7 31 \u00d7 115 milimetri, ceea ce \u00eel face de dimensiuni moderate \u0219i u\u0219or de transportat.<\/p>\n<p data-v-md-line=\"6\">Dac\u0103 \u00ee\u021bi dore\u0219ti un gust de lung\u0103 durat\u0103, nu trebuie s\u0103-\u021bi faci griji, acest produs este alegerea ideal\u0103. Este echipat cu un ecran LED inteligent, permi\u021b\u00e2ndu-\u021bi s\u0103 fii la curent cu cele mai recente evolu\u021bii \u00een orice moment. Carcasa transparent\u0103 din cristal \u00eei confer\u0103 un aspect \u00eengrijit \u0219i curat, fie c\u0103 este a\u0219ezat pe birou sau \u00een m\u00e2ini. S-ar putea s\u0103 crezi c\u0103 un vape cu o capacitate de aspirare at\u00e2t de mare ar fi voluminos, dar vei fi surprins s\u0103 descoperi c\u0103 poate \u00eenc\u0103pea cu u\u0219urin\u021b\u0103 \u00een buzunarul unei jachete.<\/p>\n<h2 data-v-md-heading=\"excellent-performance-easy-and-convenient\" data-v-md-line=\"8\">Performan\u021b\u0103 excelent\u0103, u\u0219or \u0219i convenabil<\/h2>\n<p data-v-md-line=\"9\">Rezisten\u021ba cu plas\u0103 dubl\u0103 poart\u0103 o responsabilitate grea, astfel \u00eenc\u00e2t fiecare \u00eembuc\u0103tur\u0103 este la fel de pur\u0103 ca prima \u00eembuc\u0103tur\u0103. Dou\u0103 rezisten\u021be cu plas\u0103 de 0,9 \u03a9 sunt alimentate de un e-lichid divizat cu o capacitate de p\u00e2n\u0103 la 40 de mililitri (20 de mililitri pentru fiecare arom\u0103). Alimentarea este realizat\u0103 de o baterie re\u00eenc\u0103rcabil\u0103 de 850 mAh, astfel \u00eenc\u00e2t pute\u021bi l\u0103sa rezervorul de stocare a uleiului s\u0103 func\u021bioneze \u00een gol f\u0103r\u0103 s\u0103 v\u0103 face\u021bi griji c\u0103 bateria se va desc\u0103rca. C\u00e2nd bateria este desc\u0103rcat\u0103, pute\u021bi utiliza un cablu de date de tip C (care poate fi acela\u0219i cu cel utilizat \u00een mod obi\u0219nuit pe telefon) pentru \u00eenc\u0103rcare. Este simplu.<\/p>\n<h2 data-v-md-heading=\"specification-introduction\" data-v-md-line=\"11\">Introducere \u00een specifica\u021bii<\/h2>\n<p data-v-md-line=\"12\"><strong>Frecven\u021ba de aspira\u021bie<\/strong>de p\u00e2n\u0103 la 50000 de ori<br \/>\n<strong>Con\u021binutul de nicotin\u0103<\/strong>: 0%\/2%\/3%\/5%<br \/>\n<strong>Utilizare<\/strong>Trage\u021bi un fum pentru a activa<br \/>\n<strong>\u00cenc\u0103rcare<\/strong>Interfa\u021b\u0103 USB standard de tip C<br \/>\n<strong>Stare<\/strong>Gata de utilizare dup\u0103 despachetare<\/p>\n<h2 data-v-md-heading=\"full-range-of-flavors\" data-v-md-line=\"18\">Gam\u0103 complet\u0103 de arome<\/h2>\n<ul data-v-md-line=\"19\">\n<li>Smoothie cu afine \u0219i smoothie cu piersici de var\u0103<\/li>\n<li>Kiwi, fructul pasiunii, rodie \u0219i afine, zmeur\u0103<\/li>\n<li>Smoothie cu c\u0103p\u0219uni, kiwi \u0219i struguri<\/li>\n<li>Kiwi, fructul pasiunii, guava \u0219i m\u0103r dublu<\/li>\n<li>C\u0103p\u0219uni, pepene verde \u0219i l\u0103m\u00e2ie verde<\/li>\n<li>Afine, zmeur\u0103, cire\u0219e, smoothie-uri<\/li>\n<li>C\u0103p\u0219uni Zmeur\u0103 Cire\u0219e \u0219i Mr. Blue<\/li>\n<li>Piersic\u0103, Mango, Ananas \u0219i Red Bull<\/li>\n<li>Smoothie de pepene verde \u0219i fructe de p\u0103dure mixte<\/li>\n<li>C\u0103p\u0219uni, Banana \u0219i Dragoste 66 (smoothie cu pepene galben \u0219i fructul pasiunii)<\/li>\n<\/ul>\n<h2 data-v-md-heading=\"to-create-for-you-and-your-business\" data-v-md-line=\"30\">Pentru a crea pentru tine \u0219i afacerea ta<\/h2>\n<p data-v-md-line=\"31\">Pute\u021bi alege un dispozitiv pe care s\u0103 \u00eel utiliza\u021bi pentru dvs. sau s\u0103 \u00eel stoca\u021bi pentru magazinul dvs. Dac\u0103 inten\u021biona\u021bi s\u0103 cump\u0103ra\u021bi \u00een vrac, ambalajul en-gros este de 10 unit\u0103\u021bi per cutie \u0219i 200 de unit\u0103\u021bi per cutie. Oferim servicii de livrare DDP prin intermediul unor parteneri de \u00eencredere, cum ar fi UPS, DPD \u0219i DHL, astfel \u00eenc\u00e2t tarifele pot fi procesate \u00een avans pentru a evita accidentele vamale.<\/p>\n<p data-v-md-line=\"33\">Dac\u0103 ave\u021bi nevoie de concentra\u021bii multiple de nicotin\u0103, v\u0103 oferim produse cu nicotin\u0103 \u00een diferite concentra\u021bii, cum ar fi 0%, 2%, 3% \u0219i 5%, din care pute\u021bi alege. Combina\u021biile clare de gusturi \u0219i designul exterior consistent v\u0103 men\u021bin rafturile ordonate \u0219i v\u0103 satisfac clien\u021bii.<\/p>\n<h2 data-v-md-heading=\"why-do-you-like-it\" data-v-md-line=\"35\">De ce \u00ee\u021bi place?<\/h2>\n<p data-v-md-line=\"36\"><strong>Fumat intens<\/strong>Durabil \u0219i de lung\u0103 durat\u0103, nu este nevoie s\u0103 cump\u0103ra\u021bi frecvent \u021big\u0103ri noi.<br \/>\n<strong>Nicotine selection<\/strong>Pute\u021bi alege concentra\u021bia cea mai potrivit\u0103 pentru dumneavoastr\u0103.<br \/>\n<strong>Rechargeable<\/strong>\u00eenseamn\u0103 c\u0103 po\u021bi folosi toate lichidele electronice achizi\u021bionate.<br \/>\n<strong>Bobine de plas\u0103<\/strong>: oferind o experien\u021b\u0103 consistent\u0103 \u0219i delicioas\u0103 de fiecare dat\u0103.<\/p>\n<h2 data-v-md-heading=\"why-collaborate-with-agoravape\" data-v-md-line=\"41\">De ce s\u0103 colaborezi cu AgoraVape?<\/h2>\n<p data-v-md-line=\"42\">Oferim numai produse originale 100% din surse de \u00eencredere \u0219i suntem responsabili pentru produsele pe care le vindem. Pentru clien\u021bii comerciali, aceasta \u00eenseamn\u0103 pre\u021buri en-gros reduse, asisten\u021b\u0103 fiabil\u0103 pentru clien\u021bi \u0219i livrare rapid\u0103 \u0219i fiabil\u0103 DDP \u00een Europa. Bine a\u021bi venit s\u0103 discuta\u021bi cu noi despre UZY Crystal Twin 50K Puffs dual flavor LED vape, \u0219i s\u0103 pune\u021bi acest produs popular \u00eencercat \u0219i testat pe rafturile dvs.<\/p>","protected":false},"excerpt":{"rendered":"<p>&nbsp;<\/p>","protected":false},"featured_media":13176,"comment_status":"open","ping_status":"closed","template":"","meta":[],"product_brand":[207],"product_cat":[124,187,185,189,1641,195,1674,174,175,193,191,179,134,173,186,180,190,192],"product_tag":[],"class_list":{"0":"post-13155","1":"product","2":"type-product","3":"status-publish","4":"has-post-thumbnail","6":"product_brand-uzy","7":"product_cat-vape-by-brand","8":"product_cat-0mg-nicotine-free-vapes","9":"product_cat-10000-puffs-high-capacity","10":"product_cat-20mg-standard-nicotine-vapes","11":"product_cat-50000-puffs","12":"product_cat-dual-flavor-switch","13":"product_cat-eu-warehouse","14":"product_cat-fruit-flavors","15":"product_cat-icy-mint","16":"product_cat-mesh-coil","17":"product_cat-rechargeable-disposables","18":"product_cat-unique-blends","19":"product_cat-uzy","20":"product_cat-vape-by-flavor-profile","21":"product_cat-vape-by-nicotine-strength","22":"product_cat-vape-by-puff-count","23":"product_cat-vape-by-feature-or-type","24":"product_cat-vapes-with-screens","26":"first","27":"instock","28":"shipping-taxable","29":"purchasable","30":"product-type-variable","31":"has-default-attributes"},"tiered_pricing_type":"percentage","tiered_pricing_fixed_rules":[],"tiered_pricing_product_settings":{"layout":"default","base_unit_name":{"singular":null,"plural":null},"default_variation":null},"tiered_pricing_minimum_quantity":10,"tiered_pricing_roles_data":[],"tiered_pricing_percentage_rules":{"30":"29","50":"35","100":"40","200":"44","500":"47","1000":"49"},"tiered_pricing_maximum_quantity":null,"tiered_pricing_quantity_step":"10","_links":{"self":[{"href":"https:\/\/agoravape.com\/ro\/wp-json\/wp\/v2\/product\/13155","targetHints":{"allow":["GET"]}}],"collection":[{"href":"https:\/\/agoravape.com\/ro\/wp-json\/wp\/v2\/product"}],"about":[{"href":"https:\/\/agoravape.com\/ro\/wp-json\/wp\/v2\/types\/product"}],"replies":[{"embeddable":true,"href":"https:\/\/agoravape.com\/ro\/wp-json\/wp\/v2\/comments?post=13155"}],"version-history":[{"count":0,"href":"https:\/\/agoravape.com\/ro\/wp-json\/wp\/v2\/product\/13155\/revisions"}],"wp:featuredmedia":[{"embeddable":true,"href":"https:\/\/agoravape.com\/ro\/wp-json\/wp\/v2\/media\/13176"}],"wp:attachment":[{"href":"https:\/\/agoravape.com\/ro\/wp-json\/wp\/v2\/media?parent=13155"}],"wp:term":[{"taxonomy":"product_brand","embeddable":true,"href":"https:\/\/agoravape.com\/ro\/wp-json\/wp\/v2\/product_brand?post=13155"},{"taxonomy":"product_cat","embeddable":true,"href":"https:\/\/agoravape.com\/ro\/wp-json\/wp\/v2\/product_cat?post=13155"},{"taxonomy":"product_tag","embeddable":true,"href":"https:\/\/agoravape.com\/ro\/wp-json\/wp\/v2\/product_tag?post=13155"}],"curies":[{"name":"wp","href":"https:\/\/api.w.org\/{rel}","templated":true}]}}