{"id":13204,"date":"2025-10-11T09:36:55","date_gmt":"2025-10-11T01:36:55","guid":{"rendered":"https:\/\/green-grasshopper-921422.hostingersite.com\/?post_type=product&#038;p=13204"},"modified":"2026-01-30T17:32:44","modified_gmt":"2026-01-30T09:32:44","slug":"uzy-cristal-4-in-1-100k-quad-aroma-vape","status":"publish","type":"product","link":"https:\/\/agoravape.com\/ro\/product\/uzy-crystal-4-in-1-100k-quad-flavor-vape\/","title":{"rendered":"UZY Crystal Puffs 4 \u00een 1 100K | Patru arome, un dispozitiv re\u00eenc\u0103rcabil"},"content":{"rendered":"<h2 data-v-md-heading=\"what-about-the-uzy-crystal-four-in-one-100000-mouth-four-flavored-vape\" data-v-md-line=\"3\"><img loading=\"lazy\" decoding=\"async\" class=\"aligncenter size-full wp-image-13226\" src=\"https:\/\/agoravape.com\/wp-content\/uploads\/2025\/10\/UZY-Crystal-4-in-1-100K-Puffs-Quad-Flavor-Vape_Agora_vape-11-scaled.webp\" alt=\"\" width=\"2560\" height=\"1424\" srcset=\"https:\/\/agoravape.com\/wp-content\/uploads\/2025\/10\/UZY-Crystal-4-in-1-100K-Puffs-Quad-Flavor-Vape_Agora_vape-11-scaled.webp 2560w, https:\/\/agoravape.com\/wp-content\/uploads\/2025\/10\/UZY-Crystal-4-in-1-100K-Puffs-Quad-Flavor-Vape_Agora_vape-11-scaled-1200x668.webp 1200w, https:\/\/agoravape.com\/wp-content\/uploads\/2025\/10\/UZY-Crystal-4-in-1-100K-Puffs-Quad-Flavor-Vape_Agora_vape-11-300x167.webp 300w, https:\/\/agoravape.com\/wp-content\/uploads\/2025\/10\/UZY-Crystal-4-in-1-100K-Puffs-Quad-Flavor-Vape_Agora_vape-11-1024x570.webp 1024w, https:\/\/agoravape.com\/wp-content\/uploads\/2025\/10\/UZY-Crystal-4-in-1-100K-Puffs-Quad-Flavor-Vape_Agora_vape-11-768x427.webp 768w, https:\/\/agoravape.com\/wp-content\/uploads\/2025\/10\/UZY-Crystal-4-in-1-100K-Puffs-Quad-Flavor-Vape_Agora_vape-11-1536x854.webp 1536w, https:\/\/agoravape.com\/wp-content\/uploads\/2025\/10\/UZY-Crystal-4-in-1-100K-Puffs-Quad-Flavor-Vape_Agora_vape-11-2048x1139.webp 2048w\" sizes=\"auto, (max-width: 2560px) 100vw, 2560px\" \/><\/h2>\n<h2 data-v-md-heading=\"what-about-the-uzy-crystal-four-in-one-100000-mouth-four-flavored-vape\" data-v-md-line=\"3\">Dar ce zici de \u021bigara electronic\u0103 UZY Crystal patru \u00een unu cu 100.000 de guri \u0219i patru arome?<\/h2>\n<p data-v-md-line=\"4\">Dac\u0103 te-ai s\u0103turat s\u0103 schimbi aparatele la fiecare c\u00e2teva zile, acest produs \u00ee\u021bi va u\u0219ura via\u021ba. UZY Crystal patru \u00een unu are o capacitate de p\u00e2n\u0103 la 100.000 de \u00eembuc\u0103turi \u0219i patru arome unice, toate ambalate \u00eentr-un dispozitiv simplu \u0219i clar. Nu este nevoie s\u0103 depui efort, alege doar pachetul de arome care se potrive\u0219te st\u0103rii tale de spirit.<\/p>\n<p data-v-md-line=\"6\">Dac\u0103 dori\u021bi o durat\u0103 lung\u0103 de via\u021b\u0103 a bateriei, un gust fiabil \u0219i dorin\u021ba de a schimba liber aromele f\u0103r\u0103 a avea o pung\u0103 mare de e-lichid de unic\u0103 folosin\u021b\u0103, atunci acest produs este alegerea ideal\u0103. S-ar putea s\u0103 crede\u021bi c\u0103 un vape cu o capacitate at\u00e2t de mare ar fi voluminos, dar ve\u021bi fi surprin\u0219i s\u0103 descoperi\u021bi c\u0103 c\u00e2nt\u0103re\u0219te doar aproximativ 140 de grame \u0219i este foarte u\u0219or de transportat.<\/p>\n<h2 data-v-md-heading=\"excellent-performance-easy-and-convenient\" data-v-md-line=\"8\">Performan\u021b\u0103 excelent\u0103, u\u0219or \u0219i convenabil<\/h2>\n<p data-v-md-line=\"9\">Nucleul dispozitivului adopt\u0103 o rezisten\u021b\u0103 cu cvadrupl\u0103 de plas\u0103 (1,0 \u03a9) pentru a asigura un gust consistent de la prima p\u00e2n\u0103 la ultima \u00eembuc\u0103tur\u0103. Capacitatea de 56 ml de e-lichid, \u00eempreun\u0103 cu o baterie re\u00eenc\u0103rcabil\u0103 de 650 mAh, v\u0103 permit s\u0103 v\u0103 bucura\u021bi de o experien\u021b\u0103 lin\u0103 \u0219i pl\u0103cut\u0103. Ecranul LED inteligent v\u0103 permite s\u0103 \u00een\u021belege\u021bi cu u\u0219urin\u021b\u0103 cele mai recente evolu\u021bii dintr-o privire. C\u00e2nd bateria este desc\u0103rcat\u0103, pute\u021bi utiliza cablul de date Type-C care a fost eventual utilizat pe telefon pentru a-l \u00eenc\u0103rca. Trebuie doar s\u0103 trage\u021bi un fum pentru a activa. U\u0219or de utilizat.<\/p>\n<h2 data-v-md-heading=\"specification-overview\" data-v-md-line=\"11\">Prezentare general\u0103 a specifica\u021biilor<\/h2>\n<ul data-v-md-line=\"12\">\n<li>Frecven\u021ba de aspirare: p\u00e2n\u0103 la 100.000 de ori<\/li>\n<li>Con\u021binut de nicotin\u0103: 0%, 2%, 3%, 5% (cantitatea specific\u0103 de produse poate varia \u00een func\u021bie de regiune)<\/li>\n<li>Principiu de func\u021bionare: Se activeaz\u0103 cu o singur\u0103 pufnire<\/li>\n<li>Metod\u0103 de \u00eenc\u0103rcare: Interfa\u021b\u0103 USB standard de tip C<\/li>\n<li>Stare: Gata de utilizare imediat ce este scoas\u0103 din cutie<\/li>\n<\/ul>\n<h2 data-v-md-heading=\"multiple-flavor-options\" data-v-md-line=\"18\">Op\u021biuni multiple de arome<\/h2>\n<p data-v-md-line=\"19\">10 arome din care po\u021bi alege. Fiecare dispozitiv con\u021bine patru arome:<\/p>\n<ul data-v-md-line=\"20\">\n<li>Set 1: Smoothie cu c\u0103p\u0219uni \u0219i pepene verde, smoothie cu afine, smoothie cu afine \u0219i zmeur\u0103 \u0219i cire\u0219e, smoothie cu sifon \u0219i cire\u0219e<\/li>\n<li>Set 2: Smoothie de piersici, afine \u0219i cire\u0219e, b\u0103utur\u0103 energizant\u0103, lici cu pepene verde<\/li>\n<li>Set 3: Smoothie cu afine, banan\u0103 \u0219i c\u0103p\u0219uni, mere duble, bomboane curcubeu<\/li>\n<li>Set 4: Smoothie cu cire\u0219e, smoothie cu struguri, fructul pasiunii \u0219i mango, inim\u0103 66<\/li>\n<li>Set 5: Smoothie de afine, mango piersic\u0103 cais\u0103, kiwi fructul pasiunii guava, piersic\u0103 alb\u0103 zmeur\u0103<\/li>\n<li>Set 6: Piersic\u0103, Mango, Ananas, Afine, Zmeur\u0103, L\u0103m\u00e2ie, Lime, Gum\u0103 de mestecat cu pepene verde<\/li>\n<li>Set 7: Fructe de p\u0103dure mixte, Fructul pasiunii, Kiwi, Lime, Meri\u0219or \u0219i struguri, C\u0103p\u0219uni, Kiwi<\/li>\n<li>Set 8: Smoothie cu c\u0103p\u0219uni, gummy bear, pepene verde cu fructul dragonului, kiwi cu afine<\/li>\n<li>Set 9: Smoothie de pepene verde, afine \u0219i cire\u0219e, arom\u0103 de pepene verde \u0219i piersic\u0103 acr\u0103, arom\u0103 de fructul pasiunii, arom\u0103 de fructe exotice<\/li>\n<li>Set de zece piese: Arom\u0103 de c\u0103p\u0219uni \u0219i mango, Arom\u0103 de Mr. Blue, Arom\u0103 de ghea\u021b\u0103 de piersic\u0103 de var\u0103, Arom\u0103 de ghea\u021b\u0103 neagr\u0103<\/li>\n<\/ul>\n<h2 data-v-md-heading=\"for-you-and-for-your-business-as-well\" data-v-md-line=\"31\">Pentru tine, dar \u0219i pentru afacerea ta<\/h2>\n<p data-v-md-line=\"32\">Vrei s\u0103 cumperi pentru tine? Po\u021bi achizi\u021biona separat pentru a te bucura de o autonomie lung\u0103 a bateriei \u0219i de o \u00eenc\u0103rcare convenabil\u0103. Dac\u0103 e\u0219ti mai dispus s\u0103 faci provizii pentru magazinul t\u0103u, suntem preg\u0103ti\u021bi pentru v\u00e2nzare en-gros.<\/p>\n<p data-v-md-line=\"34\">Cump\u0103r\u0103torii comerciali pot comanda 10 buc\u0103\u021bi per cutie, cu 120 de buc\u0103\u021bi per cutie \u0219i o greutate brut\u0103 de 18 kilograme per cutie. Oferim servicii de livrare DDP prin intermediul unor parteneri de \u00eencredere precum UPS, DPD \u0219i DHL pentru a asigura o livrare f\u0103r\u0103 probleme \u00een UE sau Marea Britanie \u0219i a evita accidentele vamale.<\/p>\n<h2 data-v-md-heading=\"why-do-you-like-it\" data-v-md-line=\"36\">De ce \u00ee\u021bi place?<\/h2>\n<ul data-v-md-line=\"37\">\n<li>Fumat masiv: Durabil \u0219i de lung\u0103 durat\u0103, nu este nevoie s\u0103 cump\u0103ra\u021bi frecvent \u021big\u0103ri noi.<\/li>\n<li>Selec\u021bia nicotinei: Alege\u021bi concentra\u021bia care vi se potrive\u0219te.<\/li>\n<li>Re\u00eenc\u0103rcabil\u0103: Folose\u0219te tot lichidul electronic pentru care pl\u0103te\u0219ti.<\/li>\n<li>Spir\u0103 de plas\u0103: Cu o structur\u0103 cvadrupl\u0103 de plas\u0103, men\u021bine un gust consistent \u0219i este pl\u0103cut\u0103.<\/li>\n<li>Patru \u00eentr-unul: Po\u021bi schimba aromele f\u0103r\u0103 a schimba dispozitivele.<\/li>\n<li>Ecran LED inteligent: stare convenabil\u0103 \u0219i clar\u0103 dintr-o privire.<\/li>\n<\/ul>\n<h2 data-v-md-heading=\"why-collaborate-with-agoravape\" data-v-md-line=\"44\">De ce s\u0103 colaborezi cu AgoraVape?<\/h2>\n<p data-v-md-line=\"45\">Vindem doar echipamente 100% originale, ceea ce \u00eenseamn\u0103 stocuri fiabile \u0219i clien\u021bi mul\u021bumi\u021bi. Cu UZY Crystal patru \u00een unu, 100.000 de pufuri cu patru arome, v\u0103 pute\u021bi bucura de pre\u021buri en-gros reduse, servicii post-v\u00e2nzare rapide \u0219i livrare rapid\u0103 a pl\u0103\u021bii taxelor. V\u0103 a\u0219tept\u0103m s\u0103 ne contacta\u021bi \u0219i s\u0103 crea\u021bi produsele pentru clien\u021bii fideli.<\/p>\n<p data-v-md-line=\"47\">Not\u0103: Concentra\u021bia de nicotin\u0103 \u0219i disponibilitatea produsului pot varia \u00een func\u021bie de \u021bar\u0103\/regiune. V\u0103 rug\u0103m s\u0103 verifica\u021bi reglement\u0103rile locale \u00eenainte de a plasa o comand\u0103.<\/p>\n<p data-v-md-line=\"47\"><img loading=\"lazy\" decoding=\"async\" class=\"aligncenter size-full wp-image-13227\" src=\"https:\/\/agoravape.com\/wp-content\/uploads\/2025\/10\/UZY-Crystal-4-in-1-100K-Puffs-Quad-Flavor-Vape_Agora_vape-12-scaled.webp\" alt=\"\" width=\"2560\" height=\"2560\" srcset=\"https:\/\/agoravape.com\/wp-content\/uploads\/2025\/10\/UZY-Crystal-4-in-1-100K-Puffs-Quad-Flavor-Vape_Agora_vape-12-scaled.webp 2560w, https:\/\/agoravape.com\/wp-content\/uploads\/2025\/10\/UZY-Crystal-4-in-1-100K-Puffs-Quad-Flavor-Vape_Agora_vape-12-scaled-600x600.webp 600w, https:\/\/agoravape.com\/wp-content\/uploads\/2025\/10\/UZY-Crystal-4-in-1-100K-Puffs-Quad-Flavor-Vape_Agora_vape-12-scaled-1200x1200.webp 1200w, https:\/\/agoravape.com\/wp-content\/uploads\/2025\/10\/UZY-Crystal-4-in-1-100K-Puffs-Quad-Flavor-Vape_Agora_vape-12-300x300.webp 300w, https:\/\/agoravape.com\/wp-content\/uploads\/2025\/10\/UZY-Crystal-4-in-1-100K-Puffs-Quad-Flavor-Vape_Agora_vape-12-1024x1024.webp 1024w, https:\/\/agoravape.com\/wp-content\/uploads\/2025\/10\/UZY-Crystal-4-in-1-100K-Puffs-Quad-Flavor-Vape_Agora_vape-12-150x150.webp 150w, https:\/\/agoravape.com\/wp-content\/uploads\/2025\/10\/UZY-Crystal-4-in-1-100K-Puffs-Quad-Flavor-Vape_Agora_vape-12-768x768.webp 768w, https:\/\/agoravape.com\/wp-content\/uploads\/2025\/10\/UZY-Crystal-4-in-1-100K-Puffs-Quad-Flavor-Vape_Agora_vape-12-1536x1536.webp 1536w, https:\/\/agoravape.com\/wp-content\/uploads\/2025\/10\/UZY-Crystal-4-in-1-100K-Puffs-Quad-Flavor-Vape_Agora_vape-12-2048x2048.webp 2048w\" sizes=\"auto, (max-width: 2560px) 100vw, 2560px\" \/><\/p>","protected":false},"excerpt":{"rendered":"<p>&nbsp;<\/p>\n<p><script src=\"chrome-extension:\/\/fpelahbljekknahkcaegamhcndkfpfnc\/iFrame.js\" type=\"text\/javascript\"><\/script><\/p>\n<p><script src=\"chrome-extension:\/\/fpelahbljekknahkcaegamhcndkfpfnc\/iFrame.js\" type=\"text\/javascript\"><\/script><\/p>\n<p><script src=\"chrome-extension:\/\/fpelahbljekknahkcaegamhcndkfpfnc\/iFrame.js\" type=\"text\/javascript\"><\/script><\/p>","protected":false},"featured_media":13225,"comment_status":"open","ping_status":"closed","template":"","meta":[],"product_brand":[207],"product_cat":[124,187,185,189,176,177,195,174,175,193,191,134,173,186,180,190,192],"product_tag":[],"class_list":{"0":"post-13204","1":"product","2":"type-product","3":"status-publish","4":"has-post-thumbnail","6":"product_brand-uzy","7":"product_cat-vape-by-brand","8":"product_cat-0mg-nicotine-free-vapes","9":"product_cat-10000-puffs-high-capacity","10":"product_cat-20mg-standard-nicotine-vapes","11":"product_cat-beverage","12":"product_cat-dessert-sweets","13":"product_cat-dual-flavor-switch","14":"product_cat-fruit-flavors","15":"product_cat-icy-mint","16":"product_cat-mesh-coil","17":"product_cat-rechargeable-disposables","18":"product_cat-uzy","19":"product_cat-vape-by-flavor-profile","20":"product_cat-vape-by-nicotine-strength","21":"product_cat-vape-by-puff-count","22":"product_cat-vape-by-feature-or-type","23":"product_cat-vapes-with-screens","25":"first","26":"instock","27":"shipping-taxable","28":"purchasable","29":"product-type-variable","30":"has-default-attributes"},"tiered_pricing_type":"percentage","tiered_pricing_fixed_rules":[],"tiered_pricing_product_settings":{"layout":"default","base_unit_name":{"singular":null,"plural":null},"default_variation":null},"tiered_pricing_minimum_quantity":10,"tiered_pricing_roles_data":[],"tiered_pricing_percentage_rules":{"30":"29","50":"35","100":"40","200":"44","500":"47","1000":"49"},"tiered_pricing_maximum_quantity":null,"tiered_pricing_quantity_step":"10","_links":{"self":[{"href":"https:\/\/agoravape.com\/ro\/wp-json\/wp\/v2\/product\/13204","targetHints":{"allow":["GET"]}}],"collection":[{"href":"https:\/\/agoravape.com\/ro\/wp-json\/wp\/v2\/product"}],"about":[{"href":"https:\/\/agoravape.com\/ro\/wp-json\/wp\/v2\/types\/product"}],"replies":[{"embeddable":true,"href":"https:\/\/agoravape.com\/ro\/wp-json\/wp\/v2\/comments?post=13204"}],"version-history":[{"count":0,"href":"https:\/\/agoravape.com\/ro\/wp-json\/wp\/v2\/product\/13204\/revisions"}],"wp:featuredmedia":[{"embeddable":true,"href":"https:\/\/agoravape.com\/ro\/wp-json\/wp\/v2\/media\/13225"}],"wp:attachment":[{"href":"https:\/\/agoravape.com\/ro\/wp-json\/wp\/v2\/media?parent=13204"}],"wp:term":[{"taxonomy":"product_brand","embeddable":true,"href":"https:\/\/agoravape.com\/ro\/wp-json\/wp\/v2\/product_brand?post=13204"},{"taxonomy":"product_cat","embeddable":true,"href":"https:\/\/agoravape.com\/ro\/wp-json\/wp\/v2\/product_cat?post=13204"},{"taxonomy":"product_tag","embeddable":true,"href":"https:\/\/agoravape.com\/ro\/wp-json\/wp\/v2\/product_tag?post=13204"}],"curies":[{"name":"wp","href":"https:\/\/api.w.org\/{rel}","templated":true}]}}